{"id":4,"date":"2021-05-18T09:48:10","date_gmt":"2021-05-18T07:48:10","guid":{"rendered":"https:\/\/www.lehrer.at\/wohneninwien\/?page_id=4"},"modified":"2025-05-08T13:34:37","modified_gmt":"2025-05-08T11:34:37","slug":"wohnen-im-unterricht-kostenlos-unterrichtsmaterialien","status":"publish","type":"page","link":"https:\/\/www.lehrer.at\/wohneninwien\/","title":{"rendered":"Wohnen in Wien \u2014 Unterrichtsprojekt f\u00fcr die Sekundarstufe"},"content":{"rendered":"\n<h2 class=\"wp-block-heading\"><strong>\u201eWohnen\u201c geht uns alle an!<\/strong><\/h2>\n\n\n\n<p>In verschiedenen thematischen Zusammenh\u00e4ngen und mit verschiedenen inhaltlichen Schwerpunktsetzungen ist es unser ganzes Leben lang immer wieder wichtiges Thema.<\/p>\n\n\n\n<p>Dieses Projekt hat es sich zum Ziel gesetzt, P\u00e4dagogInnen dabei zu unterst\u00fctzen, das Thema \u201eWohnen\u201c in all seiner Vielfalt zum&nbsp;<strong>Thema im Klassenzimmer<\/strong>&nbsp;zu machen. Die Sch\u00fclerInnen sollen sich nicht nur mit verschiedenen Aspekten rund ums Wohnen auseinandersetzen, sondern sich auch Wissen und F\u00e4higkeiten erarbeiten, um Aufgaben und auch pers\u00f6nliche Entscheidungen&nbsp;<br>rund ums Wohnen m\u00f6glichst selbst\u00e4ndig und erfolgreich handhaben zu k\u00f6nnen.<br>Daher wird auch ein&nbsp;<strong>weiter Bogen an Themen<\/strong>&nbsp;abgedeckt: von der Geschichte des sozialen Wohnbaus in Wien \u00fcber die Kalku-<br>lation des Haushaltsbudgets bis hin zur Frage, worauf bei Mietvertr\u00e4gen zu achten ist, oder auch, wo man in Wien Info und Bera-<br>tung zu freien Wohnungen erh\u00e4lt.<\/p>\n\n\n\n<p>M\u00f6chten Sie erfahren, wenn neue Themen gelauncht werden? Unser\u00a0<strong>Newsletter<\/strong>\u00a0informiert Sie nicht nur, wenn neue Materialien\u00a0<br>zum Download zur Verf\u00fcgung stehen, sondern liefert Ihnen auch Tipps zu weiteren interessanten Unterrichtsangeboten rund ums Thema Wohnen.<\/p>\n\n\n\n<div class=\"wp-block-columns is-layout-flex wp-container-core-columns-is-layout-9d6595d7 wp-block-columns-is-layout-flex\">\n<div class=\"wp-block-column is-layout-flow wp-block-column-is-layout-flow\">\n<figure class=\"wp-block-image size-large is-resized\"><a href=\"https:\/\/www.lehrer.at\/wohneninwien\/materialien\/es-war-einmal\/\"><img loading=\"lazy\" decoding=\"async\" src=\"https:\/\/www.lehrer.at\/wohneninwien\/wp-content\/uploads\/sites\/6\/2021\/05\/image-1.jpeg\" alt=\"\" class=\"wp-image-61\" width=\"347\" height=\"75\" srcset=\"https:\/\/www.lehrer.at\/wohneninwien\/wp-content\/uploads\/sites\/6\/2021\/05\/image-1.jpeg 347w, https:\/\/www.lehrer.at\/wohneninwien\/wp-content\/uploads\/sites\/6\/2021\/05\/image-1-300x65.jpeg 300w\" sizes=\"auto, (max-width: 347px) 100vw, 347px\" \/><\/a><\/figure>\n<\/div>\n\n\n\n<div class=\"wp-block-column is-layout-flow wp-block-column-is-layout-flow\">\n<figure class=\"wp-block-image size-large\"><a href=\"https:\/\/www.lehrer.at\/wohneninwien\/materialien\/die-erste-wohnung\/\"><img loading=\"lazy\" decoding=\"async\" width=\"347\" height=\"75\" src=\"https:\/\/www.lehrer.at\/wohneninwien\/wp-content\/uploads\/sites\/6\/2021\/05\/image-2.jpeg\" alt=\"\" class=\"wp-image-62\" srcset=\"https:\/\/www.lehrer.at\/wohneninwien\/wp-content\/uploads\/sites\/6\/2021\/05\/image-2.jpeg 347w, https:\/\/www.lehrer.at\/wohneninwien\/wp-content\/uploads\/sites\/6\/2021\/05\/image-2-300x65.jpeg 300w\" sizes=\"auto, (max-width: 347px) 100vw, 347px\" \/><\/a><\/figure>\n<\/div>\n<\/div>\n\n\n\n<p><\/p>\n","protected":false},"excerpt":{"rendered":"<p>\u201eWohnen\u201c geht uns alle an! In verschiedenen thematischen Zusammenh\u00e4ngen und mit verschiedenen inhaltlichen Schwerpunktsetzungen ist es unser ganzes Leben lang immer wieder wichtiges Thema. Dieses Projekt hat es sich zum Ziel gesetzt, P\u00e4dagogInnen dabei zu unterst\u00fctzen, das Thema \u201eWohnen\u201c in all seiner Vielfalt zum&nbsp;Thema im Klassenzimmer&nbsp;zu machen. Die Sch\u00fclerInnen sollen sich nicht nur mit verschiedenen [&hellip;]<\/p>\n","protected":false},"author":1,"featured_media":0,"parent":0,"menu_order":0,"comment_status":"closed","ping_status":"closed","template":"","meta":{"_acf_changed":false,"footnotes":""},"class_list":["post-4","page","type-page","status-publish","hentry"],"acf":[],"yoast_head":"<!-- This site is optimized with the Yoast SEO plugin v27.0 - https:\/\/yoast.com\/product\/yoast-seo-wordpress\/ -->\n<title>Wohnen in Wien \u2014 Unterrichtsprojekt f\u00fcr die Sekundarstufe - Wohnen in Wien<\/title>\n<meta name=\"description\" content=\"Das Unterrichtsprojekt \u201eWohnen in Wien\u201c bietet kostenlose, praxisnahe Unterrichtsmaterialien f\u00fcr die Sekundarstufe \u2013 von Wohnformen und Mietrecht bis Haushaltsbudget und sozialem Wohnbau.\" \/>\n<meta name=\"robots\" content=\"index, follow, max-snippet:-1, max-image-preview:large, max-video-preview:-1\" \/>\n<link rel=\"canonical\" href=\"https:\/\/www.lehrer.at\/wohneninwien\/\" \/>\n<meta property=\"og:locale\" content=\"de_DE\" \/>\n<meta property=\"og:type\" content=\"article\" \/>\n<meta property=\"og:title\" content=\"Wohnen in Wien \u2014 Unterrichtsprojekt f\u00fcr die Sekundarstufe - Wohnen in Wien\" \/>\n<meta property=\"og:description\" content=\"Das Unterrichtsprojekt \u201eWohnen in Wien\u201c bietet kostenlose, praxisnahe Unterrichtsmaterialien f\u00fcr die Sekundarstufe \u2013 von Wohnformen und Mietrecht bis Haushaltsbudget und sozialem Wohnbau.\" \/>\n<meta property=\"og:url\" content=\"https:\/\/www.lehrer.at\/wohneninwien\/\" \/>\n<meta property=\"og:site_name\" content=\"Wohnen in Wien\" \/>\n<meta property=\"article:modified_time\" content=\"2025-05-08T11:34:37+00:00\" \/>\n<meta property=\"og:image\" content=\"https:\/\/www.lehrer.at\/wohneninwien\/wp-content\/uploads\/sites\/6\/2021\/05\/image-1.jpeg\" \/>\n\t<meta property=\"og:image:width\" content=\"347\" \/>\n\t<meta property=\"og:image:height\" content=\"75\" \/>\n\t<meta property=\"og:image:type\" content=\"image\/jpeg\" \/>\n<meta name=\"twitter:card\" content=\"summary_large_image\" \/>\n<meta name=\"twitter:label1\" content=\"Gesch\u00e4tzte Lesezeit\" \/>\n\t<meta name=\"twitter:data1\" content=\"2 Minuten\" \/>\n<script type=\"application\/ld+json\" class=\"yoast-schema-graph\">{\"@context\":\"https:\/\/schema.org\",\"@graph\":[{\"@type\":\"WebPage\",\"@id\":\"https:\/\/www.lehrer.at\/wohneninwien\/\",\"url\":\"https:\/\/www.lehrer.at\/wohneninwien\/\",\"name\":\"Wohnen in Wien \u2014 Unterrichtsprojekt f\u00fcr die Sekundarstufe - Wohnen in Wien\",\"isPartOf\":{\"@id\":\"https:\/\/www.lehrer.at\/wohneninwien\/#website\"},\"primaryImageOfPage\":{\"@id\":\"https:\/\/www.lehrer.at\/wohneninwien\/#primaryimage\"},\"image\":{\"@id\":\"https:\/\/www.lehrer.at\/wohneninwien\/#primaryimage\"},\"thumbnailUrl\":\"https:\/\/www.lehrer.at\/wohneninwien\/wp-content\/uploads\/sites\/6\/2021\/05\/image-1.jpeg\",\"datePublished\":\"2021-05-18T07:48:10+00:00\",\"dateModified\":\"2025-05-08T11:34:37+00:00\",\"description\":\"Das Unterrichtsprojekt \u201eWohnen in Wien\u201c bietet kostenlose, praxisnahe Unterrichtsmaterialien f\u00fcr die Sekundarstufe \u2013 von Wohnformen und Mietrecht bis Haushaltsbudget und sozialem Wohnbau.\",\"breadcrumb\":{\"@id\":\"https:\/\/www.lehrer.at\/wohneninwien\/#breadcrumb\"},\"inLanguage\":\"de-AT\",\"potentialAction\":[{\"@type\":\"ReadAction\",\"target\":[\"https:\/\/www.lehrer.at\/wohneninwien\/\"]}]},{\"@type\":\"ImageObject\",\"inLanguage\":\"de-AT\",\"@id\":\"https:\/\/www.lehrer.at\/wohneninwien\/#primaryimage\",\"url\":\"https:\/\/www.lehrer.at\/wohneninwien\/wp-content\/uploads\/sites\/6\/2021\/05\/image-1.jpeg\",\"contentUrl\":\"https:\/\/www.lehrer.at\/wohneninwien\/wp-content\/uploads\/sites\/6\/2021\/05\/image-1.jpeg\",\"width\":347,\"height\":75},{\"@type\":\"BreadcrumbList\",\"@id\":\"https:\/\/www.lehrer.at\/wohneninwien\/#breadcrumb\",\"itemListElement\":[{\"@type\":\"ListItem\",\"position\":1,\"name\":\"Startseite\",\"item\":\"https:\/\/www.lehrer.at\/wohneninwien\/\"},{\"@type\":\"ListItem\",\"position\":2,\"name\":\"Wohnen in Wien \u2014 Unterrichtsprojekt f\u00fcr die Sekundarstufe\"}]},{\"@type\":\"WebSite\",\"@id\":\"https:\/\/www.lehrer.at\/wohneninwien\/#website\",\"url\":\"https:\/\/www.lehrer.at\/wohneninwien\/\",\"name\":\"Wohnen in Wien\",\"description\":\"Eine weitere Lehrer.at Website\",\"potentialAction\":[{\"@type\":\"SearchAction\",\"target\":{\"@type\":\"EntryPoint\",\"urlTemplate\":\"https:\/\/www.lehrer.at\/wohneninwien\/?s={search_term_string}\"},\"query-input\":{\"@type\":\"PropertyValueSpecification\",\"valueRequired\":true,\"valueName\":\"search_term_string\"}}],\"inLanguage\":\"de-AT\"}]}<\/script>\n<!-- \/ Yoast SEO plugin. -->","yoast_head_json":{"title":"Wohnen in Wien \u2014 Unterrichtsprojekt f\u00fcr die Sekundarstufe - Wohnen in Wien","description":"Das Unterrichtsprojekt \u201eWohnen in Wien\u201c bietet kostenlose, praxisnahe Unterrichtsmaterialien f\u00fcr die Sekundarstufe \u2013 von Wohnformen und Mietrecht bis Haushaltsbudget und sozialem Wohnbau.","robots":{"index":"index","follow":"follow","max-snippet":"max-snippet:-1","max-image-preview":"max-image-preview:large","max-video-preview":"max-video-preview:-1"},"canonical":"https:\/\/www.lehrer.at\/wohneninwien\/","og_locale":"de_DE","og_type":"article","og_title":"Wohnen in Wien \u2014 Unterrichtsprojekt f\u00fcr die Sekundarstufe - Wohnen in Wien","og_description":"Das Unterrichtsprojekt \u201eWohnen in Wien\u201c bietet kostenlose, praxisnahe Unterrichtsmaterialien f\u00fcr die Sekundarstufe \u2013 von Wohnformen und Mietrecht bis Haushaltsbudget und sozialem Wohnbau.","og_url":"https:\/\/www.lehrer.at\/wohneninwien\/","og_site_name":"Wohnen in Wien","article_modified_time":"2025-05-08T11:34:37+00:00","og_image":[{"width":347,"height":75,"url":"https:\/\/www.lehrer.at\/wohneninwien\/wp-content\/uploads\/sites\/6\/2021\/05\/image-1.jpeg","type":"image\/jpeg"}],"twitter_card":"summary_large_image","twitter_misc":{"Gesch\u00e4tzte Lesezeit":"2 Minuten"},"schema":{"@context":"https:\/\/schema.org","@graph":[{"@type":"WebPage","@id":"https:\/\/www.lehrer.at\/wohneninwien\/","url":"https:\/\/www.lehrer.at\/wohneninwien\/","name":"Wohnen in Wien \u2014 Unterrichtsprojekt f\u00fcr die Sekundarstufe - Wohnen in Wien","isPartOf":{"@id":"https:\/\/www.lehrer.at\/wohneninwien\/#website"},"primaryImageOfPage":{"@id":"https:\/\/www.lehrer.at\/wohneninwien\/#primaryimage"},"image":{"@id":"https:\/\/www.lehrer.at\/wohneninwien\/#primaryimage"},"thumbnailUrl":"https:\/\/www.lehrer.at\/wohneninwien\/wp-content\/uploads\/sites\/6\/2021\/05\/image-1.jpeg","datePublished":"2021-05-18T07:48:10+00:00","dateModified":"2025-05-08T11:34:37+00:00","description":"Das Unterrichtsprojekt \u201eWohnen in Wien\u201c bietet kostenlose, praxisnahe Unterrichtsmaterialien f\u00fcr die Sekundarstufe \u2013 von Wohnformen und Mietrecht bis Haushaltsbudget und sozialem Wohnbau.","breadcrumb":{"@id":"https:\/\/www.lehrer.at\/wohneninwien\/#breadcrumb"},"inLanguage":"de-AT","potentialAction":[{"@type":"ReadAction","target":["https:\/\/www.lehrer.at\/wohneninwien\/"]}]},{"@type":"ImageObject","inLanguage":"de-AT","@id":"https:\/\/www.lehrer.at\/wohneninwien\/#primaryimage","url":"https:\/\/www.lehrer.at\/wohneninwien\/wp-content\/uploads\/sites\/6\/2021\/05\/image-1.jpeg","contentUrl":"https:\/\/www.lehrer.at\/wohneninwien\/wp-content\/uploads\/sites\/6\/2021\/05\/image-1.jpeg","width":347,"height":75},{"@type":"BreadcrumbList","@id":"https:\/\/www.lehrer.at\/wohneninwien\/#breadcrumb","itemListElement":[{"@type":"ListItem","position":1,"name":"Startseite","item":"https:\/\/www.lehrer.at\/wohneninwien\/"},{"@type":"ListItem","position":2,"name":"Wohnen in Wien \u2014 Unterrichtsprojekt f\u00fcr die Sekundarstufe"}]},{"@type":"WebSite","@id":"https:\/\/www.lehrer.at\/wohneninwien\/#website","url":"https:\/\/www.lehrer.at\/wohneninwien\/","name":"Wohnen in Wien","description":"Eine weitere Lehrer.at Website","potentialAction":[{"@type":"SearchAction","target":{"@type":"EntryPoint","urlTemplate":"https:\/\/www.lehrer.at\/wohneninwien\/?s={search_term_string}"},"query-input":{"@type":"PropertyValueSpecification","valueRequired":true,"valueName":"search_term_string"}}],"inLanguage":"de-AT"}]}},"_links":{"self":[{"href":"https:\/\/www.lehrer.at\/wohneninwien\/wp-json\/wp\/v2\/pages\/4","targetHints":{"allow":["GET"]}}],"collection":[{"href":"https:\/\/www.lehrer.at\/wohneninwien\/wp-json\/wp\/v2\/pages"}],"about":[{"href":"https:\/\/www.lehrer.at\/wohneninwien\/wp-json\/wp\/v2\/types\/page"}],"author":[{"embeddable":true,"href":"https:\/\/www.lehrer.at\/wohneninwien\/wp-json\/wp\/v2\/users\/1"}],"replies":[{"embeddable":true,"href":"https:\/\/www.lehrer.at\/wohneninwien\/wp-json\/wp\/v2\/comments?post=4"}],"version-history":[{"count":8,"href":"https:\/\/www.lehrer.at\/wohneninwien\/wp-json\/wp\/v2\/pages\/4\/revisions"}],"predecessor-version":[{"id":66,"href":"https:\/\/www.lehrer.at\/wohneninwien\/wp-json\/wp\/v2\/pages\/4\/revisions\/66"}],"wp:attachment":[{"href":"https:\/\/www.lehrer.at\/wohneninwien\/wp-json\/wp\/v2\/media?parent=4"}],"curies":[{"name":"wp","href":"https:\/\/api.w.org\/{rel}","templated":true}]}}