{"id":15,"date":"2021-05-18T09:53:41","date_gmt":"2021-05-18T07:53:41","guid":{"rendered":"https:\/\/www.lehrer.at\/wohneninwien\/?page_id=15"},"modified":"2021-05-19T21:52:00","modified_gmt":"2021-05-19T19:52:00","slug":"die-erste-wohnung","status":"publish","type":"page","link":"https:\/\/www.lehrer.at\/wohneninwien\/materialien\/die-erste-wohnung\/","title":{"rendered":"Die erste Wohnung"},"content":{"rendered":"\n<p>Dieses Materialienpaket wurde f\u00fcr den Einsatz im&nbsp;<strong>interdisziplin\u00e4ren Projektunterricht f\u00fcr die 7. bis 9. Schulstufe<br><\/strong>in den F\u00e4chern Deutsch, Geographie &amp; Wirtschaftskunde und Mathematik erstellt.<\/p>\n\n\n\n<p>Die Sch\u00fclerInnen setzen sich nicht nur mit ihren W\u00fcnschen in Sachen erste Wohnung auseinander, sondern erarbeiten\u00a0<br>sich auch jede Menge Input rund ums Wohnen, um diese W\u00fcnsche auf ihre Umsetzbarkeit hinterfragen zu k\u00f6nnen: von\u00a0<br>der Planung des Haushaltsbudgets bis hin zu den verschiedenen Wohnformen.<br>Zus\u00e4tzlich dazu setzen sie sich mit den unterschiedlichen M\u00f6glichkeiten der Wohnungssuche auseinander, erfahren\u00a0<br>mehr \u00fcber das Angebot der Wohnberatung Wien und lernen, die verschiedenen Abk\u00fcrzungen in Wohnungsinseraten<br>zu dechiffrieren.<\/p>\n\n\n<div class=\"lazyblock-materialien-download-Z23i5IX wp-block-lazyblock-materialien-download\"><div class=\"material\">\n  <div class=\"material-files\">\n    <div class=\"material-file\">\n      <img decoding=\"async\" class=\"material-img\" src=\"https:\/\/www.lehrer.at\/wohneninwien\/wp-content\/uploads\/sites\/6\/2021\/05\/image-2.png\" alt=\"Lehrerinformation (0,2MB, 14 Seiten)\"\/>\n      <a class=\"material-link\" href=\"https:\/\/www.lehrer.at\/wohneninwien\/wp-content\/uploads\/sites\/6\/2021\/05\/die_erste_wohnung_lehrerinfo.pdf\" target=\"_blank\">Lehrerinformation (0,2MB, 14 Seiten)<\/a>\n      <\/div>\n    <div class=\"material-file\">\n      <img decoding=\"async\" class=\"material-img\" src=\"https:\/\/www.lehrer.at\/wohneninwien\/wp-content\/uploads\/sites\/6\/2021\/05\/image-3.png\" alt=\"Arbeitsmaterialien (2,3MB, 64 Seiten)\"\/>\n      <a class=\"material-link\" href=\"https:\/\/www.lehrer.at\/wohneninwien\/wp-content\/uploads\/sites\/6\/2021\/05\/die_erste_wohnung_arbeitsmaterialien.pdf\" target=\"_blank\">Arbeitsmaterialien (2,3MB, 64 Seiten)<\/a>\n      <\/div>\n    <div class=\"material-file\">\n      <img decoding=\"async\" class=\"material-img\" src=\"https:\/\/www.lehrer.at\/wohneninwien\/wp-content\/uploads\/sites\/6\/2021\/05\/image-4.png\" alt=\"Gesamtpaket (2,35MB, 78 Seiten)\"\/>\n      <a class=\"material-link\" href=\"https:\/\/www.lehrer.at\/wohneninwien\/wp-content\/uploads\/sites\/6\/2021\/05\/die_erste_wohnung_gesamtpaket.pdf\" target=\"_blank\">Gesamtpaket (2,35MB, 78 Seiten)<\/a>\n      <\/div>\n  <\/div>\n<\/div><\/div>","protected":false},"excerpt":{"rendered":"<p>Dieses Materialienpaket wurde f\u00fcr den Einsatz im&nbsp;interdisziplin\u00e4ren Projektunterricht f\u00fcr die 7. bis 9. Schulstufein den F\u00e4chern Deutsch, Geographie &amp; Wirtschaftskunde und Mathematik erstellt. Die Sch\u00fclerInnen setzen sich nicht nur mit ihren W\u00fcnschen in Sachen erste Wohnung auseinander, sondern erarbeiten\u00a0sich auch jede Menge Input rund ums Wohnen, um diese W\u00fcnsche auf ihre Umsetzbarkeit hinterfragen zu k\u00f6nnen: [&hellip;]<\/p>\n","protected":false},"author":1,"featured_media":0,"parent":11,"menu_order":0,"comment_status":"closed","ping_status":"closed","template":"","meta":{"_acf_changed":false,"footnotes":""},"class_list":["post-15","page","type-page","status-publish","hentry"],"acf":[],"yoast_head":"<!-- This site is optimized with the Yoast SEO plugin v27.0 - https:\/\/yoast.com\/product\/yoast-seo-wordpress\/ -->\n<title>Die erste Wohnung - Wohnen in Wien<\/title>\n<meta name=\"robots\" content=\"index, follow, max-snippet:-1, max-image-preview:large, max-video-preview:-1\" \/>\n<link rel=\"canonical\" href=\"https:\/\/www.lehrer.at\/wohneninwien\/materialien\/die-erste-wohnung\/\" \/>\n<meta property=\"og:locale\" content=\"de_DE\" \/>\n<meta property=\"og:type\" content=\"article\" \/>\n<meta property=\"og:title\" content=\"Die erste Wohnung - Wohnen in Wien\" \/>\n<meta property=\"og:description\" content=\"Dieses Materialienpaket wurde f\u00fcr den Einsatz im&nbsp;interdisziplin\u00e4ren Projektunterricht f\u00fcr die 7. bis 9. Schulstufein den F\u00e4chern Deutsch, Geographie &amp; Wirtschaftskunde und Mathematik erstellt. Die Sch\u00fclerInnen setzen sich nicht nur mit ihren W\u00fcnschen in Sachen erste Wohnung auseinander, sondern erarbeiten\u00a0sich auch jede Menge Input rund ums Wohnen, um diese W\u00fcnsche auf ihre Umsetzbarkeit hinterfragen zu k\u00f6nnen: [&hellip;]\" \/>\n<meta property=\"og:url\" content=\"https:\/\/www.lehrer.at\/wohneninwien\/materialien\/die-erste-wohnung\/\" \/>\n<meta property=\"og:site_name\" content=\"Wohnen in Wien\" \/>\n<meta property=\"article:modified_time\" content=\"2021-05-19T19:52:00+00:00\" \/>\n<meta name=\"twitter:card\" content=\"summary_large_image\" \/>\n<meta name=\"twitter:label1\" content=\"Gesch\u00e4tzte Lesezeit\" \/>\n\t<meta name=\"twitter:data1\" content=\"1 Minute\" \/>\n<script type=\"application\/ld+json\" class=\"yoast-schema-graph\">{\"@context\":\"https:\/\/schema.org\",\"@graph\":[{\"@type\":\"WebPage\",\"@id\":\"https:\/\/www.lehrer.at\/wohneninwien\/materialien\/die-erste-wohnung\/\",\"url\":\"https:\/\/www.lehrer.at\/wohneninwien\/materialien\/die-erste-wohnung\/\",\"name\":\"Die erste Wohnung - Wohnen in Wien\",\"isPartOf\":{\"@id\":\"https:\/\/www.lehrer.at\/wohneninwien\/#website\"},\"datePublished\":\"2021-05-18T07:53:41+00:00\",\"dateModified\":\"2021-05-19T19:52:00+00:00\",\"breadcrumb\":{\"@id\":\"https:\/\/www.lehrer.at\/wohneninwien\/materialien\/die-erste-wohnung\/#breadcrumb\"},\"inLanguage\":\"de-AT\",\"potentialAction\":[{\"@type\":\"ReadAction\",\"target\":[\"https:\/\/www.lehrer.at\/wohneninwien\/materialien\/die-erste-wohnung\/\"]}]},{\"@type\":\"BreadcrumbList\",\"@id\":\"https:\/\/www.lehrer.at\/wohneninwien\/materialien\/die-erste-wohnung\/#breadcrumb\",\"itemListElement\":[{\"@type\":\"ListItem\",\"position\":1,\"name\":\"Startseite\",\"item\":\"https:\/\/www.lehrer.at\/wohneninwien\/\"},{\"@type\":\"ListItem\",\"position\":2,\"name\":\"Materialien\",\"item\":\"https:\/\/www.lehrer.at\/wohneninwien\/materialien\/\"},{\"@type\":\"ListItem\",\"position\":3,\"name\":\"Die erste Wohnung\"}]},{\"@type\":\"WebSite\",\"@id\":\"https:\/\/www.lehrer.at\/wohneninwien\/#website\",\"url\":\"https:\/\/www.lehrer.at\/wohneninwien\/\",\"name\":\"Wohnen in Wien\",\"description\":\"Eine weitere Lehrer.at Website\",\"potentialAction\":[{\"@type\":\"SearchAction\",\"target\":{\"@type\":\"EntryPoint\",\"urlTemplate\":\"https:\/\/www.lehrer.at\/wohneninwien\/?s={search_term_string}\"},\"query-input\":{\"@type\":\"PropertyValueSpecification\",\"valueRequired\":true,\"valueName\":\"search_term_string\"}}],\"inLanguage\":\"de-AT\"}]}<\/script>\n<!-- \/ Yoast SEO plugin. -->","yoast_head_json":{"title":"Die erste Wohnung - Wohnen in Wien","robots":{"index":"index","follow":"follow","max-snippet":"max-snippet:-1","max-image-preview":"max-image-preview:large","max-video-preview":"max-video-preview:-1"},"canonical":"https:\/\/www.lehrer.at\/wohneninwien\/materialien\/die-erste-wohnung\/","og_locale":"de_DE","og_type":"article","og_title":"Die erste Wohnung - Wohnen in Wien","og_description":"Dieses Materialienpaket wurde f\u00fcr den Einsatz im&nbsp;interdisziplin\u00e4ren Projektunterricht f\u00fcr die 7. bis 9. Schulstufein den F\u00e4chern Deutsch, Geographie &amp; Wirtschaftskunde und Mathematik erstellt. Die Sch\u00fclerInnen setzen sich nicht nur mit ihren W\u00fcnschen in Sachen erste Wohnung auseinander, sondern erarbeiten\u00a0sich auch jede Menge Input rund ums Wohnen, um diese W\u00fcnsche auf ihre Umsetzbarkeit hinterfragen zu k\u00f6nnen: [&hellip;]","og_url":"https:\/\/www.lehrer.at\/wohneninwien\/materialien\/die-erste-wohnung\/","og_site_name":"Wohnen in Wien","article_modified_time":"2021-05-19T19:52:00+00:00","twitter_card":"summary_large_image","twitter_misc":{"Gesch\u00e4tzte Lesezeit":"1 Minute"},"schema":{"@context":"https:\/\/schema.org","@graph":[{"@type":"WebPage","@id":"https:\/\/www.lehrer.at\/wohneninwien\/materialien\/die-erste-wohnung\/","url":"https:\/\/www.lehrer.at\/wohneninwien\/materialien\/die-erste-wohnung\/","name":"Die erste Wohnung - Wohnen in Wien","isPartOf":{"@id":"https:\/\/www.lehrer.at\/wohneninwien\/#website"},"datePublished":"2021-05-18T07:53:41+00:00","dateModified":"2021-05-19T19:52:00+00:00","breadcrumb":{"@id":"https:\/\/www.lehrer.at\/wohneninwien\/materialien\/die-erste-wohnung\/#breadcrumb"},"inLanguage":"de-AT","potentialAction":[{"@type":"ReadAction","target":["https:\/\/www.lehrer.at\/wohneninwien\/materialien\/die-erste-wohnung\/"]}]},{"@type":"BreadcrumbList","@id":"https:\/\/www.lehrer.at\/wohneninwien\/materialien\/die-erste-wohnung\/#breadcrumb","itemListElement":[{"@type":"ListItem","position":1,"name":"Startseite","item":"https:\/\/www.lehrer.at\/wohneninwien\/"},{"@type":"ListItem","position":2,"name":"Materialien","item":"https:\/\/www.lehrer.at\/wohneninwien\/materialien\/"},{"@type":"ListItem","position":3,"name":"Die erste Wohnung"}]},{"@type":"WebSite","@id":"https:\/\/www.lehrer.at\/wohneninwien\/#website","url":"https:\/\/www.lehrer.at\/wohneninwien\/","name":"Wohnen in Wien","description":"Eine weitere Lehrer.at Website","potentialAction":[{"@type":"SearchAction","target":{"@type":"EntryPoint","urlTemplate":"https:\/\/www.lehrer.at\/wohneninwien\/?s={search_term_string}"},"query-input":{"@type":"PropertyValueSpecification","valueRequired":true,"valueName":"search_term_string"}}],"inLanguage":"de-AT"}]}},"_links":{"self":[{"href":"https:\/\/www.lehrer.at\/wohneninwien\/wp-json\/wp\/v2\/pages\/15","targetHints":{"allow":["GET"]}}],"collection":[{"href":"https:\/\/www.lehrer.at\/wohneninwien\/wp-json\/wp\/v2\/pages"}],"about":[{"href":"https:\/\/www.lehrer.at\/wohneninwien\/wp-json\/wp\/v2\/types\/page"}],"author":[{"embeddable":true,"href":"https:\/\/www.lehrer.at\/wohneninwien\/wp-json\/wp\/v2\/users\/1"}],"replies":[{"embeddable":true,"href":"https:\/\/www.lehrer.at\/wohneninwien\/wp-json\/wp\/v2\/comments?post=15"}],"version-history":[{"count":5,"href":"https:\/\/www.lehrer.at\/wohneninwien\/wp-json\/wp\/v2\/pages\/15\/revisions"}],"predecessor-version":[{"id":58,"href":"https:\/\/www.lehrer.at\/wohneninwien\/wp-json\/wp\/v2\/pages\/15\/revisions\/58"}],"up":[{"embeddable":true,"href":"https:\/\/www.lehrer.at\/wohneninwien\/wp-json\/wp\/v2\/pages\/11"}],"wp:attachment":[{"href":"https:\/\/www.lehrer.at\/wohneninwien\/wp-json\/wp\/v2\/media?parent=15"}],"curies":[{"name":"wp","href":"https:\/\/api.w.org\/{rel}","templated":true}]}}