{"id":13,"date":"2021-05-18T09:52:33","date_gmt":"2021-05-18T07:52:33","guid":{"rendered":"https:\/\/www.lehrer.at\/wohneninwien\/?page_id=13"},"modified":"2021-05-19T21:52:34","modified_gmt":"2021-05-19T19:52:34","slug":"es-war-einmal","status":"publish","type":"page","link":"https:\/\/www.lehrer.at\/wohneninwien\/materialien\/es-war-einmal\/","title":{"rendered":"Es war einmal &#8230;"},"content":{"rendered":"\n<p>Dieses Materialienpaket wurde f\u00fcr den Einsatz im&nbsp;<strong>interdisziplin\u00e4ren Projektunterricht f\u00fcr die 7. bis 9. Schulstufe<\/strong>&nbsp;in den F\u00e4chern Geschichte &amp; Politische Bildung, Deutsch, Geographie &amp; Wirtschaftskunde, Mathematik, Informatik, Bildnerische Erziehung<br>und Technisches Werken erstellt.<\/p>\n\n\n\n<p>Die Sch\u00fclerInnen setzen sich mit den wesentlichen Entwicklungsschritten des sozialen Wohnbaus in Wien, deren gesellschaftspoli-<br>tischen Hintergr\u00fcnden sowie deren Auswirkungen auf das Alltagsleben und die Lebensqualit\u00e4t der WienerInnen auseinander.<br>Die Zeitbilder, die dabei entstehen, die Ergebnisse einer Gemeindebau-Erkundungstour oder die Auswertung einer von den Sch\u00fclerInnen durchgef\u00fchrten Umfrage rund ums Wohnen in Wien k\u00f6nnen schlussendlich Basis einer gemeinsam gestalteten&nbsp;<br>Ausstellung sein<\/p>\n\n\n<div class=\"lazyblock-materialien-download-Z2qp1XM wp-block-lazyblock-materialien-download\"><div class=\"material\">\n  <div class=\"material-files\">\n    <div class=\"material-file\">\n      <img decoding=\"async\" class=\"material-img\" src=\"https:\/\/www.lehrer.at\/wohneninwien\/wp-content\/uploads\/sites\/6\/2021\/05\/vorschau_li.jpg\" alt=\"Lehrerinformation (265kb, 23 Seiten)\"\/>\n      <a class=\"material-link\" href=\"https:\/\/www.lehrer.at\/wohneninwien\/wp-content\/uploads\/sites\/6\/2021\/05\/geschichte_lehrerinfo.pdf\" target=\"_blank\">Lehrerinformation (265kb, 23 Seiten)<\/a>\n      <\/div>\n    <div class=\"material-file\">\n      <img decoding=\"async\" class=\"material-img\" src=\"https:\/\/www.lehrer.at\/wohneninwien\/wp-content\/uploads\/sites\/6\/2021\/05\/image.jpeg\" alt=\"Arbeitsmaterialien (23mb, 90 Seiten)\"\/>\n      <a class=\"material-link\" href=\"https:\/\/www.lehrer.at\/wohneninwien\/wp-content\/uploads\/sites\/6\/2021\/05\/geschichte_arbeitsmaterial.pdf\" target=\"_blank\">Arbeitsmaterialien (23mb, 90 Seiten)<\/a>\n      <\/div>\n    <div class=\"material-file\">\n      <img decoding=\"async\" class=\"material-img\" src=\"https:\/\/www.lehrer.at\/wohneninwien\/wp-content\/uploads\/sites\/6\/2021\/05\/image-1.png\" alt=\"Gesamtpaket (23mb, 118 Seiten)\"\/>\n      <a class=\"material-link\" href=\"https:\/\/www.lehrer.at\/wohneninwien\/wp-content\/uploads\/sites\/6\/2021\/05\/geschichte_gesamtpaket.pdf\" target=\"_blank\">Gesamtpaket (23mb, 118 Seiten)<\/a>\n      <\/div>\n  <\/div>\n<\/div><\/div>","protected":false},"excerpt":{"rendered":"<p>Dieses Materialienpaket wurde f\u00fcr den Einsatz im&nbsp;interdisziplin\u00e4ren Projektunterricht f\u00fcr die 7. bis 9. Schulstufe&nbsp;in den F\u00e4chern Geschichte &amp; Politische Bildung, Deutsch, Geographie &amp; Wirtschaftskunde, Mathematik, Informatik, Bildnerische Erziehungund Technisches Werken erstellt. Die Sch\u00fclerInnen setzen sich mit den wesentlichen Entwicklungsschritten des sozialen Wohnbaus in Wien, deren gesellschaftspoli-tischen Hintergr\u00fcnden sowie deren Auswirkungen auf das Alltagsleben und die [&hellip;]<\/p>\n","protected":false},"author":1,"featured_media":0,"parent":11,"menu_order":0,"comment_status":"closed","ping_status":"closed","template":"","meta":{"_acf_changed":false,"footnotes":""},"class_list":["post-13","page","type-page","status-publish","hentry"],"acf":[],"yoast_head":"<!-- This site is optimized with the Yoast SEO plugin v27.0 - https:\/\/yoast.com\/product\/yoast-seo-wordpress\/ -->\n<title>Es war einmal ... - Wohnen in Wien<\/title>\n<meta name=\"robots\" content=\"index, follow, max-snippet:-1, max-image-preview:large, max-video-preview:-1\" \/>\n<link rel=\"canonical\" href=\"https:\/\/www.lehrer.at\/wohneninwien\/materialien\/es-war-einmal\/\" \/>\n<meta property=\"og:locale\" content=\"de_DE\" \/>\n<meta property=\"og:type\" content=\"article\" \/>\n<meta property=\"og:title\" content=\"Es war einmal ... - Wohnen in Wien\" \/>\n<meta property=\"og:description\" content=\"Dieses Materialienpaket wurde f\u00fcr den Einsatz im&nbsp;interdisziplin\u00e4ren Projektunterricht f\u00fcr die 7. bis 9. Schulstufe&nbsp;in den F\u00e4chern Geschichte &amp; Politische Bildung, Deutsch, Geographie &amp; Wirtschaftskunde, Mathematik, Informatik, Bildnerische Erziehungund Technisches Werken erstellt. Die Sch\u00fclerInnen setzen sich mit den wesentlichen Entwicklungsschritten des sozialen Wohnbaus in Wien, deren gesellschaftspoli-tischen Hintergr\u00fcnden sowie deren Auswirkungen auf das Alltagsleben und die [&hellip;]\" \/>\n<meta property=\"og:url\" content=\"https:\/\/www.lehrer.at\/wohneninwien\/materialien\/es-war-einmal\/\" \/>\n<meta property=\"og:site_name\" content=\"Wohnen in Wien\" \/>\n<meta property=\"article:modified_time\" content=\"2021-05-19T19:52:34+00:00\" \/>\n<meta name=\"twitter:card\" content=\"summary_large_image\" \/>\n<meta name=\"twitter:label1\" content=\"Gesch\u00e4tzte Lesezeit\" \/>\n\t<meta name=\"twitter:data1\" content=\"1 Minute\" \/>\n<script type=\"application\/ld+json\" class=\"yoast-schema-graph\">{\"@context\":\"https:\/\/schema.org\",\"@graph\":[{\"@type\":\"WebPage\",\"@id\":\"https:\/\/www.lehrer.at\/wohneninwien\/materialien\/es-war-einmal\/\",\"url\":\"https:\/\/www.lehrer.at\/wohneninwien\/materialien\/es-war-einmal\/\",\"name\":\"Es war einmal ... - Wohnen in Wien\",\"isPartOf\":{\"@id\":\"https:\/\/www.lehrer.at\/wohneninwien\/#website\"},\"datePublished\":\"2021-05-18T07:52:33+00:00\",\"dateModified\":\"2021-05-19T19:52:34+00:00\",\"breadcrumb\":{\"@id\":\"https:\/\/www.lehrer.at\/wohneninwien\/materialien\/es-war-einmal\/#breadcrumb\"},\"inLanguage\":\"de-AT\",\"potentialAction\":[{\"@type\":\"ReadAction\",\"target\":[\"https:\/\/www.lehrer.at\/wohneninwien\/materialien\/es-war-einmal\/\"]}]},{\"@type\":\"BreadcrumbList\",\"@id\":\"https:\/\/www.lehrer.at\/wohneninwien\/materialien\/es-war-einmal\/#breadcrumb\",\"itemListElement\":[{\"@type\":\"ListItem\",\"position\":1,\"name\":\"Startseite\",\"item\":\"https:\/\/www.lehrer.at\/wohneninwien\/\"},{\"@type\":\"ListItem\",\"position\":2,\"name\":\"Materialien\",\"item\":\"https:\/\/www.lehrer.at\/wohneninwien\/materialien\/\"},{\"@type\":\"ListItem\",\"position\":3,\"name\":\"Es war einmal &#8230;\"}]},{\"@type\":\"WebSite\",\"@id\":\"https:\/\/www.lehrer.at\/wohneninwien\/#website\",\"url\":\"https:\/\/www.lehrer.at\/wohneninwien\/\",\"name\":\"Wohnen in Wien\",\"description\":\"Eine weitere Lehrer.at Website\",\"potentialAction\":[{\"@type\":\"SearchAction\",\"target\":{\"@type\":\"EntryPoint\",\"urlTemplate\":\"https:\/\/www.lehrer.at\/wohneninwien\/?s={search_term_string}\"},\"query-input\":{\"@type\":\"PropertyValueSpecification\",\"valueRequired\":true,\"valueName\":\"search_term_string\"}}],\"inLanguage\":\"de-AT\"}]}<\/script>\n<!-- \/ Yoast SEO plugin. -->","yoast_head_json":{"title":"Es war einmal ... - Wohnen in Wien","robots":{"index":"index","follow":"follow","max-snippet":"max-snippet:-1","max-image-preview":"max-image-preview:large","max-video-preview":"max-video-preview:-1"},"canonical":"https:\/\/www.lehrer.at\/wohneninwien\/materialien\/es-war-einmal\/","og_locale":"de_DE","og_type":"article","og_title":"Es war einmal ... - Wohnen in Wien","og_description":"Dieses Materialienpaket wurde f\u00fcr den Einsatz im&nbsp;interdisziplin\u00e4ren Projektunterricht f\u00fcr die 7. bis 9. Schulstufe&nbsp;in den F\u00e4chern Geschichte &amp; Politische Bildung, Deutsch, Geographie &amp; Wirtschaftskunde, Mathematik, Informatik, Bildnerische Erziehungund Technisches Werken erstellt. Die Sch\u00fclerInnen setzen sich mit den wesentlichen Entwicklungsschritten des sozialen Wohnbaus in Wien, deren gesellschaftspoli-tischen Hintergr\u00fcnden sowie deren Auswirkungen auf das Alltagsleben und die [&hellip;]","og_url":"https:\/\/www.lehrer.at\/wohneninwien\/materialien\/es-war-einmal\/","og_site_name":"Wohnen in Wien","article_modified_time":"2021-05-19T19:52:34+00:00","twitter_card":"summary_large_image","twitter_misc":{"Gesch\u00e4tzte Lesezeit":"1 Minute"},"schema":{"@context":"https:\/\/schema.org","@graph":[{"@type":"WebPage","@id":"https:\/\/www.lehrer.at\/wohneninwien\/materialien\/es-war-einmal\/","url":"https:\/\/www.lehrer.at\/wohneninwien\/materialien\/es-war-einmal\/","name":"Es war einmal ... - Wohnen in Wien","isPartOf":{"@id":"https:\/\/www.lehrer.at\/wohneninwien\/#website"},"datePublished":"2021-05-18T07:52:33+00:00","dateModified":"2021-05-19T19:52:34+00:00","breadcrumb":{"@id":"https:\/\/www.lehrer.at\/wohneninwien\/materialien\/es-war-einmal\/#breadcrumb"},"inLanguage":"de-AT","potentialAction":[{"@type":"ReadAction","target":["https:\/\/www.lehrer.at\/wohneninwien\/materialien\/es-war-einmal\/"]}]},{"@type":"BreadcrumbList","@id":"https:\/\/www.lehrer.at\/wohneninwien\/materialien\/es-war-einmal\/#breadcrumb","itemListElement":[{"@type":"ListItem","position":1,"name":"Startseite","item":"https:\/\/www.lehrer.at\/wohneninwien\/"},{"@type":"ListItem","position":2,"name":"Materialien","item":"https:\/\/www.lehrer.at\/wohneninwien\/materialien\/"},{"@type":"ListItem","position":3,"name":"Es war einmal &#8230;"}]},{"@type":"WebSite","@id":"https:\/\/www.lehrer.at\/wohneninwien\/#website","url":"https:\/\/www.lehrer.at\/wohneninwien\/","name":"Wohnen in Wien","description":"Eine weitere Lehrer.at Website","potentialAction":[{"@type":"SearchAction","target":{"@type":"EntryPoint","urlTemplate":"https:\/\/www.lehrer.at\/wohneninwien\/?s={search_term_string}"},"query-input":{"@type":"PropertyValueSpecification","valueRequired":true,"valueName":"search_term_string"}}],"inLanguage":"de-AT"}]}},"_links":{"self":[{"href":"https:\/\/www.lehrer.at\/wohneninwien\/wp-json\/wp\/v2\/pages\/13","targetHints":{"allow":["GET"]}}],"collection":[{"href":"https:\/\/www.lehrer.at\/wohneninwien\/wp-json\/wp\/v2\/pages"}],"about":[{"href":"https:\/\/www.lehrer.at\/wohneninwien\/wp-json\/wp\/v2\/types\/page"}],"author":[{"embeddable":true,"href":"https:\/\/www.lehrer.at\/wohneninwien\/wp-json\/wp\/v2\/users\/1"}],"replies":[{"embeddable":true,"href":"https:\/\/www.lehrer.at\/wohneninwien\/wp-json\/wp\/v2\/comments?post=13"}],"version-history":[{"count":6,"href":"https:\/\/www.lehrer.at\/wohneninwien\/wp-json\/wp\/v2\/pages\/13\/revisions"}],"predecessor-version":[{"id":60,"href":"https:\/\/www.lehrer.at\/wohneninwien\/wp-json\/wp\/v2\/pages\/13\/revisions\/60"}],"up":[{"embeddable":true,"href":"https:\/\/www.lehrer.at\/wohneninwien\/wp-json\/wp\/v2\/pages\/11"}],"wp:attachment":[{"href":"https:\/\/www.lehrer.at\/wohneninwien\/wp-json\/wp\/v2\/media?parent=13"}],"curies":[{"name":"wp","href":"https:\/\/api.w.org\/{rel}","templated":true}]}}