{"id":363,"date":"2023-09-26T14:40:44","date_gmt":"2023-09-26T12:40:44","guid":{"rendered":"https:\/\/www.lehrer.at\/uno\/?page_id=363"},"modified":"2023-09-26T14:40:44","modified_gmt":"2023-09-26T12:40:44","slug":"impressum","status":"publish","type":"page","link":"https:\/\/www.lehrer.at\/uno\/impressum\/","title":{"rendered":"Impressum"},"content":{"rendered":"\n<p class=\"has-ast-global-color-1-color has-text-color\"><strong>Redaktion &amp; Medieninhaber:<\/strong><\/p>\n\n\n\n<p><strong>Bildungsagentur Content Pool GmbH.<\/strong><br>Liebhartsgasse 7\/5-7<br>A-1160 Wien<br>Tel.:\u00a0\u00a0+43 1 49 333 41\u00a0 \u00a0 \u00a0\u00a0<br>Fax: +43 1 49 333 41 10<br>E-Mail:\u00a0<a href=\"mailto:%3Ca%20href=\"><\/a><a href=\"mailto:office@bildungsagentur.at\">office@bildungsagentur.at<\/a><\/p>\n\n\n\n<p>Firmenbuchnr.: FN245161G<br>UID-Nr.: ATU57778756<\/p>\n\n\n\n<p>Kammerzugeh\u00f6rigkeit: Wirtschaftskammer Wien, Fachgruppe Verlag<\/p>\n\n\n\n<p>Diese Webseite informiert \u00fcber Projekte und Unterrichtsmedien f\u00fcr Schule, Erwachsenenbildung und Kindergarten. Sie verf\u00fcgt \u00fcber einen redaktionell gestalteten Bereich mit Beitr\u00e4gen aus dem Bereich Bildung und dessen Umfeld. Au\u00dferdem informiert diese Webseite \u00fcber die T\u00e4tigkeiten des Verlages Bildungsagentur Content Pool sowie des&nbsp; Vereins Bildungsagentur.<\/p>\n\n\n\n<p><strong>Bildungsagentur<\/strong><br><em>Verein zur F\u00f6rderung alternativer Bildungsprogramme<\/em><br>Liebhartsgasse 7\/7<br>A \u2013 1160 Wien<br>Tel:&nbsp;&nbsp;+43 \u2013 1 \u2013 49 333 41&nbsp;&nbsp;&nbsp;&nbsp;&nbsp;&nbsp;<br>Fax: +43 \u2013 1 \u2013 49 333 41 \/ 10<br>Vereinsregisternummer: X-3570<br>DVR Nr.: 0632937<br>Aufsichtsbeh\u00f6rde: Bundespolizeidirektion Wien, B\u00fcro f\u00fcr Vereins-, Versammlungs- und Medienrechtsangelegenheiten, 1010 Wien, Schottenring 7-9<\/p>\n\n\n\n<p>Der Medieninhaber \u00fcbernimmt keine Gew\u00e4hr f\u00fcr die Authentizit\u00e4t, Richtigkeit, Vollst\u00e4ndigkeit der auf dieser Webseite zur Verf\u00fcgung gestellten Informationen. Es wird auch keine Gew\u00e4hr f\u00fcr die Verf\u00fcgbarkeit oder den Betrieb der gegenst\u00e4ndlichen Homepage und ihrer Inhalte \u00fcbernommen.<\/p>\n\n\n\n<p>Jede Haftung f\u00fcr unmittelbare, mittelbare oder sonstige Sch\u00e4den, unabh\u00e4ngig von deren Ursachen, die aus der Benutzung oder Nichtverf\u00fcgbarkeit der Daten und Informationen dieser Webseite erwachsen, wird, soweit rechtlich zul\u00e4ssig, ausgeschlossen.<\/p>\n\n\n\n<p>Der Inhalt dieser Webseite ist urheberrechtlich gesch\u00fctzt. Die Informationen sind nur f\u00fcr die pers\u00f6nliche Verwendung bestimmt. Jede weitergehende Nutzung insbesondere die Speicherung in Datenbanken, Vervielf\u00e4ltigung und jede Form von gewerblicher Nutzung sowie die Weitergabe an Dritte \u2013 auch in Teilen oder in \u00fcberarbeiteter Form \u2013 ohne Zustimmung des Medieninhabers ist untersagt.<\/p>\n\n\n\n<p>Hyperlinks auf diese Webseite sind erw\u00fcnscht.<\/p>\n\n\n\n<p>Unser Angebot enth\u00e4lt Links zu externen Websites Dritter, auf deren Inhalte wir keinen Einfluss haben. Deshalb k\u00f6nnen wir f\u00fcr diese fremden Inhalte auch keine Gew\u00e4hr \u00fcbernehmen. F\u00fcr die Inhalte der verlinkten Seiten ist der jeweilige Anbieter oder Betreiber der Seiten verantwortlich.<br>Die verlinkten Seiten wurden zum Zeitpunkt der Verlinkung auf m\u00f6gliche Rechtsverst\u00f6\u00dfe \u00fcberpr\u00fcft. Rechtswidrige Inhalte waren zum Zeitpunkt der Verlinkung nicht erkennbar.<br>Eine permanente inhaltliche Kontrolle der verlinkten Seiten ist ohne konkrete Anhaltspunkte einer Rechtsverletzung nicht zumutbar. Bei Bekanntwerden von Rechtsverletzungen werden wir derartige Links umgehend entfernen.<\/p>\n","protected":false},"excerpt":{"rendered":"<p>Redaktion &amp; Medieninhaber: Bildungsagentur Content Pool GmbH.Liebhartsgasse 7\/5-7A-1160 WienTel.:\u00a0\u00a0+43 1 49 333 41\u00a0 \u00a0 \u00a0\u00a0Fax: +43 1 49 333 41 10E-Mail:\u00a0office@bildungsagentur.at Firmenbuchnr.: FN245161GUID-Nr.: ATU57778756 Kammerzugeh\u00f6rigkeit: Wirtschaftskammer Wien, Fachgruppe Verlag Diese Webseite informiert \u00fcber Projekte und Unterrichtsmedien f\u00fcr Schule, Erwachsenenbildung und Kindergarten. Sie verf\u00fcgt \u00fcber einen redaktionell gestalteten Bereich mit Beitr\u00e4gen aus dem Bereich Bildung und [&hellip;]<\/p>\n","protected":false},"author":3,"featured_media":0,"parent":0,"menu_order":0,"comment_status":"closed","ping_status":"closed","template":"","meta":{"_acf_changed":false,"site-sidebar-layout":"default","site-content-layout":"","ast-site-content-layout":"default","site-content-style":"default","site-sidebar-style":"default","ast-global-header-display":"","ast-banner-title-visibility":"","ast-main-header-display":"","ast-hfb-above-header-display":"","ast-hfb-below-header-display":"","ast-hfb-mobile-header-display":"","site-post-title":"","ast-breadcrumbs-content":"","ast-featured-img":"","footer-sml-layout":"","theme-transparent-header-meta":"","adv-header-id-meta":"","stick-header-meta":"","header-above-stick-meta":"","header-main-stick-meta":"","header-below-stick-meta":"","astra-migrate-meta-layouts":"default","ast-page-background-enabled":"default","ast-page-background-meta":{"desktop":{"background-color":"var(--ast-global-color-4)","background-image":"","background-repeat":"repeat","background-position":"center center","background-size":"auto","background-attachment":"scroll","background-type":"","background-media":"","overlay-type":"","overlay-color":"","overlay-opacity":"","overlay-gradient":""},"tablet":{"background-color":"","background-image":"","background-repeat":"repeat","background-position":"center center","background-size":"auto","background-attachment":"scroll","background-type":"","background-media":"","overlay-type":"","overlay-color":"","overlay-opacity":"","overlay-gradient":""},"mobile":{"background-color":"","background-image":"","background-repeat":"repeat","background-position":"center center","background-size":"auto","background-attachment":"scroll","background-type":"","background-media":"","overlay-type":"","overlay-color":"","overlay-opacity":"","overlay-gradient":""}},"ast-content-background-meta":{"desktop":{"background-color":"var(--ast-global-color-5)","background-image":"","background-repeat":"repeat","background-position":"center center","background-size":"auto","background-attachment":"scroll","background-type":"","background-media":"","overlay-type":"","overlay-color":"","overlay-opacity":"","overlay-gradient":""},"tablet":{"background-color":"var(--ast-global-color-5)","background-image":"","background-repeat":"repeat","background-position":"center center","background-size":"auto","background-attachment":"scroll","background-type":"","background-media":"","overlay-type":"","overlay-color":"","overlay-opacity":"","overlay-gradient":""},"mobile":{"background-color":"var(--ast-global-color-5)","background-image":"","background-repeat":"repeat","background-position":"center center","background-size":"auto","background-attachment":"scroll","background-type":"","background-media":"","overlay-type":"","overlay-color":"","overlay-opacity":"","overlay-gradient":""}},"footnotes":""},"class_list":["post-363","page","type-page","status-publish","hentry"],"acf":[],"yoast_head":"<!-- This site is optimized with the Yoast SEO plugin v27.0 - https:\/\/yoast.com\/product\/yoast-seo-wordpress\/ -->\n<title>Impressum -<\/title>\n<meta name=\"robots\" content=\"index, follow, max-snippet:-1, max-image-preview:large, max-video-preview:-1\" \/>\n<link rel=\"canonical\" href=\"https:\/\/www.lehrer.at\/uno\/impressum\/\" \/>\n<meta property=\"og:locale\" content=\"de_DE\" \/>\n<meta property=\"og:type\" content=\"article\" \/>\n<meta property=\"og:title\" content=\"Impressum -\" \/>\n<meta property=\"og:description\" content=\"Redaktion &amp; Medieninhaber: Bildungsagentur Content Pool GmbH.Liebhartsgasse 7\/5-7A-1160 WienTel.:\u00a0\u00a0+43 1 49 333 41\u00a0 \u00a0 \u00a0\u00a0Fax: +43 1 49 333 41 10E-Mail:\u00a0office@bildungsagentur.at Firmenbuchnr.: FN245161GUID-Nr.: ATU57778756 Kammerzugeh\u00f6rigkeit: Wirtschaftskammer Wien, Fachgruppe Verlag Diese Webseite informiert \u00fcber Projekte und Unterrichtsmedien f\u00fcr Schule, Erwachsenenbildung und Kindergarten. Sie verf\u00fcgt \u00fcber einen redaktionell gestalteten Bereich mit Beitr\u00e4gen aus dem Bereich Bildung und [&hellip;]\" \/>\n<meta property=\"og:url\" content=\"https:\/\/www.lehrer.at\/uno\/impressum\/\" \/>\n<meta name=\"twitter:card\" content=\"summary_large_image\" \/>\n<meta name=\"twitter:label1\" content=\"Gesch\u00e4tzte Lesezeit\" \/>\n\t<meta name=\"twitter:data1\" content=\"2 Minuten\" \/>\n<script type=\"application\/ld+json\" class=\"yoast-schema-graph\">{\"@context\":\"https:\/\/schema.org\",\"@graph\":[{\"@type\":\"WebPage\",\"@id\":\"https:\/\/www.lehrer.at\/uno\/impressum\/\",\"url\":\"https:\/\/www.lehrer.at\/uno\/impressum\/\",\"name\":\"Impressum -\",\"isPartOf\":{\"@id\":\"https:\/\/www.lehrer.at\/uno\/#website\"},\"datePublished\":\"2023-09-26T12:40:44+00:00\",\"breadcrumb\":{\"@id\":\"https:\/\/www.lehrer.at\/uno\/impressum\/#breadcrumb\"},\"inLanguage\":\"de-AT\",\"potentialAction\":[{\"@type\":\"ReadAction\",\"target\":[\"https:\/\/www.lehrer.at\/uno\/impressum\/\"]}]},{\"@type\":\"BreadcrumbList\",\"@id\":\"https:\/\/www.lehrer.at\/uno\/impressum\/#breadcrumb\",\"itemListElement\":[{\"@type\":\"ListItem\",\"position\":1,\"name\":\"Startseite\",\"item\":\"https:\/\/www.lehrer.at\/uno\/\"},{\"@type\":\"ListItem\",\"position\":2,\"name\":\"Impressum\"}]},{\"@type\":\"WebSite\",\"@id\":\"https:\/\/www.lehrer.at\/uno\/#website\",\"url\":\"https:\/\/www.lehrer.at\/uno\/\",\"name\":\"\",\"description\":\"\",\"potentialAction\":[{\"@type\":\"SearchAction\",\"target\":{\"@type\":\"EntryPoint\",\"urlTemplate\":\"https:\/\/www.lehrer.at\/uno\/?s={search_term_string}\"},\"query-input\":{\"@type\":\"PropertyValueSpecification\",\"valueRequired\":true,\"valueName\":\"search_term_string\"}}],\"inLanguage\":\"de-AT\"}]}<\/script>\n<!-- \/ Yoast SEO plugin. -->","yoast_head_json":{"title":"Impressum -","robots":{"index":"index","follow":"follow","max-snippet":"max-snippet:-1","max-image-preview":"max-image-preview:large","max-video-preview":"max-video-preview:-1"},"canonical":"https:\/\/www.lehrer.at\/uno\/impressum\/","og_locale":"de_DE","og_type":"article","og_title":"Impressum -","og_description":"Redaktion &amp; Medieninhaber: Bildungsagentur Content Pool GmbH.Liebhartsgasse 7\/5-7A-1160 WienTel.:\u00a0\u00a0+43 1 49 333 41\u00a0 \u00a0 \u00a0\u00a0Fax: +43 1 49 333 41 10E-Mail:\u00a0office@bildungsagentur.at Firmenbuchnr.: FN245161GUID-Nr.: ATU57778756 Kammerzugeh\u00f6rigkeit: Wirtschaftskammer Wien, Fachgruppe Verlag Diese Webseite informiert \u00fcber Projekte und Unterrichtsmedien f\u00fcr Schule, Erwachsenenbildung und Kindergarten. Sie verf\u00fcgt \u00fcber einen redaktionell gestalteten Bereich mit Beitr\u00e4gen aus dem Bereich Bildung und [&hellip;]","og_url":"https:\/\/www.lehrer.at\/uno\/impressum\/","twitter_card":"summary_large_image","twitter_misc":{"Gesch\u00e4tzte Lesezeit":"2 Minuten"},"schema":{"@context":"https:\/\/schema.org","@graph":[{"@type":"WebPage","@id":"https:\/\/www.lehrer.at\/uno\/impressum\/","url":"https:\/\/www.lehrer.at\/uno\/impressum\/","name":"Impressum -","isPartOf":{"@id":"https:\/\/www.lehrer.at\/uno\/#website"},"datePublished":"2023-09-26T12:40:44+00:00","breadcrumb":{"@id":"https:\/\/www.lehrer.at\/uno\/impressum\/#breadcrumb"},"inLanguage":"de-AT","potentialAction":[{"@type":"ReadAction","target":["https:\/\/www.lehrer.at\/uno\/impressum\/"]}]},{"@type":"BreadcrumbList","@id":"https:\/\/www.lehrer.at\/uno\/impressum\/#breadcrumb","itemListElement":[{"@type":"ListItem","position":1,"name":"Startseite","item":"https:\/\/www.lehrer.at\/uno\/"},{"@type":"ListItem","position":2,"name":"Impressum"}]},{"@type":"WebSite","@id":"https:\/\/www.lehrer.at\/uno\/#website","url":"https:\/\/www.lehrer.at\/uno\/","name":"","description":"","potentialAction":[{"@type":"SearchAction","target":{"@type":"EntryPoint","urlTemplate":"https:\/\/www.lehrer.at\/uno\/?s={search_term_string}"},"query-input":{"@type":"PropertyValueSpecification","valueRequired":true,"valueName":"search_term_string"}}],"inLanguage":"de-AT"}]}},"_links":{"self":[{"href":"https:\/\/www.lehrer.at\/uno\/wp-json\/wp\/v2\/pages\/363","targetHints":{"allow":["GET"]}}],"collection":[{"href":"https:\/\/www.lehrer.at\/uno\/wp-json\/wp\/v2\/pages"}],"about":[{"href":"https:\/\/www.lehrer.at\/uno\/wp-json\/wp\/v2\/types\/page"}],"author":[{"embeddable":true,"href":"https:\/\/www.lehrer.at\/uno\/wp-json\/wp\/v2\/users\/3"}],"replies":[{"embeddable":true,"href":"https:\/\/www.lehrer.at\/uno\/wp-json\/wp\/v2\/comments?post=363"}],"version-history":[{"count":1,"href":"https:\/\/www.lehrer.at\/uno\/wp-json\/wp\/v2\/pages\/363\/revisions"}],"predecessor-version":[{"id":364,"href":"https:\/\/www.lehrer.at\/uno\/wp-json\/wp\/v2\/pages\/363\/revisions\/364"}],"wp:attachment":[{"href":"https:\/\/www.lehrer.at\/uno\/wp-json\/wp\/v2\/media?parent=363"}],"curies":[{"name":"wp","href":"https:\/\/api.w.org\/{rel}","templated":true}]}}