{"id":217,"date":"2023-09-19T11:03:03","date_gmt":"2023-09-19T09:03:03","guid":{"rendered":"https:\/\/www.lehrer.at\/uno\/?page_id=217"},"modified":"2023-09-19T14:35:18","modified_gmt":"2023-09-19T12:35:18","slug":"frieden-sicherheit","status":"publish","type":"page","link":"https:\/\/www.lehrer.at\/uno\/frieden-sicherheit\/","title":{"rendered":"Frieden &#038; Sicherheit"},"content":{"rendered":"\n<h3 class=\"wp-block-heading\">Frieden &amp; Sicherheit<\/h3>\n\n\n\n<p>Dieses Kurzpaket soll \u00f6sterreichische P\u00e4dagogInnen der Sekundarstufe dabei unterst\u00fctzen, ihren Sch\u00fclerInnen das Thema \u201eFriedenssicherung\u201c und die Rolle der UNO in diesem Zusammenhang im Unterricht n\u00e4herzubringen.<\/p>\n\n\n\n<h4 class=\"wp-block-heading\">Lernziele<\/h4>\n\n\n\n<p>Die Sch\u00fclerInnen<\/p>\n\n\n\n<ul class=\"wp-block-list\">\n<li>lernen die Hauptzielsetzungen der UNO kennen.<\/li>\n\n\n\n<li>setzen sich mit der Frage auseinander, welche Faktoren zu kriegerischen Konflikten f\u00fchren bzw. welche verschiedenen Bereiche Friedenssicherung demgem\u00e4\u00df umfassen muss<\/li>\n<\/ul>\n\n\n\n<div style=\"height:10px\" aria-hidden=\"true\" class=\"wp-block-spacer\"><\/div>\n\n\n\n<figure class=\"wp-block-table aligncenter\" style=\"padding-right:0;padding-left:0\"><table class=\"has-ast-global-color-0-background-color has-background has-border-color has-ast-global-color-5-border-color has-fixed-layout\" style=\"border-width:1px\"><tbody><tr><td class=\"has-text-align-left\" data-align=\"left\"><strong><a href=\"https:\/\/www.lehrer.at\/uno\/wp-content\/uploads\/sites\/11\/2023\/09\/Friedenssicherung_li.pdf\" target=\"_blank\" rel=\"noreferrer noopener\">Information f\u00fcr Lehrkr\u00e4fte<\/a><\/strong><\/td><td class=\"has-text-align-left\" data-align=\"left\"><a href=\"https:\/\/www.lehrer.at\/uno\/wp-content\/uploads\/sites\/11\/2023\/09\/Friedenssicherung_ab1.pdf\" target=\"_blank\" rel=\"noreferrer noopener\"><strong>Arbeitsblatt: Frieden &amp; Sicherheit<\/strong><\/a><br>Ein R\u00e4tsel in drei Varianten zur Wiederholung des Themenbereichs<\/td><\/tr><\/tbody><\/table><\/figure>\n","protected":false},"excerpt":{"rendered":"<p>Frieden &amp; Sicherheit Dieses Kurzpaket soll \u00f6sterreichische P\u00e4dagogInnen der Sekundarstufe dabei unterst\u00fctzen, ihren Sch\u00fclerInnen das Thema \u201eFriedenssicherung\u201c und die Rolle der UNO in diesem Zusammenhang im Unterricht n\u00e4herzubringen. Lernziele Die Sch\u00fclerInnen Information f\u00fcr Lehrkr\u00e4fte Arbeitsblatt: Frieden &amp; SicherheitEin R\u00e4tsel in drei Varianten zur Wiederholung des Themenbereichs<\/p>\n","protected":false},"author":3,"featured_media":0,"parent":0,"menu_order":0,"comment_status":"closed","ping_status":"closed","template":"","meta":{"_acf_changed":false,"site-sidebar-layout":"default","site-content-layout":"","ast-site-content-layout":"default","site-content-style":"default","site-sidebar-style":"default","ast-global-header-display":"","ast-banner-title-visibility":"","ast-main-header-display":"","ast-hfb-above-header-display":"","ast-hfb-below-header-display":"","ast-hfb-mobile-header-display":"","site-post-title":"","ast-breadcrumbs-content":"","ast-featured-img":"","footer-sml-layout":"","theme-transparent-header-meta":"","adv-header-id-meta":"","stick-header-meta":"","header-above-stick-meta":"","header-main-stick-meta":"","header-below-stick-meta":"","astra-migrate-meta-layouts":"default","ast-page-background-enabled":"default","ast-page-background-meta":{"desktop":{"background-color":"var(--ast-global-color-4)","background-image":"","background-repeat":"repeat","background-position":"center center","background-size":"auto","background-attachment":"scroll","background-type":"","background-media":"","overlay-type":"","overlay-color":"","overlay-opacity":"","overlay-gradient":""},"tablet":{"background-color":"","background-image":"","background-repeat":"repeat","background-position":"center center","background-size":"auto","background-attachment":"scroll","background-type":"","background-media":"","overlay-type":"","overlay-color":"","overlay-opacity":"","overlay-gradient":""},"mobile":{"background-color":"","background-image":"","background-repeat":"repeat","background-position":"center center","background-size":"auto","background-attachment":"scroll","background-type":"","background-media":"","overlay-type":"","overlay-color":"","overlay-opacity":"","overlay-gradient":""}},"ast-content-background-meta":{"desktop":{"background-color":"var(--ast-global-color-5)","background-image":"","background-repeat":"repeat","background-position":"center center","background-size":"auto","background-attachment":"scroll","background-type":"","background-media":"","overlay-type":"","overlay-color":"","overlay-opacity":"","overlay-gradient":""},"tablet":{"background-color":"var(--ast-global-color-5)","background-image":"","background-repeat":"repeat","background-position":"center center","background-size":"auto","background-attachment":"scroll","background-type":"","background-media":"","overlay-type":"","overlay-color":"","overlay-opacity":"","overlay-gradient":""},"mobile":{"background-color":"var(--ast-global-color-5)","background-image":"","background-repeat":"repeat","background-position":"center center","background-size":"auto","background-attachment":"scroll","background-type":"","background-media":"","overlay-type":"","overlay-color":"","overlay-opacity":"","overlay-gradient":""}},"footnotes":""},"class_list":["post-217","page","type-page","status-publish","hentry"],"acf":[],"yoast_head":"<!-- This site is optimized with the Yoast SEO plugin v27.0 - https:\/\/yoast.com\/product\/yoast-seo-wordpress\/ -->\n<title>Frieden &amp; Sicherheit -<\/title>\n<meta name=\"robots\" content=\"index, follow, max-snippet:-1, max-image-preview:large, max-video-preview:-1\" \/>\n<link rel=\"canonical\" href=\"https:\/\/www.lehrer.at\/uno\/frieden-sicherheit\/\" \/>\n<meta property=\"og:locale\" content=\"de_DE\" \/>\n<meta property=\"og:type\" content=\"article\" \/>\n<meta property=\"og:title\" content=\"Frieden &amp; Sicherheit -\" \/>\n<meta property=\"og:description\" content=\"Frieden &amp; Sicherheit Dieses Kurzpaket soll \u00f6sterreichische P\u00e4dagogInnen der Sekundarstufe dabei unterst\u00fctzen, ihren Sch\u00fclerInnen das Thema \u201eFriedenssicherung\u201c und die Rolle der UNO in diesem Zusammenhang im Unterricht n\u00e4herzubringen. Lernziele Die Sch\u00fclerInnen Information f\u00fcr Lehrkr\u00e4fte Arbeitsblatt: Frieden &amp; SicherheitEin R\u00e4tsel in drei Varianten zur Wiederholung des Themenbereichs\" \/>\n<meta property=\"og:url\" content=\"https:\/\/www.lehrer.at\/uno\/frieden-sicherheit\/\" \/>\n<meta property=\"article:modified_time\" content=\"2023-09-19T12:35:18+00:00\" \/>\n<meta name=\"twitter:card\" content=\"summary_large_image\" \/>\n<script type=\"application\/ld+json\" class=\"yoast-schema-graph\">{\"@context\":\"https:\/\/schema.org\",\"@graph\":[{\"@type\":\"WebPage\",\"@id\":\"https:\/\/www.lehrer.at\/uno\/frieden-sicherheit\/\",\"url\":\"https:\/\/www.lehrer.at\/uno\/frieden-sicherheit\/\",\"name\":\"Frieden & Sicherheit -\",\"isPartOf\":{\"@id\":\"https:\/\/www.lehrer.at\/uno\/#website\"},\"datePublished\":\"2023-09-19T09:03:03+00:00\",\"dateModified\":\"2023-09-19T12:35:18+00:00\",\"breadcrumb\":{\"@id\":\"https:\/\/www.lehrer.at\/uno\/frieden-sicherheit\/#breadcrumb\"},\"inLanguage\":\"de-AT\",\"potentialAction\":[{\"@type\":\"ReadAction\",\"target\":[\"https:\/\/www.lehrer.at\/uno\/frieden-sicherheit\/\"]}]},{\"@type\":\"BreadcrumbList\",\"@id\":\"https:\/\/www.lehrer.at\/uno\/frieden-sicherheit\/#breadcrumb\",\"itemListElement\":[{\"@type\":\"ListItem\",\"position\":1,\"name\":\"Startseite\",\"item\":\"https:\/\/www.lehrer.at\/uno\/\"},{\"@type\":\"ListItem\",\"position\":2,\"name\":\"Frieden &#038; Sicherheit\"}]},{\"@type\":\"WebSite\",\"@id\":\"https:\/\/www.lehrer.at\/uno\/#website\",\"url\":\"https:\/\/www.lehrer.at\/uno\/\",\"name\":\"\",\"description\":\"\",\"potentialAction\":[{\"@type\":\"SearchAction\",\"target\":{\"@type\":\"EntryPoint\",\"urlTemplate\":\"https:\/\/www.lehrer.at\/uno\/?s={search_term_string}\"},\"query-input\":{\"@type\":\"PropertyValueSpecification\",\"valueRequired\":true,\"valueName\":\"search_term_string\"}}],\"inLanguage\":\"de-AT\"}]}<\/script>\n<!-- \/ Yoast SEO plugin. -->","yoast_head_json":{"title":"Frieden & Sicherheit -","robots":{"index":"index","follow":"follow","max-snippet":"max-snippet:-1","max-image-preview":"max-image-preview:large","max-video-preview":"max-video-preview:-1"},"canonical":"https:\/\/www.lehrer.at\/uno\/frieden-sicherheit\/","og_locale":"de_DE","og_type":"article","og_title":"Frieden & Sicherheit -","og_description":"Frieden &amp; Sicherheit Dieses Kurzpaket soll \u00f6sterreichische P\u00e4dagogInnen der Sekundarstufe dabei unterst\u00fctzen, ihren Sch\u00fclerInnen das Thema \u201eFriedenssicherung\u201c und die Rolle der UNO in diesem Zusammenhang im Unterricht n\u00e4herzubringen. Lernziele Die Sch\u00fclerInnen Information f\u00fcr Lehrkr\u00e4fte Arbeitsblatt: Frieden &amp; SicherheitEin R\u00e4tsel in drei Varianten zur Wiederholung des Themenbereichs","og_url":"https:\/\/www.lehrer.at\/uno\/frieden-sicherheit\/","article_modified_time":"2023-09-19T12:35:18+00:00","twitter_card":"summary_large_image","schema":{"@context":"https:\/\/schema.org","@graph":[{"@type":"WebPage","@id":"https:\/\/www.lehrer.at\/uno\/frieden-sicherheit\/","url":"https:\/\/www.lehrer.at\/uno\/frieden-sicherheit\/","name":"Frieden & Sicherheit -","isPartOf":{"@id":"https:\/\/www.lehrer.at\/uno\/#website"},"datePublished":"2023-09-19T09:03:03+00:00","dateModified":"2023-09-19T12:35:18+00:00","breadcrumb":{"@id":"https:\/\/www.lehrer.at\/uno\/frieden-sicherheit\/#breadcrumb"},"inLanguage":"de-AT","potentialAction":[{"@type":"ReadAction","target":["https:\/\/www.lehrer.at\/uno\/frieden-sicherheit\/"]}]},{"@type":"BreadcrumbList","@id":"https:\/\/www.lehrer.at\/uno\/frieden-sicherheit\/#breadcrumb","itemListElement":[{"@type":"ListItem","position":1,"name":"Startseite","item":"https:\/\/www.lehrer.at\/uno\/"},{"@type":"ListItem","position":2,"name":"Frieden &#038; Sicherheit"}]},{"@type":"WebSite","@id":"https:\/\/www.lehrer.at\/uno\/#website","url":"https:\/\/www.lehrer.at\/uno\/","name":"","description":"","potentialAction":[{"@type":"SearchAction","target":{"@type":"EntryPoint","urlTemplate":"https:\/\/www.lehrer.at\/uno\/?s={search_term_string}"},"query-input":{"@type":"PropertyValueSpecification","valueRequired":true,"valueName":"search_term_string"}}],"inLanguage":"de-AT"}]}},"_links":{"self":[{"href":"https:\/\/www.lehrer.at\/uno\/wp-json\/wp\/v2\/pages\/217","targetHints":{"allow":["GET"]}}],"collection":[{"href":"https:\/\/www.lehrer.at\/uno\/wp-json\/wp\/v2\/pages"}],"about":[{"href":"https:\/\/www.lehrer.at\/uno\/wp-json\/wp\/v2\/types\/page"}],"author":[{"embeddable":true,"href":"https:\/\/www.lehrer.at\/uno\/wp-json\/wp\/v2\/users\/3"}],"replies":[{"embeddable":true,"href":"https:\/\/www.lehrer.at\/uno\/wp-json\/wp\/v2\/comments?post=217"}],"version-history":[{"count":12,"href":"https:\/\/www.lehrer.at\/uno\/wp-json\/wp\/v2\/pages\/217\/revisions"}],"predecessor-version":[{"id":319,"href":"https:\/\/www.lehrer.at\/uno\/wp-json\/wp\/v2\/pages\/217\/revisions\/319"}],"wp:attachment":[{"href":"https:\/\/www.lehrer.at\/uno\/wp-json\/wp\/v2\/media?parent=217"}],"curies":[{"name":"wp","href":"https:\/\/api.w.org\/{rel}","templated":true}]}}