{"id":2,"date":"2023-09-11T16:44:39","date_gmt":"2023-09-11T14:44:39","guid":{"rendered":"https:\/\/www.lehrer.at\/uno\/?page_id=2"},"modified":"2025-06-02T16:05:26","modified_gmt":"2025-06-02T14:05:26","slug":"uno-im-unterricht-gratis-materialien-ab-der-7-schulstufe","status":"publish","type":"page","link":"https:\/\/www.lehrer.at\/uno\/","title":{"rendered":"Vereinte Nationen"},"content":{"rendered":"\n<h3 class=\"wp-block-heading\">Vereinte Nationen<\/h3>\n\n\n\n<p><em>Die Sch\u00fclerInnen gestalten die Welt von morgen. Sie bestimmen, in welche Richtung sich diese entwickeln wird. Umso wichtiger ist es, so fr\u00fch wie m\u00f6glich Interesse f\u00fcr globale Fragen zu wecken und Verst\u00e4ndnis f\u00fcr globale Zusammenh\u00e4nge zu entwickeln. <\/em><\/p>\n\n\n\n<p>UNIS Vienna, das Informationsservice der Vereinten Nationen Wien, stellt zu diesem Zweck Unterrichtsmaterialienpakete zur Verf\u00fcgung, die ab der 7. Schulstufe eingesetzt werden k\u00f6nnen. Diese Materialienpakete, die neben umfassenden Informationen f\u00fcr Lehrkr\u00e4fte fertig aufbereitete Arbeitsmaterialien f\u00fcr den direkten Einsatz im Klassenzimmer umfassen, besch\u00e4ftigen sich mit verschiedenen Themen rund um die UNO.<\/p>\n\n\n\n<div class=\"wp-block-columns alignfull has-ast-global-color-0-background-color has-background is-layout-flex wp-container-core-columns-is-layout-28f84493 wp-block-columns-is-layout-flex\">\n<div class=\"wp-block-column is-layout-flow wp-block-column-is-layout-flow\">\n<div class=\"wp-block-columns is-layout-flex wp-container-core-columns-is-layout-28f84493 wp-block-columns-is-layout-flex\">\n<div class=\"wp-block-column has-ast-global-color-5-background-color has-background is-layout-flow wp-block-column-is-layout-flow\">\n<figure class=\"wp-block-image size-full\"><img loading=\"lazy\" decoding=\"async\" width=\"700\" height=\"503\" src=\"https:\/\/www.lehrer.at\/uno\/wp-content\/uploads\/sites\/11\/2023\/09\/together_strong_web-3.jpg\" alt=\"3 andersfarbige H\u00e4nde \" class=\"wp-image-76\" srcset=\"https:\/\/www.lehrer.at\/uno\/wp-content\/uploads\/sites\/11\/2023\/09\/together_strong_web-3.jpg 700w, https:\/\/www.lehrer.at\/uno\/wp-content\/uploads\/sites\/11\/2023\/09\/together_strong_web-3-300x216.jpg 300w\" sizes=\"auto, (max-width: 700px) 100vw, 700px\" \/><\/figure>\n\n\n\n<h4 class=\"wp-block-heading has-text-align-center\">Together Strong <\/h4>\n\n\n\n<p class=\"has-text-align-center\">Entstehung, Struktur &amp; Aufbau der UNO sowie \u00d6sterreich und die UNO<\/p>\n\n\n\n<div class=\"wp-block-buttons is-content-justification-center is-layout-flex wp-container-core-buttons-is-layout-d234f690 wp-block-buttons-is-layout-flex\" style=\"margin-top:var(--wp--preset--spacing--50);margin-bottom:var(--wp--preset--spacing--50)\">\n<div class=\"wp-block-button is-style-fill\"><a class=\"wp-block-button__link wp-element-button\" href=\"https:\/\/www.lehrer.at\/uno\/together-strong\/\" style=\"border-style:none;border-width:0px;border-radius:0px;padding-top:var(--wp--preset--spacing--20);padding-right:var(--wp--preset--spacing--30);padding-bottom:var(--wp--preset--spacing--20);padding-left:var(--wp--preset--spacing--30)\">Zu den Materialien<\/a><\/div>\n<\/div>\n<\/div>\n\n\n\n<div class=\"wp-block-column has-ast-global-color-5-background-color has-background is-layout-flow wp-block-column-is-layout-flow\">\n<figure class=\"wp-block-image size-full\"><img loading=\"lazy\" decoding=\"async\" width=\"700\" height=\"503\" src=\"https:\/\/www.lehrer.at\/uno\/wp-content\/uploads\/sites\/11\/2023\/09\/megaphone_web-1.jpg\" alt=\"Eine Hand h\u00e4lt ein Megaphone aus dem ein Herz, eine Smily und ein Regenbogen kommt. \" class=\"wp-image-69\" srcset=\"https:\/\/www.lehrer.at\/uno\/wp-content\/uploads\/sites\/11\/2023\/09\/megaphone_web-1.jpg 700w, https:\/\/www.lehrer.at\/uno\/wp-content\/uploads\/sites\/11\/2023\/09\/megaphone_web-1-300x216.jpg 300w\" sizes=\"auto, (max-width: 700px) 100vw, 700px\" \/><\/figure>\n\n\n\n<h4 class=\"wp-block-heading has-text-align-center\">Kinder haben Rechte<\/h4>\n\n\n\n<p class=\"has-text-align-center\">Kinderrechte und Kinderrechtskonvention<\/p>\n\n\n\n<div class=\"wp-block-buttons is-content-justification-center is-layout-flex wp-container-core-buttons-is-layout-72caf8c6 wp-block-buttons-is-layout-flex\">\n<div class=\"wp-block-button is-style-fill\"><a class=\"wp-block-button__link has-text-align-center wp-element-button\" href=\"https:\/\/www.lehrer.at\/uno\/kinder-haben-rechte\/\" style=\"border-style:none;border-width:0px;border-radius:0px;padding-top:var(--wp--preset--spacing--20);padding-right:var(--wp--preset--spacing--30);padding-bottom:var(--wp--preset--spacing--20);padding-left:var(--wp--preset--spacing--30)\">Zu den Materialien<\/a><\/div>\n<\/div>\n<\/div>\n\n\n\n<div class=\"wp-block-column has-ast-global-color-5-background-color has-background is-layout-flow wp-block-column-is-layout-flow\">\n<figure class=\"wp-block-image size-full\"><img loading=\"lazy\" decoding=\"async\" width=\"700\" height=\"503\" src=\"https:\/\/www.lehrer.at\/uno\/wp-content\/uploads\/sites\/11\/2023\/09\/pfeil_web.jpg\" alt=\"Drei Pfeile die nach rechts zeigen. \" class=\"wp-image-70\" srcset=\"https:\/\/www.lehrer.at\/uno\/wp-content\/uploads\/sites\/11\/2023\/09\/pfeil_web.jpg 700w, https:\/\/www.lehrer.at\/uno\/wp-content\/uploads\/sites\/11\/2023\/09\/pfeil_web-300x216.jpg 300w\" sizes=\"auto, (max-width: 700px) 100vw, 700px\" \/><\/figure>\n\n\n\n<h4 class=\"wp-block-heading has-text-align-center\">Ziele f\u00fcr die Welt<\/h4>\n\n\n\n<p class=\"has-text-align-center\">Millenniumserkl\u00e4rung &amp; Post-15-Entwicklungsagenda<\/p>\n\n\n\n<div class=\"wp-block-buttons is-content-justification-center is-layout-flex wp-container-core-buttons-is-layout-a89b3969 wp-block-buttons-is-layout-flex\">\n<div class=\"wp-block-button is-style-fill\"><a class=\"wp-block-button__link has-text-align-center wp-element-button\" href=\"https:\/\/www.lehrer.at\/uno\/ziele-fuer-die-welt\/\" style=\"border-style:none;border-width:0px;border-radius:0px;padding-top:var(--wp--preset--spacing--20);padding-right:var(--wp--preset--spacing--30);padding-bottom:var(--wp--preset--spacing--20);padding-left:var(--wp--preset--spacing--30)\">Zu den Materialien<\/a><\/div>\n<\/div>\n<\/div>\n<\/div>\n<\/div>\n<\/div>\n\n\n\n<div class=\"wp-block-columns alignfull has-ast-global-color-0-background-color has-background is-layout-flex wp-container-core-columns-is-layout-cd70dc10 wp-block-columns-is-layout-flex\" style=\"margin-top:0;margin-bottom:0;padding-top:0;padding-bottom:var(--wp--preset--spacing--70)\">\n<div class=\"wp-block-column is-layout-flow wp-block-column-is-layout-flow\">\n<div class=\"wp-block-columns is-layout-flex wp-container-core-columns-is-layout-28f84493 wp-block-columns-is-layout-flex\">\n<div class=\"wp-block-column has-ast-global-color-5-background-color has-background is-layout-flow wp-block-column-is-layout-flow\">\n<figure class=\"wp-block-image size-full\"><img loading=\"lazy\" decoding=\"async\" width=\"522\" height=\"375\" src=\"https:\/\/www.lehrer.at\/uno\/wp-content\/uploads\/sites\/11\/2023\/09\/taube.jpg\" alt=\"eine Friedenstaube \" class=\"wp-image-146\" srcset=\"https:\/\/www.lehrer.at\/uno\/wp-content\/uploads\/sites\/11\/2023\/09\/taube.jpg 522w, https:\/\/www.lehrer.at\/uno\/wp-content\/uploads\/sites\/11\/2023\/09\/taube-300x216.jpg 300w\" sizes=\"auto, (max-width: 522px) 100vw, 522px\" \/><\/figure>\n\n\n\n<h4 class=\"wp-block-heading has-text-align-center block_ueberschrift\">Frieden &amp; Sicherheit <\/h4>\n\n\n\n<div class=\"wp-block-buttons is-content-justification-center is-layout-flex wp-container-core-buttons-is-layout-e5d8e0c9 wp-block-buttons-is-layout-flex\" style=\"margin-top:var(--wp--preset--spacing--50);margin-bottom:var(--wp--preset--spacing--50)\">\n<div class=\"wp-block-button is-style-fill\"><a class=\"wp-block-button__link has-text-align-center wp-element-button\" href=\"https:\/\/www.lehrer.at\/uno\/frieden-sicherheit\/\" style=\"border-style:none;border-width:0px;border-radius:0px;padding-top:var(--wp--preset--spacing--20);padding-right:var(--wp--preset--spacing--30);padding-bottom:var(--wp--preset--spacing--20);padding-left:var(--wp--preset--spacing--30)\">Zu den Materialien<\/a><\/div>\n<\/div>\n<\/div>\n\n\n\n<div class=\"wp-block-column has-ast-global-color-5-background-color has-background is-layout-flow wp-block-column-is-layout-flow\">\n<figure class=\"wp-block-image size-full\"><img loading=\"lazy\" decoding=\"async\" width=\"522\" height=\"375\" src=\"https:\/\/www.lehrer.at\/uno\/wp-content\/uploads\/sites\/11\/2023\/09\/massnahmen-1.jpg\" alt=\"Zwei H\u00e4nde halten ein Herz. \" class=\"wp-image-150\" srcset=\"https:\/\/www.lehrer.at\/uno\/wp-content\/uploads\/sites\/11\/2023\/09\/massnahmen-1.jpg 522w, https:\/\/www.lehrer.at\/uno\/wp-content\/uploads\/sites\/11\/2023\/09\/massnahmen-1-300x216.jpg 300w\" sizes=\"auto, (max-width: 522px) 100vw, 522px\" \/><\/figure>\n\n\n\n<h4 class=\"wp-block-heading has-text-align-center block_ueberschrift\">Humanit\u00e4re Ma\u00dfnahmen<\/h4>\n\n\n\n<div class=\"wp-block-buttons is-content-justification-center is-layout-flex wp-container-core-buttons-is-layout-68639a4e wp-block-buttons-is-layout-flex\" style=\"margin-top:var(--wp--preset--spacing--50);margin-bottom:var(--wp--preset--spacing--50)\">\n<div class=\"wp-block-button is-style-fill\"><a class=\"wp-block-button__link has-text-align-center wp-element-button\" href=\"https:\/\/www.lehrer.at\/uno\/humanitaere-massnahmen\/\" style=\"border-style:none;border-width:0px;border-radius:0px;padding-top:var(--wp--preset--spacing--20);padding-right:var(--wp--preset--spacing--30);padding-bottom:var(--wp--preset--spacing--20);padding-left:var(--wp--preset--spacing--30)\">Zu den Materialien<\/a><\/div>\n<\/div>\n<\/div>\n\n\n\n<div class=\"wp-block-column has-ast-global-color-5-background-color has-background is-layout-flow wp-block-column-is-layout-flow\" style=\"padding-top:0;padding-bottom:0\">\n<figure class=\"wp-block-image size-full\"><img loading=\"lazy\" decoding=\"async\" width=\"522\" height=\"375\" src=\"https:\/\/www.lehrer.at\/uno\/wp-content\/uploads\/sites\/11\/2023\/09\/menschenrechte-1.jpg\" alt=\"Zwei M\u00e4nnchen legen einander die Arme um die Schultern. \" class=\"wp-image-152\" srcset=\"https:\/\/www.lehrer.at\/uno\/wp-content\/uploads\/sites\/11\/2023\/09\/menschenrechte-1.jpg 522w, https:\/\/www.lehrer.at\/uno\/wp-content\/uploads\/sites\/11\/2023\/09\/menschenrechte-1-300x216.jpg 300w\" sizes=\"auto, (max-width: 522px) 100vw, 522px\" \/><\/figure>\n\n\n\n<h4 class=\"wp-block-heading has-text-align-center block_ueberschrift\">Menschenrechte<\/h4>\n\n\n\n<div class=\"wp-block-buttons is-content-justification-center is-layout-flex wp-container-core-buttons-is-layout-e5d8e0c9 wp-block-buttons-is-layout-flex\" style=\"margin-top:var(--wp--preset--spacing--50);margin-bottom:var(--wp--preset--spacing--50)\">\n<div class=\"wp-block-button is-style-fill\"><a class=\"wp-block-button__link has-text-align-center wp-element-button\" href=\"https:\/\/www.lehrer.at\/uno\/menschenrechte\" style=\"border-style:none;border-width:0px;border-radius:0px;padding-top:var(--wp--preset--spacing--20);padding-right:var(--wp--preset--spacing--30);padding-bottom:var(--wp--preset--spacing--20);padding-left:var(--wp--preset--spacing--30)\">Zu den Materialien<\/a><\/div>\n<\/div>\n<\/div>\n\n\n\n<div class=\"wp-block-column has-ast-global-color-5-background-color has-background is-layout-flow wp-block-column-is-layout-flow\">\n<figure class=\"wp-block-image size-full\"><img loading=\"lazy\" decoding=\"async\" width=\"842\" height=\"595\" src=\"https:\/\/www.lehrer.at\/uno\/wp-content\/uploads\/sites\/11\/2023\/09\/voelkerrecht-1.jpg\" alt=\"viele H\u00e4nde in verschiedenen Farben \" class=\"wp-image-156\" srcset=\"https:\/\/www.lehrer.at\/uno\/wp-content\/uploads\/sites\/11\/2023\/09\/voelkerrecht-1.jpg 842w, https:\/\/www.lehrer.at\/uno\/wp-content\/uploads\/sites\/11\/2023\/09\/voelkerrecht-1-300x212.jpg 300w, https:\/\/www.lehrer.at\/uno\/wp-content\/uploads\/sites\/11\/2023\/09\/voelkerrecht-1-768x543.jpg 768w\" sizes=\"auto, (max-width: 842px) 100vw, 842px\" \/><\/figure>\n\n\n\n<h4 class=\"wp-block-heading has-text-align-center block_ueberschrift\">V\u00f6lkerrechte<\/h4>\n\n\n\n<div class=\"wp-block-buttons is-content-justification-center is-layout-flex wp-container-core-buttons-is-layout-e5d8e0c9 wp-block-buttons-is-layout-flex\" style=\"margin-top:var(--wp--preset--spacing--50);margin-bottom:var(--wp--preset--spacing--50)\">\n<div class=\"wp-block-button is-style-fill\"><a class=\"wp-block-button__link has-text-align-center wp-element-button\" href=\"https:\/\/www.lehrer.at\/uno\/voelkerrechte\/\" style=\"border-style:none;border-width:0px;border-radius:0px;padding-top:var(--wp--preset--spacing--20);padding-right:var(--wp--preset--spacing--30);padding-bottom:var(--wp--preset--spacing--20);padding-left:var(--wp--preset--spacing--30)\">Zu den Materialien<\/a><\/div>\n<\/div>\n<\/div>\n<\/div>\n<\/div>\n<\/div>\n\n\n\n<p><\/p>\n","protected":false},"excerpt":{"rendered":"<p>Vereinte Nationen Die Sch\u00fclerInnen gestalten die Welt von morgen. Sie bestimmen, in welche Richtung sich diese entwickeln wird. Umso wichtiger ist es, so fr\u00fch wie m\u00f6glich Interesse f\u00fcr globale Fragen zu wecken und Verst\u00e4ndnis f\u00fcr globale Zusammenh\u00e4nge zu entwickeln. UNIS Vienna, das Informationsservice der Vereinten Nationen Wien, stellt zu diesem Zweck Unterrichtsmaterialienpakete zur Verf\u00fcgung, die [&hellip;]<\/p>\n","protected":false},"author":6,"featured_media":0,"parent":0,"menu_order":0,"comment_status":"closed","ping_status":"open","template":"","meta":{"_acf_changed":false,"site-sidebar-layout":"default","site-content-layout":"","ast-site-content-layout":"default","site-content-style":"default","site-sidebar-style":"default","ast-global-header-display":"","ast-banner-title-visibility":"","ast-main-header-display":"","ast-hfb-above-header-display":"","ast-hfb-below-header-display":"","ast-hfb-mobile-header-display":"","site-post-title":"","ast-breadcrumbs-content":"","ast-featured-img":"","footer-sml-layout":"","theme-transparent-header-meta":"","adv-header-id-meta":"","stick-header-meta":"","header-above-stick-meta":"","header-main-stick-meta":"","header-below-stick-meta":"","astra-migrate-meta-layouts":"default","ast-page-background-enabled":"default","ast-page-background-meta":{"desktop":{"background-color":"var(--ast-global-color-4)","background-image":"","background-repeat":"repeat","background-position":"center center","background-size":"auto","background-attachment":"scroll","background-type":"","background-media":"","overlay-type":"","overlay-color":"","overlay-opacity":"","overlay-gradient":""},"tablet":{"background-color":"","background-image":"","background-repeat":"repeat","background-position":"center center","background-size":"auto","background-attachment":"scroll","background-type":"","background-media":"","overlay-type":"","overlay-color":"","overlay-opacity":"","overlay-gradient":""},"mobile":{"background-color":"","background-image":"","background-repeat":"repeat","background-position":"center center","background-size":"auto","background-attachment":"scroll","background-type":"","background-media":"","overlay-type":"","overlay-color":"","overlay-opacity":"","overlay-gradient":""}},"ast-content-background-meta":{"desktop":{"background-color":"var(--ast-global-color-5)","background-image":"","background-repeat":"repeat","background-position":"center center","background-size":"auto","background-attachment":"scroll","background-type":"","background-media":"","overlay-type":"","overlay-color":"","overlay-opacity":"","overlay-gradient":""},"tablet":{"background-color":"var(--ast-global-color-5)","background-image":"","background-repeat":"repeat","background-position":"center center","background-size":"auto","background-attachment":"scroll","background-type":"","background-media":"","overlay-type":"","overlay-color":"","overlay-opacity":"","overlay-gradient":""},"mobile":{"background-color":"var(--ast-global-color-5)","background-image":"","background-repeat":"repeat","background-position":"center center","background-size":"auto","background-attachment":"scroll","background-type":"","background-media":"","overlay-type":"","overlay-color":"","overlay-opacity":"","overlay-gradient":""}},"footnotes":""},"class_list":["post-2","page","type-page","status-publish","hentry"],"acf":[],"yoast_head":"<!-- This site is optimized with the Yoast SEO plugin v27.0 - https:\/\/yoast.com\/product\/yoast-seo-wordpress\/ -->\n<title>Vereinte Nationen -<\/title>\n<meta name=\"description\" content=\"Kostenlose, lehrplangerechte Unterrichtsmaterialien zu Themen rund um die Vereinten Nationen \u2013 f\u00fcr Sch\u00fcler:innen ab der 7. Schulstufe.\" \/>\n<meta name=\"robots\" content=\"index, follow, max-snippet:-1, max-image-preview:large, max-video-preview:-1\" \/>\n<link rel=\"canonical\" href=\"https:\/\/www.lehrer.at\/uno\/\" \/>\n<meta property=\"og:locale\" content=\"de_DE\" \/>\n<meta property=\"og:type\" content=\"article\" \/>\n<meta property=\"og:title\" content=\"Vereinte Nationen -\" \/>\n<meta property=\"og:description\" content=\"Kostenlose, lehrplangerechte Unterrichtsmaterialien zu Themen rund um die Vereinten Nationen \u2013 f\u00fcr Sch\u00fcler:innen ab der 7. Schulstufe.\" \/>\n<meta property=\"og:url\" content=\"https:\/\/www.lehrer.at\/uno\/\" \/>\n<meta property=\"article:modified_time\" content=\"2025-06-02T14:05:26+00:00\" \/>\n<meta property=\"og:image\" content=\"https:\/\/www.lehrer.at\/uno\/wp-content\/uploads\/sites\/11\/2023\/09\/together_strong_web-3.jpg\" \/>\n\t<meta property=\"og:image:width\" content=\"700\" \/>\n\t<meta property=\"og:image:height\" content=\"503\" \/>\n\t<meta property=\"og:image:type\" content=\"image\/jpeg\" \/>\n<meta name=\"twitter:card\" content=\"summary_large_image\" \/>\n<meta name=\"twitter:label1\" content=\"Gesch\u00e4tzte Lesezeit\" \/>\n\t<meta name=\"twitter:data1\" content=\"3 Minuten\" \/>\n<script type=\"application\/ld+json\" class=\"yoast-schema-graph\">{\"@context\":\"https:\/\/schema.org\",\"@graph\":[{\"@type\":\"WebPage\",\"@id\":\"https:\/\/www.lehrer.at\/uno\/\",\"url\":\"https:\/\/www.lehrer.at\/uno\/\",\"name\":\"Vereinte Nationen -\",\"isPartOf\":{\"@id\":\"https:\/\/www.lehrer.at\/uno\/#website\"},\"primaryImageOfPage\":{\"@id\":\"https:\/\/www.lehrer.at\/uno\/#primaryimage\"},\"image\":{\"@id\":\"https:\/\/www.lehrer.at\/uno\/#primaryimage\"},\"thumbnailUrl\":\"https:\/\/www.lehrer.at\/uno\/wp-content\/uploads\/sites\/11\/2023\/09\/together_strong_web-3.jpg\",\"datePublished\":\"2023-09-11T14:44:39+00:00\",\"dateModified\":\"2025-06-02T14:05:26+00:00\",\"description\":\"Kostenlose, lehrplangerechte Unterrichtsmaterialien zu Themen rund um die Vereinten Nationen \u2013 f\u00fcr Sch\u00fcler:innen ab der 7. Schulstufe.\",\"breadcrumb\":{\"@id\":\"https:\/\/www.lehrer.at\/uno\/#breadcrumb\"},\"inLanguage\":\"de-AT\",\"potentialAction\":[{\"@type\":\"ReadAction\",\"target\":[\"https:\/\/www.lehrer.at\/uno\/\"]}]},{\"@type\":\"ImageObject\",\"inLanguage\":\"de-AT\",\"@id\":\"https:\/\/www.lehrer.at\/uno\/#primaryimage\",\"url\":\"https:\/\/www.lehrer.at\/uno\/wp-content\/uploads\/sites\/11\/2023\/09\/together_strong_web-3.jpg\",\"contentUrl\":\"https:\/\/www.lehrer.at\/uno\/wp-content\/uploads\/sites\/11\/2023\/09\/together_strong_web-3.jpg\",\"width\":700,\"height\":503},{\"@type\":\"BreadcrumbList\",\"@id\":\"https:\/\/www.lehrer.at\/uno\/#breadcrumb\",\"itemListElement\":[{\"@type\":\"ListItem\",\"position\":1,\"name\":\"Startseite\",\"item\":\"https:\/\/www.lehrer.at\/uno\/\"},{\"@type\":\"ListItem\",\"position\":2,\"name\":\"Vereinte Nationen\"}]},{\"@type\":\"WebSite\",\"@id\":\"https:\/\/www.lehrer.at\/uno\/#website\",\"url\":\"https:\/\/www.lehrer.at\/uno\/\",\"name\":\"\",\"description\":\"\",\"potentialAction\":[{\"@type\":\"SearchAction\",\"target\":{\"@type\":\"EntryPoint\",\"urlTemplate\":\"https:\/\/www.lehrer.at\/uno\/?s={search_term_string}\"},\"query-input\":{\"@type\":\"PropertyValueSpecification\",\"valueRequired\":true,\"valueName\":\"search_term_string\"}}],\"inLanguage\":\"de-AT\"}]}<\/script>\n<!-- \/ Yoast SEO plugin. -->","yoast_head_json":{"title":"Vereinte Nationen -","description":"Kostenlose, lehrplangerechte Unterrichtsmaterialien zu Themen rund um die Vereinten Nationen \u2013 f\u00fcr Sch\u00fcler:innen ab der 7. Schulstufe.","robots":{"index":"index","follow":"follow","max-snippet":"max-snippet:-1","max-image-preview":"max-image-preview:large","max-video-preview":"max-video-preview:-1"},"canonical":"https:\/\/www.lehrer.at\/uno\/","og_locale":"de_DE","og_type":"article","og_title":"Vereinte Nationen -","og_description":"Kostenlose, lehrplangerechte Unterrichtsmaterialien zu Themen rund um die Vereinten Nationen \u2013 f\u00fcr Sch\u00fcler:innen ab der 7. Schulstufe.","og_url":"https:\/\/www.lehrer.at\/uno\/","article_modified_time":"2025-06-02T14:05:26+00:00","og_image":[{"width":700,"height":503,"url":"https:\/\/www.lehrer.at\/uno\/wp-content\/uploads\/sites\/11\/2023\/09\/together_strong_web-3.jpg","type":"image\/jpeg"}],"twitter_card":"summary_large_image","twitter_misc":{"Gesch\u00e4tzte Lesezeit":"3 Minuten"},"schema":{"@context":"https:\/\/schema.org","@graph":[{"@type":"WebPage","@id":"https:\/\/www.lehrer.at\/uno\/","url":"https:\/\/www.lehrer.at\/uno\/","name":"Vereinte Nationen -","isPartOf":{"@id":"https:\/\/www.lehrer.at\/uno\/#website"},"primaryImageOfPage":{"@id":"https:\/\/www.lehrer.at\/uno\/#primaryimage"},"image":{"@id":"https:\/\/www.lehrer.at\/uno\/#primaryimage"},"thumbnailUrl":"https:\/\/www.lehrer.at\/uno\/wp-content\/uploads\/sites\/11\/2023\/09\/together_strong_web-3.jpg","datePublished":"2023-09-11T14:44:39+00:00","dateModified":"2025-06-02T14:05:26+00:00","description":"Kostenlose, lehrplangerechte Unterrichtsmaterialien zu Themen rund um die Vereinten Nationen \u2013 f\u00fcr Sch\u00fcler:innen ab der 7. Schulstufe.","breadcrumb":{"@id":"https:\/\/www.lehrer.at\/uno\/#breadcrumb"},"inLanguage":"de-AT","potentialAction":[{"@type":"ReadAction","target":["https:\/\/www.lehrer.at\/uno\/"]}]},{"@type":"ImageObject","inLanguage":"de-AT","@id":"https:\/\/www.lehrer.at\/uno\/#primaryimage","url":"https:\/\/www.lehrer.at\/uno\/wp-content\/uploads\/sites\/11\/2023\/09\/together_strong_web-3.jpg","contentUrl":"https:\/\/www.lehrer.at\/uno\/wp-content\/uploads\/sites\/11\/2023\/09\/together_strong_web-3.jpg","width":700,"height":503},{"@type":"BreadcrumbList","@id":"https:\/\/www.lehrer.at\/uno\/#breadcrumb","itemListElement":[{"@type":"ListItem","position":1,"name":"Startseite","item":"https:\/\/www.lehrer.at\/uno\/"},{"@type":"ListItem","position":2,"name":"Vereinte Nationen"}]},{"@type":"WebSite","@id":"https:\/\/www.lehrer.at\/uno\/#website","url":"https:\/\/www.lehrer.at\/uno\/","name":"","description":"","potentialAction":[{"@type":"SearchAction","target":{"@type":"EntryPoint","urlTemplate":"https:\/\/www.lehrer.at\/uno\/?s={search_term_string}"},"query-input":{"@type":"PropertyValueSpecification","valueRequired":true,"valueName":"search_term_string"}}],"inLanguage":"de-AT"}]}},"_links":{"self":[{"href":"https:\/\/www.lehrer.at\/uno\/wp-json\/wp\/v2\/pages\/2","targetHints":{"allow":["GET"]}}],"collection":[{"href":"https:\/\/www.lehrer.at\/uno\/wp-json\/wp\/v2\/pages"}],"about":[{"href":"https:\/\/www.lehrer.at\/uno\/wp-json\/wp\/v2\/types\/page"}],"author":[{"embeddable":true,"href":"https:\/\/www.lehrer.at\/uno\/wp-json\/wp\/v2\/users\/6"}],"replies":[{"embeddable":true,"href":"https:\/\/www.lehrer.at\/uno\/wp-json\/wp\/v2\/comments?post=2"}],"version-history":[{"count":54,"href":"https:\/\/www.lehrer.at\/uno\/wp-json\/wp\/v2\/pages\/2\/revisions"}],"predecessor-version":[{"id":405,"href":"https:\/\/www.lehrer.at\/uno\/wp-json\/wp\/v2\/pages\/2\/revisions\/405"}],"wp:attachment":[{"href":"https:\/\/www.lehrer.at\/uno\/wp-json\/wp\/v2\/media?parent=2"}],"curies":[{"name":"wp","href":"https:\/\/api.w.org\/{rel}","templated":true}]}}