{"id":158,"date":"2023-09-18T11:13:57","date_gmt":"2023-09-18T09:13:57","guid":{"rendered":"https:\/\/www.lehrer.at\/uno\/?page_id=158"},"modified":"2023-09-19T14:58:50","modified_gmt":"2023-09-19T12:58:50","slug":"together-strong","status":"publish","type":"page","link":"https:\/\/www.lehrer.at\/uno\/together-strong\/","title":{"rendered":"Together Strong"},"content":{"rendered":"\n<h3 class=\"wp-block-heading\"><strong>Together Strong \u2013 Die Vereinten Nationen<\/strong><\/h3>\n\n\n\n<p>Au\u00dfenministerium, Unterrichtsministerium und UNIS, das Informationsservice der Vereinten Nationen Wien, haben \u00d6sterreichs Einzug in den Sicherheitsrat und das 30-j\u00e4hrige Bestehen des Vienna International Centre zum Anlass genommen, um ein umfangreiches Unterrichtsmaterialienpaket f\u00fcr den Einsatz <strong>ab der 7. Schulstufe<\/strong> zu erstellen, das nun allen Lehrkr\u00e4ften kostenlos zur Verf\u00fcgung steht.<\/p>\n\n\n\n<h4 class=\"wp-block-heading\">Lernziele<\/h4>\n\n\n\n<ul class=\"wp-block-list\">\n<li>Verst\u00e4ndnis der Entstehung, Ziele und des Aufbaus der UNO<\/li>\n\n\n\n<li>Initiierung der verantwortungsbewussten Auseinandersetzung mit Problemen und Herausforderungen unserer Zeit<\/li>\n\n\n\n<li>Festigung von f\u00fcr das Thema relevanten wichtigen historischen Daten des 20. Jahrhunderts<\/li>\n\n\n\n<li>Lese- bzw. H\u00f6rtraining anhand der UNO-Charta<\/li>\n\n\n\n<li>Kennenlernen der wichtigsten Meilensteine in der gemeinsamen Geschichte \u00d6sterreichs und der UNO<\/li>\n\n\n\n<li>Besch\u00e4ftigung mit Aufbau und Funktion des UNO-Sicherheitsrates<\/li>\n\n\n\n<li>Auseinandersetzung mit Daten, Fakten und Zahlen rund um das Vienna International Centre (VIC)<\/li>\n\n\n\n<li>Auseinandersetzung mit der Arbeit der im VIC beheimateten UNO-Einrichtungen IAEO, UNIDO, UNODC und CTBTO<\/li>\n\n\n\n<li>Wiederholung und Festigung der Daten und Fakten rund um die UNO<\/li>\n\n\n\n<li>Kennenlernen und Anwenden von Mitteln der Werbung im Zuge des Entwerfens und Ausarbeitens von Plakaten und Logos<\/li>\n<\/ul>\n\n\n\n<div style=\"height:10px\" aria-hidden=\"true\" class=\"wp-block-spacer\"><\/div>\n\n\n\n<figure class=\"wp-block-table aligncenter\" style=\"padding-right:0;padding-left:0\"><table class=\"has-ast-global-color-0-background-color has-background has-border-color has-ast-global-color-5-border-color has-fixed-layout\" style=\"border-width:1px\"><tbody><tr><td class=\"has-text-align-left\" data-align=\"left\"><strong><a href=\"https:\/\/www.lehrer.at\/uno\/wp-content\/uploads\/sites\/11\/2023\/09\/togetherstrong_li.pdf\" target=\"_blank\" rel=\"noreferrer noopener\">Information f\u00fcr Lehrkr\u00e4fte<\/a><\/strong><\/td><td class=\"has-text-align-left\" data-align=\"left\"><strong><a href=\"https:\/\/www.lehrer.at\/uno\/wp-content\/uploads\/sites\/11\/2023\/09\/togetherstrong_ab1_f1.pdf\" target=\"_blank\" rel=\"noreferrer noopener\">Arbeitsblatt 1\/Folie 1: Unsere Welt <\/a><\/strong><br>Die Bedeutung der UNO als weltweite Organisation.<\/td><\/tr><tr><td class=\"has-text-align-left\" data-align=\"left\"><strong><a href=\"https:\/\/www.lehrer.at\/uno\/wp-content\/uploads\/sites\/11\/2023\/09\/togetherstrong_ab2_f2.pdf\" target=\"_blank\" rel=\"noreferrer noopener\">Arbeitsblatt 2\/Folie2: Wie alles g<\/a><a href=\"https:\/\/www.lehrer.at\/uno\/wp-content\/uploads\/sites\/11\/2023\/09\/togetherstrong_ab2_f2.pdf\">ekommen <\/a><\/strong><a href=\"https:\/\/web.archive.org\/web\/20220630013942\/http:\/\/www.lehrer.at\/uno\/together_strong\/togetherstrong_li.pdf\"><strong>ist<\/strong><\/a><strong><br><\/strong>Die Entstehung der UNO im historischen Kontext.<\/td><td class=\"has-text-align-left\" data-align=\"left\"><strong><a href=\"https:\/\/www.lehrer.at\/uno\/wp-content\/uploads\/sites\/11\/2023\/09\/togetherstrong_ab3_f3.pdf\" target=\"_blank\" rel=\"noreferrer noopener\">Arbeitsblatt<\/a><\/strong><a href=\"https:\/\/web.archive.org\/web\/20220630013942\/http:\/\/www.lehrer.at\/uno\/together_strong\/togetherstrong_li.pdf\"><strong> 3\/Folie 3: Fest entschlossen<\/strong><\/a><br>Textverst\u00e4ndnis\u00fcbung mit UN-Charta-Pr\u00e4ambel.<\/td><\/tr><tr><td class=\"has-text-align-left\" data-align=\"left\"><a href=\"https:\/\/www.lehrer.at\/uno\/wp-content\/uploads\/sites\/11\/2023\/09\/togetherstrong_oh4_f4.pdf\" target=\"_blank\" rel=\"noreferrer noopener\"><strong>Arbeitsblatt 4\/Folie 4: Die Vereinten Nationen <\/strong><\/a><br>Vorbereitung von Referaten in Kleingruppen zu verschiedenen strukturellen Bereichen der UNO.<\/td><td class=\"has-text-align-left\" data-align=\"left\"><a href=\"https:\/\/www.lehrer.at\/uno\/wp-content\/uploads\/sites\/11\/2023\/09\/togetherstrong_ab5.pdf\" target=\"_blank\" rel=\"noreferrer noopener\"><strong>Arbeitsmaterial 5: Ein Fall f\u00fcr die UNO?<\/strong><\/a><br>Diskussionsvorlage zu den Handlungsm\u00f6glichkeiten der UNO.<\/td><\/tr><tr><td class=\"has-text-align-left\" data-align=\"left\"><a href=\"https:\/\/www.lehrer.at\/uno\/wp-content\/uploads\/sites\/11\/2023\/09\/togetherstrong_ab6_f5.pdf\" target=\"_blank\" rel=\"noreferrer noopener\"><strong>Arbeitsblatt 6\/Folie 5: \u00d6sterreich &amp; UNO<\/strong><\/a><br>\u00dcberblick \u00fcber die wichtigsten Meilensteine der gemeinsamen Geschichte \u00d6sterreichs und der UNO.<\/td><td class=\"has-text-align-left\" data-align=\"left\"><a href=\"https:\/\/www.lehrer.at\/uno\/wp-content\/uploads\/sites\/11\/2023\/09\/togetherstrong_ab7.pdf\" target=\"_blank\" rel=\"noreferrer noopener\"><strong>Arbeitsblatt 7: Ein Fall f\u00fcr den Klassenrat <\/strong><\/a><br>Klassen\u00fcbung um die Entscheidungswege eines Sicherheitsrats besser zu verstehen. <\/td><\/tr><tr><td class=\"has-text-align-left\" data-align=\"left\"><a href=\"https:\/\/www.lehrer.at\/uno\/wp-content\/uploads\/sites\/11\/2023\/09\/togetherstrong_f6.pdf\" target=\"_blank\" rel=\"noreferrer noopener\"><strong>Folie 6: UNO-Sicherheitsrat im J\u00e4nner 2014<\/strong><\/a><br>Diese Folie liefert einen \u00dcberblick \u00fcber die Mitgliedsstaaten des UNO-Sicherheitsrates.<\/td><td class=\"has-text-align-left\" data-align=\"left\"><a href=\"https:\/\/www.lehrer.at\/uno\/wp-content\/uploads\/sites\/11\/2023\/09\/togetherstrong_ab8_f7.pdf\" target=\"_blank\" rel=\"noreferrer noopener\"><strong>Arbeitsblatt 8\/Folie 7: Vienna International Centre<\/strong><\/a><br>Ein R\u00e4tsel als Recherche\u00fcbung rund um das Vienna International Centre.<\/td><\/tr><tr><td class=\"has-text-align-left\" data-align=\"left\"><strong><a href=\"https:\/\/www.lehrer.at\/uno\/wp-content\/uploads\/sites\/11\/2023\/09\/togetherstrong_f8_ab9.pdf\" target=\"_blank\" rel=\"noreferrer noopener\">Folie 8\/Arbeitsblatt 9: Friedenssicherung in Wien<\/a><\/strong><br>\u00dcberblick \u00fcber die im Vienna International Centre beheimateten UNO-Organisationen.<\/td><td class=\"has-text-align-left\" data-align=\"left\"><a href=\"https:\/\/www.lehrer.at\/uno\/wp-content\/uploads\/sites\/11\/2023\/09\/togetherstrong_ab10_f9.pdf\" target=\"_blank\" rel=\"noreferrer noopener\"><strong>Arbeitsblatt 10\/Folie 9: Viel zu tun &#8230;<\/strong><\/a><br>Verst\u00e4ndniskontrolle der Arbeitsbereiche von IAEO, UNIDO, UNODC und CTBTO PrepCom.<\/td><\/tr><tr><td class=\"has-text-align-left\" data-align=\"left\"><strong><a href=\"https:\/\/www.lehrer.at\/uno\/wp-content\/uploads\/sites\/11\/2023\/09\/togetherstrong_quiz.pdf\" target=\"_blank\" rel=\"noreferrer noopener\">Quizkarten 1: UNO-Quiz<\/a><\/strong><br>kurzweiliges Quiz zum Wiederholen der wichtigsten Daten und Fakten rund um die UNO.<\/td><td class=\"has-text-align-left\" data-align=\"left\"><a href=\"https:\/\/www.lehrer.at\/uno\/wp-content\/uploads\/sites\/11\/2023\/09\/togetherstrong_ab11.pdf\" target=\"_blank\" rel=\"noreferrer noopener\"><strong>Arbeitsblatt 11: Logos am Pr\u00fcfstand<\/strong><\/a><br>Die Analyse bekannter Logos gibt Aufschluss dar\u00fcber, worauf man beim Erstellen eines Logos achten sollte.<\/td><\/tr><tr><td class=\"has-text-align-left\" data-align=\"left\"><a href=\"https:\/\/www.lehrer.at\/uno\/wp-content\/uploads\/sites\/11\/2023\/09\/togetherstrong_ab12.pdf\" target=\"_blank\" rel=\"noreferrer noopener\"><strong>Arbeitsblatt 12: Alles Logo?! <\/strong><\/a><br>Tipps f\u00fcr die Erstellung eines Logos zu einem UNO-Tag, UNO-Jahr oder einer UNO-Dekade.<\/td><td class=\"has-text-align-left\" data-align=\"left\"><strong><a href=\"https:\/\/www.lehrer.at\/uno\/wp-content\/uploads\/sites\/11\/2023\/09\/togetherstrong_abkuerzungsverzeichnis.pdf\" target=\"_blank\" rel=\"noreferrer noopener\">Abk\u00fcrzungsverzeich<\/a><a rel=\"noreferrer noopener\" href=\"https:\/\/www.lehrer.at\/uno\/wp-content\/uploads\/sites\/11\/2023\/09\/togetherstrong_abkuerzungsverzeichnis.pdf\" target=\"_blank\">ni<\/a><a rel=\"noreferrer noopener\" href=\"https:\/\/web.archive.org\/web\/20220630013942\/http:\/\/www.lehrer.at\/uno\/together_strong\/togetherstrong_abkuerzungsverzeichnis.pdf\" target=\"_blank\">s<\/a><br><\/strong><a href=\"https:\/\/www.lehrer.at\/uno\/wp-content\/uploads\/sites\/11\/2023\/09\/togetherstrong_linkliste.pdf\" target=\"_blank\" rel=\"noreferrer noopener\"><strong>Linkliste<\/strong><\/a><\/td><\/tr><\/tbody><\/table><\/figure>\n","protected":false},"excerpt":{"rendered":"<p>Together Strong \u2013 Die Vereinten Nationen Au\u00dfenministerium, Unterrichtsministerium und UNIS, das Informationsservice der Vereinten Nationen Wien, haben \u00d6sterreichs Einzug in den Sicherheitsrat und das 30-j\u00e4hrige Bestehen des Vienna International Centre zum Anlass genommen, um ein umfangreiches Unterrichtsmaterialienpaket f\u00fcr den Einsatz ab der 7. Schulstufe zu erstellen, das nun allen Lehrkr\u00e4ften kostenlos zur Verf\u00fcgung steht. Lernziele [&hellip;]<\/p>\n","protected":false},"author":3,"featured_media":0,"parent":0,"menu_order":0,"comment_status":"closed","ping_status":"closed","template":"","meta":{"_acf_changed":false,"site-sidebar-layout":"default","site-content-layout":"","ast-site-content-layout":"default","site-content-style":"default","site-sidebar-style":"default","ast-global-header-display":"","ast-banner-title-visibility":"","ast-main-header-display":"","ast-hfb-above-header-display":"","ast-hfb-below-header-display":"","ast-hfb-mobile-header-display":"","site-post-title":"","ast-breadcrumbs-content":"","ast-featured-img":"","footer-sml-layout":"","theme-transparent-header-meta":"","adv-header-id-meta":"","stick-header-meta":"","header-above-stick-meta":"","header-main-stick-meta":"","header-below-stick-meta":"","astra-migrate-meta-layouts":"default","ast-page-background-enabled":"default","ast-page-background-meta":{"desktop":{"background-color":"var(--ast-global-color-4)","background-image":"","background-repeat":"repeat","background-position":"center center","background-size":"auto","background-attachment":"scroll","background-type":"","background-media":"","overlay-type":"","overlay-color":"","overlay-opacity":"","overlay-gradient":""},"tablet":{"background-color":"","background-image":"","background-repeat":"repeat","background-position":"center center","background-size":"auto","background-attachment":"scroll","background-type":"","background-media":"","overlay-type":"","overlay-color":"","overlay-opacity":"","overlay-gradient":""},"mobile":{"background-color":"","background-image":"","background-repeat":"repeat","background-position":"center center","background-size":"auto","background-attachment":"scroll","background-type":"","background-media":"","overlay-type":"","overlay-color":"","overlay-opacity":"","overlay-gradient":""}},"ast-content-background-meta":{"desktop":{"background-color":"var(--ast-global-color-5)","background-image":"","background-repeat":"repeat","background-position":"center center","background-size":"auto","background-attachment":"scroll","background-type":"","background-media":"","overlay-type":"","overlay-color":"","overlay-opacity":"","overlay-gradient":""},"tablet":{"background-color":"var(--ast-global-color-5)","background-image":"","background-repeat":"repeat","background-position":"center center","background-size":"auto","background-attachment":"scroll","background-type":"","background-media":"","overlay-type":"","overlay-color":"","overlay-opacity":"","overlay-gradient":""},"mobile":{"background-color":"var(--ast-global-color-5)","background-image":"","background-repeat":"repeat","background-position":"center center","background-size":"auto","background-attachment":"scroll","background-type":"","background-media":"","overlay-type":"","overlay-color":"","overlay-opacity":"","overlay-gradient":""}},"footnotes":""},"class_list":["post-158","page","type-page","status-publish","hentry"],"acf":[],"yoast_head":"<!-- This site is optimized with the Yoast SEO plugin v27.0 - https:\/\/yoast.com\/product\/yoast-seo-wordpress\/ -->\n<title>Together Strong -<\/title>\n<meta name=\"robots\" content=\"index, follow, max-snippet:-1, max-image-preview:large, max-video-preview:-1\" \/>\n<link rel=\"canonical\" href=\"https:\/\/www.lehrer.at\/uno\/together-strong\/\" \/>\n<meta property=\"og:locale\" content=\"de_DE\" \/>\n<meta property=\"og:type\" content=\"article\" \/>\n<meta property=\"og:title\" content=\"Together Strong -\" \/>\n<meta property=\"og:description\" content=\"Together Strong \u2013 Die Vereinten Nationen Au\u00dfenministerium, Unterrichtsministerium und UNIS, das Informationsservice der Vereinten Nationen Wien, haben \u00d6sterreichs Einzug in den Sicherheitsrat und das 30-j\u00e4hrige Bestehen des Vienna International Centre zum Anlass genommen, um ein umfangreiches Unterrichtsmaterialienpaket f\u00fcr den Einsatz ab der 7. Schulstufe zu erstellen, das nun allen Lehrkr\u00e4ften kostenlos zur Verf\u00fcgung steht. Lernziele [&hellip;]\" \/>\n<meta property=\"og:url\" content=\"https:\/\/www.lehrer.at\/uno\/together-strong\/\" \/>\n<meta property=\"article:modified_time\" content=\"2023-09-19T12:58:50+00:00\" \/>\n<meta name=\"twitter:card\" content=\"summary_large_image\" \/>\n<meta name=\"twitter:label1\" content=\"Gesch\u00e4tzte Lesezeit\" \/>\n\t<meta name=\"twitter:data1\" content=\"2 Minuten\" \/>\n<script type=\"application\/ld+json\" class=\"yoast-schema-graph\">{\"@context\":\"https:\/\/schema.org\",\"@graph\":[{\"@type\":\"WebPage\",\"@id\":\"https:\/\/www.lehrer.at\/uno\/together-strong\/\",\"url\":\"https:\/\/www.lehrer.at\/uno\/together-strong\/\",\"name\":\"Together Strong -\",\"isPartOf\":{\"@id\":\"https:\/\/www.lehrer.at\/uno\/#website\"},\"datePublished\":\"2023-09-18T09:13:57+00:00\",\"dateModified\":\"2023-09-19T12:58:50+00:00\",\"breadcrumb\":{\"@id\":\"https:\/\/www.lehrer.at\/uno\/together-strong\/#breadcrumb\"},\"inLanguage\":\"de-AT\",\"potentialAction\":[{\"@type\":\"ReadAction\",\"target\":[\"https:\/\/www.lehrer.at\/uno\/together-strong\/\"]}]},{\"@type\":\"BreadcrumbList\",\"@id\":\"https:\/\/www.lehrer.at\/uno\/together-strong\/#breadcrumb\",\"itemListElement\":[{\"@type\":\"ListItem\",\"position\":1,\"name\":\"Startseite\",\"item\":\"https:\/\/www.lehrer.at\/uno\/\"},{\"@type\":\"ListItem\",\"position\":2,\"name\":\"Together Strong\"}]},{\"@type\":\"WebSite\",\"@id\":\"https:\/\/www.lehrer.at\/uno\/#website\",\"url\":\"https:\/\/www.lehrer.at\/uno\/\",\"name\":\"\",\"description\":\"\",\"potentialAction\":[{\"@type\":\"SearchAction\",\"target\":{\"@type\":\"EntryPoint\",\"urlTemplate\":\"https:\/\/www.lehrer.at\/uno\/?s={search_term_string}\"},\"query-input\":{\"@type\":\"PropertyValueSpecification\",\"valueRequired\":true,\"valueName\":\"search_term_string\"}}],\"inLanguage\":\"de-AT\"}]}<\/script>\n<!-- \/ Yoast SEO plugin. -->","yoast_head_json":{"title":"Together Strong -","robots":{"index":"index","follow":"follow","max-snippet":"max-snippet:-1","max-image-preview":"max-image-preview:large","max-video-preview":"max-video-preview:-1"},"canonical":"https:\/\/www.lehrer.at\/uno\/together-strong\/","og_locale":"de_DE","og_type":"article","og_title":"Together Strong -","og_description":"Together Strong \u2013 Die Vereinten Nationen Au\u00dfenministerium, Unterrichtsministerium und UNIS, das Informationsservice der Vereinten Nationen Wien, haben \u00d6sterreichs Einzug in den Sicherheitsrat und das 30-j\u00e4hrige Bestehen des Vienna International Centre zum Anlass genommen, um ein umfangreiches Unterrichtsmaterialienpaket f\u00fcr den Einsatz ab der 7. Schulstufe zu erstellen, das nun allen Lehrkr\u00e4ften kostenlos zur Verf\u00fcgung steht. Lernziele [&hellip;]","og_url":"https:\/\/www.lehrer.at\/uno\/together-strong\/","article_modified_time":"2023-09-19T12:58:50+00:00","twitter_card":"summary_large_image","twitter_misc":{"Gesch\u00e4tzte Lesezeit":"2 Minuten"},"schema":{"@context":"https:\/\/schema.org","@graph":[{"@type":"WebPage","@id":"https:\/\/www.lehrer.at\/uno\/together-strong\/","url":"https:\/\/www.lehrer.at\/uno\/together-strong\/","name":"Together Strong -","isPartOf":{"@id":"https:\/\/www.lehrer.at\/uno\/#website"},"datePublished":"2023-09-18T09:13:57+00:00","dateModified":"2023-09-19T12:58:50+00:00","breadcrumb":{"@id":"https:\/\/www.lehrer.at\/uno\/together-strong\/#breadcrumb"},"inLanguage":"de-AT","potentialAction":[{"@type":"ReadAction","target":["https:\/\/www.lehrer.at\/uno\/together-strong\/"]}]},{"@type":"BreadcrumbList","@id":"https:\/\/www.lehrer.at\/uno\/together-strong\/#breadcrumb","itemListElement":[{"@type":"ListItem","position":1,"name":"Startseite","item":"https:\/\/www.lehrer.at\/uno\/"},{"@type":"ListItem","position":2,"name":"Together Strong"}]},{"@type":"WebSite","@id":"https:\/\/www.lehrer.at\/uno\/#website","url":"https:\/\/www.lehrer.at\/uno\/","name":"","description":"","potentialAction":[{"@type":"SearchAction","target":{"@type":"EntryPoint","urlTemplate":"https:\/\/www.lehrer.at\/uno\/?s={search_term_string}"},"query-input":{"@type":"PropertyValueSpecification","valueRequired":true,"valueName":"search_term_string"}}],"inLanguage":"de-AT"}]}},"_links":{"self":[{"href":"https:\/\/www.lehrer.at\/uno\/wp-json\/wp\/v2\/pages\/158","targetHints":{"allow":["GET"]}}],"collection":[{"href":"https:\/\/www.lehrer.at\/uno\/wp-json\/wp\/v2\/pages"}],"about":[{"href":"https:\/\/www.lehrer.at\/uno\/wp-json\/wp\/v2\/types\/page"}],"author":[{"embeddable":true,"href":"https:\/\/www.lehrer.at\/uno\/wp-json\/wp\/v2\/users\/3"}],"replies":[{"embeddable":true,"href":"https:\/\/www.lehrer.at\/uno\/wp-json\/wp\/v2\/comments?post=158"}],"version-history":[{"count":49,"href":"https:\/\/www.lehrer.at\/uno\/wp-json\/wp\/v2\/pages\/158\/revisions"}],"predecessor-version":[{"id":339,"href":"https:\/\/www.lehrer.at\/uno\/wp-json\/wp\/v2\/pages\/158\/revisions\/339"}],"wp:attachment":[{"href":"https:\/\/www.lehrer.at\/uno\/wp-json\/wp\/v2\/media?parent=158"}],"curies":[{"name":"wp","href":"https:\/\/api.w.org\/{rel}","templated":true}]}}