{"id":9,"date":"2021-05-28T16:10:33","date_gmt":"2021-05-28T14:10:33","guid":{"rendered":"https:\/\/www.lehrer.at\/remise\/?page_id=9"},"modified":"2025-05-08T13:37:37","modified_gmt":"2025-05-08T11:37:37","slug":"geschichte-der-oeffis-in-wien-lehrausgaenge-gratis-unterrichtsmaterialien","status":"publish","type":"page","link":"https:\/\/www.lehrer.at\/remise\/","title":{"rendered":"Startseite"},"content":{"rendered":"\n<div class=\"wp-block-columns front-page-columns is-layout-flex wp-container-core-columns-is-layout-9d6595d7 wp-block-columns-is-layout-flex\">\n<div class=\"wp-block-column is-layout-flow wp-block-column-is-layout-flow\" style=\"flex-basis:66.66%\">\n<h1 class=\"wp-block-heading\"><strong>Spannende Zeitreise durch die Geschichte der \u00d6ffis in Wien<\/strong><\/h1>\n\n\n\n<h2 class=\"wp-block-heading\">Lehrausg\u00e4nge &amp; kostenlose Materialien f\u00fcr den direkten Einsatz im Unterricht&nbsp;<\/h2>\n\n\n\n<p><em>Warum sind in Wien keine Stockbusse unterwegs? Was hatte Kaiser Franz Joseph I. gegen Oberleitungen? Und weshalb waren die Linien der Pferdetramway nicht mit Buchstaben oder Ziffern, sondern mit farbigen Symbolen gekennzeichnet?&nbsp;<\/em><\/p>\n\n\n\n<p>Antworten auf diese und viele weitere Fragen erhalten Sie und Ihre Sch\u00fclerInnen bei einem Lehrausgang in die Remise, Verkehrsmuseum der Wiener Linien. Erg\u00e4nzend zum Lehrausgangsangebot stehen Ihnen auf dieser Webseite Materialienpakete f\u00fcr die Vor- bzw. Nachbereitung eines Lehrausganges zum kostenlosen Download zur Verf\u00fcgung. Altersgerecht und lehrplanad\u00e4quat aufbereitet finden P\u00e4dagogInnen der 3. bis 8. Schulstufe Unterrichtsmaterialien zur Geschichte des \u00f6ffentlichen Verkehrs in Wien.&nbsp;<\/p>\n<\/div>\n\n\n\n<div class=\"wp-block-column is-layout-flow wp-block-column-is-layout-flow\" style=\"flex-basis:33.33%\">\n<figure class=\"wp-block-image size-large\"><img loading=\"lazy\" decoding=\"async\" width=\"31\" height=\"23\" src=\"https:\/\/www.lehrer.at\/remise\/wp-content\/uploads\/sites\/8\/2021\/05\/image-1.png\" alt=\"\" class=\"wp-image-31\"\/><\/figure>\n\n\n\n<h2 class=\"wp-block-heading\">Ihr Kontakt f\u00fcr Lehrausg\u00e4nge<\/h2>\n\n\n\n<p>Tel.: 01\/7909-46803<br>Anfragen per Mail an:<br><a rel=\"noreferrer noopener\" href=\"http:\/\/www.lehrer.at\/remise\/remise@wienerlinien.at\" target=\"_blank\"><strong>remise@wienerlinien.at<\/strong><\/a><\/p>\n\n\n\n<p><a href=\"https:\/\/www.lehrer.at\/remise\/impressum\/\" data-type=\"page\" data-id=\"4\">Impressum<\/a><\/p>\n<\/div>\n<\/div>\n\n\n\n<figure class=\"wp-block-image size-large\"><img loading=\"lazy\" decoding=\"async\" width=\"953\" height=\"112\" src=\"https:\/\/www.lehrer.at\/remise\/wp-content\/uploads\/sites\/8\/2021\/05\/image.jpeg\" alt=\"\" class=\"wp-image-28\" srcset=\"https:\/\/www.lehrer.at\/remise\/wp-content\/uploads\/sites\/8\/2021\/05\/image.jpeg 953w, https:\/\/www.lehrer.at\/remise\/wp-content\/uploads\/sites\/8\/2021\/05\/image-300x35.jpeg 300w, https:\/\/www.lehrer.at\/remise\/wp-content\/uploads\/sites\/8\/2021\/05\/image-768x90.jpeg 768w\" sizes=\"auto, (max-width: 953px) 100vw, 953px\" \/><\/figure>\n\n\n\n<div class=\"wp-block-group startseite-gruppe-materialien\"><div class=\"wp-block-group__inner-container is-layout-flow wp-block-group-is-layout-flow\">\n<h2 class=\"startseite-uberschrift-materialien wp-block-heading\">Unterrichtsmaterial<\/h2>\n\n\n\n<div class=\"wp-block-columns startseite-materialien is-layout-flex wp-container-core-columns-is-layout-9d6595d7 wp-block-columns-is-layout-flex\">\n<div class=\"wp-block-column is-layout-flow wp-block-column-is-layout-flow\">\n<div class=\"wp-block-columns is-layout-flex wp-container-core-columns-is-layout-9d6595d7 wp-block-columns-is-layout-flex\">\n<div class=\"wp-block-column is-layout-flow wp-block-column-is-layout-flow\">\n<figure class=\"wp-block-image size-large\"><img loading=\"lazy\" decoding=\"async\" width=\"214\" height=\"148\" src=\"https:\/\/www.lehrer.at\/remise\/wp-content\/uploads\/sites\/8\/2021\/06\/7d832.jpg\" alt=\"\" class=\"wp-image-38\"\/><\/figure>\n<\/div>\n\n\n\n<div class=\"wp-block-column is-layout-flow wp-block-column-is-layout-flow\">\n<h3 class=\"wp-block-heading\">Volksschule<\/h3>\n\n\n\n<ul class=\"wp-block-list\"><li><a href=\"\/remise\/unterrichtsmaterialien\/volksschule\/unterwegs-in-wien\/\" data-type=\"page\">Unterwegs in Wien<\/a><\/li><li><a href=\"\/remise\/unterrichtsmaterialien\/volksschule\/mit-bim-und-bus\/\" data-type=\"page\">Mit Bim und Bus<\/a><\/li><li><a href=\"\/remise\/unterrichtsmaterialien\/volksschule\/ab-unter-die-erde\/\" data-type=\"page\">Ab unter die Erde<\/a><\/li><\/ul>\n<\/div>\n<\/div>\n<\/div>\n\n\n\n<div class=\"wp-block-column is-layout-flow wp-block-column-is-layout-flow\">\n<div class=\"wp-block-columns is-layout-flex wp-container-core-columns-is-layout-9d6595d7 wp-block-columns-is-layout-flex\">\n<div class=\"wp-block-column is-layout-flow wp-block-column-is-layout-flow\">\n<figure class=\"wp-block-image size-large\"><img loading=\"lazy\" decoding=\"async\" width=\"213\" height=\"147\" src=\"https:\/\/www.lehrer.at\/remise\/wp-content\/uploads\/sites\/8\/2021\/06\/7d832-2.jpg\" alt=\"\" class=\"wp-image-39\"\/><\/figure>\n<\/div>\n\n\n\n<div class=\"wp-block-column is-layout-flow wp-block-column-is-layout-flow\">\n<h3 class=\"wp-block-heading\">Sekundarstufe 1<\/h3>\n\n\n\n<ul class=\"wp-block-list\"><li><a href=\"\/remise\/unterrichtsmaterialien\/sekundarstufe-1\/unterwegs-in-wien\/\" data-type=\"page\">Unterwegs in Wien<\/a><\/li><li><a href=\"\/remise\/unterrichtsmaterialien\/sekundarstufe-1\/mit-bim-und-bus\/\" data-type=\"page\">Mit Bim und Bus<\/a><\/li><li><a href=\"\/remise\/unterrichtsmaterialien\/sekundarstufe-1\/down-under\/\" data-type=\"page\">Down under<\/a><\/li><li><a href=\"\/remise\/unterrichtsmaterialien\/sekundarstufe-1\/weltweit-unterwegs\" data-type=\"page\">Weltweit unterwegs<\/a><\/li><\/ul>\n<\/div>\n<\/div>\n<\/div>\n<\/div>\n<\/div><\/div>\n","protected":false},"excerpt":{"rendered":"<p>Spannende Zeitreise durch die Geschichte der \u00d6ffis in Wien Lehrausg\u00e4nge &amp; kostenlose Materialien f\u00fcr den direkten Einsatz im Unterricht&nbsp; Warum sind in Wien keine Stockbusse unterwegs? Was hatte Kaiser Franz Joseph I. gegen Oberleitungen? Und weshalb waren die Linien der Pferdetramway nicht mit Buchstaben oder Ziffern, sondern mit farbigen Symbolen gekennzeichnet?&nbsp; Antworten auf diese und [&hellip;]<\/p>\n","protected":false},"author":1,"featured_media":0,"parent":0,"menu_order":0,"comment_status":"closed","ping_status":"closed","template":"","meta":{"_acf_changed":false,"footnotes":""},"class_list":["post-9","page","type-page","status-publish","hentry"],"acf":[],"yoast_head":"<!-- This site is optimized with the Yoast SEO plugin v27.0 - https:\/\/yoast.com\/product\/yoast-seo-wordpress\/ -->\n<title>Startseite - Remise<\/title>\n<meta name=\"description\" content=\"Kostenlose Unterrichtsmaterialien zur Geschichte des \u00f6ffentlichen Verkehrs in Wien und Lehrausg\u00e4nge in die Remise f\u00fcr die 3.\u20138. Schulstufe \u2013 altersgerecht, spannend und lehrplangerecht.\" \/>\n<meta name=\"robots\" content=\"index, follow, max-snippet:-1, max-image-preview:large, max-video-preview:-1\" \/>\n<link rel=\"canonical\" href=\"https:\/\/www.lehrer.at\/remise\/\" \/>\n<meta property=\"og:locale\" content=\"de_DE\" \/>\n<meta property=\"og:type\" content=\"article\" \/>\n<meta property=\"og:title\" content=\"Startseite - Remise\" \/>\n<meta property=\"og:description\" content=\"Kostenlose Unterrichtsmaterialien zur Geschichte des \u00f6ffentlichen Verkehrs in Wien und Lehrausg\u00e4nge in die Remise f\u00fcr die 3.\u20138. Schulstufe \u2013 altersgerecht, spannend und lehrplangerecht.\" \/>\n<meta property=\"og:url\" content=\"https:\/\/www.lehrer.at\/remise\/\" \/>\n<meta property=\"og:site_name\" content=\"Remise\" \/>\n<meta property=\"article:modified_time\" content=\"2025-05-08T11:37:37+00:00\" \/>\n<meta property=\"og:image\" content=\"https:\/\/www.lehrer.at\/remise\/wp-content\/uploads\/sites\/8\/2021\/05\/image-1.png\" \/>\n\t<meta property=\"og:image:width\" content=\"31\" \/>\n\t<meta property=\"og:image:height\" content=\"23\" \/>\n\t<meta property=\"og:image:type\" content=\"image\/png\" \/>\n<meta name=\"twitter:card\" content=\"summary_large_image\" \/>\n<meta name=\"twitter:label1\" content=\"Gesch\u00e4tzte Lesezeit\" \/>\n\t<meta name=\"twitter:data1\" content=\"3 Minuten\" \/>\n<script type=\"application\/ld+json\" class=\"yoast-schema-graph\">{\"@context\":\"https:\/\/schema.org\",\"@graph\":[{\"@type\":\"WebPage\",\"@id\":\"https:\/\/www.lehrer.at\/remise\/\",\"url\":\"https:\/\/www.lehrer.at\/remise\/\",\"name\":\"Startseite - Remise\",\"isPartOf\":{\"@id\":\"https:\/\/www.lehrer.at\/remise\/#website\"},\"primaryImageOfPage\":{\"@id\":\"https:\/\/www.lehrer.at\/remise\/#primaryimage\"},\"image\":{\"@id\":\"https:\/\/www.lehrer.at\/remise\/#primaryimage\"},\"thumbnailUrl\":\"https:\/\/www.lehrer.at\/remise\/wp-content\/uploads\/sites\/8\/2021\/05\/image-1.png\",\"datePublished\":\"2021-05-28T14:10:33+00:00\",\"dateModified\":\"2025-05-08T11:37:37+00:00\",\"description\":\"Kostenlose Unterrichtsmaterialien zur Geschichte des \u00f6ffentlichen Verkehrs in Wien und Lehrausg\u00e4nge in die Remise f\u00fcr die 3.\u20138. Schulstufe \u2013 altersgerecht, spannend und lehrplangerecht.\",\"breadcrumb\":{\"@id\":\"https:\/\/www.lehrer.at\/remise\/#breadcrumb\"},\"inLanguage\":\"de-AT\",\"potentialAction\":[{\"@type\":\"ReadAction\",\"target\":[\"https:\/\/www.lehrer.at\/remise\/\"]}]},{\"@type\":\"ImageObject\",\"inLanguage\":\"de-AT\",\"@id\":\"https:\/\/www.lehrer.at\/remise\/#primaryimage\",\"url\":\"https:\/\/www.lehrer.at\/remise\/wp-content\/uploads\/sites\/8\/2021\/05\/image-1.png\",\"contentUrl\":\"https:\/\/www.lehrer.at\/remise\/wp-content\/uploads\/sites\/8\/2021\/05\/image-1.png\",\"width\":31,\"height\":23},{\"@type\":\"BreadcrumbList\",\"@id\":\"https:\/\/www.lehrer.at\/remise\/#breadcrumb\",\"itemListElement\":[{\"@type\":\"ListItem\",\"position\":1,\"name\":\"Startseite\",\"item\":\"https:\/\/www.lehrer.at\/remise\/\"},{\"@type\":\"ListItem\",\"position\":2,\"name\":\"Startseite\"}]},{\"@type\":\"WebSite\",\"@id\":\"https:\/\/www.lehrer.at\/remise\/#website\",\"url\":\"https:\/\/www.lehrer.at\/remise\/\",\"name\":\"Remise\",\"description\":\"Zeitreise mit Wiener \u00d6ffis\",\"potentialAction\":[{\"@type\":\"SearchAction\",\"target\":{\"@type\":\"EntryPoint\",\"urlTemplate\":\"https:\/\/www.lehrer.at\/remise\/?s={search_term_string}\"},\"query-input\":{\"@type\":\"PropertyValueSpecification\",\"valueRequired\":true,\"valueName\":\"search_term_string\"}}],\"inLanguage\":\"de-AT\"}]}<\/script>\n<!-- \/ Yoast SEO plugin. -->","yoast_head_json":{"title":"Startseite - Remise","description":"Kostenlose Unterrichtsmaterialien zur Geschichte des \u00f6ffentlichen Verkehrs in Wien und Lehrausg\u00e4nge in die Remise f\u00fcr die 3.\u20138. Schulstufe \u2013 altersgerecht, spannend und lehrplangerecht.","robots":{"index":"index","follow":"follow","max-snippet":"max-snippet:-1","max-image-preview":"max-image-preview:large","max-video-preview":"max-video-preview:-1"},"canonical":"https:\/\/www.lehrer.at\/remise\/","og_locale":"de_DE","og_type":"article","og_title":"Startseite - Remise","og_description":"Kostenlose Unterrichtsmaterialien zur Geschichte des \u00f6ffentlichen Verkehrs in Wien und Lehrausg\u00e4nge in die Remise f\u00fcr die 3.\u20138. Schulstufe \u2013 altersgerecht, spannend und lehrplangerecht.","og_url":"https:\/\/www.lehrer.at\/remise\/","og_site_name":"Remise","article_modified_time":"2025-05-08T11:37:37+00:00","og_image":[{"width":31,"height":23,"url":"https:\/\/www.lehrer.at\/remise\/wp-content\/uploads\/sites\/8\/2021\/05\/image-1.png","type":"image\/png"}],"twitter_card":"summary_large_image","twitter_misc":{"Gesch\u00e4tzte Lesezeit":"3 Minuten"},"schema":{"@context":"https:\/\/schema.org","@graph":[{"@type":"WebPage","@id":"https:\/\/www.lehrer.at\/remise\/","url":"https:\/\/www.lehrer.at\/remise\/","name":"Startseite - Remise","isPartOf":{"@id":"https:\/\/www.lehrer.at\/remise\/#website"},"primaryImageOfPage":{"@id":"https:\/\/www.lehrer.at\/remise\/#primaryimage"},"image":{"@id":"https:\/\/www.lehrer.at\/remise\/#primaryimage"},"thumbnailUrl":"https:\/\/www.lehrer.at\/remise\/wp-content\/uploads\/sites\/8\/2021\/05\/image-1.png","datePublished":"2021-05-28T14:10:33+00:00","dateModified":"2025-05-08T11:37:37+00:00","description":"Kostenlose Unterrichtsmaterialien zur Geschichte des \u00f6ffentlichen Verkehrs in Wien und Lehrausg\u00e4nge in die Remise f\u00fcr die 3.\u20138. Schulstufe \u2013 altersgerecht, spannend und lehrplangerecht.","breadcrumb":{"@id":"https:\/\/www.lehrer.at\/remise\/#breadcrumb"},"inLanguage":"de-AT","potentialAction":[{"@type":"ReadAction","target":["https:\/\/www.lehrer.at\/remise\/"]}]},{"@type":"ImageObject","inLanguage":"de-AT","@id":"https:\/\/www.lehrer.at\/remise\/#primaryimage","url":"https:\/\/www.lehrer.at\/remise\/wp-content\/uploads\/sites\/8\/2021\/05\/image-1.png","contentUrl":"https:\/\/www.lehrer.at\/remise\/wp-content\/uploads\/sites\/8\/2021\/05\/image-1.png","width":31,"height":23},{"@type":"BreadcrumbList","@id":"https:\/\/www.lehrer.at\/remise\/#breadcrumb","itemListElement":[{"@type":"ListItem","position":1,"name":"Startseite","item":"https:\/\/www.lehrer.at\/remise\/"},{"@type":"ListItem","position":2,"name":"Startseite"}]},{"@type":"WebSite","@id":"https:\/\/www.lehrer.at\/remise\/#website","url":"https:\/\/www.lehrer.at\/remise\/","name":"Remise","description":"Zeitreise mit Wiener \u00d6ffis","potentialAction":[{"@type":"SearchAction","target":{"@type":"EntryPoint","urlTemplate":"https:\/\/www.lehrer.at\/remise\/?s={search_term_string}"},"query-input":{"@type":"PropertyValueSpecification","valueRequired":true,"valueName":"search_term_string"}}],"inLanguage":"de-AT"}]}},"_links":{"self":[{"href":"https:\/\/www.lehrer.at\/remise\/wp-json\/wp\/v2\/pages\/9","targetHints":{"allow":["GET"]}}],"collection":[{"href":"https:\/\/www.lehrer.at\/remise\/wp-json\/wp\/v2\/pages"}],"about":[{"href":"https:\/\/www.lehrer.at\/remise\/wp-json\/wp\/v2\/types\/page"}],"author":[{"embeddable":true,"href":"https:\/\/www.lehrer.at\/remise\/wp-json\/wp\/v2\/users\/1"}],"replies":[{"embeddable":true,"href":"https:\/\/www.lehrer.at\/remise\/wp-json\/wp\/v2\/comments?post=9"}],"version-history":[{"count":21,"href":"https:\/\/www.lehrer.at\/remise\/wp-json\/wp\/v2\/pages\/9\/revisions"}],"predecessor-version":[{"id":198,"href":"https:\/\/www.lehrer.at\/remise\/wp-json\/wp\/v2\/pages\/9\/revisions\/198"}],"wp:attachment":[{"href":"https:\/\/www.lehrer.at\/remise\/wp-json\/wp\/v2\/media?parent=9"}],"curies":[{"name":"wp","href":"https:\/\/api.w.org\/{rel}","templated":true}]}}