{"id":79,"date":"2021-06-06T21:16:15","date_gmt":"2021-06-06T19:16:15","guid":{"rendered":"https:\/\/www.lehrer.at\/remise\/?page_id=79"},"modified":"2021-06-06T23:11:42","modified_gmt":"2021-06-06T21:11:42","slug":"weltweit-unterwegs","status":"publish","type":"page","link":"https:\/\/www.lehrer.at\/remise\/unterrichtsmaterialien\/sekundarstufe-1\/weltweit-unterwegs\/","title":{"rendered":"Weltweit unterwegs"},"content":{"rendered":"\n<p>Dieses Materialienpaket liefert&nbsp;<strong>Einblicke in internationale \u00f6ffentliche Verkehrsangebote<\/strong>.<\/p>\n\n\n\n<p>Ausgehend von internationalen Bezeichnungen der U-Bahn erhalten die Sch\u00fclerInnen einen Einblick in unterschiedliche \u00f6ffentliche Verkehrsmittel, die weltweit unterwegs sind. Sie lernen aktuelle Zahlen, Daten und Fakten rund um U-Bahnen und andere innerst\u00e4dtische Verkehrsmittel im internationalen Vergleich kennen, und erfahren au\u00dferdem Details \u00fcber die Charakteristika der Londoner U-Bahn und deren Geschichte.<\/p>\n\n\n\n<p>Zus\u00e4tzlich dazu k\u00f6nnen sie ihre Englischkenntnisse erweitern, geografische Kenntnisse vertiefen und die inhaltliche Analyse von Tabellen \u00fcben.<\/p>\n\n\n<div class=\"lazyblock-materialien-download-1R3AIi wp-block-lazyblock-materialien-download\"><div class=\"material\">\n  <div class=\"material-files\">\n    <div class=\"material-file\">\n      <h3>Einstieg ins Thema<\/h3>\n      <img decoding=\"async\" class=\"material-img\" src=\"https:\/\/www.lehrer.at\/remise\/wp-content\/uploads\/sites\/8\/2021\/06\/image-24.png\" alt=\"\"\/>\n      <a class=\"material-link\" href=\"https:\/\/www.lehrer.at\/remise\/wp-content\/uploads\/sites\/8\/2021\/06\/Lehrerinfo_Unterstufe_International_Einstieg.pdf\" target=\"_blank\">Lehrerinfo 2 Seiten, 74Kb<\/a>\n      <a class=\"material-link\" href=\"https:\/\/www.lehrer.at\/remise\/wp-content\/uploads\/sites\/8\/2021\/06\/Arbeitsblaetter_International_Einstieg.pdf\" target=\"_blank\">Arbeitsmaterialien 1 Seite, 230Kb<\/a>\n\n      <\/div>\n    <div class=\"material-file\">\n      <h3>Internationaler Vergleich<\/h3>\n      <img decoding=\"async\" class=\"material-img\" src=\"https:\/\/www.lehrer.at\/remise\/wp-content\/uploads\/sites\/8\/2021\/06\/image-25.png\" alt=\"\"\/>\n      <a class=\"material-link\" href=\"https:\/\/www.lehrer.at\/remise\/wp-content\/uploads\/sites\/8\/2021\/06\/Lehrerinfo_Unterstufe_International_Internationaler-Vergleich.pdf\" target=\"_blank\">Lehrerinfo 3 Seiten, 95Kb<\/a>\n      <a class=\"material-link\" href=\"https:\/\/www.lehrer.at\/remise\/wp-content\/uploads\/sites\/8\/2021\/06\/Arbeitsblaetter_International_Internationaler-Vergleich.pdf\" target=\"_blank\">Arbeitsmaterialien 9 Seiten, 854Kb<\/a>\n\n      <\/div>\n    <div class=\"material-file\">\n      <h3>Abschluss des Themas<\/h3>\n      <img decoding=\"async\" class=\"material-img\" src=\"https:\/\/www.lehrer.at\/remise\/wp-content\/uploads\/sites\/8\/2021\/06\/image-26.png\" alt=\"\"\/>\n      <a class=\"material-link\" href=\"https:\/\/www.lehrer.at\/remise\/wp-content\/uploads\/sites\/8\/2021\/06\/Lehrerinfo_Unterstufe_International_Abschluss.pdf\" target=\"_blank\">Lehrerinfo 1 Seite, 47Kb<\/a>\n      <a class=\"material-link\" href=\"https:\/\/www.lehrer.at\/remise\/wp-content\/uploads\/sites\/8\/2021\/06\/Arbeitsblaetter_International_Abschluss.pdf\" target=\"_blank\">Arbeitsmaterialien 1 Seite, 65Kb<\/a>\n\n      <\/div>\n    <div class=\"material-file\">\n      \n      \n      <a class=\"material-link\" href=\"https:\/\/www.lehrer.at\/remise\/wp-content\/uploads\/sites\/8\/2021\/06\/International_Unterstufe_Gesamt.pdf\" target=\"_blank\">Gesamtpaket<\/a>\n      <\/a>\n\n      <\/div>\n  <\/div>\n<\/div><\/div>\n\n\n<p><\/p>\n","protected":false},"excerpt":{"rendered":"<p>Dieses Materialienpaket liefert&nbsp;Einblicke in internationale \u00f6ffentliche Verkehrsangebote. Ausgehend von internationalen Bezeichnungen der U-Bahn erhalten die Sch\u00fclerInnen einen Einblick in unterschiedliche \u00f6ffentliche Verkehrsmittel, die weltweit unterwegs sind. Sie lernen aktuelle Zahlen, Daten und Fakten rund um U-Bahnen und andere innerst\u00e4dtische Verkehrsmittel im internationalen Vergleich kennen, und erfahren au\u00dferdem Details \u00fcber die Charakteristika der Londoner U-Bahn und [&hellip;]<\/p>\n","protected":false},"author":1,"featured_media":80,"parent":68,"menu_order":4,"comment_status":"closed","ping_status":"closed","template":"page-unterrichtsmaterial.php","meta":{"_acf_changed":false,"footnotes":""},"class_list":["post-79","page","type-page","status-publish","has-post-thumbnail","hentry"],"acf":[],"yoast_head":"<!-- This site is optimized with the Yoast SEO plugin v27.0 - https:\/\/yoast.com\/product\/yoast-seo-wordpress\/ -->\n<title>Weltweit unterwegs - Remise<\/title>\n<meta name=\"robots\" content=\"index, follow, max-snippet:-1, max-image-preview:large, max-video-preview:-1\" \/>\n<link rel=\"canonical\" href=\"https:\/\/www.lehrer.at\/remise\/unterrichtsmaterialien\/sekundarstufe-1\/weltweit-unterwegs\/\" \/>\n<meta property=\"og:locale\" content=\"de_DE\" \/>\n<meta property=\"og:type\" content=\"article\" \/>\n<meta property=\"og:title\" content=\"Weltweit unterwegs - Remise\" \/>\n<meta property=\"og:description\" content=\"Dieses Materialienpaket liefert&nbsp;Einblicke in internationale \u00f6ffentliche Verkehrsangebote. Ausgehend von internationalen Bezeichnungen der U-Bahn erhalten die Sch\u00fclerInnen einen Einblick in unterschiedliche \u00f6ffentliche Verkehrsmittel, die weltweit unterwegs sind. Sie lernen aktuelle Zahlen, Daten und Fakten rund um U-Bahnen und andere innerst\u00e4dtische Verkehrsmittel im internationalen Vergleich kennen, und erfahren au\u00dferdem Details \u00fcber die Charakteristika der Londoner U-Bahn und [&hellip;]\" \/>\n<meta property=\"og:url\" content=\"https:\/\/www.lehrer.at\/remise\/unterrichtsmaterialien\/sekundarstufe-1\/weltweit-unterwegs\/\" \/>\n<meta property=\"og:site_name\" content=\"Remise\" \/>\n<meta property=\"article:modified_time\" content=\"2021-06-06T21:11:42+00:00\" \/>\n<meta property=\"og:image\" content=\"https:\/\/www.lehrer.at\/remise\/wp-content\/uploads\/sites\/8\/2021\/06\/image-4.png\" \/>\n\t<meta property=\"og:image:width\" content=\"276\" \/>\n\t<meta property=\"og:image:height\" content=\"184\" \/>\n\t<meta property=\"og:image:type\" content=\"image\/png\" \/>\n<meta name=\"twitter:card\" content=\"summary_large_image\" \/>\n<script type=\"application\/ld+json\" class=\"yoast-schema-graph\">{\"@context\":\"https:\/\/schema.org\",\"@graph\":[{\"@type\":\"WebPage\",\"@id\":\"https:\/\/www.lehrer.at\/remise\/unterrichtsmaterialien\/sekundarstufe-1\/weltweit-unterwegs\/\",\"url\":\"https:\/\/www.lehrer.at\/remise\/unterrichtsmaterialien\/sekundarstufe-1\/weltweit-unterwegs\/\",\"name\":\"Weltweit unterwegs - Remise\",\"isPartOf\":{\"@id\":\"https:\/\/www.lehrer.at\/remise\/#website\"},\"primaryImageOfPage\":{\"@id\":\"https:\/\/www.lehrer.at\/remise\/unterrichtsmaterialien\/sekundarstufe-1\/weltweit-unterwegs\/#primaryimage\"},\"image\":{\"@id\":\"https:\/\/www.lehrer.at\/remise\/unterrichtsmaterialien\/sekundarstufe-1\/weltweit-unterwegs\/#primaryimage\"},\"thumbnailUrl\":\"https:\/\/www.lehrer.at\/remise\/wp-content\/uploads\/sites\/8\/2021\/06\/image-4.png\",\"datePublished\":\"2021-06-06T19:16:15+00:00\",\"dateModified\":\"2021-06-06T21:11:42+00:00\",\"breadcrumb\":{\"@id\":\"https:\/\/www.lehrer.at\/remise\/unterrichtsmaterialien\/sekundarstufe-1\/weltweit-unterwegs\/#breadcrumb\"},\"inLanguage\":\"de-AT\",\"potentialAction\":[{\"@type\":\"ReadAction\",\"target\":[\"https:\/\/www.lehrer.at\/remise\/unterrichtsmaterialien\/sekundarstufe-1\/weltweit-unterwegs\/\"]}]},{\"@type\":\"ImageObject\",\"inLanguage\":\"de-AT\",\"@id\":\"https:\/\/www.lehrer.at\/remise\/unterrichtsmaterialien\/sekundarstufe-1\/weltweit-unterwegs\/#primaryimage\",\"url\":\"https:\/\/www.lehrer.at\/remise\/wp-content\/uploads\/sites\/8\/2021\/06\/image-4.png\",\"contentUrl\":\"https:\/\/www.lehrer.at\/remise\/wp-content\/uploads\/sites\/8\/2021\/06\/image-4.png\",\"width\":276,\"height\":184,\"caption\":\"Copyright: Ilya Plekhanov \/ Wikimedia\"},{\"@type\":\"BreadcrumbList\",\"@id\":\"https:\/\/www.lehrer.at\/remise\/unterrichtsmaterialien\/sekundarstufe-1\/weltweit-unterwegs\/#breadcrumb\",\"itemListElement\":[{\"@type\":\"ListItem\",\"position\":1,\"name\":\"Startseite\",\"item\":\"https:\/\/www.lehrer.at\/remise\/\"},{\"@type\":\"ListItem\",\"position\":2,\"name\":\"Unterrichtsmaterialien\",\"item\":\"https:\/\/www.lehrer.at\/remise\/unterrichtsmaterialien\/\"},{\"@type\":\"ListItem\",\"position\":3,\"name\":\"Sekundarstufe 1\",\"item\":\"https:\/\/www.lehrer.at\/remise\/unterrichtsmaterialien\/sekundarstufe-1\/\"},{\"@type\":\"ListItem\",\"position\":4,\"name\":\"Weltweit unterwegs\"}]},{\"@type\":\"WebSite\",\"@id\":\"https:\/\/www.lehrer.at\/remise\/#website\",\"url\":\"https:\/\/www.lehrer.at\/remise\/\",\"name\":\"Remise\",\"description\":\"Zeitreise mit Wiener \u00d6ffis\",\"potentialAction\":[{\"@type\":\"SearchAction\",\"target\":{\"@type\":\"EntryPoint\",\"urlTemplate\":\"https:\/\/www.lehrer.at\/remise\/?s={search_term_string}\"},\"query-input\":{\"@type\":\"PropertyValueSpecification\",\"valueRequired\":true,\"valueName\":\"search_term_string\"}}],\"inLanguage\":\"de-AT\"}]}<\/script>\n<!-- \/ Yoast SEO plugin. -->","yoast_head_json":{"title":"Weltweit unterwegs - Remise","robots":{"index":"index","follow":"follow","max-snippet":"max-snippet:-1","max-image-preview":"max-image-preview:large","max-video-preview":"max-video-preview:-1"},"canonical":"https:\/\/www.lehrer.at\/remise\/unterrichtsmaterialien\/sekundarstufe-1\/weltweit-unterwegs\/","og_locale":"de_DE","og_type":"article","og_title":"Weltweit unterwegs - Remise","og_description":"Dieses Materialienpaket liefert&nbsp;Einblicke in internationale \u00f6ffentliche Verkehrsangebote. Ausgehend von internationalen Bezeichnungen der U-Bahn erhalten die Sch\u00fclerInnen einen Einblick in unterschiedliche \u00f6ffentliche Verkehrsmittel, die weltweit unterwegs sind. Sie lernen aktuelle Zahlen, Daten und Fakten rund um U-Bahnen und andere innerst\u00e4dtische Verkehrsmittel im internationalen Vergleich kennen, und erfahren au\u00dferdem Details \u00fcber die Charakteristika der Londoner U-Bahn und [&hellip;]","og_url":"https:\/\/www.lehrer.at\/remise\/unterrichtsmaterialien\/sekundarstufe-1\/weltweit-unterwegs\/","og_site_name":"Remise","article_modified_time":"2021-06-06T21:11:42+00:00","og_image":[{"width":276,"height":184,"url":"https:\/\/www.lehrer.at\/remise\/wp-content\/uploads\/sites\/8\/2021\/06\/image-4.png","type":"image\/png"}],"twitter_card":"summary_large_image","schema":{"@context":"https:\/\/schema.org","@graph":[{"@type":"WebPage","@id":"https:\/\/www.lehrer.at\/remise\/unterrichtsmaterialien\/sekundarstufe-1\/weltweit-unterwegs\/","url":"https:\/\/www.lehrer.at\/remise\/unterrichtsmaterialien\/sekundarstufe-1\/weltweit-unterwegs\/","name":"Weltweit unterwegs - Remise","isPartOf":{"@id":"https:\/\/www.lehrer.at\/remise\/#website"},"primaryImageOfPage":{"@id":"https:\/\/www.lehrer.at\/remise\/unterrichtsmaterialien\/sekundarstufe-1\/weltweit-unterwegs\/#primaryimage"},"image":{"@id":"https:\/\/www.lehrer.at\/remise\/unterrichtsmaterialien\/sekundarstufe-1\/weltweit-unterwegs\/#primaryimage"},"thumbnailUrl":"https:\/\/www.lehrer.at\/remise\/wp-content\/uploads\/sites\/8\/2021\/06\/image-4.png","datePublished":"2021-06-06T19:16:15+00:00","dateModified":"2021-06-06T21:11:42+00:00","breadcrumb":{"@id":"https:\/\/www.lehrer.at\/remise\/unterrichtsmaterialien\/sekundarstufe-1\/weltweit-unterwegs\/#breadcrumb"},"inLanguage":"de-AT","potentialAction":[{"@type":"ReadAction","target":["https:\/\/www.lehrer.at\/remise\/unterrichtsmaterialien\/sekundarstufe-1\/weltweit-unterwegs\/"]}]},{"@type":"ImageObject","inLanguage":"de-AT","@id":"https:\/\/www.lehrer.at\/remise\/unterrichtsmaterialien\/sekundarstufe-1\/weltweit-unterwegs\/#primaryimage","url":"https:\/\/www.lehrer.at\/remise\/wp-content\/uploads\/sites\/8\/2021\/06\/image-4.png","contentUrl":"https:\/\/www.lehrer.at\/remise\/wp-content\/uploads\/sites\/8\/2021\/06\/image-4.png","width":276,"height":184,"caption":"Copyright: Ilya Plekhanov \/ Wikimedia"},{"@type":"BreadcrumbList","@id":"https:\/\/www.lehrer.at\/remise\/unterrichtsmaterialien\/sekundarstufe-1\/weltweit-unterwegs\/#breadcrumb","itemListElement":[{"@type":"ListItem","position":1,"name":"Startseite","item":"https:\/\/www.lehrer.at\/remise\/"},{"@type":"ListItem","position":2,"name":"Unterrichtsmaterialien","item":"https:\/\/www.lehrer.at\/remise\/unterrichtsmaterialien\/"},{"@type":"ListItem","position":3,"name":"Sekundarstufe 1","item":"https:\/\/www.lehrer.at\/remise\/unterrichtsmaterialien\/sekundarstufe-1\/"},{"@type":"ListItem","position":4,"name":"Weltweit unterwegs"}]},{"@type":"WebSite","@id":"https:\/\/www.lehrer.at\/remise\/#website","url":"https:\/\/www.lehrer.at\/remise\/","name":"Remise","description":"Zeitreise mit Wiener \u00d6ffis","potentialAction":[{"@type":"SearchAction","target":{"@type":"EntryPoint","urlTemplate":"https:\/\/www.lehrer.at\/remise\/?s={search_term_string}"},"query-input":{"@type":"PropertyValueSpecification","valueRequired":true,"valueName":"search_term_string"}}],"inLanguage":"de-AT"}]}},"_links":{"self":[{"href":"https:\/\/www.lehrer.at\/remise\/wp-json\/wp\/v2\/pages\/79","targetHints":{"allow":["GET"]}}],"collection":[{"href":"https:\/\/www.lehrer.at\/remise\/wp-json\/wp\/v2\/pages"}],"about":[{"href":"https:\/\/www.lehrer.at\/remise\/wp-json\/wp\/v2\/types\/page"}],"author":[{"embeddable":true,"href":"https:\/\/www.lehrer.at\/remise\/wp-json\/wp\/v2\/users\/1"}],"replies":[{"embeddable":true,"href":"https:\/\/www.lehrer.at\/remise\/wp-json\/wp\/v2\/comments?post=79"}],"version-history":[{"count":3,"href":"https:\/\/www.lehrer.at\/remise\/wp-json\/wp\/v2\/pages\/79\/revisions"}],"predecessor-version":[{"id":185,"href":"https:\/\/www.lehrer.at\/remise\/wp-json\/wp\/v2\/pages\/79\/revisions\/185"}],"up":[{"embeddable":true,"href":"https:\/\/www.lehrer.at\/remise\/wp-json\/wp\/v2\/pages\/68"}],"wp:featuredmedia":[{"embeddable":true,"href":"https:\/\/www.lehrer.at\/remise\/wp-json\/wp\/v2\/media\/80"}],"wp:attachment":[{"href":"https:\/\/www.lehrer.at\/remise\/wp-json\/wp\/v2\/media?parent=79"}],"curies":[{"name":"wp","href":"https:\/\/api.w.org\/{rel}","templated":true}]}}