{"id":76,"date":"2021-06-06T21:14:29","date_gmt":"2021-06-06T19:14:29","guid":{"rendered":"https:\/\/www.lehrer.at\/remise\/?page_id=76"},"modified":"2021-06-06T23:07:29","modified_gmt":"2021-06-06T21:07:29","slug":"down-under","status":"publish","type":"page","link":"https:\/\/www.lehrer.at\/remise\/unterrichtsmaterialien\/sekundarstufe-1\/down-under\/","title":{"rendered":"Down under"},"content":{"rendered":"\n<p>Dieses Materialienpaket liefert einen \u00dcberblick \u00fcber die&nbsp;<strong>Geschichte der U-Bahn&nbsp;<\/strong>in Wien.<\/p>\n\n\n\n<p>Ausgehend vom aktuellen U-Bahnnetz in Wien bzw. der Frage, warum Wien als einzige Stadt \u00d6sterreichs eine U-Bahn hat, setzen sich die Sch\u00fclerInnen mit den wichtigsten historischen Meilensteinen auf dem Weg zur Wiener U-Bahn auseinander.<\/p>\n\n\n\n<p>Dabei erhalten sie auch einen Einblick in die Verkehrssituation Wiens in den 1950ern\/60ern, lernen Fragestellungen kennen, die die WienerInnen rund um den U-Bahnbau besch\u00e4ftigt haben, setzen sich mit der historischen, gegenw\u00e4rtigen und zuk\u00fcnftigen Linienf\u00fchrung der U-Bahn auseinander und kennen wesentliche Charakteristika der verschiedenen Fahrzeugtypen.<\/p>\n\n\n<div class=\"lazyblock-materialien-download-lOqN4 wp-block-lazyblock-materialien-download\"><div class=\"material\">\n  <div class=\"material-files\">\n    <div class=\"material-file\">\n      <h3>Einstieg ins Thema<\/h3>\n      <img decoding=\"async\" class=\"material-img\" src=\"https:\/\/www.lehrer.at\/remise\/wp-content\/uploads\/sites\/8\/2021\/06\/image-21.png\" alt=\"\"\/>\n      <a class=\"material-link\" href=\"https:\/\/www.lehrer.at\/remise\/wp-content\/uploads\/sites\/8\/2021\/06\/Lehrerinfo_Unterstufe_UBahn_Meilensteine-der-Wiener-U-Bahn.pdf\" target=\"_blank\">Lehrerinfo 3 Seiten, 60Kb<\/a>\n      <a class=\"material-link\" href=\"https:\/\/www.lehrer.at\/remise\/wp-content\/uploads\/sites\/8\/2021\/06\/Arbeitsblaetter_Unterstufe_UBahn_Einstieg.pdf\" target=\"_blank\">Arbeitsmaterialien 3 Seiten, 1,8Mb<\/a>\n\n      <\/div>\n    <div class=\"material-file\">\n      <h3>Meilensteine der Wiener U-Bahn<\/h3>\n      <img decoding=\"async\" class=\"material-img\" src=\"https:\/\/www.lehrer.at\/remise\/wp-content\/uploads\/sites\/8\/2021\/06\/image-22.png\" alt=\"\"\/>\n      <a class=\"material-link\" href=\"https:\/\/www.lehrer.at\/remise\/wp-content\/uploads\/sites\/8\/2021\/06\/Lehrerinfo_Unterstufe_UBahn_Meilensteine-der-Wiener-U-Bahn-1.pdf\" target=\"_blank\">Lehrerinfo 9 Seiten, 94Kb<\/a>\n      <a class=\"material-link\" href=\"https:\/\/www.lehrer.at\/remise\/wp-content\/uploads\/sites\/8\/2021\/06\/Arbeitsblaetter_Unterstufe_UBahn_Meilensteine-der-Wiener-U-Bahn.pdf\" target=\"_blank\">Arbeitsmaterialien 22 Seiten, 6,7Mb<\/a>\n\n      <\/div>\n    <div class=\"material-file\">\n      <h3>Abschluss des Themas<\/h3>\n      <img decoding=\"async\" class=\"material-img\" src=\"https:\/\/www.lehrer.at\/remise\/wp-content\/uploads\/sites\/8\/2021\/06\/image-23.png\" alt=\"\"\/>\n      <a class=\"material-link\" href=\"https:\/\/www.lehrer.at\/remise\/wp-content\/uploads\/sites\/8\/2021\/06\/Lehrerinfo_Unterstufe_UBahn_Abschluss-und-Zusatzinfo.pdf\" target=\"_blank\">Lehrerinfo 2 Seiten, 62Kb<\/a>\n      <a class=\"material-link\" href=\"https:\/\/www.lehrer.at\/remise\/wp-content\/uploads\/sites\/8\/2021\/06\/Arbeitsblaetter_Unterstufe_UBahn_Abschluss.pdf\" target=\"_blank\">Arbeitsmaterialien 5 Seiten, 1,4Mb<\/a>\n\n      <\/div>\n    <div class=\"material-file\">\n      \n      \n      <a class=\"material-link\" href=\"https:\/\/www.lehrer.at\/remise\/wp-content\/uploads\/sites\/8\/2021\/06\/UBahn_Unterstufe_Gesamt.pdf\" target=\"_blank\">Gesamtpaket<\/a>\n      <\/a>\n\n      <\/div>\n  <\/div>\n<\/div><\/div>","protected":false},"excerpt":{"rendered":"<p>Dieses Materialienpaket liefert einen \u00dcberblick \u00fcber die&nbsp;Geschichte der U-Bahn&nbsp;in Wien. Ausgehend vom aktuellen U-Bahnnetz in Wien bzw. der Frage, warum Wien als einzige Stadt \u00d6sterreichs eine U-Bahn hat, setzen sich die Sch\u00fclerInnen mit den wichtigsten historischen Meilensteinen auf dem Weg zur Wiener U-Bahn auseinander. Dabei erhalten sie auch einen Einblick in die Verkehrssituation Wiens in [&hellip;]<\/p>\n","protected":false},"author":1,"featured_media":77,"parent":68,"menu_order":3,"comment_status":"closed","ping_status":"closed","template":"page-unterrichtsmaterial.php","meta":{"_acf_changed":false,"footnotes":""},"class_list":["post-76","page","type-page","status-publish","has-post-thumbnail","hentry"],"acf":[],"yoast_head":"<!-- This site is optimized with the Yoast SEO plugin v27.0 - https:\/\/yoast.com\/product\/yoast-seo-wordpress\/ -->\n<title>Down under - Remise<\/title>\n<meta name=\"robots\" content=\"index, follow, max-snippet:-1, max-image-preview:large, max-video-preview:-1\" \/>\n<link rel=\"canonical\" href=\"https:\/\/www.lehrer.at\/remise\/unterrichtsmaterialien\/sekundarstufe-1\/down-under\/\" \/>\n<meta property=\"og:locale\" content=\"de_DE\" \/>\n<meta property=\"og:type\" content=\"article\" \/>\n<meta property=\"og:title\" content=\"Down under - Remise\" \/>\n<meta property=\"og:description\" content=\"Dieses Materialienpaket liefert einen \u00dcberblick \u00fcber die&nbsp;Geschichte der U-Bahn&nbsp;in Wien. Ausgehend vom aktuellen U-Bahnnetz in Wien bzw. der Frage, warum Wien als einzige Stadt \u00d6sterreichs eine U-Bahn hat, setzen sich die Sch\u00fclerInnen mit den wichtigsten historischen Meilensteinen auf dem Weg zur Wiener U-Bahn auseinander. Dabei erhalten sie auch einen Einblick in die Verkehrssituation Wiens in [&hellip;]\" \/>\n<meta property=\"og:url\" content=\"https:\/\/www.lehrer.at\/remise\/unterrichtsmaterialien\/sekundarstufe-1\/down-under\/\" \/>\n<meta property=\"og:site_name\" content=\"Remise\" \/>\n<meta property=\"article:modified_time\" content=\"2021-06-06T21:07:29+00:00\" \/>\n<meta property=\"og:image\" content=\"https:\/\/www.lehrer.at\/remise\/wp-content\/uploads\/sites\/8\/2021\/06\/image-3.png\" \/>\n\t<meta property=\"og:image:width\" content=\"922\" \/>\n\t<meta property=\"og:image:height\" content=\"615\" \/>\n\t<meta property=\"og:image:type\" content=\"image\/png\" \/>\n<meta name=\"twitter:card\" content=\"summary_large_image\" \/>\n<script type=\"application\/ld+json\" class=\"yoast-schema-graph\">{\"@context\":\"https:\/\/schema.org\",\"@graph\":[{\"@type\":\"WebPage\",\"@id\":\"https:\/\/www.lehrer.at\/remise\/unterrichtsmaterialien\/sekundarstufe-1\/down-under\/\",\"url\":\"https:\/\/www.lehrer.at\/remise\/unterrichtsmaterialien\/sekundarstufe-1\/down-under\/\",\"name\":\"Down under - Remise\",\"isPartOf\":{\"@id\":\"https:\/\/www.lehrer.at\/remise\/#website\"},\"primaryImageOfPage\":{\"@id\":\"https:\/\/www.lehrer.at\/remise\/unterrichtsmaterialien\/sekundarstufe-1\/down-under\/#primaryimage\"},\"image\":{\"@id\":\"https:\/\/www.lehrer.at\/remise\/unterrichtsmaterialien\/sekundarstufe-1\/down-under\/#primaryimage\"},\"thumbnailUrl\":\"https:\/\/www.lehrer.at\/remise\/wp-content\/uploads\/sites\/8\/2021\/06\/image-3.png\",\"datePublished\":\"2021-06-06T19:14:29+00:00\",\"dateModified\":\"2021-06-06T21:07:29+00:00\",\"breadcrumb\":{\"@id\":\"https:\/\/www.lehrer.at\/remise\/unterrichtsmaterialien\/sekundarstufe-1\/down-under\/#breadcrumb\"},\"inLanguage\":\"de-AT\",\"potentialAction\":[{\"@type\":\"ReadAction\",\"target\":[\"https:\/\/www.lehrer.at\/remise\/unterrichtsmaterialien\/sekundarstufe-1\/down-under\/\"]}]},{\"@type\":\"ImageObject\",\"inLanguage\":\"de-AT\",\"@id\":\"https:\/\/www.lehrer.at\/remise\/unterrichtsmaterialien\/sekundarstufe-1\/down-under\/#primaryimage\",\"url\":\"https:\/\/www.lehrer.at\/remise\/wp-content\/uploads\/sites\/8\/2021\/06\/image-3.png\",\"contentUrl\":\"https:\/\/www.lehrer.at\/remise\/wp-content\/uploads\/sites\/8\/2021\/06\/image-3.png\",\"width\":922,\"height\":615},{\"@type\":\"BreadcrumbList\",\"@id\":\"https:\/\/www.lehrer.at\/remise\/unterrichtsmaterialien\/sekundarstufe-1\/down-under\/#breadcrumb\",\"itemListElement\":[{\"@type\":\"ListItem\",\"position\":1,\"name\":\"Startseite\",\"item\":\"https:\/\/www.lehrer.at\/remise\/\"},{\"@type\":\"ListItem\",\"position\":2,\"name\":\"Unterrichtsmaterialien\",\"item\":\"https:\/\/www.lehrer.at\/remise\/unterrichtsmaterialien\/\"},{\"@type\":\"ListItem\",\"position\":3,\"name\":\"Sekundarstufe 1\",\"item\":\"https:\/\/www.lehrer.at\/remise\/unterrichtsmaterialien\/sekundarstufe-1\/\"},{\"@type\":\"ListItem\",\"position\":4,\"name\":\"Down under\"}]},{\"@type\":\"WebSite\",\"@id\":\"https:\/\/www.lehrer.at\/remise\/#website\",\"url\":\"https:\/\/www.lehrer.at\/remise\/\",\"name\":\"Remise\",\"description\":\"Zeitreise mit Wiener \u00d6ffis\",\"potentialAction\":[{\"@type\":\"SearchAction\",\"target\":{\"@type\":\"EntryPoint\",\"urlTemplate\":\"https:\/\/www.lehrer.at\/remise\/?s={search_term_string}\"},\"query-input\":{\"@type\":\"PropertyValueSpecification\",\"valueRequired\":true,\"valueName\":\"search_term_string\"}}],\"inLanguage\":\"de-AT\"}]}<\/script>\n<!-- \/ Yoast SEO plugin. -->","yoast_head_json":{"title":"Down under - Remise","robots":{"index":"index","follow":"follow","max-snippet":"max-snippet:-1","max-image-preview":"max-image-preview:large","max-video-preview":"max-video-preview:-1"},"canonical":"https:\/\/www.lehrer.at\/remise\/unterrichtsmaterialien\/sekundarstufe-1\/down-under\/","og_locale":"de_DE","og_type":"article","og_title":"Down under - Remise","og_description":"Dieses Materialienpaket liefert einen \u00dcberblick \u00fcber die&nbsp;Geschichte der U-Bahn&nbsp;in Wien. Ausgehend vom aktuellen U-Bahnnetz in Wien bzw. der Frage, warum Wien als einzige Stadt \u00d6sterreichs eine U-Bahn hat, setzen sich die Sch\u00fclerInnen mit den wichtigsten historischen Meilensteinen auf dem Weg zur Wiener U-Bahn auseinander. Dabei erhalten sie auch einen Einblick in die Verkehrssituation Wiens in [&hellip;]","og_url":"https:\/\/www.lehrer.at\/remise\/unterrichtsmaterialien\/sekundarstufe-1\/down-under\/","og_site_name":"Remise","article_modified_time":"2021-06-06T21:07:29+00:00","og_image":[{"width":922,"height":615,"url":"https:\/\/www.lehrer.at\/remise\/wp-content\/uploads\/sites\/8\/2021\/06\/image-3.png","type":"image\/png"}],"twitter_card":"summary_large_image","schema":{"@context":"https:\/\/schema.org","@graph":[{"@type":"WebPage","@id":"https:\/\/www.lehrer.at\/remise\/unterrichtsmaterialien\/sekundarstufe-1\/down-under\/","url":"https:\/\/www.lehrer.at\/remise\/unterrichtsmaterialien\/sekundarstufe-1\/down-under\/","name":"Down under - Remise","isPartOf":{"@id":"https:\/\/www.lehrer.at\/remise\/#website"},"primaryImageOfPage":{"@id":"https:\/\/www.lehrer.at\/remise\/unterrichtsmaterialien\/sekundarstufe-1\/down-under\/#primaryimage"},"image":{"@id":"https:\/\/www.lehrer.at\/remise\/unterrichtsmaterialien\/sekundarstufe-1\/down-under\/#primaryimage"},"thumbnailUrl":"https:\/\/www.lehrer.at\/remise\/wp-content\/uploads\/sites\/8\/2021\/06\/image-3.png","datePublished":"2021-06-06T19:14:29+00:00","dateModified":"2021-06-06T21:07:29+00:00","breadcrumb":{"@id":"https:\/\/www.lehrer.at\/remise\/unterrichtsmaterialien\/sekundarstufe-1\/down-under\/#breadcrumb"},"inLanguage":"de-AT","potentialAction":[{"@type":"ReadAction","target":["https:\/\/www.lehrer.at\/remise\/unterrichtsmaterialien\/sekundarstufe-1\/down-under\/"]}]},{"@type":"ImageObject","inLanguage":"de-AT","@id":"https:\/\/www.lehrer.at\/remise\/unterrichtsmaterialien\/sekundarstufe-1\/down-under\/#primaryimage","url":"https:\/\/www.lehrer.at\/remise\/wp-content\/uploads\/sites\/8\/2021\/06\/image-3.png","contentUrl":"https:\/\/www.lehrer.at\/remise\/wp-content\/uploads\/sites\/8\/2021\/06\/image-3.png","width":922,"height":615},{"@type":"BreadcrumbList","@id":"https:\/\/www.lehrer.at\/remise\/unterrichtsmaterialien\/sekundarstufe-1\/down-under\/#breadcrumb","itemListElement":[{"@type":"ListItem","position":1,"name":"Startseite","item":"https:\/\/www.lehrer.at\/remise\/"},{"@type":"ListItem","position":2,"name":"Unterrichtsmaterialien","item":"https:\/\/www.lehrer.at\/remise\/unterrichtsmaterialien\/"},{"@type":"ListItem","position":3,"name":"Sekundarstufe 1","item":"https:\/\/www.lehrer.at\/remise\/unterrichtsmaterialien\/sekundarstufe-1\/"},{"@type":"ListItem","position":4,"name":"Down under"}]},{"@type":"WebSite","@id":"https:\/\/www.lehrer.at\/remise\/#website","url":"https:\/\/www.lehrer.at\/remise\/","name":"Remise","description":"Zeitreise mit Wiener \u00d6ffis","potentialAction":[{"@type":"SearchAction","target":{"@type":"EntryPoint","urlTemplate":"https:\/\/www.lehrer.at\/remise\/?s={search_term_string}"},"query-input":{"@type":"PropertyValueSpecification","valueRequired":true,"valueName":"search_term_string"}}],"inLanguage":"de-AT"}]}},"_links":{"self":[{"href":"https:\/\/www.lehrer.at\/remise\/wp-json\/wp\/v2\/pages\/76","targetHints":{"allow":["GET"]}}],"collection":[{"href":"https:\/\/www.lehrer.at\/remise\/wp-json\/wp\/v2\/pages"}],"about":[{"href":"https:\/\/www.lehrer.at\/remise\/wp-json\/wp\/v2\/types\/page"}],"author":[{"embeddable":true,"href":"https:\/\/www.lehrer.at\/remise\/wp-json\/wp\/v2\/users\/1"}],"replies":[{"embeddable":true,"href":"https:\/\/www.lehrer.at\/remise\/wp-json\/wp\/v2\/comments?post=76"}],"version-history":[{"count":3,"href":"https:\/\/www.lehrer.at\/remise\/wp-json\/wp\/v2\/pages\/76\/revisions"}],"predecessor-version":[{"id":173,"href":"https:\/\/www.lehrer.at\/remise\/wp-json\/wp\/v2\/pages\/76\/revisions\/173"}],"up":[{"embeddable":true,"href":"https:\/\/www.lehrer.at\/remise\/wp-json\/wp\/v2\/pages\/68"}],"wp:featuredmedia":[{"embeddable":true,"href":"https:\/\/www.lehrer.at\/remise\/wp-json\/wp\/v2\/media\/77"}],"wp:attachment":[{"href":"https:\/\/www.lehrer.at\/remise\/wp-json\/wp\/v2\/media?parent=76"}],"curies":[{"name":"wp","href":"https:\/\/api.w.org\/{rel}","templated":true}]}}