{"id":73,"date":"2021-06-06T21:13:43","date_gmt":"2021-06-06T19:13:43","guid":{"rendered":"https:\/\/www.lehrer.at\/remise\/?page_id=73"},"modified":"2021-06-06T23:02:32","modified_gmt":"2021-06-06T21:02:32","slug":"mit-bim-und-bus","status":"publish","type":"page","link":"https:\/\/www.lehrer.at\/remise\/unterrichtsmaterialien\/sekundarstufe-1\/mit-bim-und-bus\/","title":{"rendered":"Mit Bim und Bus"},"content":{"rendered":"\n<p>Dieses Materialienpaket liefert einen \u00dcberblick \u00fcber die&nbsp;<strong>Geschichte der Busse und Stra\u00dfenbahnen<\/strong>&nbsp;in Wien.<\/p>\n\n\n\n<p>Ausgehend von der Unterscheidung der Spezifika der beiden \u00d6ffis setzen sich die Sch\u00fclerInnen mit den historischen Meilensteinen in der Entwicklungsgeschichte von Bus und Stra\u00dfenbahn auseinander.<\/p>\n\n\n\n<p>Dabei erhalten sie auch einen Einblick in die Rolle und die Aufgaben der SchaffnerInnen, sie lernen wesentliche Charakteristika der verschiedenen Fahrzeugtypen, die derzeit in Wien unterwegs sind bzw. fr\u00fcher unterwegs waren, kennen, und sie setzen sich mit aktuellen Zahlen, Daten und Fakten zum Wiener Bus- und Stra\u00dfenbahnnetz sowie zu den Fahrzeugen auseinander.<\/p>\n\n\n<div class=\"lazyblock-materialien-download-ZSqjBK wp-block-lazyblock-materialien-download\"><div class=\"material\">\n  <div class=\"material-files\">\n    <div class=\"material-file\">\n      <h3>Einstieg ins Thema<\/h3>\n      <img decoding=\"async\" class=\"material-img\" src=\"https:\/\/www.lehrer.at\/remise\/wp-content\/uploads\/sites\/8\/2021\/06\/image-18.png\" alt=\"\"\/>\n      <a class=\"material-link\" href=\"https:\/\/www.lehrer.at\/remise\/wp-content\/uploads\/sites\/8\/2021\/06\/Lehrerinfo_Unterstufe_bimbus_Einstieg.pdf\" target=\"_blank\">Lehrerinfo 2 Seiten, 58Kb<\/a>\n      <a class=\"material-link\" href=\"https:\/\/www.lehrer.at\/remise\/wp-content\/uploads\/sites\/8\/2021\/06\/Arbeitsblaetter_Unterstufe_Mit-Bim-und-Bus_Remise_Einstieg.pdf\" target=\"_blank\">Arbeitsmaterialien 3 Seiten, 406Kb<\/a>\n\n      <\/div>\n    <div class=\"material-file\">\n      <h3>Meilensteine der Wiener Busse und Stra\u00dfenbahnen<\/h3>\n      <img decoding=\"async\" class=\"material-img\" src=\"https:\/\/www.lehrer.at\/remise\/wp-content\/uploads\/sites\/8\/2021\/06\/image-19.png\" alt=\"\"\/>\n      <a class=\"material-link\" href=\"https:\/\/www.lehrer.at\/remise\/wp-content\/uploads\/sites\/8\/2021\/06\/Lehrerinfo_Unterstufe_bimbus_Meilensteine_der_Wiener_Busse_u_Strassenbahnen.pdf\" target=\"_blank\">Lehrerinfo 12 Seiten, 204Kb<\/a>\n      <a class=\"material-link\" href=\"https:\/\/www.lehrer.at\/remise\/wp-content\/uploads\/sites\/8\/2021\/06\/Arbeitsblaetter_Unterstufe_bimbus_Meilensteine_der_Wiener_Busse_u_Strassenbahnen.pdf\" target=\"_blank\">Arbeitsmaterialien 25 Seiten, 9Mb<\/a>\n\n      <\/div>\n    <div class=\"material-file\">\n      <h3>Abschluss des Themas<\/h3>\n      <img decoding=\"async\" class=\"material-img\" src=\"https:\/\/www.lehrer.at\/remise\/wp-content\/uploads\/sites\/8\/2021\/06\/image-20.png\" alt=\"\"\/>\n      <a class=\"material-link\" href=\"https:\/\/www.lehrer.at\/remise\/wp-content\/uploads\/sites\/8\/2021\/06\/Lehrerinformation_Volksschule_Mit-Bim-und-Bus_Abschluss-und-Anhang-1.pdf\" target=\"_blank\">Lehrerinfo 4 Seiten, 74Kb<\/a>\n      <a class=\"material-link\" href=\"https:\/\/www.lehrer.at\/remise\/wp-content\/uploads\/sites\/8\/2021\/06\/Lehrerinfo_Unterstufe_bimbus_Abschluss-und-Zusatzinfo.pdf\" target=\"_blank\">Arbeitsmaterialien 5 Seiten, 687Kb<\/a>\n\n      <\/div>\n    <div class=\"material-file\">\n      \n      \n      <a class=\"material-link\" href=\"https:\/\/www.lehrer.at\/remise\/wp-content\/uploads\/sites\/8\/2021\/06\/Mit_Bim_u_Bus_Unterstufe_Gesamt.pdf\" target=\"_blank\">Gesamtpaket<\/a>\n      <\/a>\n\n      <\/div>\n  <\/div>\n<\/div><\/div>","protected":false},"excerpt":{"rendered":"<p>Dieses Materialienpaket liefert einen \u00dcberblick \u00fcber die&nbsp;Geschichte der Busse und Stra\u00dfenbahnen&nbsp;in Wien. Ausgehend von der Unterscheidung der Spezifika der beiden \u00d6ffis setzen sich die Sch\u00fclerInnen mit den historischen Meilensteinen in der Entwicklungsgeschichte von Bus und Stra\u00dfenbahn auseinander. Dabei erhalten sie auch einen Einblick in die Rolle und die Aufgaben der SchaffnerInnen, sie lernen wesentliche Charakteristika [&hellip;]<\/p>\n","protected":false},"author":1,"featured_media":74,"parent":68,"menu_order":2,"comment_status":"closed","ping_status":"closed","template":"page-unterrichtsmaterial.php","meta":{"_acf_changed":false,"footnotes":""},"class_list":["post-73","page","type-page","status-publish","has-post-thumbnail","hentry"],"acf":[],"yoast_head":"<!-- This site is optimized with the Yoast SEO plugin v27.0 - https:\/\/yoast.com\/product\/yoast-seo-wordpress\/ -->\n<title>Mit Bim und Bus - Remise<\/title>\n<meta name=\"robots\" content=\"index, follow, max-snippet:-1, max-image-preview:large, max-video-preview:-1\" \/>\n<link rel=\"canonical\" href=\"https:\/\/www.lehrer.at\/remise\/unterrichtsmaterialien\/sekundarstufe-1\/mit-bim-und-bus\/\" \/>\n<meta property=\"og:locale\" content=\"de_DE\" \/>\n<meta property=\"og:type\" content=\"article\" \/>\n<meta property=\"og:title\" content=\"Mit Bim und Bus - Remise\" \/>\n<meta property=\"og:description\" content=\"Dieses Materialienpaket liefert einen \u00dcberblick \u00fcber die&nbsp;Geschichte der Busse und Stra\u00dfenbahnen&nbsp;in Wien. Ausgehend von der Unterscheidung der Spezifika der beiden \u00d6ffis setzen sich die Sch\u00fclerInnen mit den historischen Meilensteinen in der Entwicklungsgeschichte von Bus und Stra\u00dfenbahn auseinander. Dabei erhalten sie auch einen Einblick in die Rolle und die Aufgaben der SchaffnerInnen, sie lernen wesentliche Charakteristika [&hellip;]\" \/>\n<meta property=\"og:url\" content=\"https:\/\/www.lehrer.at\/remise\/unterrichtsmaterialien\/sekundarstufe-1\/mit-bim-und-bus\/\" \/>\n<meta property=\"og:site_name\" content=\"Remise\" \/>\n<meta property=\"article:modified_time\" content=\"2021-06-06T21:02:32+00:00\" \/>\n<meta property=\"og:image\" content=\"https:\/\/www.lehrer.at\/remise\/wp-content\/uploads\/sites\/8\/2021\/06\/image-2.png\" \/>\n\t<meta property=\"og:image:width\" content=\"922\" \/>\n\t<meta property=\"og:image:height\" content=\"615\" \/>\n\t<meta property=\"og:image:type\" content=\"image\/png\" \/>\n<meta name=\"twitter:card\" content=\"summary_large_image\" \/>\n<script type=\"application\/ld+json\" class=\"yoast-schema-graph\">{\"@context\":\"https:\/\/schema.org\",\"@graph\":[{\"@type\":\"WebPage\",\"@id\":\"https:\/\/www.lehrer.at\/remise\/unterrichtsmaterialien\/sekundarstufe-1\/mit-bim-und-bus\/\",\"url\":\"https:\/\/www.lehrer.at\/remise\/unterrichtsmaterialien\/sekundarstufe-1\/mit-bim-und-bus\/\",\"name\":\"Mit Bim und Bus - Remise\",\"isPartOf\":{\"@id\":\"https:\/\/www.lehrer.at\/remise\/#website\"},\"primaryImageOfPage\":{\"@id\":\"https:\/\/www.lehrer.at\/remise\/unterrichtsmaterialien\/sekundarstufe-1\/mit-bim-und-bus\/#primaryimage\"},\"image\":{\"@id\":\"https:\/\/www.lehrer.at\/remise\/unterrichtsmaterialien\/sekundarstufe-1\/mit-bim-und-bus\/#primaryimage\"},\"thumbnailUrl\":\"https:\/\/www.lehrer.at\/remise\/wp-content\/uploads\/sites\/8\/2021\/06\/image-2.png\",\"datePublished\":\"2021-06-06T19:13:43+00:00\",\"dateModified\":\"2021-06-06T21:02:32+00:00\",\"breadcrumb\":{\"@id\":\"https:\/\/www.lehrer.at\/remise\/unterrichtsmaterialien\/sekundarstufe-1\/mit-bim-und-bus\/#breadcrumb\"},\"inLanguage\":\"de-AT\",\"potentialAction\":[{\"@type\":\"ReadAction\",\"target\":[\"https:\/\/www.lehrer.at\/remise\/unterrichtsmaterialien\/sekundarstufe-1\/mit-bim-und-bus\/\"]}]},{\"@type\":\"ImageObject\",\"inLanguage\":\"de-AT\",\"@id\":\"https:\/\/www.lehrer.at\/remise\/unterrichtsmaterialien\/sekundarstufe-1\/mit-bim-und-bus\/#primaryimage\",\"url\":\"https:\/\/www.lehrer.at\/remise\/wp-content\/uploads\/sites\/8\/2021\/06\/image-2.png\",\"contentUrl\":\"https:\/\/www.lehrer.at\/remise\/wp-content\/uploads\/sites\/8\/2021\/06\/image-2.png\",\"width\":922,\"height\":615},{\"@type\":\"BreadcrumbList\",\"@id\":\"https:\/\/www.lehrer.at\/remise\/unterrichtsmaterialien\/sekundarstufe-1\/mit-bim-und-bus\/#breadcrumb\",\"itemListElement\":[{\"@type\":\"ListItem\",\"position\":1,\"name\":\"Startseite\",\"item\":\"https:\/\/www.lehrer.at\/remise\/\"},{\"@type\":\"ListItem\",\"position\":2,\"name\":\"Unterrichtsmaterialien\",\"item\":\"https:\/\/www.lehrer.at\/remise\/unterrichtsmaterialien\/\"},{\"@type\":\"ListItem\",\"position\":3,\"name\":\"Sekundarstufe 1\",\"item\":\"https:\/\/www.lehrer.at\/remise\/unterrichtsmaterialien\/sekundarstufe-1\/\"},{\"@type\":\"ListItem\",\"position\":4,\"name\":\"Mit Bim und Bus\"}]},{\"@type\":\"WebSite\",\"@id\":\"https:\/\/www.lehrer.at\/remise\/#website\",\"url\":\"https:\/\/www.lehrer.at\/remise\/\",\"name\":\"Remise\",\"description\":\"Zeitreise mit Wiener \u00d6ffis\",\"potentialAction\":[{\"@type\":\"SearchAction\",\"target\":{\"@type\":\"EntryPoint\",\"urlTemplate\":\"https:\/\/www.lehrer.at\/remise\/?s={search_term_string}\"},\"query-input\":{\"@type\":\"PropertyValueSpecification\",\"valueRequired\":true,\"valueName\":\"search_term_string\"}}],\"inLanguage\":\"de-AT\"}]}<\/script>\n<!-- \/ Yoast SEO plugin. -->","yoast_head_json":{"title":"Mit Bim und Bus - Remise","robots":{"index":"index","follow":"follow","max-snippet":"max-snippet:-1","max-image-preview":"max-image-preview:large","max-video-preview":"max-video-preview:-1"},"canonical":"https:\/\/www.lehrer.at\/remise\/unterrichtsmaterialien\/sekundarstufe-1\/mit-bim-und-bus\/","og_locale":"de_DE","og_type":"article","og_title":"Mit Bim und Bus - Remise","og_description":"Dieses Materialienpaket liefert einen \u00dcberblick \u00fcber die&nbsp;Geschichte der Busse und Stra\u00dfenbahnen&nbsp;in Wien. Ausgehend von der Unterscheidung der Spezifika der beiden \u00d6ffis setzen sich die Sch\u00fclerInnen mit den historischen Meilensteinen in der Entwicklungsgeschichte von Bus und Stra\u00dfenbahn auseinander. Dabei erhalten sie auch einen Einblick in die Rolle und die Aufgaben der SchaffnerInnen, sie lernen wesentliche Charakteristika [&hellip;]","og_url":"https:\/\/www.lehrer.at\/remise\/unterrichtsmaterialien\/sekundarstufe-1\/mit-bim-und-bus\/","og_site_name":"Remise","article_modified_time":"2021-06-06T21:02:32+00:00","og_image":[{"width":922,"height":615,"url":"https:\/\/www.lehrer.at\/remise\/wp-content\/uploads\/sites\/8\/2021\/06\/image-2.png","type":"image\/png"}],"twitter_card":"summary_large_image","schema":{"@context":"https:\/\/schema.org","@graph":[{"@type":"WebPage","@id":"https:\/\/www.lehrer.at\/remise\/unterrichtsmaterialien\/sekundarstufe-1\/mit-bim-und-bus\/","url":"https:\/\/www.lehrer.at\/remise\/unterrichtsmaterialien\/sekundarstufe-1\/mit-bim-und-bus\/","name":"Mit Bim und Bus - Remise","isPartOf":{"@id":"https:\/\/www.lehrer.at\/remise\/#website"},"primaryImageOfPage":{"@id":"https:\/\/www.lehrer.at\/remise\/unterrichtsmaterialien\/sekundarstufe-1\/mit-bim-und-bus\/#primaryimage"},"image":{"@id":"https:\/\/www.lehrer.at\/remise\/unterrichtsmaterialien\/sekundarstufe-1\/mit-bim-und-bus\/#primaryimage"},"thumbnailUrl":"https:\/\/www.lehrer.at\/remise\/wp-content\/uploads\/sites\/8\/2021\/06\/image-2.png","datePublished":"2021-06-06T19:13:43+00:00","dateModified":"2021-06-06T21:02:32+00:00","breadcrumb":{"@id":"https:\/\/www.lehrer.at\/remise\/unterrichtsmaterialien\/sekundarstufe-1\/mit-bim-und-bus\/#breadcrumb"},"inLanguage":"de-AT","potentialAction":[{"@type":"ReadAction","target":["https:\/\/www.lehrer.at\/remise\/unterrichtsmaterialien\/sekundarstufe-1\/mit-bim-und-bus\/"]}]},{"@type":"ImageObject","inLanguage":"de-AT","@id":"https:\/\/www.lehrer.at\/remise\/unterrichtsmaterialien\/sekundarstufe-1\/mit-bim-und-bus\/#primaryimage","url":"https:\/\/www.lehrer.at\/remise\/wp-content\/uploads\/sites\/8\/2021\/06\/image-2.png","contentUrl":"https:\/\/www.lehrer.at\/remise\/wp-content\/uploads\/sites\/8\/2021\/06\/image-2.png","width":922,"height":615},{"@type":"BreadcrumbList","@id":"https:\/\/www.lehrer.at\/remise\/unterrichtsmaterialien\/sekundarstufe-1\/mit-bim-und-bus\/#breadcrumb","itemListElement":[{"@type":"ListItem","position":1,"name":"Startseite","item":"https:\/\/www.lehrer.at\/remise\/"},{"@type":"ListItem","position":2,"name":"Unterrichtsmaterialien","item":"https:\/\/www.lehrer.at\/remise\/unterrichtsmaterialien\/"},{"@type":"ListItem","position":3,"name":"Sekundarstufe 1","item":"https:\/\/www.lehrer.at\/remise\/unterrichtsmaterialien\/sekundarstufe-1\/"},{"@type":"ListItem","position":4,"name":"Mit Bim und Bus"}]},{"@type":"WebSite","@id":"https:\/\/www.lehrer.at\/remise\/#website","url":"https:\/\/www.lehrer.at\/remise\/","name":"Remise","description":"Zeitreise mit Wiener \u00d6ffis","potentialAction":[{"@type":"SearchAction","target":{"@type":"EntryPoint","urlTemplate":"https:\/\/www.lehrer.at\/remise\/?s={search_term_string}"},"query-input":{"@type":"PropertyValueSpecification","valueRequired":true,"valueName":"search_term_string"}}],"inLanguage":"de-AT"}]}},"_links":{"self":[{"href":"https:\/\/www.lehrer.at\/remise\/wp-json\/wp\/v2\/pages\/73","targetHints":{"allow":["GET"]}}],"collection":[{"href":"https:\/\/www.lehrer.at\/remise\/wp-json\/wp\/v2\/pages"}],"about":[{"href":"https:\/\/www.lehrer.at\/remise\/wp-json\/wp\/v2\/types\/page"}],"author":[{"embeddable":true,"href":"https:\/\/www.lehrer.at\/remise\/wp-json\/wp\/v2\/users\/1"}],"replies":[{"embeddable":true,"href":"https:\/\/www.lehrer.at\/remise\/wp-json\/wp\/v2\/comments?post=73"}],"version-history":[{"count":3,"href":"https:\/\/www.lehrer.at\/remise\/wp-json\/wp\/v2\/pages\/73\/revisions"}],"predecessor-version":[{"id":161,"href":"https:\/\/www.lehrer.at\/remise\/wp-json\/wp\/v2\/pages\/73\/revisions\/161"}],"up":[{"embeddable":true,"href":"https:\/\/www.lehrer.at\/remise\/wp-json\/wp\/v2\/pages\/68"}],"wp:featuredmedia":[{"embeddable":true,"href":"https:\/\/www.lehrer.at\/remise\/wp-json\/wp\/v2\/media\/74"}],"wp:attachment":[{"href":"https:\/\/www.lehrer.at\/remise\/wp-json\/wp\/v2\/media?parent=73"}],"curies":[{"name":"wp","href":"https:\/\/api.w.org\/{rel}","templated":true}]}}