{"id":70,"date":"2021-06-06T21:12:19","date_gmt":"2021-06-06T19:12:19","guid":{"rendered":"https:\/\/www.lehrer.at\/remise\/?page_id=70"},"modified":"2021-06-06T22:57:22","modified_gmt":"2021-06-06T20:57:22","slug":"unterwegs-in-wien","status":"publish","type":"page","link":"https:\/\/www.lehrer.at\/remise\/unterrichtsmaterialien\/sekundarstufe-1\/unterwegs-in-wien\/","title":{"rendered":"Unterwegs in Wien"},"content":{"rendered":"\n<p>Dieses Materialienpaket liefert eine&nbsp;<strong>erste Einf\u00fchrung in die Geschichte der Wiener \u00d6ffis<\/strong>.<\/p>\n\n\n\n<p>Nach der Analyse ihres eigenen Schulweges, der Besch\u00e4ftigung mit der Frage, wie der Weg zur Schule in fr\u00fcheren Zeiten zur\u00fcckgelegt wurde, und\/oder der Auseinandersetzung mit den Spezifika verschiedener Verkehrsmittel erhalten die Sch\u00fclerInnen einen Einblick ins Alltagsleben ohne \u00f6ffentliche Verkehrsmittel im Wien der 1850er.<\/p>\n\n\n\n<p>Anschlie\u00dfend lernen sie die wichtigsten Meilensteine in der Entwicklungsgeschichte \u00f6ffentlicher Verkehrsmittel in Wien kennen und setzen sich mit der Auswirkung der Entwicklung \u00f6ffentlicher Verkehrsmittel und -netze auf die pers\u00f6nliche Mobilit\u00e4t auseinander.<\/p>\n\n\n<div class=\"lazyblock-materialien-download-2tyw6b wp-block-lazyblock-materialien-download\"><div class=\"material\">\n  <div class=\"material-files\">\n    <div class=\"material-file\">\n      <h3>Einstieg ins Thema<\/h3>\n      <img decoding=\"async\" class=\"material-img\" src=\"https:\/\/www.lehrer.at\/remise\/wp-content\/uploads\/sites\/8\/2021\/06\/image-15.png\" alt=\"\"\/>\n      <a class=\"material-link\" href=\"https:\/\/www.lehrer.at\/remise\/wp-content\/uploads\/sites\/8\/2021\/06\/Lehrerinfo_Unterstufe_Unterwegs_in_wien_Einstieg.pdf\" target=\"_blank\">Lehrerinfo 3 Seiten, 56Kb<\/a>\n      <a class=\"material-link\" href=\"https:\/\/www.lehrer.at\/remise\/wp-content\/uploads\/sites\/8\/2021\/06\/Arbeitsblaetter_Unterstufe_Unterwegs_in_wien_Einstieg.pdf\" target=\"_blank\">Arbeitsmaterialien 7 Seiten, 1,9Mb<\/a>\n\n      <\/div>\n    <div class=\"material-file\">\n      <h3>Entwicklungsgeschichte  \u00f6ffentlicher Verkehrsmittel<\/h3>\n      <img decoding=\"async\" class=\"material-img\" src=\"https:\/\/www.lehrer.at\/remise\/wp-content\/uploads\/sites\/8\/2021\/06\/image-16.png\" alt=\"\"\/>\n      <a class=\"material-link\" href=\"https:\/\/www.lehrer.at\/remise\/wp-content\/uploads\/sites\/8\/2021\/06\/Lehrerinfo_Unterstufe_Unterwegs_in_wien_Entwicklungsgeschichte_oeffentlicher_Verkehrsmittel.pdf\" target=\"_blank\">Lehrerinfo 7 Seiten, 87Kb<\/a>\n      <a class=\"material-link\" href=\"https:\/\/www.lehrer.at\/remise\/wp-content\/uploads\/sites\/8\/2021\/06\/Arbeitsblaetter_Unterstufe_Unterwegs_in_wien_Entwicklungsgeschichte-oeffentlicher-Verkehrsmittel.pdf\" target=\"_blank\">Arbeitsmaterialien 30 Seiten, 14Mb<\/a>\n\n      <\/div>\n    <div class=\"material-file\">\n      <h3>Abschluss des Themas<\/h3>\n      <img decoding=\"async\" class=\"material-img\" src=\"https:\/\/www.lehrer.at\/remise\/wp-content\/uploads\/sites\/8\/2021\/06\/image-17.png\" alt=\"\"\/>\n      <a class=\"material-link\" href=\"https:\/\/www.lehrer.at\/remise\/wp-content\/uploads\/sites\/8\/2021\/06\/Lehrerinfo_Unterwegs_In_Wien_Abschluss_und_Anhang-1.pdf\" target=\"_blank\">Lehrerinfo 3 Seiten, 60Kb<\/a>\n      <a class=\"material-link\" href=\"https:\/\/www.lehrer.at\/remise\/wp-content\/uploads\/sites\/8\/2021\/06\/Arbeitsmaterial_Unterwegs-in-Wien_Abschluss-1.pdf\" target=\"_blank\">Arbeitsmaterialien 2 Seiten, 920Kb<\/a>\n\n      <\/div>\n    <div class=\"material-file\">\n      \n      \n      <a class=\"material-link\" href=\"https:\/\/www.lehrer.at\/remise\/wp-content\/uploads\/sites\/8\/2021\/06\/Unterwegs_in_Wien_Unterstufe_Gesamt.pdf\" target=\"_blank\">Gesamtpaket<\/a>\n      <\/a>\n\n      <\/div>\n  <\/div>\n<\/div><\/div>","protected":false},"excerpt":{"rendered":"<p>Dieses Materialienpaket liefert eine&nbsp;erste Einf\u00fchrung in die Geschichte der Wiener \u00d6ffis. Nach der Analyse ihres eigenen Schulweges, der Besch\u00e4ftigung mit der Frage, wie der Weg zur Schule in fr\u00fcheren Zeiten zur\u00fcckgelegt wurde, und\/oder der Auseinandersetzung mit den Spezifika verschiedener Verkehrsmittel erhalten die Sch\u00fclerInnen einen Einblick ins Alltagsleben ohne \u00f6ffentliche Verkehrsmittel im Wien der 1850er. Anschlie\u00dfend [&hellip;]<\/p>\n","protected":false},"author":1,"featured_media":71,"parent":68,"menu_order":1,"comment_status":"closed","ping_status":"closed","template":"page-unterrichtsmaterial.php","meta":{"_acf_changed":false,"footnotes":""},"class_list":["post-70","page","type-page","status-publish","has-post-thumbnail","hentry"],"acf":[],"yoast_head":"<!-- This site is optimized with the Yoast SEO plugin v27.0 - https:\/\/yoast.com\/product\/yoast-seo-wordpress\/ -->\n<title>Unterwegs in Wien - Remise<\/title>\n<meta name=\"robots\" content=\"index, follow, max-snippet:-1, max-image-preview:large, max-video-preview:-1\" \/>\n<link rel=\"canonical\" href=\"https:\/\/www.lehrer.at\/remise\/unterrichtsmaterialien\/sekundarstufe-1\/unterwegs-in-wien\/\" \/>\n<meta property=\"og:locale\" content=\"de_DE\" \/>\n<meta property=\"og:type\" content=\"article\" \/>\n<meta property=\"og:title\" content=\"Unterwegs in Wien - Remise\" \/>\n<meta property=\"og:description\" content=\"Dieses Materialienpaket liefert eine&nbsp;erste Einf\u00fchrung in die Geschichte der Wiener \u00d6ffis. Nach der Analyse ihres eigenen Schulweges, der Besch\u00e4ftigung mit der Frage, wie der Weg zur Schule in fr\u00fcheren Zeiten zur\u00fcckgelegt wurde, und\/oder der Auseinandersetzung mit den Spezifika verschiedener Verkehrsmittel erhalten die Sch\u00fclerInnen einen Einblick ins Alltagsleben ohne \u00f6ffentliche Verkehrsmittel im Wien der 1850er. Anschlie\u00dfend [&hellip;]\" \/>\n<meta property=\"og:url\" content=\"https:\/\/www.lehrer.at\/remise\/unterrichtsmaterialien\/sekundarstufe-1\/unterwegs-in-wien\/\" \/>\n<meta property=\"og:site_name\" content=\"Remise\" \/>\n<meta property=\"article:modified_time\" content=\"2021-06-06T20:57:22+00:00\" \/>\n<meta property=\"og:image\" content=\"https:\/\/www.lehrer.at\/remise\/wp-content\/uploads\/sites\/8\/2021\/06\/image-1.png\" \/>\n\t<meta property=\"og:image:width\" content=\"276\" \/>\n\t<meta property=\"og:image:height\" content=\"184\" \/>\n\t<meta property=\"og:image:type\" content=\"image\/png\" \/>\n<meta name=\"twitter:card\" content=\"summary_large_image\" \/>\n<script type=\"application\/ld+json\" class=\"yoast-schema-graph\">{\"@context\":\"https:\/\/schema.org\",\"@graph\":[{\"@type\":\"WebPage\",\"@id\":\"https:\/\/www.lehrer.at\/remise\/unterrichtsmaterialien\/sekundarstufe-1\/unterwegs-in-wien\/\",\"url\":\"https:\/\/www.lehrer.at\/remise\/unterrichtsmaterialien\/sekundarstufe-1\/unterwegs-in-wien\/\",\"name\":\"Unterwegs in Wien - Remise\",\"isPartOf\":{\"@id\":\"https:\/\/www.lehrer.at\/remise\/#website\"},\"primaryImageOfPage\":{\"@id\":\"https:\/\/www.lehrer.at\/remise\/unterrichtsmaterialien\/sekundarstufe-1\/unterwegs-in-wien\/#primaryimage\"},\"image\":{\"@id\":\"https:\/\/www.lehrer.at\/remise\/unterrichtsmaterialien\/sekundarstufe-1\/unterwegs-in-wien\/#primaryimage\"},\"thumbnailUrl\":\"https:\/\/www.lehrer.at\/remise\/wp-content\/uploads\/sites\/8\/2021\/06\/image-1.png\",\"datePublished\":\"2021-06-06T19:12:19+00:00\",\"dateModified\":\"2021-06-06T20:57:22+00:00\",\"breadcrumb\":{\"@id\":\"https:\/\/www.lehrer.at\/remise\/unterrichtsmaterialien\/sekundarstufe-1\/unterwegs-in-wien\/#breadcrumb\"},\"inLanguage\":\"de-AT\",\"potentialAction\":[{\"@type\":\"ReadAction\",\"target\":[\"https:\/\/www.lehrer.at\/remise\/unterrichtsmaterialien\/sekundarstufe-1\/unterwegs-in-wien\/\"]}]},{\"@type\":\"ImageObject\",\"inLanguage\":\"de-AT\",\"@id\":\"https:\/\/www.lehrer.at\/remise\/unterrichtsmaterialien\/sekundarstufe-1\/unterwegs-in-wien\/#primaryimage\",\"url\":\"https:\/\/www.lehrer.at\/remise\/wp-content\/uploads\/sites\/8\/2021\/06\/image-1.png\",\"contentUrl\":\"https:\/\/www.lehrer.at\/remise\/wp-content\/uploads\/sites\/8\/2021\/06\/image-1.png\",\"width\":276,\"height\":184},{\"@type\":\"BreadcrumbList\",\"@id\":\"https:\/\/www.lehrer.at\/remise\/unterrichtsmaterialien\/sekundarstufe-1\/unterwegs-in-wien\/#breadcrumb\",\"itemListElement\":[{\"@type\":\"ListItem\",\"position\":1,\"name\":\"Startseite\",\"item\":\"https:\/\/www.lehrer.at\/remise\/\"},{\"@type\":\"ListItem\",\"position\":2,\"name\":\"Unterrichtsmaterialien\",\"item\":\"https:\/\/www.lehrer.at\/remise\/unterrichtsmaterialien\/\"},{\"@type\":\"ListItem\",\"position\":3,\"name\":\"Sekundarstufe 1\",\"item\":\"https:\/\/www.lehrer.at\/remise\/unterrichtsmaterialien\/sekundarstufe-1\/\"},{\"@type\":\"ListItem\",\"position\":4,\"name\":\"Unterwegs in Wien\"}]},{\"@type\":\"WebSite\",\"@id\":\"https:\/\/www.lehrer.at\/remise\/#website\",\"url\":\"https:\/\/www.lehrer.at\/remise\/\",\"name\":\"Remise\",\"description\":\"Zeitreise mit Wiener \u00d6ffis\",\"potentialAction\":[{\"@type\":\"SearchAction\",\"target\":{\"@type\":\"EntryPoint\",\"urlTemplate\":\"https:\/\/www.lehrer.at\/remise\/?s={search_term_string}\"},\"query-input\":{\"@type\":\"PropertyValueSpecification\",\"valueRequired\":true,\"valueName\":\"search_term_string\"}}],\"inLanguage\":\"de-AT\"}]}<\/script>\n<!-- \/ Yoast SEO plugin. -->","yoast_head_json":{"title":"Unterwegs in Wien - Remise","robots":{"index":"index","follow":"follow","max-snippet":"max-snippet:-1","max-image-preview":"max-image-preview:large","max-video-preview":"max-video-preview:-1"},"canonical":"https:\/\/www.lehrer.at\/remise\/unterrichtsmaterialien\/sekundarstufe-1\/unterwegs-in-wien\/","og_locale":"de_DE","og_type":"article","og_title":"Unterwegs in Wien - Remise","og_description":"Dieses Materialienpaket liefert eine&nbsp;erste Einf\u00fchrung in die Geschichte der Wiener \u00d6ffis. Nach der Analyse ihres eigenen Schulweges, der Besch\u00e4ftigung mit der Frage, wie der Weg zur Schule in fr\u00fcheren Zeiten zur\u00fcckgelegt wurde, und\/oder der Auseinandersetzung mit den Spezifika verschiedener Verkehrsmittel erhalten die Sch\u00fclerInnen einen Einblick ins Alltagsleben ohne \u00f6ffentliche Verkehrsmittel im Wien der 1850er. Anschlie\u00dfend [&hellip;]","og_url":"https:\/\/www.lehrer.at\/remise\/unterrichtsmaterialien\/sekundarstufe-1\/unterwegs-in-wien\/","og_site_name":"Remise","article_modified_time":"2021-06-06T20:57:22+00:00","og_image":[{"width":276,"height":184,"url":"https:\/\/www.lehrer.at\/remise\/wp-content\/uploads\/sites\/8\/2021\/06\/image-1.png","type":"image\/png"}],"twitter_card":"summary_large_image","schema":{"@context":"https:\/\/schema.org","@graph":[{"@type":"WebPage","@id":"https:\/\/www.lehrer.at\/remise\/unterrichtsmaterialien\/sekundarstufe-1\/unterwegs-in-wien\/","url":"https:\/\/www.lehrer.at\/remise\/unterrichtsmaterialien\/sekundarstufe-1\/unterwegs-in-wien\/","name":"Unterwegs in Wien - Remise","isPartOf":{"@id":"https:\/\/www.lehrer.at\/remise\/#website"},"primaryImageOfPage":{"@id":"https:\/\/www.lehrer.at\/remise\/unterrichtsmaterialien\/sekundarstufe-1\/unterwegs-in-wien\/#primaryimage"},"image":{"@id":"https:\/\/www.lehrer.at\/remise\/unterrichtsmaterialien\/sekundarstufe-1\/unterwegs-in-wien\/#primaryimage"},"thumbnailUrl":"https:\/\/www.lehrer.at\/remise\/wp-content\/uploads\/sites\/8\/2021\/06\/image-1.png","datePublished":"2021-06-06T19:12:19+00:00","dateModified":"2021-06-06T20:57:22+00:00","breadcrumb":{"@id":"https:\/\/www.lehrer.at\/remise\/unterrichtsmaterialien\/sekundarstufe-1\/unterwegs-in-wien\/#breadcrumb"},"inLanguage":"de-AT","potentialAction":[{"@type":"ReadAction","target":["https:\/\/www.lehrer.at\/remise\/unterrichtsmaterialien\/sekundarstufe-1\/unterwegs-in-wien\/"]}]},{"@type":"ImageObject","inLanguage":"de-AT","@id":"https:\/\/www.lehrer.at\/remise\/unterrichtsmaterialien\/sekundarstufe-1\/unterwegs-in-wien\/#primaryimage","url":"https:\/\/www.lehrer.at\/remise\/wp-content\/uploads\/sites\/8\/2021\/06\/image-1.png","contentUrl":"https:\/\/www.lehrer.at\/remise\/wp-content\/uploads\/sites\/8\/2021\/06\/image-1.png","width":276,"height":184},{"@type":"BreadcrumbList","@id":"https:\/\/www.lehrer.at\/remise\/unterrichtsmaterialien\/sekundarstufe-1\/unterwegs-in-wien\/#breadcrumb","itemListElement":[{"@type":"ListItem","position":1,"name":"Startseite","item":"https:\/\/www.lehrer.at\/remise\/"},{"@type":"ListItem","position":2,"name":"Unterrichtsmaterialien","item":"https:\/\/www.lehrer.at\/remise\/unterrichtsmaterialien\/"},{"@type":"ListItem","position":3,"name":"Sekundarstufe 1","item":"https:\/\/www.lehrer.at\/remise\/unterrichtsmaterialien\/sekundarstufe-1\/"},{"@type":"ListItem","position":4,"name":"Unterwegs in Wien"}]},{"@type":"WebSite","@id":"https:\/\/www.lehrer.at\/remise\/#website","url":"https:\/\/www.lehrer.at\/remise\/","name":"Remise","description":"Zeitreise mit Wiener \u00d6ffis","potentialAction":[{"@type":"SearchAction","target":{"@type":"EntryPoint","urlTemplate":"https:\/\/www.lehrer.at\/remise\/?s={search_term_string}"},"query-input":{"@type":"PropertyValueSpecification","valueRequired":true,"valueName":"search_term_string"}}],"inLanguage":"de-AT"}]}},"_links":{"self":[{"href":"https:\/\/www.lehrer.at\/remise\/wp-json\/wp\/v2\/pages\/70","targetHints":{"allow":["GET"]}}],"collection":[{"href":"https:\/\/www.lehrer.at\/remise\/wp-json\/wp\/v2\/pages"}],"about":[{"href":"https:\/\/www.lehrer.at\/remise\/wp-json\/wp\/v2\/types\/page"}],"author":[{"embeddable":true,"href":"https:\/\/www.lehrer.at\/remise\/wp-json\/wp\/v2\/users\/1"}],"replies":[{"embeddable":true,"href":"https:\/\/www.lehrer.at\/remise\/wp-json\/wp\/v2\/comments?post=70"}],"version-history":[{"count":3,"href":"https:\/\/www.lehrer.at\/remise\/wp-json\/wp\/v2\/pages\/70\/revisions"}],"predecessor-version":[{"id":149,"href":"https:\/\/www.lehrer.at\/remise\/wp-json\/wp\/v2\/pages\/70\/revisions\/149"}],"up":[{"embeddable":true,"href":"https:\/\/www.lehrer.at\/remise\/wp-json\/wp\/v2\/pages\/68"}],"wp:featuredmedia":[{"embeddable":true,"href":"https:\/\/www.lehrer.at\/remise\/wp-json\/wp\/v2\/media\/71"}],"wp:attachment":[{"href":"https:\/\/www.lehrer.at\/remise\/wp-json\/wp\/v2\/media?parent=70"}],"curies":[{"name":"wp","href":"https:\/\/api.w.org\/{rel}","templated":true}]}}