{"id":62,"date":"2021-06-06T21:05:31","date_gmt":"2021-06-06T19:05:31","guid":{"rendered":"https:\/\/www.lehrer.at\/remise\/?page_id=62"},"modified":"2021-06-06T22:46:10","modified_gmt":"2021-06-06T20:46:10","slug":"ab-unter-die-erde","status":"publish","type":"page","link":"https:\/\/www.lehrer.at\/remise\/unterrichtsmaterialien\/volksschule\/ab-unter-die-erde\/","title":{"rendered":"Ab unter die Erde"},"content":{"rendered":"\n<p>Dieses Materialienpaket liefert einen \u00dcberblick \u00fcber die&nbsp;<strong>Geschichte der U-Bahn&nbsp;<\/strong>in Wien.<\/p>\n\n\n\n<p>Ausgehend von den Merkmalen, die die U-Bahn von anderen \u00d6ffis unterscheiden, bzw. von der Verkehrssituation in Wien vor dem U-Bahnbau setzen sich die Sch\u00fclerInnen mit den wichtigsten historischen Meilensteinen auf dem Weg zur Wiener U-Bahn auseinander. Sie lernen dabei nicht nur Daten und Zahlen zum aktuellen U-Bahnnetz kennen, sondern erfahren auch, wo und wie in Zukunft die U5 fahren wird.<\/p>\n\n\n\n<p>Der Mix aus herk\u00f6mmlichen Arbeitsbl\u00e4ttern und Materialien f\u00fcr den Stationenunterricht erm\u00f6glicht methodische Vielfalt sowie das Eingehen auf spezifische M\u00f6glichkeiten und Bed\u00fcrfnisse der Sch\u00fclerInnen.<\/p>\n\n\n<div class=\"lazyblock-materialien-download-2jjlH7 wp-block-lazyblock-materialien-download\"><div class=\"material\">\n  <div class=\"material-files\">\n    <div class=\"material-file\">\n      <h3>Einstieg ins Thema<\/h3>\n      <img decoding=\"async\" class=\"material-img\" src=\"https:\/\/www.lehrer.at\/remise\/wp-content\/uploads\/sites\/8\/2021\/06\/image-12.png\" alt=\"\"\/>\n      <a class=\"material-link\" href=\"https:\/\/www.lehrer.at\/remise\/wp-content\/uploads\/sites\/8\/2021\/06\/Lehrerinformation_Volksschule_Ab_Unter_die_Erde_Einstieg.pdf\" target=\"_blank\">Lehrerinfo 5 Seiten, 67Kb<\/a>\n      <a class=\"material-link\" href=\"https:\/\/www.lehrer.at\/remise\/wp-content\/uploads\/sites\/8\/2021\/06\/Arbeitsblaetter_Volksschule_ab_unter_die_erde_Einstieg.pdf\" target=\"_blank\">Arbeitsmaterialien 8 Seiten, 1,8Mb<\/a>\n\n      <\/div>\n    <div class=\"material-file\">\n      <h3>Meilensteine der Wiener U-Bahn<\/h3>\n      <img decoding=\"async\" class=\"material-img\" src=\"https:\/\/www.lehrer.at\/remise\/wp-content\/uploads\/sites\/8\/2021\/06\/image-13.png\" alt=\"\"\/>\n      <a class=\"material-link\" href=\"https:\/\/www.lehrer.at\/remise\/wp-content\/uploads\/sites\/8\/2021\/06\/Lehrerinformation_Volksschule_Ab_Unter_die_Erde_Meilensteine-der-Wiener-U-Bahn-1.pdf\" target=\"_blank\">Lehrerinfo 2 Seiten, 56Kb<\/a>\n      <a class=\"material-link\" href=\"https:\/\/www.lehrer.at\/remise\/wp-content\/uploads\/sites\/8\/2021\/06\/Arbeitsblaetter_Volksschule_ab_unter_die_erde_Meilensteine-der-Wiener-U-Bahn-2.pdf\" target=\"_blank\">Arbeitsmaterialien 15 Seiten, 9Mb<\/a>\n\n      <\/div>\n    <div class=\"material-file\">\n      <h3>Abschluss des Themas<\/h3>\n      <img decoding=\"async\" class=\"material-img\" src=\"https:\/\/www.lehrer.at\/remise\/wp-content\/uploads\/sites\/8\/2021\/06\/image-14.png\" alt=\"\"\/>\n      <a class=\"material-link\" href=\"https:\/\/www.lehrer.at\/remise\/wp-content\/uploads\/sites\/8\/2021\/06\/Lehrerinformation_Volksschule_Ab_Unter_die_Erde_Abschluss-und-anhang.pdf\" target=\"_blank\">Lehrerinfo 4 Seiten, 62Kb<\/a>\n      <a class=\"material-link\" href=\"https:\/\/www.lehrer.at\/remise\/wp-content\/uploads\/sites\/8\/2021\/06\/Arbeitsblaetter_Volksschule_ab_unter_die_erde_abschluss.pdf\" target=\"_blank\">Arbeitsmaterialien 23 Seiten, 14Mb<\/a>\n\n      <\/div>\n    <div class=\"material-file\">\n      \n      \n      <a class=\"material-link\" href=\"https:\/\/www.lehrer.at\/remise\/wp-content\/uploads\/sites\/8\/2021\/06\/Ab_unter_die_Erde_Volksschule_Gesamt.pdf\" target=\"_blank\">Gesamtmaterial<\/a>\n      <\/a>\n\n      <\/div>\n  <\/div>\n<\/div><\/div>","protected":false},"excerpt":{"rendered":"<p>Dieses Materialienpaket liefert einen \u00dcberblick \u00fcber die&nbsp;Geschichte der U-Bahn&nbsp;in Wien. Ausgehend von den Merkmalen, die die U-Bahn von anderen \u00d6ffis unterscheiden, bzw. von der Verkehrssituation in Wien vor dem U-Bahnbau setzen sich die Sch\u00fclerInnen mit den wichtigsten historischen Meilensteinen auf dem Weg zur Wiener U-Bahn auseinander. Sie lernen dabei nicht nur Daten und Zahlen zum [&hellip;]<\/p>\n","protected":false},"author":1,"featured_media":67,"parent":58,"menu_order":3,"comment_status":"closed","ping_status":"closed","template":"page-unterrichtsmaterial.php","meta":{"_acf_changed":false,"footnotes":""},"class_list":["post-62","page","type-page","status-publish","has-post-thumbnail","hentry"],"acf":[],"yoast_head":"<!-- This site is optimized with the Yoast SEO plugin v27.0 - https:\/\/yoast.com\/product\/yoast-seo-wordpress\/ -->\n<title>Ab unter die Erde - Remise<\/title>\n<meta name=\"robots\" content=\"index, follow, max-snippet:-1, max-image-preview:large, max-video-preview:-1\" \/>\n<link rel=\"canonical\" href=\"https:\/\/www.lehrer.at\/remise\/unterrichtsmaterialien\/volksschule\/ab-unter-die-erde\/\" \/>\n<meta property=\"og:locale\" content=\"de_DE\" \/>\n<meta property=\"og:type\" content=\"article\" \/>\n<meta property=\"og:title\" content=\"Ab unter die Erde - Remise\" \/>\n<meta property=\"og:description\" content=\"Dieses Materialienpaket liefert einen \u00dcberblick \u00fcber die&nbsp;Geschichte der U-Bahn&nbsp;in Wien. Ausgehend von den Merkmalen, die die U-Bahn von anderen \u00d6ffis unterscheiden, bzw. von der Verkehrssituation in Wien vor dem U-Bahnbau setzen sich die Sch\u00fclerInnen mit den wichtigsten historischen Meilensteinen auf dem Weg zur Wiener U-Bahn auseinander. Sie lernen dabei nicht nur Daten und Zahlen zum [&hellip;]\" \/>\n<meta property=\"og:url\" content=\"https:\/\/www.lehrer.at\/remise\/unterrichtsmaterialien\/volksschule\/ab-unter-die-erde\/\" \/>\n<meta property=\"og:site_name\" content=\"Remise\" \/>\n<meta property=\"article:modified_time\" content=\"2021-06-06T20:46:10+00:00\" \/>\n<meta property=\"og:image\" content=\"https:\/\/www.lehrer.at\/remise\/wp-content\/uploads\/sites\/8\/2021\/06\/u_Bahn.png\" \/>\n\t<meta property=\"og:image:width\" content=\"922\" \/>\n\t<meta property=\"og:image:height\" content=\"615\" \/>\n\t<meta property=\"og:image:type\" content=\"image\/png\" \/>\n<meta name=\"twitter:card\" content=\"summary_large_image\" \/>\n<meta name=\"twitter:label1\" content=\"Gesch\u00e4tzte Lesezeit\" \/>\n\t<meta name=\"twitter:data1\" content=\"1 Minute\" \/>\n<script type=\"application\/ld+json\" class=\"yoast-schema-graph\">{\"@context\":\"https:\/\/schema.org\",\"@graph\":[{\"@type\":\"WebPage\",\"@id\":\"https:\/\/www.lehrer.at\/remise\/unterrichtsmaterialien\/volksschule\/ab-unter-die-erde\/\",\"url\":\"https:\/\/www.lehrer.at\/remise\/unterrichtsmaterialien\/volksschule\/ab-unter-die-erde\/\",\"name\":\"Ab unter die Erde - Remise\",\"isPartOf\":{\"@id\":\"https:\/\/www.lehrer.at\/remise\/#website\"},\"primaryImageOfPage\":{\"@id\":\"https:\/\/www.lehrer.at\/remise\/unterrichtsmaterialien\/volksschule\/ab-unter-die-erde\/#primaryimage\"},\"image\":{\"@id\":\"https:\/\/www.lehrer.at\/remise\/unterrichtsmaterialien\/volksschule\/ab-unter-die-erde\/#primaryimage\"},\"thumbnailUrl\":\"https:\/\/www.lehrer.at\/remise\/wp-content\/uploads\/sites\/8\/2021\/06\/u_Bahn.png\",\"datePublished\":\"2021-06-06T19:05:31+00:00\",\"dateModified\":\"2021-06-06T20:46:10+00:00\",\"breadcrumb\":{\"@id\":\"https:\/\/www.lehrer.at\/remise\/unterrichtsmaterialien\/volksschule\/ab-unter-die-erde\/#breadcrumb\"},\"inLanguage\":\"de-AT\",\"potentialAction\":[{\"@type\":\"ReadAction\",\"target\":[\"https:\/\/www.lehrer.at\/remise\/unterrichtsmaterialien\/volksschule\/ab-unter-die-erde\/\"]}]},{\"@type\":\"ImageObject\",\"inLanguage\":\"de-AT\",\"@id\":\"https:\/\/www.lehrer.at\/remise\/unterrichtsmaterialien\/volksschule\/ab-unter-die-erde\/#primaryimage\",\"url\":\"https:\/\/www.lehrer.at\/remise\/wp-content\/uploads\/sites\/8\/2021\/06\/u_Bahn.png\",\"contentUrl\":\"https:\/\/www.lehrer.at\/remise\/wp-content\/uploads\/sites\/8\/2021\/06\/u_Bahn.png\",\"width\":922,\"height\":615},{\"@type\":\"BreadcrumbList\",\"@id\":\"https:\/\/www.lehrer.at\/remise\/unterrichtsmaterialien\/volksschule\/ab-unter-die-erde\/#breadcrumb\",\"itemListElement\":[{\"@type\":\"ListItem\",\"position\":1,\"name\":\"Startseite\",\"item\":\"https:\/\/www.lehrer.at\/remise\/\"},{\"@type\":\"ListItem\",\"position\":2,\"name\":\"Unterrichtsmaterialien\",\"item\":\"https:\/\/www.lehrer.at\/remise\/unterrichtsmaterialien\/\"},{\"@type\":\"ListItem\",\"position\":3,\"name\":\"Volksschule\",\"item\":\"https:\/\/www.lehrer.at\/remise\/unterrichtsmaterialien\/volksschule\/\"},{\"@type\":\"ListItem\",\"position\":4,\"name\":\"Ab unter die Erde\"}]},{\"@type\":\"WebSite\",\"@id\":\"https:\/\/www.lehrer.at\/remise\/#website\",\"url\":\"https:\/\/www.lehrer.at\/remise\/\",\"name\":\"Remise\",\"description\":\"Zeitreise mit Wiener \u00d6ffis\",\"potentialAction\":[{\"@type\":\"SearchAction\",\"target\":{\"@type\":\"EntryPoint\",\"urlTemplate\":\"https:\/\/www.lehrer.at\/remise\/?s={search_term_string}\"},\"query-input\":{\"@type\":\"PropertyValueSpecification\",\"valueRequired\":true,\"valueName\":\"search_term_string\"}}],\"inLanguage\":\"de-AT\"}]}<\/script>\n<!-- \/ Yoast SEO plugin. -->","yoast_head_json":{"title":"Ab unter die Erde - Remise","robots":{"index":"index","follow":"follow","max-snippet":"max-snippet:-1","max-image-preview":"max-image-preview:large","max-video-preview":"max-video-preview:-1"},"canonical":"https:\/\/www.lehrer.at\/remise\/unterrichtsmaterialien\/volksschule\/ab-unter-die-erde\/","og_locale":"de_DE","og_type":"article","og_title":"Ab unter die Erde - Remise","og_description":"Dieses Materialienpaket liefert einen \u00dcberblick \u00fcber die&nbsp;Geschichte der U-Bahn&nbsp;in Wien. Ausgehend von den Merkmalen, die die U-Bahn von anderen \u00d6ffis unterscheiden, bzw. von der Verkehrssituation in Wien vor dem U-Bahnbau setzen sich die Sch\u00fclerInnen mit den wichtigsten historischen Meilensteinen auf dem Weg zur Wiener U-Bahn auseinander. Sie lernen dabei nicht nur Daten und Zahlen zum [&hellip;]","og_url":"https:\/\/www.lehrer.at\/remise\/unterrichtsmaterialien\/volksschule\/ab-unter-die-erde\/","og_site_name":"Remise","article_modified_time":"2021-06-06T20:46:10+00:00","og_image":[{"width":922,"height":615,"url":"https:\/\/www.lehrer.at\/remise\/wp-content\/uploads\/sites\/8\/2021\/06\/u_Bahn.png","type":"image\/png"}],"twitter_card":"summary_large_image","twitter_misc":{"Gesch\u00e4tzte Lesezeit":"1 Minute"},"schema":{"@context":"https:\/\/schema.org","@graph":[{"@type":"WebPage","@id":"https:\/\/www.lehrer.at\/remise\/unterrichtsmaterialien\/volksschule\/ab-unter-die-erde\/","url":"https:\/\/www.lehrer.at\/remise\/unterrichtsmaterialien\/volksschule\/ab-unter-die-erde\/","name":"Ab unter die Erde - Remise","isPartOf":{"@id":"https:\/\/www.lehrer.at\/remise\/#website"},"primaryImageOfPage":{"@id":"https:\/\/www.lehrer.at\/remise\/unterrichtsmaterialien\/volksschule\/ab-unter-die-erde\/#primaryimage"},"image":{"@id":"https:\/\/www.lehrer.at\/remise\/unterrichtsmaterialien\/volksschule\/ab-unter-die-erde\/#primaryimage"},"thumbnailUrl":"https:\/\/www.lehrer.at\/remise\/wp-content\/uploads\/sites\/8\/2021\/06\/u_Bahn.png","datePublished":"2021-06-06T19:05:31+00:00","dateModified":"2021-06-06T20:46:10+00:00","breadcrumb":{"@id":"https:\/\/www.lehrer.at\/remise\/unterrichtsmaterialien\/volksschule\/ab-unter-die-erde\/#breadcrumb"},"inLanguage":"de-AT","potentialAction":[{"@type":"ReadAction","target":["https:\/\/www.lehrer.at\/remise\/unterrichtsmaterialien\/volksschule\/ab-unter-die-erde\/"]}]},{"@type":"ImageObject","inLanguage":"de-AT","@id":"https:\/\/www.lehrer.at\/remise\/unterrichtsmaterialien\/volksschule\/ab-unter-die-erde\/#primaryimage","url":"https:\/\/www.lehrer.at\/remise\/wp-content\/uploads\/sites\/8\/2021\/06\/u_Bahn.png","contentUrl":"https:\/\/www.lehrer.at\/remise\/wp-content\/uploads\/sites\/8\/2021\/06\/u_Bahn.png","width":922,"height":615},{"@type":"BreadcrumbList","@id":"https:\/\/www.lehrer.at\/remise\/unterrichtsmaterialien\/volksschule\/ab-unter-die-erde\/#breadcrumb","itemListElement":[{"@type":"ListItem","position":1,"name":"Startseite","item":"https:\/\/www.lehrer.at\/remise\/"},{"@type":"ListItem","position":2,"name":"Unterrichtsmaterialien","item":"https:\/\/www.lehrer.at\/remise\/unterrichtsmaterialien\/"},{"@type":"ListItem","position":3,"name":"Volksschule","item":"https:\/\/www.lehrer.at\/remise\/unterrichtsmaterialien\/volksschule\/"},{"@type":"ListItem","position":4,"name":"Ab unter die Erde"}]},{"@type":"WebSite","@id":"https:\/\/www.lehrer.at\/remise\/#website","url":"https:\/\/www.lehrer.at\/remise\/","name":"Remise","description":"Zeitreise mit Wiener \u00d6ffis","potentialAction":[{"@type":"SearchAction","target":{"@type":"EntryPoint","urlTemplate":"https:\/\/www.lehrer.at\/remise\/?s={search_term_string}"},"query-input":{"@type":"PropertyValueSpecification","valueRequired":true,"valueName":"search_term_string"}}],"inLanguage":"de-AT"}]}},"_links":{"self":[{"href":"https:\/\/www.lehrer.at\/remise\/wp-json\/wp\/v2\/pages\/62","targetHints":{"allow":["GET"]}}],"collection":[{"href":"https:\/\/www.lehrer.at\/remise\/wp-json\/wp\/v2\/pages"}],"about":[{"href":"https:\/\/www.lehrer.at\/remise\/wp-json\/wp\/v2\/types\/page"}],"author":[{"embeddable":true,"href":"https:\/\/www.lehrer.at\/remise\/wp-json\/wp\/v2\/users\/1"}],"replies":[{"embeddable":true,"href":"https:\/\/www.lehrer.at\/remise\/wp-json\/wp\/v2\/comments?post=62"}],"version-history":[{"count":4,"href":"https:\/\/www.lehrer.at\/remise\/wp-json\/wp\/v2\/pages\/62\/revisions"}],"predecessor-version":[{"id":137,"href":"https:\/\/www.lehrer.at\/remise\/wp-json\/wp\/v2\/pages\/62\/revisions\/137"}],"up":[{"embeddable":true,"href":"https:\/\/www.lehrer.at\/remise\/wp-json\/wp\/v2\/pages\/58"}],"wp:featuredmedia":[{"embeddable":true,"href":"https:\/\/www.lehrer.at\/remise\/wp-json\/wp\/v2\/media\/67"}],"wp:attachment":[{"href":"https:\/\/www.lehrer.at\/remise\/wp-json\/wp\/v2\/media?parent=62"}],"curies":[{"name":"wp","href":"https:\/\/api.w.org\/{rel}","templated":true}]}}