{"id":60,"date":"2021-06-06T21:05:01","date_gmt":"2021-06-06T19:05:01","guid":{"rendered":"https:\/\/www.lehrer.at\/remise\/?page_id=60"},"modified":"2021-06-06T22:36:14","modified_gmt":"2021-06-06T20:36:14","slug":"mit-bim-und-bus","status":"publish","type":"page","link":"https:\/\/www.lehrer.at\/remise\/unterrichtsmaterialien\/volksschule\/mit-bim-und-bus\/","title":{"rendered":"Mit Bim und Bus"},"content":{"rendered":"\n<p>Dieses Materialienpaket liefert einen \u00dcberblick \u00fcber die&nbsp;<strong>Geschichte der Busse und Stra\u00dfenbahnen&nbsp;<\/strong>in Wien.<\/p>\n\n\n\n<p>Ausgehend von Sehensw\u00fcrdigkeiten, die von Bus und Stra\u00dfenbahn aus gesehen werden k\u00f6nnen, bzw. von der Unterscheidung der Spezifika der beiden \u00d6ffis setzen sich die Sch\u00fclerInnen mit den jeweiligen historischen Meilensteinen auseinander. Dabei erhalten sie auch einen Einblick ins Berufsbild der SchaffnerInnen sowie in aktuelle Zahlen und Fakten zum Wiener Bus- und Stra\u00dfenbahnnetz.<\/p>\n\n\n\n<p>Der Mix aus herk\u00f6mmlichen Arbeitsbl\u00e4ttern und Materialien f\u00fcr den Stationenunterricht erm\u00f6glicht methodische Vielfalt sowie das Eingehen auf spezifische M\u00f6glichkeiten und Bed\u00fcrfnisse der Sch\u00fclerInnen.<\/p>\n\n\n<div class=\"lazyblock-materialien-download-1NKsYJ wp-block-lazyblock-materialien-download\"><div class=\"material\">\n  <div class=\"material-files\">\n    <div class=\"material-file\">\n      <h3>Einstieg ins Thema<\/h3>\n      <img decoding=\"async\" class=\"material-img\" src=\"https:\/\/www.lehrer.at\/remise\/wp-content\/uploads\/sites\/8\/2021\/06\/image-9.png\" alt=\"\"\/>\n      <a class=\"material-link\" href=\"https:\/\/www.lehrer.at\/remise\/wp-content\/uploads\/sites\/8\/2021\/06\/Lehrerinformation_Volksschule_Mit-Bim-und-Bus_Einstieg.pdf\" target=\"_blank\">Lehrerinfo 4 Seiten, 66Kb<\/a>\n      <a class=\"material-link\" href=\"https:\/\/www.lehrer.at\/remise\/wp-content\/uploads\/sites\/8\/2021\/06\/Arbeitsmaterial_Volksschule_Mit_Bim_u_Bus_Einstieg.pdf\" target=\"_blank\">Arbeitsmaterialien 4 Seiten, 1,3Mb<\/a>\n\n      <\/div>\n    <div class=\"material-file\">\n      <h3>Meilensteine der Wiener Busse und Stra\u00dfenbahnen<\/h3>\n      <img decoding=\"async\" class=\"material-img\" src=\"https:\/\/www.lehrer.at\/remise\/wp-content\/uploads\/sites\/8\/2021\/06\/image-10.png\" alt=\"\"\/>\n      <a class=\"material-link\" href=\"https:\/\/www.lehrer.at\/remise\/wp-content\/uploads\/sites\/8\/2021\/06\/Lehrerinformation_Volksschule_Mit-Bim_und_Bus_Meilensteine_der_Busse_und_Strassenbahnen.pdf\" target=\"_blank\">Lehrerinfo 2 Seiten, 63Kb<\/a>\n      <a class=\"material-link\" href=\"https:\/\/www.lehrer.at\/remise\/wp-content\/uploads\/sites\/8\/2021\/06\/Arbeitsmaterial_Volksschule_Mit_Bim_u_Bus_Meilensteine_der_Busse_und_Strassenbahnen.pdf\" target=\"_blank\">Arbeitsmaterialien 8 Seiten, 3Mb<\/a>\n\n      <\/div>\n    <div class=\"material-file\">\n      <h3>Abschluss des Themas<\/h3>\n      <img decoding=\"async\" class=\"material-img\" src=\"https:\/\/www.lehrer.at\/remise\/wp-content\/uploads\/sites\/8\/2021\/06\/image-11.png\" alt=\"\"\/>\n      <a class=\"material-link\" href=\"https:\/\/www.lehrer.at\/remise\/wp-content\/uploads\/sites\/8\/2021\/06\/Lehrerinformation_Volksschule_Mit-Bim-und-Bus_Abschluss-und-Anhang.pdf\" target=\"_blank\">Lehrerinfo 6 Seiten, 80Kb<\/a>\n      <a class=\"material-link\" href=\"https:\/\/www.lehrer.at\/remise\/wp-content\/uploads\/sites\/8\/2021\/06\/Arbeitsmaterial_Volksschule_Mit_Bim_u_Bus_Abschluss.pdf\" target=\"_blank\">Arbeitsmaterialien 17 Seiten, 12Mb<\/a>\n\n      <\/div>\n    <div class=\"material-file\">\n      \n      \n      <a class=\"material-link\" href=\"https:\/\/www.lehrer.at\/remise\/wp-content\/uploads\/sites\/8\/2021\/06\/Mit_Bim_u_Bus_Volksschule_Gesamt.pdf\" target=\"_blank\">Gesamtmaterial<\/a>\n      <\/a>\n\n      <\/div>\n  <\/div>\n<\/div><\/div>","protected":false},"excerpt":{"rendered":"<p>Dieses Materialienpaket liefert einen \u00dcberblick \u00fcber die&nbsp;Geschichte der Busse und Stra\u00dfenbahnen&nbsp;in Wien. Ausgehend von Sehensw\u00fcrdigkeiten, die von Bus und Stra\u00dfenbahn aus gesehen werden k\u00f6nnen, bzw. von der Unterscheidung der Spezifika der beiden \u00d6ffis setzen sich die Sch\u00fclerInnen mit den jeweiligen historischen Meilensteinen auseinander. Dabei erhalten sie auch einen Einblick ins Berufsbild der SchaffnerInnen sowie in [&hellip;]<\/p>\n","protected":false},"author":1,"featured_media":66,"parent":58,"menu_order":2,"comment_status":"closed","ping_status":"closed","template":"page-unterrichtsmaterial.php","meta":{"_acf_changed":false,"footnotes":""},"class_list":["post-60","page","type-page","status-publish","has-post-thumbnail","hentry"],"acf":[],"yoast_head":"<!-- This site is optimized with the Yoast SEO plugin v27.0 - https:\/\/yoast.com\/product\/yoast-seo-wordpress\/ -->\n<title>Mit Bim und Bus - Remise<\/title>\n<meta name=\"robots\" content=\"index, follow, max-snippet:-1, max-image-preview:large, max-video-preview:-1\" \/>\n<link rel=\"canonical\" href=\"https:\/\/www.lehrer.at\/remise\/unterrichtsmaterialien\/volksschule\/mit-bim-und-bus\/\" \/>\n<meta property=\"og:locale\" content=\"de_DE\" \/>\n<meta property=\"og:type\" content=\"article\" \/>\n<meta property=\"og:title\" content=\"Mit Bim und Bus - Remise\" \/>\n<meta property=\"og:description\" content=\"Dieses Materialienpaket liefert einen \u00dcberblick \u00fcber die&nbsp;Geschichte der Busse und Stra\u00dfenbahnen&nbsp;in Wien. Ausgehend von Sehensw\u00fcrdigkeiten, die von Bus und Stra\u00dfenbahn aus gesehen werden k\u00f6nnen, bzw. von der Unterscheidung der Spezifika der beiden \u00d6ffis setzen sich die Sch\u00fclerInnen mit den jeweiligen historischen Meilensteinen auseinander. Dabei erhalten sie auch einen Einblick ins Berufsbild der SchaffnerInnen sowie in [&hellip;]\" \/>\n<meta property=\"og:url\" content=\"https:\/\/www.lehrer.at\/remise\/unterrichtsmaterialien\/volksschule\/mit-bim-und-bus\/\" \/>\n<meta property=\"og:site_name\" content=\"Remise\" \/>\n<meta property=\"article:modified_time\" content=\"2021-06-06T20:36:14+00:00\" \/>\n<meta property=\"og:image\" content=\"https:\/\/www.lehrer.at\/remise\/wp-content\/uploads\/sites\/8\/2021\/06\/Pfeil_Bim_Bus2.png\" \/>\n\t<meta property=\"og:image:width\" content=\"922\" \/>\n\t<meta property=\"og:image:height\" content=\"615\" \/>\n\t<meta property=\"og:image:type\" content=\"image\/png\" \/>\n<meta name=\"twitter:card\" content=\"summary_large_image\" \/>\n<meta name=\"twitter:label1\" content=\"Gesch\u00e4tzte Lesezeit\" \/>\n\t<meta name=\"twitter:data1\" content=\"1 Minute\" \/>\n<script type=\"application\/ld+json\" class=\"yoast-schema-graph\">{\"@context\":\"https:\/\/schema.org\",\"@graph\":[{\"@type\":\"WebPage\",\"@id\":\"https:\/\/www.lehrer.at\/remise\/unterrichtsmaterialien\/volksschule\/mit-bim-und-bus\/\",\"url\":\"https:\/\/www.lehrer.at\/remise\/unterrichtsmaterialien\/volksschule\/mit-bim-und-bus\/\",\"name\":\"Mit Bim und Bus - Remise\",\"isPartOf\":{\"@id\":\"https:\/\/www.lehrer.at\/remise\/#website\"},\"primaryImageOfPage\":{\"@id\":\"https:\/\/www.lehrer.at\/remise\/unterrichtsmaterialien\/volksschule\/mit-bim-und-bus\/#primaryimage\"},\"image\":{\"@id\":\"https:\/\/www.lehrer.at\/remise\/unterrichtsmaterialien\/volksschule\/mit-bim-und-bus\/#primaryimage\"},\"thumbnailUrl\":\"https:\/\/www.lehrer.at\/remise\/wp-content\/uploads\/sites\/8\/2021\/06\/Pfeil_Bim_Bus2.png\",\"datePublished\":\"2021-06-06T19:05:01+00:00\",\"dateModified\":\"2021-06-06T20:36:14+00:00\",\"breadcrumb\":{\"@id\":\"https:\/\/www.lehrer.at\/remise\/unterrichtsmaterialien\/volksschule\/mit-bim-und-bus\/#breadcrumb\"},\"inLanguage\":\"de-AT\",\"potentialAction\":[{\"@type\":\"ReadAction\",\"target\":[\"https:\/\/www.lehrer.at\/remise\/unterrichtsmaterialien\/volksschule\/mit-bim-und-bus\/\"]}]},{\"@type\":\"ImageObject\",\"inLanguage\":\"de-AT\",\"@id\":\"https:\/\/www.lehrer.at\/remise\/unterrichtsmaterialien\/volksschule\/mit-bim-und-bus\/#primaryimage\",\"url\":\"https:\/\/www.lehrer.at\/remise\/wp-content\/uploads\/sites\/8\/2021\/06\/Pfeil_Bim_Bus2.png\",\"contentUrl\":\"https:\/\/www.lehrer.at\/remise\/wp-content\/uploads\/sites\/8\/2021\/06\/Pfeil_Bim_Bus2.png\",\"width\":922,\"height\":615},{\"@type\":\"BreadcrumbList\",\"@id\":\"https:\/\/www.lehrer.at\/remise\/unterrichtsmaterialien\/volksschule\/mit-bim-und-bus\/#breadcrumb\",\"itemListElement\":[{\"@type\":\"ListItem\",\"position\":1,\"name\":\"Startseite\",\"item\":\"https:\/\/www.lehrer.at\/remise\/\"},{\"@type\":\"ListItem\",\"position\":2,\"name\":\"Unterrichtsmaterialien\",\"item\":\"https:\/\/www.lehrer.at\/remise\/unterrichtsmaterialien\/\"},{\"@type\":\"ListItem\",\"position\":3,\"name\":\"Volksschule\",\"item\":\"https:\/\/www.lehrer.at\/remise\/unterrichtsmaterialien\/volksschule\/\"},{\"@type\":\"ListItem\",\"position\":4,\"name\":\"Mit Bim und Bus\"}]},{\"@type\":\"WebSite\",\"@id\":\"https:\/\/www.lehrer.at\/remise\/#website\",\"url\":\"https:\/\/www.lehrer.at\/remise\/\",\"name\":\"Remise\",\"description\":\"Zeitreise mit Wiener \u00d6ffis\",\"potentialAction\":[{\"@type\":\"SearchAction\",\"target\":{\"@type\":\"EntryPoint\",\"urlTemplate\":\"https:\/\/www.lehrer.at\/remise\/?s={search_term_string}\"},\"query-input\":{\"@type\":\"PropertyValueSpecification\",\"valueRequired\":true,\"valueName\":\"search_term_string\"}}],\"inLanguage\":\"de-AT\"}]}<\/script>\n<!-- \/ Yoast SEO plugin. -->","yoast_head_json":{"title":"Mit Bim und Bus - Remise","robots":{"index":"index","follow":"follow","max-snippet":"max-snippet:-1","max-image-preview":"max-image-preview:large","max-video-preview":"max-video-preview:-1"},"canonical":"https:\/\/www.lehrer.at\/remise\/unterrichtsmaterialien\/volksschule\/mit-bim-und-bus\/","og_locale":"de_DE","og_type":"article","og_title":"Mit Bim und Bus - Remise","og_description":"Dieses Materialienpaket liefert einen \u00dcberblick \u00fcber die&nbsp;Geschichte der Busse und Stra\u00dfenbahnen&nbsp;in Wien. Ausgehend von Sehensw\u00fcrdigkeiten, die von Bus und Stra\u00dfenbahn aus gesehen werden k\u00f6nnen, bzw. von der Unterscheidung der Spezifika der beiden \u00d6ffis setzen sich die Sch\u00fclerInnen mit den jeweiligen historischen Meilensteinen auseinander. Dabei erhalten sie auch einen Einblick ins Berufsbild der SchaffnerInnen sowie in [&hellip;]","og_url":"https:\/\/www.lehrer.at\/remise\/unterrichtsmaterialien\/volksschule\/mit-bim-und-bus\/","og_site_name":"Remise","article_modified_time":"2021-06-06T20:36:14+00:00","og_image":[{"width":922,"height":615,"url":"https:\/\/www.lehrer.at\/remise\/wp-content\/uploads\/sites\/8\/2021\/06\/Pfeil_Bim_Bus2.png","type":"image\/png"}],"twitter_card":"summary_large_image","twitter_misc":{"Gesch\u00e4tzte Lesezeit":"1 Minute"},"schema":{"@context":"https:\/\/schema.org","@graph":[{"@type":"WebPage","@id":"https:\/\/www.lehrer.at\/remise\/unterrichtsmaterialien\/volksschule\/mit-bim-und-bus\/","url":"https:\/\/www.lehrer.at\/remise\/unterrichtsmaterialien\/volksschule\/mit-bim-und-bus\/","name":"Mit Bim und Bus - Remise","isPartOf":{"@id":"https:\/\/www.lehrer.at\/remise\/#website"},"primaryImageOfPage":{"@id":"https:\/\/www.lehrer.at\/remise\/unterrichtsmaterialien\/volksschule\/mit-bim-und-bus\/#primaryimage"},"image":{"@id":"https:\/\/www.lehrer.at\/remise\/unterrichtsmaterialien\/volksschule\/mit-bim-und-bus\/#primaryimage"},"thumbnailUrl":"https:\/\/www.lehrer.at\/remise\/wp-content\/uploads\/sites\/8\/2021\/06\/Pfeil_Bim_Bus2.png","datePublished":"2021-06-06T19:05:01+00:00","dateModified":"2021-06-06T20:36:14+00:00","breadcrumb":{"@id":"https:\/\/www.lehrer.at\/remise\/unterrichtsmaterialien\/volksschule\/mit-bim-und-bus\/#breadcrumb"},"inLanguage":"de-AT","potentialAction":[{"@type":"ReadAction","target":["https:\/\/www.lehrer.at\/remise\/unterrichtsmaterialien\/volksschule\/mit-bim-und-bus\/"]}]},{"@type":"ImageObject","inLanguage":"de-AT","@id":"https:\/\/www.lehrer.at\/remise\/unterrichtsmaterialien\/volksschule\/mit-bim-und-bus\/#primaryimage","url":"https:\/\/www.lehrer.at\/remise\/wp-content\/uploads\/sites\/8\/2021\/06\/Pfeil_Bim_Bus2.png","contentUrl":"https:\/\/www.lehrer.at\/remise\/wp-content\/uploads\/sites\/8\/2021\/06\/Pfeil_Bim_Bus2.png","width":922,"height":615},{"@type":"BreadcrumbList","@id":"https:\/\/www.lehrer.at\/remise\/unterrichtsmaterialien\/volksschule\/mit-bim-und-bus\/#breadcrumb","itemListElement":[{"@type":"ListItem","position":1,"name":"Startseite","item":"https:\/\/www.lehrer.at\/remise\/"},{"@type":"ListItem","position":2,"name":"Unterrichtsmaterialien","item":"https:\/\/www.lehrer.at\/remise\/unterrichtsmaterialien\/"},{"@type":"ListItem","position":3,"name":"Volksschule","item":"https:\/\/www.lehrer.at\/remise\/unterrichtsmaterialien\/volksschule\/"},{"@type":"ListItem","position":4,"name":"Mit Bim und Bus"}]},{"@type":"WebSite","@id":"https:\/\/www.lehrer.at\/remise\/#website","url":"https:\/\/www.lehrer.at\/remise\/","name":"Remise","description":"Zeitreise mit Wiener \u00d6ffis","potentialAction":[{"@type":"SearchAction","target":{"@type":"EntryPoint","urlTemplate":"https:\/\/www.lehrer.at\/remise\/?s={search_term_string}"},"query-input":{"@type":"PropertyValueSpecification","valueRequired":true,"valueName":"search_term_string"}}],"inLanguage":"de-AT"}]}},"_links":{"self":[{"href":"https:\/\/www.lehrer.at\/remise\/wp-json\/wp\/v2\/pages\/60","targetHints":{"allow":["GET"]}}],"collection":[{"href":"https:\/\/www.lehrer.at\/remise\/wp-json\/wp\/v2\/pages"}],"about":[{"href":"https:\/\/www.lehrer.at\/remise\/wp-json\/wp\/v2\/types\/page"}],"author":[{"embeddable":true,"href":"https:\/\/www.lehrer.at\/remise\/wp-json\/wp\/v2\/users\/1"}],"replies":[{"embeddable":true,"href":"https:\/\/www.lehrer.at\/remise\/wp-json\/wp\/v2\/comments?post=60"}],"version-history":[{"count":4,"href":"https:\/\/www.lehrer.at\/remise\/wp-json\/wp\/v2\/pages\/60\/revisions"}],"predecessor-version":[{"id":120,"href":"https:\/\/www.lehrer.at\/remise\/wp-json\/wp\/v2\/pages\/60\/revisions\/120"}],"up":[{"embeddable":true,"href":"https:\/\/www.lehrer.at\/remise\/wp-json\/wp\/v2\/pages\/58"}],"wp:featuredmedia":[{"embeddable":true,"href":"https:\/\/www.lehrer.at\/remise\/wp-json\/wp\/v2\/media\/66"}],"wp:attachment":[{"href":"https:\/\/www.lehrer.at\/remise\/wp-json\/wp\/v2\/media?parent=60"}],"curies":[{"name":"wp","href":"https:\/\/api.w.org\/{rel}","templated":true}]}}