{"id":56,"date":"2021-06-06T21:02:57","date_gmt":"2021-06-06T19:02:57","guid":{"rendered":"https:\/\/www.lehrer.at\/remise\/?page_id=56"},"modified":"2021-06-06T22:37:22","modified_gmt":"2021-06-06T20:37:22","slug":"unterwegs-in-wien","status":"publish","type":"page","link":"https:\/\/www.lehrer.at\/remise\/unterrichtsmaterialien\/volksschule\/unterwegs-in-wien\/","title":{"rendered":"Unterwegs in Wien"},"content":{"rendered":"\n<p>Dieses Materialienpaket liefert eine erste&nbsp;<strong>Einf\u00fchrung in die Geschichte der Wiener \u00d6ffis<\/strong>.&nbsp;<\/p>\n\n\n\n<p>Nach der Analyse ihres eigenen Schulweges und\/oder der Auseinandersetzung mit den Spezifika verschiedener Verkehrsmittel erhalten die Sch\u00fclerInnen einen Einblick ins Alltagsleben ohne \u00f6ffentliche Verkehrsmittel im Wien der 1850er. Anschlie\u00dfend lernen sie die wichtigsten Meilensteine in der Entwicklungsgeschichte \u00f6ffentlicher Verkehrsmittel in Wien kennen.&nbsp;<\/p>\n\n\n\n<p>Der Mix aus herk\u00f6mmlichen Arbeitsbl\u00e4ttern sowie Materialien f\u00fcr den Stationenunterricht erm\u00f6glicht methodische Vielfalt sowie das Eingehen auf spezifische M\u00f6glichkeiten und Bed\u00fcrfnisse der Sch\u00fclerInnen.<\/p>\n\n\n<div class=\"lazyblock-materialien-download-Z1uLc86 wp-block-lazyblock-materialien-download\"><div class=\"material\">\n  <div class=\"material-files\">\n    <div class=\"material-file\">\n      <h3>Einstieg ins Thema<\/h3>\n      <img decoding=\"async\" class=\"material-img\" src=\"https:\/\/www.lehrer.at\/remise\/wp-content\/uploads\/sites\/8\/2021\/06\/image-5.png\" alt=\"\"\/>\n      <a class=\"material-link\" href=\"https:\/\/www.lehrer.at\/remise\/wp-content\/uploads\/sites\/8\/2021\/06\/Lehrerinfo_Unterwegs_In_Wien_Einstieg.pdf\" target=\"_blank\">Lehrerinfo 6 Seiten, 80Kb<\/a>\n      <a class=\"material-link\" href=\"https:\/\/www.lehrer.at\/remise\/wp-content\/uploads\/sites\/8\/2021\/06\/Arbeitsmaterial_Unterwegs-in-Wien_Einstieg.pdf\" target=\"_blank\">Arbeitsmaterialien 18 Seiten, 12Mb<\/a>\n\n      <\/div>\n    <div class=\"material-file\">\n      <h3>Entwicklungsgeschichte  der \u00d6ffis in Wien<\/h3>\n      <img decoding=\"async\" class=\"material-img\" src=\"https:\/\/www.lehrer.at\/remise\/wp-content\/uploads\/sites\/8\/2021\/06\/image-6.png\" alt=\"\"\/>\n      <a class=\"material-link\" href=\"https:\/\/www.lehrer.at\/remise\/wp-content\/uploads\/sites\/8\/2021\/06\/Lehrerinfo_Unterwegs_In_Wien_Entwicklungsgeschichte_oeffentlicher_Verkehrsmittel.pdf\" target=\"_blank\">Lehrerinfo 4 Seiten, 76Kb<\/a>\n      <a class=\"material-link\" href=\"https:\/\/www.lehrer.at\/remise\/wp-content\/uploads\/sites\/8\/2021\/06\/Arbeitsmaterial_Unterwegs-in-Wien_Entwicklungsgeschichte_oeffentlicher_Verkehrsmittel.pdf\" target=\"_blank\">Arbeitsmaterialien 24 Seiten, 13Mb<\/a>\n\n      <\/div>\n    <div class=\"material-file\">\n      <h3>Abschluss des Themas<\/h3>\n      <img decoding=\"async\" class=\"material-img\" src=\"https:\/\/www.lehrer.at\/remise\/wp-content\/uploads\/sites\/8\/2021\/06\/image-7.png\" alt=\"\"\/>\n      <a class=\"material-link\" href=\"https:\/\/www.lehrer.at\/remise\/wp-content\/uploads\/sites\/8\/2021\/06\/Lehrerinfo_Unterwegs_In_Wien_Abschluss_und_Anhang.pdf\" target=\"_blank\">Lehrerinfo 4 Seiten, 77Kb<\/a>\n      <a class=\"material-link\" href=\"https:\/\/www.lehrer.at\/remise\/wp-content\/uploads\/sites\/8\/2021\/06\/Arbeitsmaterial_Unterwegs-in-Wien_Abschluss.pdf\" target=\"_blank\">Arbeitsmaterialien 4 Seiten, 830Kb<\/a>\n\n      <\/div>\n    <div class=\"material-file\">\n      \n      \n      <a class=\"material-link\" href=\"https:\/\/www.lehrer.at\/remise\/wp-content\/uploads\/sites\/8\/2021\/06\/Unterwegs_in_Wien_Volksschule_Gesamt.pdf\" target=\"_blank\">Gesamtpaket<\/a>\n      <\/a>\n\n      <\/div>\n  <\/div>\n<\/div><\/div>","protected":false},"excerpt":{"rendered":"<p>Dieses Materialienpaket liefert eine erste&nbsp;Einf\u00fchrung in die Geschichte der Wiener \u00d6ffis.&nbsp; Nach der Analyse ihres eigenen Schulweges und\/oder der Auseinandersetzung mit den Spezifika verschiedener Verkehrsmittel erhalten die Sch\u00fclerInnen einen Einblick ins Alltagsleben ohne \u00f6ffentliche Verkehrsmittel im Wien der 1850er. Anschlie\u00dfend lernen sie die wichtigsten Meilensteine in der Entwicklungsgeschichte \u00f6ffentlicher Verkehrsmittel in Wien kennen.&nbsp; Der Mix [&hellip;]<\/p>\n","protected":false},"author":1,"featured_media":64,"parent":58,"menu_order":1,"comment_status":"closed","ping_status":"closed","template":"page-unterrichtsmaterial.php","meta":{"_acf_changed":false,"footnotes":""},"class_list":["post-56","page","type-page","status-publish","has-post-thumbnail","hentry"],"acf":[],"yoast_head":"<!-- This site is optimized with the Yoast SEO plugin v27.0 - https:\/\/yoast.com\/product\/yoast-seo-wordpress\/ -->\n<title>Unterwegs in Wien - Remise<\/title>\n<meta name=\"robots\" content=\"index, follow, max-snippet:-1, max-image-preview:large, max-video-preview:-1\" \/>\n<link rel=\"canonical\" href=\"https:\/\/www.lehrer.at\/remise\/unterrichtsmaterialien\/volksschule\/unterwegs-in-wien\/\" \/>\n<meta property=\"og:locale\" content=\"de_DE\" \/>\n<meta property=\"og:type\" content=\"article\" \/>\n<meta property=\"og:title\" content=\"Unterwegs in Wien - Remise\" \/>\n<meta property=\"og:description\" content=\"Dieses Materialienpaket liefert eine erste&nbsp;Einf\u00fchrung in die Geschichte der Wiener \u00d6ffis.&nbsp; Nach der Analyse ihres eigenen Schulweges und\/oder der Auseinandersetzung mit den Spezifika verschiedener Verkehrsmittel erhalten die Sch\u00fclerInnen einen Einblick ins Alltagsleben ohne \u00f6ffentliche Verkehrsmittel im Wien der 1850er. Anschlie\u00dfend lernen sie die wichtigsten Meilensteine in der Entwicklungsgeschichte \u00f6ffentlicher Verkehrsmittel in Wien kennen.&nbsp; Der Mix [&hellip;]\" \/>\n<meta property=\"og:url\" content=\"https:\/\/www.lehrer.at\/remise\/unterrichtsmaterialien\/volksschule\/unterwegs-in-wien\/\" \/>\n<meta property=\"og:site_name\" content=\"Remise\" \/>\n<meta property=\"article:modified_time\" content=\"2021-06-06T20:37:22+00:00\" \/>\n<meta property=\"og:image\" content=\"https:\/\/www.lehrer.at\/remise\/wp-content\/uploads\/sites\/8\/2021\/06\/vs_bild_pfeil.png\" \/>\n\t<meta property=\"og:image:width\" content=\"276\" \/>\n\t<meta property=\"og:image:height\" content=\"184\" \/>\n\t<meta property=\"og:image:type\" content=\"image\/png\" \/>\n<meta name=\"twitter:card\" content=\"summary_large_image\" \/>\n<script type=\"application\/ld+json\" class=\"yoast-schema-graph\">{\"@context\":\"https:\/\/schema.org\",\"@graph\":[{\"@type\":\"WebPage\",\"@id\":\"https:\/\/www.lehrer.at\/remise\/unterrichtsmaterialien\/volksschule\/unterwegs-in-wien\/\",\"url\":\"https:\/\/www.lehrer.at\/remise\/unterrichtsmaterialien\/volksschule\/unterwegs-in-wien\/\",\"name\":\"Unterwegs in Wien - Remise\",\"isPartOf\":{\"@id\":\"https:\/\/www.lehrer.at\/remise\/#website\"},\"primaryImageOfPage\":{\"@id\":\"https:\/\/www.lehrer.at\/remise\/unterrichtsmaterialien\/volksschule\/unterwegs-in-wien\/#primaryimage\"},\"image\":{\"@id\":\"https:\/\/www.lehrer.at\/remise\/unterrichtsmaterialien\/volksschule\/unterwegs-in-wien\/#primaryimage\"},\"thumbnailUrl\":\"https:\/\/www.lehrer.at\/remise\/wp-content\/uploads\/sites\/8\/2021\/06\/vs_bild_pfeil.png\",\"datePublished\":\"2021-06-06T19:02:57+00:00\",\"dateModified\":\"2021-06-06T20:37:22+00:00\",\"breadcrumb\":{\"@id\":\"https:\/\/www.lehrer.at\/remise\/unterrichtsmaterialien\/volksschule\/unterwegs-in-wien\/#breadcrumb\"},\"inLanguage\":\"de-AT\",\"potentialAction\":[{\"@type\":\"ReadAction\",\"target\":[\"https:\/\/www.lehrer.at\/remise\/unterrichtsmaterialien\/volksschule\/unterwegs-in-wien\/\"]}]},{\"@type\":\"ImageObject\",\"inLanguage\":\"de-AT\",\"@id\":\"https:\/\/www.lehrer.at\/remise\/unterrichtsmaterialien\/volksschule\/unterwegs-in-wien\/#primaryimage\",\"url\":\"https:\/\/www.lehrer.at\/remise\/wp-content\/uploads\/sites\/8\/2021\/06\/vs_bild_pfeil.png\",\"contentUrl\":\"https:\/\/www.lehrer.at\/remise\/wp-content\/uploads\/sites\/8\/2021\/06\/vs_bild_pfeil.png\",\"width\":276,\"height\":184},{\"@type\":\"BreadcrumbList\",\"@id\":\"https:\/\/www.lehrer.at\/remise\/unterrichtsmaterialien\/volksschule\/unterwegs-in-wien\/#breadcrumb\",\"itemListElement\":[{\"@type\":\"ListItem\",\"position\":1,\"name\":\"Startseite\",\"item\":\"https:\/\/www.lehrer.at\/remise\/\"},{\"@type\":\"ListItem\",\"position\":2,\"name\":\"Unterrichtsmaterialien\",\"item\":\"https:\/\/www.lehrer.at\/remise\/unterrichtsmaterialien\/\"},{\"@type\":\"ListItem\",\"position\":3,\"name\":\"Volksschule\",\"item\":\"https:\/\/www.lehrer.at\/remise\/unterrichtsmaterialien\/volksschule\/\"},{\"@type\":\"ListItem\",\"position\":4,\"name\":\"Unterwegs in Wien\"}]},{\"@type\":\"WebSite\",\"@id\":\"https:\/\/www.lehrer.at\/remise\/#website\",\"url\":\"https:\/\/www.lehrer.at\/remise\/\",\"name\":\"Remise\",\"description\":\"Zeitreise mit Wiener \u00d6ffis\",\"potentialAction\":[{\"@type\":\"SearchAction\",\"target\":{\"@type\":\"EntryPoint\",\"urlTemplate\":\"https:\/\/www.lehrer.at\/remise\/?s={search_term_string}\"},\"query-input\":{\"@type\":\"PropertyValueSpecification\",\"valueRequired\":true,\"valueName\":\"search_term_string\"}}],\"inLanguage\":\"de-AT\"}]}<\/script>\n<!-- \/ Yoast SEO plugin. -->","yoast_head_json":{"title":"Unterwegs in Wien - Remise","robots":{"index":"index","follow":"follow","max-snippet":"max-snippet:-1","max-image-preview":"max-image-preview:large","max-video-preview":"max-video-preview:-1"},"canonical":"https:\/\/www.lehrer.at\/remise\/unterrichtsmaterialien\/volksschule\/unterwegs-in-wien\/","og_locale":"de_DE","og_type":"article","og_title":"Unterwegs in Wien - Remise","og_description":"Dieses Materialienpaket liefert eine erste&nbsp;Einf\u00fchrung in die Geschichte der Wiener \u00d6ffis.&nbsp; Nach der Analyse ihres eigenen Schulweges und\/oder der Auseinandersetzung mit den Spezifika verschiedener Verkehrsmittel erhalten die Sch\u00fclerInnen einen Einblick ins Alltagsleben ohne \u00f6ffentliche Verkehrsmittel im Wien der 1850er. Anschlie\u00dfend lernen sie die wichtigsten Meilensteine in der Entwicklungsgeschichte \u00f6ffentlicher Verkehrsmittel in Wien kennen.&nbsp; Der Mix [&hellip;]","og_url":"https:\/\/www.lehrer.at\/remise\/unterrichtsmaterialien\/volksschule\/unterwegs-in-wien\/","og_site_name":"Remise","article_modified_time":"2021-06-06T20:37:22+00:00","og_image":[{"width":276,"height":184,"url":"https:\/\/www.lehrer.at\/remise\/wp-content\/uploads\/sites\/8\/2021\/06\/vs_bild_pfeil.png","type":"image\/png"}],"twitter_card":"summary_large_image","schema":{"@context":"https:\/\/schema.org","@graph":[{"@type":"WebPage","@id":"https:\/\/www.lehrer.at\/remise\/unterrichtsmaterialien\/volksschule\/unterwegs-in-wien\/","url":"https:\/\/www.lehrer.at\/remise\/unterrichtsmaterialien\/volksschule\/unterwegs-in-wien\/","name":"Unterwegs in Wien - Remise","isPartOf":{"@id":"https:\/\/www.lehrer.at\/remise\/#website"},"primaryImageOfPage":{"@id":"https:\/\/www.lehrer.at\/remise\/unterrichtsmaterialien\/volksschule\/unterwegs-in-wien\/#primaryimage"},"image":{"@id":"https:\/\/www.lehrer.at\/remise\/unterrichtsmaterialien\/volksschule\/unterwegs-in-wien\/#primaryimage"},"thumbnailUrl":"https:\/\/www.lehrer.at\/remise\/wp-content\/uploads\/sites\/8\/2021\/06\/vs_bild_pfeil.png","datePublished":"2021-06-06T19:02:57+00:00","dateModified":"2021-06-06T20:37:22+00:00","breadcrumb":{"@id":"https:\/\/www.lehrer.at\/remise\/unterrichtsmaterialien\/volksschule\/unterwegs-in-wien\/#breadcrumb"},"inLanguage":"de-AT","potentialAction":[{"@type":"ReadAction","target":["https:\/\/www.lehrer.at\/remise\/unterrichtsmaterialien\/volksschule\/unterwegs-in-wien\/"]}]},{"@type":"ImageObject","inLanguage":"de-AT","@id":"https:\/\/www.lehrer.at\/remise\/unterrichtsmaterialien\/volksschule\/unterwegs-in-wien\/#primaryimage","url":"https:\/\/www.lehrer.at\/remise\/wp-content\/uploads\/sites\/8\/2021\/06\/vs_bild_pfeil.png","contentUrl":"https:\/\/www.lehrer.at\/remise\/wp-content\/uploads\/sites\/8\/2021\/06\/vs_bild_pfeil.png","width":276,"height":184},{"@type":"BreadcrumbList","@id":"https:\/\/www.lehrer.at\/remise\/unterrichtsmaterialien\/volksschule\/unterwegs-in-wien\/#breadcrumb","itemListElement":[{"@type":"ListItem","position":1,"name":"Startseite","item":"https:\/\/www.lehrer.at\/remise\/"},{"@type":"ListItem","position":2,"name":"Unterrichtsmaterialien","item":"https:\/\/www.lehrer.at\/remise\/unterrichtsmaterialien\/"},{"@type":"ListItem","position":3,"name":"Volksschule","item":"https:\/\/www.lehrer.at\/remise\/unterrichtsmaterialien\/volksschule\/"},{"@type":"ListItem","position":4,"name":"Unterwegs in Wien"}]},{"@type":"WebSite","@id":"https:\/\/www.lehrer.at\/remise\/#website","url":"https:\/\/www.lehrer.at\/remise\/","name":"Remise","description":"Zeitreise mit Wiener \u00d6ffis","potentialAction":[{"@type":"SearchAction","target":{"@type":"EntryPoint","urlTemplate":"https:\/\/www.lehrer.at\/remise\/?s={search_term_string}"},"query-input":{"@type":"PropertyValueSpecification","valueRequired":true,"valueName":"search_term_string"}}],"inLanguage":"de-AT"}]}},"_links":{"self":[{"href":"https:\/\/www.lehrer.at\/remise\/wp-json\/wp\/v2\/pages\/56","targetHints":{"allow":["GET"]}}],"collection":[{"href":"https:\/\/www.lehrer.at\/remise\/wp-json\/wp\/v2\/pages"}],"about":[{"href":"https:\/\/www.lehrer.at\/remise\/wp-json\/wp\/v2\/types\/page"}],"author":[{"embeddable":true,"href":"https:\/\/www.lehrer.at\/remise\/wp-json\/wp\/v2\/users\/1"}],"replies":[{"embeddable":true,"href":"https:\/\/www.lehrer.at\/remise\/wp-json\/wp\/v2\/comments?post=56"}],"version-history":[{"count":7,"href":"https:\/\/www.lehrer.at\/remise\/wp-json\/wp\/v2\/pages\/56\/revisions"}],"predecessor-version":[{"id":121,"href":"https:\/\/www.lehrer.at\/remise\/wp-json\/wp\/v2\/pages\/56\/revisions\/121"}],"up":[{"embeddable":true,"href":"https:\/\/www.lehrer.at\/remise\/wp-json\/wp\/v2\/pages\/58"}],"wp:featuredmedia":[{"embeddable":true,"href":"https:\/\/www.lehrer.at\/remise\/wp-json\/wp\/v2\/media\/64"}],"wp:attachment":[{"href":"https:\/\/www.lehrer.at\/remise\/wp-json\/wp\/v2\/media?parent=56"}],"curies":[{"name":"wp","href":"https:\/\/api.w.org\/{rel}","templated":true}]}}