{"id":57,"date":"2023-08-08T14:12:01","date_gmt":"2023-08-08T12:12:01","guid":{"rendered":"https:\/\/www.lehrer.at\/rechtohnestreit\/?page_id=57"},"modified":"2023-09-11T16:05:13","modified_gmt":"2023-09-11T14:05:13","slug":"kontakt","status":"publish","type":"page","link":"https:\/\/www.lehrer.at\/rechtohnestreit\/kontakt\/","title":{"rendered":"Kontakt"},"content":{"rendered":"\n<div class=\"wp-block-columns is-layout-flex wp-container-core-columns-is-layout-e0e4babd wp-block-columns-is-layout-flex\" style=\"padding-right:0;padding-left:0\">\n<div class=\"wp-block-column is-layout-flow wp-block-column-is-layout-flow\" style=\"flex-basis:33.33%\">\n<figure class=\"wp-block-image size-full\"><img loading=\"lazy\" decoding=\"async\" width=\"619\" height=\"464\" src=\"https:\/\/www.lehrer.at\/rechtohnestreit\/wp-content\/uploads\/sites\/10\/2023\/08\/adressen.jpg\" alt=\"\" class=\"wp-image-553\" srcset=\"https:\/\/www.lehrer.at\/rechtohnestreit\/wp-content\/uploads\/sites\/10\/2023\/08\/adressen.jpg 619w, https:\/\/www.lehrer.at\/rechtohnestreit\/wp-content\/uploads\/sites\/10\/2023\/08\/adressen-300x225.jpg 300w\" sizes=\"auto, (max-width: 619px) 100vw, 619px\" \/><\/figure>\n<\/div>\n\n\n\n<div class=\"wp-block-column is-layout-flow wp-block-column-is-layout-flow\" style=\"padding-right:var(--wp--preset--spacing--50);padding-left:var(--wp--preset--spacing--50);flex-basis:66.66%\">\n<p style=\"font-size:22px\"><strong>Sie haben Anregungen oder Fragen zum Projekt?<\/strong><\/p>\n\n\n\n<p style=\"font-size:18px\">Kontaktieren Sie uns gerne!<\/p>\n\n\n\n<div style=\"height:2px\" aria-hidden=\"true\" class=\"wp-block-spacer\"><\/div>\n\n\n\n<p style=\"font-size:17px\">Tel.: <strong>+43 1 492 000 3<\/strong> <\/p>\n\n\n\n<p style=\"font-size:17px\">E-Mail: <a rel=\"noreferrer noopener\" href=\"mailto:office@bildungsagentur.at\" target=\"_blank\"><strong>office@bildungsagentur.at<\/strong><\/a><\/p>\n<\/div>\n<\/div>\n\n\n\n<div style=\"height:22px\" aria-hidden=\"true\" class=\"wp-block-spacer\"><\/div>\n\n\n\n<p class=\"has-text-align-left\" style=\"font-size:18px\">Weitere Projekte der Bildungsagentur Content Pool finden Sie auf <a rel=\"noreferrer noopener\" href=\"https:\/\/www.lehrer.at\" target=\"_blank\">www.lehrer.at<\/a>, unserem unabh\u00e4ngigen Zielgruppenportal  f\u00fcr P\u00e4dagog*innen, sowie auf der Unternehmenswebseite <a rel=\"noreferrer noopener\" href=\"https:\/\/www.content-pool.at\" target=\"_blank\">www.content-pool.at<\/a>.<\/p>\n","protected":false},"excerpt":{"rendered":"<p>Sie haben Anregungen oder Fragen zum Projekt? Kontaktieren Sie uns gerne! Tel.: +43 1 492 000 3 E-Mail: office@bildungsagentur.at Weitere Projekte der Bildungsagentur Content Pool finden Sie auf www.lehrer.at, unserem unabh\u00e4ngigen Zielgruppenportal f\u00fcr P\u00e4dagog*innen, sowie auf der Unternehmenswebseite www.content-pool.at.<\/p>\n","protected":false},"author":3,"featured_media":0,"parent":0,"menu_order":0,"comment_status":"closed","ping_status":"closed","template":"","meta":{"_acf_changed":false,"site-sidebar-layout":"default","site-content-layout":"","ast-site-content-layout":"default","site-content-style":"default","site-sidebar-style":"default","ast-global-header-display":"","ast-banner-title-visibility":"","ast-main-header-display":"","ast-hfb-above-header-display":"","ast-hfb-below-header-display":"","ast-hfb-mobile-header-display":"","site-post-title":"","ast-breadcrumbs-content":"","ast-featured-img":"","footer-sml-layout":"","theme-transparent-header-meta":"","adv-header-id-meta":"","stick-header-meta":"","header-above-stick-meta":"","header-main-stick-meta":"","header-below-stick-meta":"","astra-migrate-meta-layouts":"set","ast-page-background-enabled":"default","ast-page-background-meta":{"desktop":{"background-color":"var(--ast-global-color-4)","background-image":"","background-repeat":"repeat","background-position":"center center","background-size":"auto","background-attachment":"scroll","background-type":"","background-media":"","overlay-type":"","overlay-color":"","overlay-opacity":"","overlay-gradient":""},"tablet":{"background-color":"","background-image":"","background-repeat":"repeat","background-position":"center center","background-size":"auto","background-attachment":"scroll","background-type":"","background-media":"","overlay-type":"","overlay-color":"","overlay-opacity":"","overlay-gradient":""},"mobile":{"background-color":"","background-image":"","background-repeat":"repeat","background-position":"center center","background-size":"auto","background-attachment":"scroll","background-type":"","background-media":"","overlay-type":"","overlay-color":"","overlay-opacity":"","overlay-gradient":""}},"ast-content-background-meta":{"desktop":{"background-color":"var(--ast-global-color-5)","background-image":"","background-repeat":"repeat","background-position":"center center","background-size":"auto","background-attachment":"scroll","background-type":"","background-media":"","overlay-type":"","overlay-color":"","overlay-opacity":"","overlay-gradient":""},"tablet":{"background-color":"var(--ast-global-color-5)","background-image":"","background-repeat":"repeat","background-position":"center center","background-size":"auto","background-attachment":"scroll","background-type":"","background-media":"","overlay-type":"","overlay-color":"","overlay-opacity":"","overlay-gradient":""},"mobile":{"background-color":"var(--ast-global-color-5)","background-image":"","background-repeat":"repeat","background-position":"center center","background-size":"auto","background-attachment":"scroll","background-type":"","background-media":"","overlay-type":"","overlay-color":"","overlay-opacity":"","overlay-gradient":""}},"footnotes":""},"class_list":["post-57","page","type-page","status-publish","hentry"],"acf":[],"yoast_head":"<!-- This site is optimized with the Yoast SEO plugin v27.0 - https:\/\/yoast.com\/product\/yoast-seo-wordpress\/ -->\n<title>Kontakt -<\/title>\n<meta name=\"robots\" content=\"index, follow, max-snippet:-1, max-image-preview:large, max-video-preview:-1\" \/>\n<link rel=\"canonical\" href=\"https:\/\/www.lehrer.at\/rechtohnestreit\/kontakt\/\" \/>\n<meta property=\"og:locale\" content=\"de_DE\" \/>\n<meta property=\"og:type\" content=\"article\" \/>\n<meta property=\"og:title\" content=\"Kontakt -\" \/>\n<meta property=\"og:description\" content=\"Sie haben Anregungen oder Fragen zum Projekt? Kontaktieren Sie uns gerne! Tel.: +43 1 492 000 3 E-Mail: office@bildungsagentur.at Weitere Projekte der Bildungsagentur Content Pool finden Sie auf www.lehrer.at, unserem unabh\u00e4ngigen Zielgruppenportal f\u00fcr P\u00e4dagog*innen, sowie auf der Unternehmenswebseite www.content-pool.at.\" \/>\n<meta property=\"og:url\" content=\"https:\/\/www.lehrer.at\/rechtohnestreit\/kontakt\/\" \/>\n<meta property=\"article:modified_time\" content=\"2023-09-11T14:05:13+00:00\" \/>\n<meta property=\"og:image\" content=\"https:\/\/www.lehrer.at\/rechtohnestreit\/wp-content\/uploads\/sites\/10\/2023\/08\/adressen.jpg\" \/>\n\t<meta property=\"og:image:width\" content=\"619\" \/>\n\t<meta property=\"og:image:height\" content=\"464\" \/>\n\t<meta property=\"og:image:type\" content=\"image\/jpeg\" \/>\n<meta name=\"twitter:card\" content=\"summary_large_image\" \/>\n<script type=\"application\/ld+json\" class=\"yoast-schema-graph\">{\"@context\":\"https:\/\/schema.org\",\"@graph\":[{\"@type\":\"WebPage\",\"@id\":\"https:\/\/www.lehrer.at\/rechtohnestreit\/kontakt\/\",\"url\":\"https:\/\/www.lehrer.at\/rechtohnestreit\/kontakt\/\",\"name\":\"Kontakt -\",\"isPartOf\":{\"@id\":\"https:\/\/www.lehrer.at\/rechtohnestreit\/#website\"},\"primaryImageOfPage\":{\"@id\":\"https:\/\/www.lehrer.at\/rechtohnestreit\/kontakt\/#primaryimage\"},\"image\":{\"@id\":\"https:\/\/www.lehrer.at\/rechtohnestreit\/kontakt\/#primaryimage\"},\"thumbnailUrl\":\"https:\/\/www.lehrer.at\/rechtohnestreit\/wp-content\/uploads\/sites\/10\/2023\/08\/adressen.jpg\",\"datePublished\":\"2023-08-08T12:12:01+00:00\",\"dateModified\":\"2023-09-11T14:05:13+00:00\",\"breadcrumb\":{\"@id\":\"https:\/\/www.lehrer.at\/rechtohnestreit\/kontakt\/#breadcrumb\"},\"inLanguage\":\"de-AT\",\"potentialAction\":[{\"@type\":\"ReadAction\",\"target\":[\"https:\/\/www.lehrer.at\/rechtohnestreit\/kontakt\/\"]}]},{\"@type\":\"ImageObject\",\"inLanguage\":\"de-AT\",\"@id\":\"https:\/\/www.lehrer.at\/rechtohnestreit\/kontakt\/#primaryimage\",\"url\":\"https:\/\/www.lehrer.at\/rechtohnestreit\/wp-content\/uploads\/sites\/10\/2023\/08\/adressen.jpg\",\"contentUrl\":\"https:\/\/www.lehrer.at\/rechtohnestreit\/wp-content\/uploads\/sites\/10\/2023\/08\/adressen.jpg\",\"width\":619,\"height\":464},{\"@type\":\"BreadcrumbList\",\"@id\":\"https:\/\/www.lehrer.at\/rechtohnestreit\/kontakt\/#breadcrumb\",\"itemListElement\":[{\"@type\":\"ListItem\",\"position\":1,\"name\":\"Startseite\",\"item\":\"https:\/\/www.lehrer.at\/rechtohnestreit\/\"},{\"@type\":\"ListItem\",\"position\":2,\"name\":\"Kontakt\"}]},{\"@type\":\"WebSite\",\"@id\":\"https:\/\/www.lehrer.at\/rechtohnestreit\/#website\",\"url\":\"https:\/\/www.lehrer.at\/rechtohnestreit\/\",\"name\":\"\",\"description\":\"\",\"potentialAction\":[{\"@type\":\"SearchAction\",\"target\":{\"@type\":\"EntryPoint\",\"urlTemplate\":\"https:\/\/www.lehrer.at\/rechtohnestreit\/?s={search_term_string}\"},\"query-input\":{\"@type\":\"PropertyValueSpecification\",\"valueRequired\":true,\"valueName\":\"search_term_string\"}}],\"inLanguage\":\"de-AT\"}]}<\/script>\n<!-- \/ Yoast SEO plugin. -->","yoast_head_json":{"title":"Kontakt -","robots":{"index":"index","follow":"follow","max-snippet":"max-snippet:-1","max-image-preview":"max-image-preview:large","max-video-preview":"max-video-preview:-1"},"canonical":"https:\/\/www.lehrer.at\/rechtohnestreit\/kontakt\/","og_locale":"de_DE","og_type":"article","og_title":"Kontakt -","og_description":"Sie haben Anregungen oder Fragen zum Projekt? Kontaktieren Sie uns gerne! Tel.: +43 1 492 000 3 E-Mail: office@bildungsagentur.at Weitere Projekte der Bildungsagentur Content Pool finden Sie auf www.lehrer.at, unserem unabh\u00e4ngigen Zielgruppenportal f\u00fcr P\u00e4dagog*innen, sowie auf der Unternehmenswebseite www.content-pool.at.","og_url":"https:\/\/www.lehrer.at\/rechtohnestreit\/kontakt\/","article_modified_time":"2023-09-11T14:05:13+00:00","og_image":[{"width":619,"height":464,"url":"https:\/\/www.lehrer.at\/rechtohnestreit\/wp-content\/uploads\/sites\/10\/2023\/08\/adressen.jpg","type":"image\/jpeg"}],"twitter_card":"summary_large_image","schema":{"@context":"https:\/\/schema.org","@graph":[{"@type":"WebPage","@id":"https:\/\/www.lehrer.at\/rechtohnestreit\/kontakt\/","url":"https:\/\/www.lehrer.at\/rechtohnestreit\/kontakt\/","name":"Kontakt -","isPartOf":{"@id":"https:\/\/www.lehrer.at\/rechtohnestreit\/#website"},"primaryImageOfPage":{"@id":"https:\/\/www.lehrer.at\/rechtohnestreit\/kontakt\/#primaryimage"},"image":{"@id":"https:\/\/www.lehrer.at\/rechtohnestreit\/kontakt\/#primaryimage"},"thumbnailUrl":"https:\/\/www.lehrer.at\/rechtohnestreit\/wp-content\/uploads\/sites\/10\/2023\/08\/adressen.jpg","datePublished":"2023-08-08T12:12:01+00:00","dateModified":"2023-09-11T14:05:13+00:00","breadcrumb":{"@id":"https:\/\/www.lehrer.at\/rechtohnestreit\/kontakt\/#breadcrumb"},"inLanguage":"de-AT","potentialAction":[{"@type":"ReadAction","target":["https:\/\/www.lehrer.at\/rechtohnestreit\/kontakt\/"]}]},{"@type":"ImageObject","inLanguage":"de-AT","@id":"https:\/\/www.lehrer.at\/rechtohnestreit\/kontakt\/#primaryimage","url":"https:\/\/www.lehrer.at\/rechtohnestreit\/wp-content\/uploads\/sites\/10\/2023\/08\/adressen.jpg","contentUrl":"https:\/\/www.lehrer.at\/rechtohnestreit\/wp-content\/uploads\/sites\/10\/2023\/08\/adressen.jpg","width":619,"height":464},{"@type":"BreadcrumbList","@id":"https:\/\/www.lehrer.at\/rechtohnestreit\/kontakt\/#breadcrumb","itemListElement":[{"@type":"ListItem","position":1,"name":"Startseite","item":"https:\/\/www.lehrer.at\/rechtohnestreit\/"},{"@type":"ListItem","position":2,"name":"Kontakt"}]},{"@type":"WebSite","@id":"https:\/\/www.lehrer.at\/rechtohnestreit\/#website","url":"https:\/\/www.lehrer.at\/rechtohnestreit\/","name":"","description":"","potentialAction":[{"@type":"SearchAction","target":{"@type":"EntryPoint","urlTemplate":"https:\/\/www.lehrer.at\/rechtohnestreit\/?s={search_term_string}"},"query-input":{"@type":"PropertyValueSpecification","valueRequired":true,"valueName":"search_term_string"}}],"inLanguage":"de-AT"}]}},"_links":{"self":[{"href":"https:\/\/www.lehrer.at\/rechtohnestreit\/wp-json\/wp\/v2\/pages\/57","targetHints":{"allow":["GET"]}}],"collection":[{"href":"https:\/\/www.lehrer.at\/rechtohnestreit\/wp-json\/wp\/v2\/pages"}],"about":[{"href":"https:\/\/www.lehrer.at\/rechtohnestreit\/wp-json\/wp\/v2\/types\/page"}],"author":[{"embeddable":true,"href":"https:\/\/www.lehrer.at\/rechtohnestreit\/wp-json\/wp\/v2\/users\/3"}],"replies":[{"embeddable":true,"href":"https:\/\/www.lehrer.at\/rechtohnestreit\/wp-json\/wp\/v2\/comments?post=57"}],"version-history":[{"count":114,"href":"https:\/\/www.lehrer.at\/rechtohnestreit\/wp-json\/wp\/v2\/pages\/57\/revisions"}],"predecessor-version":[{"id":567,"href":"https:\/\/www.lehrer.at\/rechtohnestreit\/wp-json\/wp\/v2\/pages\/57\/revisions\/567"}],"wp:attachment":[{"href":"https:\/\/www.lehrer.at\/rechtohnestreit\/wp-json\/wp\/v2\/media?parent=57"}],"curies":[{"name":"wp","href":"https:\/\/api.w.org\/{rel}","templated":true}]}}