{"id":372,"date":"2025-09-03T15:51:06","date_gmt":"2025-09-03T13:51:06","guid":{"rendered":"https:\/\/www.lehrer.at\/pubertaet2\/?page_id=372"},"modified":"2025-10-28T16:50:20","modified_gmt":"2025-10-28T15:50:20","slug":"datenschutz","status":"publish","type":"page","link":"https:\/\/www.lehrer.at\/pubertaet\/datenschutz\/","title":{"rendered":"Datenschutz"},"content":{"rendered":"\n<h1 class=\"wp-block-heading\">Datenschutzerkl\u00e4rung<\/h1>\n\n\n\n<p>Der Schutz Ihrer pers\u00f6nlichen Daten ist uns ein besonderes Anliegen. Wir verarbeiten Ihre Daten daher ausschlie\u00dflich auf Grundlage der gesetzlichen Bestimmungen (DSGVO, TKG 2003). In diesen Datenschutzinformationen informieren wir Sie \u00fcber die wichtigsten Aspekte der Datenverarbeitung im Rahmen unserer Webseite.<\/p>\n\n\n\n<h4 class=\"wp-block-heading\" style=\"margin-top:var(--wp--preset--spacing--40);margin-bottom:var(--wp--preset--spacing--20)\"><strong>Kontakt mit uns<\/strong><\/h4>\n\n\n\n<p>Wenn Sie per Formular auf der Website oder per E-Mail Kontakt mit uns aufnehmen, werden Ihre angegebenen Daten zwecks Bearbeitung der Anfrage und f\u00fcr den Fall von Anschlussfragen sechs Monate bei uns gespeichert. Diese Daten geben wir nicht ohne Ihre Einwilligung weiter.<\/p>\n\n\n\n<h4 class=\"wp-block-heading\" style=\"margin-top:var(--wp--preset--spacing--40);margin-right:0;margin-bottom:var(--wp--preset--spacing--20)\"><strong>Verarbeitung Ihrer personenbezogenen Daten<\/strong><\/h4>\n\n\n\n<p>Soweit Sie personenbezogene Daten zur Verf\u00fcgung gestellt haben, verwenden wir diese nur zur Beantwortung Ihrer Anfragen bzw. zur Bereitstellung der von Ihnen angeforderten Services. Eine Weitergabe an Dritte erfolgt nur, wenn dies zur Serviceleistung objektiv erforderlich ist (z.B. zur Lieferung bestellter Perioden Kits).<\/p>\n\n\n\n<p>Bei einzelnen journalistischen Beitr\u00e4gen kann es vorkommen, dass personenbezogene Daten ver\u00f6ffentlicht werden. Die von den betreffenden Personen, Institutionen und Organisationen daf\u00fcr bereitgestellten Daten sind zu Informations- und journalistischen Zwecken erforderlich. Die Datenverarbeitung erfolgt auf Basis der gesetzlichen Bestimmungen des \u00a7 96 Abs 3 TKG sowie des Art 6 Abs 1 lit a (Einwilligung) und\/oder lit b (notwendig zur Vertragserf\u00fcllung) der DSGVO bzw. ist durch den \u201eMedienprivileg\u201d nicht Teil der DSGVO.<\/p>\n\n\n\n<h4 class=\"wp-block-heading\" style=\"margin-top:var(--wp--preset--spacing--40);margin-bottom:var(--wp--preset--spacing--20)\"><strong><strong>Spam-Schutz durch Honeypot<\/strong>:<\/strong><\/h4>\n\n\n\n<p>Wir verwenden in unseren Formularen den Honeypot-Spam-Schutz. Dabei wird ein unsichtbares Feld eingebunden, das von regul\u00e4ren Nutzer*innen nicht ausgef\u00fcllt wird. F\u00fcllen automatisierte Bots dieses Feld aus, wird die \u00dcbermittlung blockiert.<br>Der Einsatz dient der Sicherstellung der Systemsicherheit und der Vermeidung missbr\u00e4uchlicher Eingaben. Es werden keine personenbezogenen Daten von tats\u00e4chlichen Nutzer*innen verarbeite<br>Rechtsgrundlage hierf\u00fcr ist Art. 6 Abs. 1 lit. f DSGVO, unser berechtigtes Interesse an einem sicheren und funktionsf\u00e4higen Betrieb unserer Website.<\/p>\n\n\n\n<h4 class=\"wp-block-heading\" style=\"margin-top:var(--wp--preset--spacing--40);margin-bottom:var(--wp--preset--spacing--20)\"><strong>Aufbewahrung<\/strong><\/h4>\n\n\n\n<p>Ihre Daten werden nur solange aufbewahrt, wie dies f\u00fcr die Erbringung unserer Leistungen erforderlich ist bzw. eine Aufbewahrung erlaubt ist.<\/p>\n\n\n\n<p>Die L\u00f6schung der gespeicherten personenbezogenen Daten erfolgt, wenn Sie Ihre Einwilligung zur Speicherung widerrufen, wenn deren Aufbewahrung zur Erf\u00fcllung des mit der Speicherung verfolgten Zwecks nicht mehr erforderlich ist oder wenn ihre Speicherung aus sonstigen gesetzlichen Gr\u00fcnden nicht mehr zul\u00e4ssig ist.<\/p>\n\n\n\n<h4 class=\"wp-block-heading\" style=\"margin-top:var(--wp--preset--spacing--40);margin-bottom:var(--wp--preset--spacing--20)\"><strong>Sicherheit<\/strong><\/h4>\n\n\n\n<p>Wir treffen technische und organisatorische Sicherheitsvorkehrungen, um Ihre durch uns verwalteten, personenbezogenen Daten gegen zuf\u00e4llige oder vors\u00e4tzliche Manipulationen, Verlust, Zerst\u00f6rung oder gegen den Zugriff unberechtigter Personen zu sch\u00fctzen. Unsere Datenverarbeitung und unsere Sicherheitsma\u00dfnahmen werden entsprechend der technologischen Entwicklung fortlaufend aktualisiert.<\/p>\n\n\n\n<p>Unsere Mitarbeiter:innen sind in Bezug auf ihre Verschwiegenheitspflichten (\u00a7 15 DSG \u2013 Datengeheimnis) umfassend instruiert.<\/p>\n\n\n\n<h4 class=\"wp-block-heading\" style=\"margin-top:var(--wp--preset--spacing--40);margin-bottom:var(--wp--preset--spacing--30)\"><strong>Links<\/strong><\/h4>\n\n\n\n<p>Sofern unsere Webseite mit Hilfe von Links auf Internetseiten verweist, die nicht von uns betrieben werden, sind wir f\u00fcr die Einhaltung von Datenschutzbestimmungen auf diesen Internetseiten nicht verantwortlich.<\/p>\n\n\n\n<h4 class=\"wp-block-heading\" style=\"margin-top:var(--wp--preset--spacing--40);margin-bottom:var(--wp--preset--spacing--30)\"><strong>Auskunft und Widerruf von Einwilligungen<\/strong><\/h4>\n\n\n\n<p>Ihnen stehen grunds\u00e4tzlich die Rechte auf Auskunft, Berichtigung, L\u00f6schung, Einschr\u00e4nkung, Daten\u00fcbertragbarkeit, Widerruf und Widerspruch zu. Wir erteilen Ihnen jederzeit unentgeltlich und unverz\u00fcglich Auskunft \u00fcber die zu Ihrer Person gespeicherten Daten. Auch wenn Sie die Berichtigung, Sperrung oder L\u00f6schung Ihrer Daten w\u00fcnschen bzw. Fragen oder Anregungen zum Thema Datenschutz haben, stehen wir Ihnen gerne zur Verf\u00fcgung.<\/p>\n\n\n\n<p>Allenfalls erteilte Einwilligungen zur Erhebung, Verarbeitung und\/oder Nutzung Ihrer personenbezogenen Daten k\u00f6nnen Sie jederzeit mit Wirkung f\u00fcr die Zukunft widerrufen. Von der L\u00f6schung ausgenommen sind ausschlie\u00dflich die Daten, die wir zur Abwicklung noch ausstehender Aufgaben oder zur Durchsetzung unserer Rechte ben\u00f6tigen, sowie Daten, die wir nach gesetzlicher Ma\u00dfgabe aufbewahren m\u00fcssen.<\/p>\n\n\n\n<h4 class=\"wp-block-heading\" style=\"margin-top:var(--wp--preset--spacing--40);margin-bottom:var(--wp--preset--spacing--30)\"><strong>Sie erreichen uns unter folgenden Kontaktdaten<\/strong>:<\/h4>\n\n\n\n<p>Bildungsagentur Content Pool GmbH.<br>Liebhartsgasse 7\/5-7<br>1160 Wien<br>E-Mail:&nbsp;<a href=\"mailto:office@bildungsagentur.at\">office@bildungsagentur.at<\/a><br>Tel.: +43\/(0)1\/492 000 3<\/p>\n\n\n\n<p>Stand: September 2025<\/p>\n\n\n\n<div style=\"height:59px\" aria-hidden=\"true\" class=\"wp-block-spacer\"><\/div>\n","protected":false},"excerpt":{"rendered":"<p>Datenschutzerkl\u00e4rung Der Schutz Ihrer pers\u00f6nlichen Daten ist uns ein besonderes Anliegen. Wir verarbeiten Ihre Daten daher ausschlie\u00dflich auf Grundlage der [&hellip;]<\/p>\n","protected":false},"author":3,"featured_media":0,"parent":0,"menu_order":0,"comment_status":"closed","ping_status":"open","template":"","meta":{"_acf_changed":false,"site-sidebar-layout":"default","site-content-layout":"","ast-site-content-layout":"default","site-content-style":"default","site-sidebar-style":"default","ast-global-header-display":"","ast-banner-title-visibility":"","ast-main-header-display":"","ast-hfb-above-header-display":"","ast-hfb-below-header-display":"","ast-hfb-mobile-header-display":"","site-post-title":"disabled","ast-breadcrumbs-content":"","ast-featured-img":"","footer-sml-layout":"","theme-transparent-header-meta":"","adv-header-id-meta":"","stick-header-meta":"","header-above-stick-meta":"","header-main-stick-meta":"","header-below-stick-meta":"","astra-migrate-meta-layouts":"default","ast-page-background-enabled":"default","ast-page-background-meta":{"desktop":{"background-color":"var(--ast-global-color-5)","background-image":"","background-repeat":"repeat","background-position":"center center","background-size":"auto","background-attachment":"scroll","background-type":"","background-media":"","overlay-type":"","overlay-color":"","overlay-opacity":"","overlay-gradient":""},"tablet":{"background-color":"","background-image":"","background-repeat":"repeat","background-position":"center center","background-size":"auto","background-attachment":"scroll","background-type":"","background-media":"","overlay-type":"","overlay-color":"","overlay-opacity":"","overlay-gradient":""},"mobile":{"background-color":"","background-image":"","background-repeat":"repeat","background-position":"center center","background-size":"auto","background-attachment":"scroll","background-type":"","background-media":"","overlay-type":"","overlay-color":"","overlay-opacity":"","overlay-gradient":""}},"ast-content-background-meta":{"desktop":{"background-color":"var(--ast-global-color-4)","background-image":"","background-repeat":"repeat","background-position":"center center","background-size":"auto","background-attachment":"scroll","background-type":"","background-media":"","overlay-type":"","overlay-color":"","overlay-opacity":"","overlay-gradient":""},"tablet":{"background-color":"var(--ast-global-color-4)","background-image":"","background-repeat":"repeat","background-position":"center center","background-size":"auto","background-attachment":"scroll","background-type":"","background-media":"","overlay-type":"","overlay-color":"","overlay-opacity":"","overlay-gradient":""},"mobile":{"background-color":"var(--ast-global-color-4)","background-image":"","background-repeat":"repeat","background-position":"center center","background-size":"auto","background-attachment":"scroll","background-type":"","background-media":"","overlay-type":"","overlay-color":"","overlay-opacity":"","overlay-gradient":""}},"footnotes":""},"class_list":["post-372","page","type-page","status-publish","hentry"],"acf":[],"yoast_head":"<!-- This site is optimized with the Yoast SEO plugin v27.0 - https:\/\/yoast.com\/product\/yoast-seo-wordpress\/ -->\n<title>Datenschutz -<\/title>\n<meta name=\"robots\" content=\"index, follow, max-snippet:-1, max-image-preview:large, max-video-preview:-1\" \/>\n<link rel=\"canonical\" href=\"https:\/\/www.lehrer.at\/pubertaet\/datenschutz\/\" \/>\n<meta property=\"og:locale\" content=\"de_DE\" \/>\n<meta property=\"og:type\" content=\"article\" \/>\n<meta property=\"og:title\" content=\"Datenschutz -\" \/>\n<meta property=\"og:description\" content=\"Datenschutzerkl\u00e4rung Der Schutz Ihrer pers\u00f6nlichen Daten ist uns ein besonderes Anliegen. Wir verarbeiten Ihre Daten daher ausschlie\u00dflich auf Grundlage der [&hellip;]\" \/>\n<meta property=\"og:url\" content=\"https:\/\/www.lehrer.at\/pubertaet\/datenschutz\/\" \/>\n<meta property=\"article:modified_time\" content=\"2025-10-28T15:50:20+00:00\" \/>\n<meta name=\"twitter:card\" content=\"summary_large_image\" \/>\n<meta name=\"twitter:label1\" content=\"Gesch\u00e4tzte Lesezeit\" \/>\n\t<meta name=\"twitter:data1\" content=\"4 Minuten\" \/>\n<script type=\"application\/ld+json\" class=\"yoast-schema-graph\">{\"@context\":\"https:\/\/schema.org\",\"@graph\":[{\"@type\":\"WebPage\",\"@id\":\"https:\/\/www.lehrer.at\/pubertaet\/datenschutz\/\",\"url\":\"https:\/\/www.lehrer.at\/pubertaet\/datenschutz\/\",\"name\":\"Datenschutz -\",\"isPartOf\":{\"@id\":\"https:\/\/www.lehrer.at\/pubertaet\/#website\"},\"datePublished\":\"2025-09-03T13:51:06+00:00\",\"dateModified\":\"2025-10-28T15:50:20+00:00\",\"breadcrumb\":{\"@id\":\"https:\/\/www.lehrer.at\/pubertaet\/datenschutz\/#breadcrumb\"},\"inLanguage\":\"de-AT\",\"potentialAction\":[{\"@type\":\"ReadAction\",\"target\":[\"https:\/\/www.lehrer.at\/pubertaet\/datenschutz\/\"]}]},{\"@type\":\"BreadcrumbList\",\"@id\":\"https:\/\/www.lehrer.at\/pubertaet\/datenschutz\/#breadcrumb\",\"itemListElement\":[{\"@type\":\"ListItem\",\"position\":1,\"name\":\"Startseite\",\"item\":\"https:\/\/www.lehrer.at\/pubertaet\/\"},{\"@type\":\"ListItem\",\"position\":2,\"name\":\"Datenschutz\"}]},{\"@type\":\"WebSite\",\"@id\":\"https:\/\/www.lehrer.at\/pubertaet\/#website\",\"url\":\"https:\/\/www.lehrer.at\/pubertaet\/\",\"name\":\"\",\"description\":\"\",\"potentialAction\":[{\"@type\":\"SearchAction\",\"target\":{\"@type\":\"EntryPoint\",\"urlTemplate\":\"https:\/\/www.lehrer.at\/pubertaet\/?s={search_term_string}\"},\"query-input\":{\"@type\":\"PropertyValueSpecification\",\"valueRequired\":true,\"valueName\":\"search_term_string\"}}],\"inLanguage\":\"de-AT\"}]}<\/script>\n<!-- \/ Yoast SEO plugin. -->","yoast_head_json":{"title":"Datenschutz -","robots":{"index":"index","follow":"follow","max-snippet":"max-snippet:-1","max-image-preview":"max-image-preview:large","max-video-preview":"max-video-preview:-1"},"canonical":"https:\/\/www.lehrer.at\/pubertaet\/datenschutz\/","og_locale":"de_DE","og_type":"article","og_title":"Datenschutz -","og_description":"Datenschutzerkl\u00e4rung Der Schutz Ihrer pers\u00f6nlichen Daten ist uns ein besonderes Anliegen. Wir verarbeiten Ihre Daten daher ausschlie\u00dflich auf Grundlage der [&hellip;]","og_url":"https:\/\/www.lehrer.at\/pubertaet\/datenschutz\/","article_modified_time":"2025-10-28T15:50:20+00:00","twitter_card":"summary_large_image","twitter_misc":{"Gesch\u00e4tzte Lesezeit":"4 Minuten"},"schema":{"@context":"https:\/\/schema.org","@graph":[{"@type":"WebPage","@id":"https:\/\/www.lehrer.at\/pubertaet\/datenschutz\/","url":"https:\/\/www.lehrer.at\/pubertaet\/datenschutz\/","name":"Datenschutz -","isPartOf":{"@id":"https:\/\/www.lehrer.at\/pubertaet\/#website"},"datePublished":"2025-09-03T13:51:06+00:00","dateModified":"2025-10-28T15:50:20+00:00","breadcrumb":{"@id":"https:\/\/www.lehrer.at\/pubertaet\/datenschutz\/#breadcrumb"},"inLanguage":"de-AT","potentialAction":[{"@type":"ReadAction","target":["https:\/\/www.lehrer.at\/pubertaet\/datenschutz\/"]}]},{"@type":"BreadcrumbList","@id":"https:\/\/www.lehrer.at\/pubertaet\/datenschutz\/#breadcrumb","itemListElement":[{"@type":"ListItem","position":1,"name":"Startseite","item":"https:\/\/www.lehrer.at\/pubertaet\/"},{"@type":"ListItem","position":2,"name":"Datenschutz"}]},{"@type":"WebSite","@id":"https:\/\/www.lehrer.at\/pubertaet\/#website","url":"https:\/\/www.lehrer.at\/pubertaet\/","name":"","description":"","potentialAction":[{"@type":"SearchAction","target":{"@type":"EntryPoint","urlTemplate":"https:\/\/www.lehrer.at\/pubertaet\/?s={search_term_string}"},"query-input":{"@type":"PropertyValueSpecification","valueRequired":true,"valueName":"search_term_string"}}],"inLanguage":"de-AT"}]}},"_links":{"self":[{"href":"https:\/\/www.lehrer.at\/pubertaet\/wp-json\/wp\/v2\/pages\/372","targetHints":{"allow":["GET"]}}],"collection":[{"href":"https:\/\/www.lehrer.at\/pubertaet\/wp-json\/wp\/v2\/pages"}],"about":[{"href":"https:\/\/www.lehrer.at\/pubertaet\/wp-json\/wp\/v2\/types\/page"}],"author":[{"embeddable":true,"href":"https:\/\/www.lehrer.at\/pubertaet\/wp-json\/wp\/v2\/users\/3"}],"replies":[{"embeddable":true,"href":"https:\/\/www.lehrer.at\/pubertaet\/wp-json\/wp\/v2\/comments?post=372"}],"version-history":[{"count":8,"href":"https:\/\/www.lehrer.at\/pubertaet\/wp-json\/wp\/v2\/pages\/372\/revisions"}],"predecessor-version":[{"id":656,"href":"https:\/\/www.lehrer.at\/pubertaet\/wp-json\/wp\/v2\/pages\/372\/revisions\/656"}],"wp:attachment":[{"href":"https:\/\/www.lehrer.at\/pubertaet\/wp-json\/wp\/v2\/media?parent=372"}],"curies":[{"name":"wp","href":"https:\/\/api.w.org\/{rel}","templated":true}]}}