{"id":2,"date":"2025-08-26T07:30:45","date_gmt":"2025-08-26T05:30:45","guid":{"rendered":"https:\/\/www.lehrer.at\/pubertaet2\/?page_id=2"},"modified":"2025-10-01T10:35:16","modified_gmt":"2025-10-01T08:35:16","slug":"beispiel-seite","status":"publish","type":"page","link":"https:\/\/www.lehrer.at\/pubertaet\/","title":{"rendered":"Startseite"},"content":{"rendered":"\n<h3 class=\"wp-block-heading\">Themenportal Pubert\u00e4t<\/h3>\n\n\n\n<p><strong>Unterricht rund ums Erwachsenwerden ab der 5. Schulstufe<\/strong><\/p>\n\n\n\n<p>Das Themenportal Pubert\u00e4t bietet \u00f6sterreichischen P\u00e4dagog:innen <strong>kostenlose Unterst\u00fctzung<\/strong>, um <strong>Pubert\u00e4t und Sexualit\u00e4t<\/strong> zum <strong>Thema im Unterricht<\/strong> zu machen und den Sch\u00fcler:innen einen <strong>informierten, selbstbewussten Start ins Erwachsenenleben<\/strong> zu erm\u00f6glichen.<\/p>\n\n\n\n<p>Denn die Pubert\u00e4t ist eine spannende, aber auch herausfordernde Phase im Leben Heranwachsender.<br>Mangelndes Wissen \u00fcber die k\u00f6rperlichen und seelischen Ver\u00e4nderungen auf dem Weg vom Kind zur erwachsenen Person sorgen f\u00fcr zus\u00e4tzliche Verunsicherung sowie unbegr\u00fcndete Schamgef\u00fchle und \u00c4ngste.<\/p>\n\n\n\n<div style=\"height:24px\" aria-hidden=\"true\" class=\"wp-block-spacer\"><\/div>\n\n\n\n<div class=\"wp-block-columns card has-white-background-color has-background is-layout-flex wp-container-core-columns-is-layout-85958d59 wp-block-columns-is-layout-flex\" style=\"padding-top:var(--wp--preset--spacing--40);padding-right:var(--wp--preset--spacing--40);padding-bottom:var(--wp--preset--spacing--40);padding-left:var(--wp--preset--spacing--40);box-shadow:var(--wp--preset--shadow--natural)\">\n<div class=\"wp-block-column is-layout-flow wp-block-column-is-layout-flow\">\n<figure class=\"wp-block-image size-full\"><img loading=\"lazy\" decoding=\"async\" width=\"962\" height=\"493\" src=\"https:\/\/www.lehrer.at\/pubertaet2\/wp-content\/uploads\/sites\/12\/2025\/09\/periodekit.jpg\" alt=\"\" class=\"wp-image-75\" srcset=\"https:\/\/www.lehrer.at\/pubertaet\/wp-content\/uploads\/sites\/12\/2025\/09\/periodekit.jpg 962w, https:\/\/www.lehrer.at\/pubertaet\/wp-content\/uploads\/sites\/12\/2025\/09\/periodekit-300x154.jpg 300w, https:\/\/www.lehrer.at\/pubertaet\/wp-content\/uploads\/sites\/12\/2025\/09\/periodekit-768x394.jpg 768w\" sizes=\"auto, (max-width: 962px) 100vw, 962px\" \/><\/figure>\n<\/div>\n\n\n\n<div class=\"wp-block-column is-vertically-aligned-center is-layout-flow wp-block-column-is-layout-flow\">\n<h4 class=\"wp-block-heading\">Perioden Kits<\/h4>\n\n\n\n<p style=\"margin-top:var(--wp--preset--spacing--40);margin-bottom:var(--wp--preset--spacing--20)\"><em>F\u00fcr einen einfachen &amp; sicheren Start:<\/em><\/p>\n\n\n\n<ul style=\"margin-top:0\" class=\"wp-block-list\">\n<li style=\"margin-top:0;padding-top:0\"><strong>Kostenlose Monatshygieneprodukte <\/strong>zum<br>Kennenlernen und Ausprobieren f\u00fcr jede Sch\u00fclerin<\/li>\n\n\n\n<li>Zugang zu digitalem <strong>Pubert\u00e4tsleitfaden f\u00fcr M\u00e4dchen<\/strong> via QR-Code<\/li>\n<\/ul>\n\n\n\n<p style=\"margin-top:0\"><\/p>\n\n\n\n<div class=\"wp-block-buttons is-content-justification-center is-layout-flex wp-container-core-buttons-is-layout-a89b3969 wp-block-buttons-is-layout-flex\">\n<div class=\"wp-block-button button_periodenkit\"><a class=\"wp-block-button__link has-white-color has-ast-global-color-2-background-color has-text-color has-background has-link-color has-text-align-center wp-element-button\" href=\"https:\/\/www.lehrer.at\/pubertaet\/periodenkits\/#bestellformular\">Jetzt kostenlos anfordern<\/a><\/div>\n<\/div>\n<\/div>\n<\/div>\n\n\n\n<div style=\"height:24px\" aria-hidden=\"true\" class=\"wp-block-spacer\"><\/div>\n\n\n\n<div class=\"wp-block-columns container_onlinemodul is-layout-flex wp-container-core-columns-is-layout-0bc6e372 wp-block-columns-is-layout-flex\" style=\"padding-top:0;padding-right:0;padding-bottom:0;padding-left:0\">\n<div class=\"wp-block-column card spalte_onlinemodul has-white-background-color has-background is-layout-flow wp-block-column-is-layout-flow\" style=\"padding-top:var(--wp--preset--spacing--40);padding-right:var(--wp--preset--spacing--40);padding-bottom:var(--wp--preset--spacing--50);padding-left:var(--wp--preset--spacing--40)\">\n<figure class=\"wp-block-image size-full\"><img loading=\"lazy\" decoding=\"async\" width=\"1345\" height=\"910\" src=\"https:\/\/www.lehrer.at\/pubertaet2\/wp-content\/uploads\/sites\/12\/2025\/09\/material_pg_mock_up.jpg\" alt=\"\" class=\"wp-image-85\" srcset=\"https:\/\/www.lehrer.at\/pubertaet\/wp-content\/uploads\/sites\/12\/2025\/09\/material_pg_mock_up.jpg 1345w, https:\/\/www.lehrer.at\/pubertaet\/wp-content\/uploads\/sites\/12\/2025\/09\/material_pg_mock_up-300x203.jpg 300w, https:\/\/www.lehrer.at\/pubertaet\/wp-content\/uploads\/sites\/12\/2025\/09\/material_pg_mock_up-1024x693.jpg 1024w, https:\/\/www.lehrer.at\/pubertaet\/wp-content\/uploads\/sites\/12\/2025\/09\/material_pg_mock_up-768x520.jpg 768w\" sizes=\"auto, (max-width: 1345px) 100vw, 1345px\" \/><\/figure>\n\n\n\n<h4 class=\"wp-block-heading has-text-align-center\">Unterrichtsmaterialien<\/h4>\n\n\n\n<p>Umfangreiche Arbeitsmaterialien und Zusatzinfos zu <br><strong>3 Themenschwerpunkten<\/strong>:<\/p>\n\n\n\n<ul style=\"margin-top:0;margin-bottom:0\" class=\"wp-block-list\">\n<li><strong>Alles neu?<\/strong> <br>Alles zum K\u00f6rper in der Pubert\u00e4t<\/li>\n\n\n\n<li><strong>Alles okay?<\/strong> <br>Gesund und selbstsicher ins Erwachsenenleben<\/li>\n\n\n\n<li><strong>Alles rund um die Periode<\/strong> <br>Weiblicher Zyklus, Periode &amp; Periodenprodukte<\/li>\n<\/ul>\n\n\n\n<div class=\"wp-block-buttons is-content-justification-center is-layout-flex wp-container-core-buttons-is-layout-c3d5205c wp-block-buttons-is-layout-flex\" style=\"margin-top:0;margin-bottom:0\">\n<div class=\"wp-block-button\"><a class=\"wp-block-button__link wp-element-button\" href=\"https:\/\/www.lehrer.at\/pubertaet\/unterrichtsmaterial\/\">Zu den Materialien<\/a><\/div>\n<\/div>\n<\/div>\n\n\n\n<div class=\"wp-block-column card spalte_onlinemodul has-white-background-color has-background is-layout-flow wp-block-column-is-layout-flow\" style=\"padding-top:var(--wp--preset--spacing--40);padding-right:var(--wp--preset--spacing--40);padding-bottom:var(--wp--preset--spacing--50);padding-left:var(--wp--preset--spacing--40)\">\n<figure class=\"wp-block-image size-full\"><img loading=\"lazy\" decoding=\"async\" width=\"638\" height=\"431\" src=\"https:\/\/www.lehrer.at\/pubertaet2\/wp-content\/uploads\/sites\/12\/2025\/09\/ipad_quiz.jpg\" alt=\"\" class=\"wp-image-92\" srcset=\"https:\/\/www.lehrer.at\/pubertaet\/wp-content\/uploads\/sites\/12\/2025\/09\/ipad_quiz.jpg 638w, https:\/\/www.lehrer.at\/pubertaet\/wp-content\/uploads\/sites\/12\/2025\/09\/ipad_quiz-300x203.jpg 300w\" sizes=\"auto, (max-width: 638px) 100vw, 638px\" \/><\/figure>\n\n\n\n<h4 class=\"wp-block-heading has-text-align-center\">Onlinemodule<\/h4>\n\n\n\n<p>Selbst\u00e4ndiges Lernen leicht gemacht &#8211; alltagsnahe Aufbereitung und interaktive Elemente machen Lust <br>am Lernen und f\u00f6rdern Aufkl\u00e4rung und Gesundheits-kompetenz:<\/p>\n\n\n\n<p class=\"has-text-align-center\" style=\"margin-top:0;margin-bottom:0\"><strong>9 interaktive Module<\/strong><br>zum selbst Entdecken und Wiederholen<br><em>Pubert\u00e4t<\/em>, <em>Zyklus<\/em>, <em>Vorsorge <\/em>&amp; noch mehr <strong>K\u00f6rperwissen<\/strong><br>f\u00fcr M\u00e4dchen und Jungen<\/p>\n\n\n\n<div class=\"wp-block-buttons is-content-justification-center is-layout-flex wp-container-core-buttons-is-layout-c3d5205c wp-block-buttons-is-layout-flex\" style=\"margin-top:0;margin-bottom:0\">\n<div class=\"wp-block-button\"><a class=\"wp-block-button__link wp-element-button\" href=\"https:\/\/www.lehrer.at\/pubertaet\/onlinemodule-zum-thema-pubertaet-und-erwachsen-werden\/\">Zu den Modulen<\/a><\/div>\n<\/div>\n<\/div>\n<\/div>\n\n\n\n<div style=\"height:71px\" aria-hidden=\"true\" class=\"wp-block-spacer\"><\/div>\n\n\n\n<p><\/p>\n","protected":false},"excerpt":{"rendered":"<p>Themenportal Pubert\u00e4t Unterricht rund ums Erwachsenwerden ab der 5. Schulstufe Das Themenportal Pubert\u00e4t bietet \u00f6sterreichischen P\u00e4dagog:innen kostenlose Unterst\u00fctzung, um Pubert\u00e4t [&hellip;]<\/p>\n","protected":false},"author":7,"featured_media":0,"parent":0,"menu_order":0,"comment_status":"closed","ping_status":"open","template":"","meta":{"_acf_changed":false,"site-sidebar-layout":"default","site-content-layout":"","ast-site-content-layout":"default","site-content-style":"default","site-sidebar-style":"default","ast-global-header-display":"","ast-banner-title-visibility":"","ast-main-header-display":"","ast-hfb-above-header-display":"","ast-hfb-below-header-display":"","ast-hfb-mobile-header-display":"","site-post-title":"disabled","ast-breadcrumbs-content":"","ast-featured-img":"","footer-sml-layout":"","theme-transparent-header-meta":"","adv-header-id-meta":"","stick-header-meta":"","header-above-stick-meta":"","header-main-stick-meta":"","header-below-stick-meta":"","astra-migrate-meta-layouts":"default","ast-page-background-enabled":"default","ast-page-background-meta":{"desktop":{"background-color":"var(--ast-global-color-5)","background-image":"","background-repeat":"repeat","background-position":"center center","background-size":"auto","background-attachment":"scroll","background-type":"","background-media":"","overlay-type":"","overlay-color":"","overlay-opacity":"","overlay-gradient":""},"tablet":{"background-color":"","background-image":"","background-repeat":"repeat","background-position":"center center","background-size":"auto","background-attachment":"scroll","background-type":"","background-media":"","overlay-type":"","overlay-color":"","overlay-opacity":"","overlay-gradient":""},"mobile":{"background-color":"","background-image":"","background-repeat":"repeat","background-position":"center center","background-size":"auto","background-attachment":"scroll","background-type":"","background-media":"","overlay-type":"","overlay-color":"","overlay-opacity":"","overlay-gradient":""}},"ast-content-background-meta":{"desktop":{"background-color":"var(--ast-global-color-4)","background-image":"","background-repeat":"repeat","background-position":"center center","background-size":"auto","background-attachment":"scroll","background-type":"","background-media":"","overlay-type":"","overlay-color":"","overlay-opacity":"","overlay-gradient":""},"tablet":{"background-color":"var(--ast-global-color-4)","background-image":"","background-repeat":"repeat","background-position":"center center","background-size":"auto","background-attachment":"scroll","background-type":"","background-media":"","overlay-type":"","overlay-color":"","overlay-opacity":"","overlay-gradient":""},"mobile":{"background-color":"var(--ast-global-color-4)","background-image":"","background-repeat":"repeat","background-position":"center center","background-size":"auto","background-attachment":"scroll","background-type":"","background-media":"","overlay-type":"","overlay-color":"","overlay-opacity":"","overlay-gradient":""}},"footnotes":""},"class_list":["post-2","page","type-page","status-publish","hentry"],"acf":[],"yoast_head":"<!-- This site is optimized with the Yoast SEO plugin v27.0 - https:\/\/yoast.com\/product\/yoast-seo-wordpress\/ -->\n<title>Startseite -<\/title>\n<meta name=\"robots\" content=\"index, follow, max-snippet:-1, max-image-preview:large, max-video-preview:-1\" \/>\n<link rel=\"canonical\" href=\"https:\/\/www.lehrer.at\/pubertaet\/\" \/>\n<meta property=\"og:locale\" content=\"de_DE\" \/>\n<meta property=\"og:type\" content=\"article\" \/>\n<meta property=\"og:title\" content=\"Startseite -\" \/>\n<meta property=\"og:description\" content=\"Themenportal Pubert\u00e4t Unterricht rund ums Erwachsenwerden ab der 5. Schulstufe Das Themenportal Pubert\u00e4t bietet \u00f6sterreichischen P\u00e4dagog:innen kostenlose Unterst\u00fctzung, um Pubert\u00e4t [&hellip;]\" \/>\n<meta property=\"og:url\" content=\"https:\/\/www.lehrer.at\/pubertaet\/\" \/>\n<meta property=\"article:modified_time\" content=\"2025-10-01T08:35:16+00:00\" \/>\n<meta property=\"og:image\" content=\"https:\/\/www.lehrer.at\/pubertaet\/wp-content\/uploads\/sites\/12\/2025\/09\/periodekit.jpg\" \/>\n\t<meta property=\"og:image:width\" content=\"962\" \/>\n\t<meta property=\"og:image:height\" content=\"493\" \/>\n\t<meta property=\"og:image:type\" content=\"image\/jpeg\" \/>\n<meta name=\"twitter:card\" content=\"summary_large_image\" \/>\n<meta name=\"twitter:label1\" content=\"Gesch\u00e4tzte Lesezeit\" \/>\n\t<meta name=\"twitter:data1\" content=\"2 Minuten\" \/>\n<script type=\"application\/ld+json\" class=\"yoast-schema-graph\">{\"@context\":\"https:\/\/schema.org\",\"@graph\":[{\"@type\":\"WebPage\",\"@id\":\"https:\/\/www.lehrer.at\/pubertaet\/\",\"url\":\"https:\/\/www.lehrer.at\/pubertaet\/\",\"name\":\"Startseite -\",\"isPartOf\":{\"@id\":\"https:\/\/www.lehrer.at\/pubertaet\/#website\"},\"primaryImageOfPage\":{\"@id\":\"https:\/\/www.lehrer.at\/pubertaet\/#primaryimage\"},\"image\":{\"@id\":\"https:\/\/www.lehrer.at\/pubertaet\/#primaryimage\"},\"thumbnailUrl\":\"https:\/\/www.lehrer.at\/pubertaet2\/wp-content\/uploads\/sites\/12\/2025\/09\/periodekit.jpg\",\"datePublished\":\"2025-08-26T05:30:45+00:00\",\"dateModified\":\"2025-10-01T08:35:16+00:00\",\"breadcrumb\":{\"@id\":\"https:\/\/www.lehrer.at\/pubertaet\/#breadcrumb\"},\"inLanguage\":\"de-AT\",\"potentialAction\":[{\"@type\":\"ReadAction\",\"target\":[\"https:\/\/www.lehrer.at\/pubertaet\/\"]}]},{\"@type\":\"ImageObject\",\"inLanguage\":\"de-AT\",\"@id\":\"https:\/\/www.lehrer.at\/pubertaet\/#primaryimage\",\"url\":\"https:\/\/www.lehrer.at\/pubertaet\/wp-content\/uploads\/sites\/12\/2025\/09\/periodekit.jpg\",\"contentUrl\":\"https:\/\/www.lehrer.at\/pubertaet\/wp-content\/uploads\/sites\/12\/2025\/09\/periodekit.jpg\",\"width\":962,\"height\":493},{\"@type\":\"BreadcrumbList\",\"@id\":\"https:\/\/www.lehrer.at\/pubertaet\/#breadcrumb\",\"itemListElement\":[{\"@type\":\"ListItem\",\"position\":1,\"name\":\"Startseite\",\"item\":\"https:\/\/www.lehrer.at\/pubertaet\/\"},{\"@type\":\"ListItem\",\"position\":2,\"name\":\"Startseite\"}]},{\"@type\":\"WebSite\",\"@id\":\"https:\/\/www.lehrer.at\/pubertaet\/#website\",\"url\":\"https:\/\/www.lehrer.at\/pubertaet\/\",\"name\":\"\",\"description\":\"\",\"potentialAction\":[{\"@type\":\"SearchAction\",\"target\":{\"@type\":\"EntryPoint\",\"urlTemplate\":\"https:\/\/www.lehrer.at\/pubertaet\/?s={search_term_string}\"},\"query-input\":{\"@type\":\"PropertyValueSpecification\",\"valueRequired\":true,\"valueName\":\"search_term_string\"}}],\"inLanguage\":\"de-AT\"}]}<\/script>\n<!-- \/ Yoast SEO plugin. -->","yoast_head_json":{"title":"Startseite -","robots":{"index":"index","follow":"follow","max-snippet":"max-snippet:-1","max-image-preview":"max-image-preview:large","max-video-preview":"max-video-preview:-1"},"canonical":"https:\/\/www.lehrer.at\/pubertaet\/","og_locale":"de_DE","og_type":"article","og_title":"Startseite -","og_description":"Themenportal Pubert\u00e4t Unterricht rund ums Erwachsenwerden ab der 5. Schulstufe Das Themenportal Pubert\u00e4t bietet \u00f6sterreichischen P\u00e4dagog:innen kostenlose Unterst\u00fctzung, um Pubert\u00e4t [&hellip;]","og_url":"https:\/\/www.lehrer.at\/pubertaet\/","article_modified_time":"2025-10-01T08:35:16+00:00","og_image":[{"width":962,"height":493,"url":"https:\/\/www.lehrer.at\/pubertaet\/wp-content\/uploads\/sites\/12\/2025\/09\/periodekit.jpg","type":"image\/jpeg"}],"twitter_card":"summary_large_image","twitter_misc":{"Gesch\u00e4tzte Lesezeit":"2 Minuten"},"schema":{"@context":"https:\/\/schema.org","@graph":[{"@type":"WebPage","@id":"https:\/\/www.lehrer.at\/pubertaet\/","url":"https:\/\/www.lehrer.at\/pubertaet\/","name":"Startseite -","isPartOf":{"@id":"https:\/\/www.lehrer.at\/pubertaet\/#website"},"primaryImageOfPage":{"@id":"https:\/\/www.lehrer.at\/pubertaet\/#primaryimage"},"image":{"@id":"https:\/\/www.lehrer.at\/pubertaet\/#primaryimage"},"thumbnailUrl":"https:\/\/www.lehrer.at\/pubertaet2\/wp-content\/uploads\/sites\/12\/2025\/09\/periodekit.jpg","datePublished":"2025-08-26T05:30:45+00:00","dateModified":"2025-10-01T08:35:16+00:00","breadcrumb":{"@id":"https:\/\/www.lehrer.at\/pubertaet\/#breadcrumb"},"inLanguage":"de-AT","potentialAction":[{"@type":"ReadAction","target":["https:\/\/www.lehrer.at\/pubertaet\/"]}]},{"@type":"ImageObject","inLanguage":"de-AT","@id":"https:\/\/www.lehrer.at\/pubertaet\/#primaryimage","url":"https:\/\/www.lehrer.at\/pubertaet\/wp-content\/uploads\/sites\/12\/2025\/09\/periodekit.jpg","contentUrl":"https:\/\/www.lehrer.at\/pubertaet\/wp-content\/uploads\/sites\/12\/2025\/09\/periodekit.jpg","width":962,"height":493},{"@type":"BreadcrumbList","@id":"https:\/\/www.lehrer.at\/pubertaet\/#breadcrumb","itemListElement":[{"@type":"ListItem","position":1,"name":"Startseite","item":"https:\/\/www.lehrer.at\/pubertaet\/"},{"@type":"ListItem","position":2,"name":"Startseite"}]},{"@type":"WebSite","@id":"https:\/\/www.lehrer.at\/pubertaet\/#website","url":"https:\/\/www.lehrer.at\/pubertaet\/","name":"","description":"","potentialAction":[{"@type":"SearchAction","target":{"@type":"EntryPoint","urlTemplate":"https:\/\/www.lehrer.at\/pubertaet\/?s={search_term_string}"},"query-input":{"@type":"PropertyValueSpecification","valueRequired":true,"valueName":"search_term_string"}}],"inLanguage":"de-AT"}]}},"_links":{"self":[{"href":"https:\/\/www.lehrer.at\/pubertaet\/wp-json\/wp\/v2\/pages\/2","targetHints":{"allow":["GET"]}}],"collection":[{"href":"https:\/\/www.lehrer.at\/pubertaet\/wp-json\/wp\/v2\/pages"}],"about":[{"href":"https:\/\/www.lehrer.at\/pubertaet\/wp-json\/wp\/v2\/types\/page"}],"author":[{"embeddable":true,"href":"https:\/\/www.lehrer.at\/pubertaet\/wp-json\/wp\/v2\/users\/7"}],"replies":[{"embeddable":true,"href":"https:\/\/www.lehrer.at\/pubertaet\/wp-json\/wp\/v2\/comments?post=2"}],"version-history":[{"count":69,"href":"https:\/\/www.lehrer.at\/pubertaet\/wp-json\/wp\/v2\/pages\/2\/revisions"}],"predecessor-version":[{"id":588,"href":"https:\/\/www.lehrer.at\/pubertaet\/wp-json\/wp\/v2\/pages\/2\/revisions\/588"}],"wp:attachment":[{"href":"https:\/\/www.lehrer.at\/pubertaet\/wp-json\/wp\/v2\/media?parent=2"}],"curies":[{"name":"wp","href":"https:\/\/api.w.org\/{rel}","templated":true}]}}