{"id":122,"date":"2025-09-02T15:51:30","date_gmt":"2025-09-02T13:51:30","guid":{"rendered":"https:\/\/www.lehrer.at\/pubertaet2\/?page_id=122"},"modified":"2025-09-25T15:56:26","modified_gmt":"2025-09-25T13:56:26","slug":"unterrichtsmaterial","status":"publish","type":"page","link":"https:\/\/www.lehrer.at\/pubertaet\/unterrichtsmaterial\/","title":{"rendered":"Unterrichtsmaterial"},"content":{"rendered":"\n<h3 class=\"wp-block-heading\">Unterrichtsmaterial<\/h3>\n\n\n\n<p>Die Materialienpakete wurden f\u00fcr den <strong>koedukativen Unterricht ab der 5. Schulstufe<\/strong> aufbereitet.<br>Ihr <strong>mikromodularer Aufbau<\/strong> erm\u00f6glicht die <strong>einfache Zusammenstellung individueller Unterrichtseinheiten<\/strong>, die auf die Vorkenntnisse der Sch\u00fcler:innen und aktuelle Lernziele abgestimmt sind.<\/p>\n\n\n\n<p><\/p>\n\n\n\n<div style=\"height:24px\" aria-hidden=\"true\" class=\"wp-block-spacer\"><\/div>\n\n\n\n<div class=\"wp-block-columns card has-white-background-color has-background is-layout-flex wp-container-core-columns-is-layout-85958d59 wp-block-columns-is-layout-flex\" style=\"padding-top:var(--wp--preset--spacing--40);padding-right:var(--wp--preset--spacing--40);padding-bottom:var(--wp--preset--spacing--40);padding-left:var(--wp--preset--spacing--40);box-shadow:var(--wp--preset--shadow--natural)\">\n<div class=\"wp-block-column is-vertically-aligned-top is-layout-flow wp-block-column-is-layout-flow\" style=\"flex-basis:30%\">\n<figure class=\"wp-block-image size-full\"><img loading=\"lazy\" decoding=\"async\" width=\"445\" height=\"304\" src=\"https:\/\/www.lehrer.at\/pubertaet2\/wp-content\/uploads\/sites\/12\/2025\/09\/boy_skin_PG.jpg\" alt=\"\" class=\"wp-image-575\" srcset=\"https:\/\/www.lehrer.at\/pubertaet\/wp-content\/uploads\/sites\/12\/2025\/09\/boy_skin_PG.jpg 445w, https:\/\/www.lehrer.at\/pubertaet\/wp-content\/uploads\/sites\/12\/2025\/09\/boy_skin_PG-300x205.jpg 300w\" sizes=\"auto, (max-width: 445px) 100vw, 445px\" \/><\/figure>\n<\/div>\n\n\n\n<div class=\"wp-block-column is-vertically-aligned-top is-layout-flow wp-block-column-is-layout-flow\" style=\"flex-basis:50%\">\n<h5 class=\"wp-block-heading\">Alles neu?  <\/h5>\n\n\n\n<p style=\"margin-top:0.44rem;margin-bottom:0.44rem;font-size:15px\"><strong>Der K\u00f6rper in der Pubert\u00e4t<\/strong><\/p>\n\n\n\n<p style=\"margin-top:var(--wp--preset--spacing--30);margin-bottom:0;padding-top:0;padding-bottom:0;font-size:14px\">Die Materialien greifen zentrale Fragen der Pubert\u00e4t auf. Die Sch\u00fcler:innen setzen sich mit anstehenden k\u00f6rperlichen Ver\u00e4nderungen auseinander, sie lernen Fakten von Mythen zu unterscheiden, und sie erhalten konkrete Tipps, um mit dieser herausfordernden Lebensphase gut umgehen zu k\u00f6nnen.<\/p>\n<\/div>\n\n\n\n<div class=\"wp-block-column is-vertically-aligned-center is-layout-flow wp-block-column-is-layout-flow\" style=\"flex-basis:20%\">\n<div class=\"wp-block-buttons is-layout-flex wp-block-buttons-is-layout-flex\">\n<div class=\"wp-block-button has-custom-width wp-block-button__width-100 is-style-outline button-material is-style-outline--1\"><a class=\"wp-block-button__link has-white-background-color has-background wp-element-button\" href=\"https:\/\/www.lehrer.at\/wp-content\/uploads\/sites\/2\/2023\/01\/alles_neu_lehrerinfo.pdf\" style=\"padding-top:var(--wp--preset--spacing--20);padding-bottom:var(--wp--preset--spacing--20)\" target=\"_blank\" rel=\"noreferrer noopener\">Lehrerinfo<\/a><\/div>\n<\/div>\n\n\n\n<div class=\"wp-block-buttons is-layout-flex wp-container-core-buttons-is-layout-7ec378ae wp-block-buttons-is-layout-flex\" style=\"margin-top:0;margin-bottom:0;padding-top:var(--wp--preset--spacing--20);padding-bottom:var(--wp--preset--spacing--20)\">\n<div class=\"wp-block-button has-custom-width wp-block-button__width-100 is-style-outline button-material is-style-outline--2\"><a class=\"wp-block-button__link has-background wp-element-button\" href=\"https:\/\/www.lehrer.at\/wp-content\/uploads\/sites\/2\/2023\/01\/alles_neu_lernmaterial.pdf\" style=\"background-color:#f5f8fc;padding-top:var(--wp--preset--spacing--20);padding-bottom:var(--wp--preset--spacing--20)\" target=\"_blank\" rel=\"noreferrer noopener\">Arbeitsmaterial<\/a><\/div>\n\n\n\n<div class=\"wp-block-button has-custom-width wp-block-button__width-100 is-style-outline button-material is-style-outline--3\"><a class=\"wp-block-button__link has-background wp-element-button\" href=\"https:\/\/www.lehrer.at\/wp-content\/uploads\/sites\/2\/2023\/01\/alles_neu_gesamtpaket.pdf\" style=\"background-color:#ebf0f9;padding-top:var(--wp--preset--spacing--20);padding-bottom:var(--wp--preset--spacing--20)\" target=\"_blank\" rel=\"noreferrer noopener\">Gesamtpaket<\/a><\/div>\n<\/div>\n<\/div>\n<\/div>\n\n\n\n<div style=\"height:19px\" aria-hidden=\"true\" class=\"wp-block-spacer\"><\/div>\n\n\n\n<div class=\"wp-block-columns card has-white-background-color has-background is-layout-flex wp-container-core-columns-is-layout-85958d59 wp-block-columns-is-layout-flex\" style=\"padding-top:var(--wp--preset--spacing--40);padding-right:var(--wp--preset--spacing--40);padding-bottom:var(--wp--preset--spacing--40);padding-left:var(--wp--preset--spacing--40);box-shadow:var(--wp--preset--shadow--natural)\">\n<div class=\"wp-block-column is-vertically-aligned-top is-layout-flow wp-block-column-is-layout-flow\" style=\"flex-basis:30%\">\n<figure class=\"wp-block-image size-full\"><img loading=\"lazy\" decoding=\"async\" width=\"445\" height=\"304\" src=\"https:\/\/www.lehrer.at\/pubertaet2\/wp-content\/uploads\/sites\/12\/2025\/09\/emotion_pg.jpg\" alt=\"\" class=\"wp-image-576\" srcset=\"https:\/\/www.lehrer.at\/pubertaet\/wp-content\/uploads\/sites\/12\/2025\/09\/emotion_pg.jpg 445w, https:\/\/www.lehrer.at\/pubertaet\/wp-content\/uploads\/sites\/12\/2025\/09\/emotion_pg-300x205.jpg 300w\" sizes=\"auto, (max-width: 445px) 100vw, 445px\" \/><\/figure>\n<\/div>\n\n\n\n<div class=\"wp-block-column is-vertically-aligned-top is-layout-flow wp-block-column-is-layout-flow\" style=\"flex-basis:50%\">\n<h5 class=\"wp-block-heading\">Alles okay?  <\/h5>\n\n\n\n<p style=\"margin-top:var(--wp--preset--spacing--20);margin-bottom:var(--wp--preset--spacing--20);font-size:15px\"><strong>Gesund &amp; selbstsicher ins Erwachsenenleben<\/strong><\/p>\n\n\n\n<p style=\"margin-top:var(--wp--preset--spacing--30);margin-bottom:0;padding-top:0;padding-bottom:0;font-size:14px\">Dieses Paket zeigt Sch\u00fcler:innen, wie Bewegung, Ern\u00e4hrung, Schlaf und Hygiene ihre Leistungsf\u00e4higkeit und Gesundheit beeinflussen. Sie lernen, Stress besser zu bew\u00e4ltigen, Warnsignale ihres K\u00f6rpers zu erkennen und ihr Selbstbewusstsein im Umgang mit Herausforderungen zu st\u00e4rken.<\/p>\n<\/div>\n\n\n\n<div class=\"wp-block-column is-vertically-aligned-center is-layout-flow wp-block-column-is-layout-flow\" style=\"flex-basis:20%\">\n<div class=\"wp-block-buttons is-layout-flex wp-block-buttons-is-layout-flex\">\n<div class=\"wp-block-button has-custom-width wp-block-button__width-100 is-style-outline button-material is-style-outline--4\"><a class=\"wp-block-button__link has-white-background-color has-background wp-element-button\" href=\"https:\/\/www.lehrer.at\/wp-content\/uploads\/sites\/2\/2023\/01\/alles_okay_lehrerinfo.pdf\" style=\"padding-top:var(--wp--preset--spacing--20);padding-bottom:var(--wp--preset--spacing--20)\" target=\"_blank\" rel=\"noreferrer noopener\">Lehrerinfo<\/a><\/div>\n<\/div>\n\n\n\n<div class=\"wp-block-buttons is-layout-flex wp-container-core-buttons-is-layout-7ec378ae wp-block-buttons-is-layout-flex\" style=\"margin-top:0;margin-bottom:0;padding-top:var(--wp--preset--spacing--20);padding-bottom:var(--wp--preset--spacing--20)\">\n<div class=\"wp-block-button has-custom-width wp-block-button__width-100 is-style-outline button-material is-style-outline--5\"><a class=\"wp-block-button__link has-background wp-element-button\" href=\"https:\/\/www.lehrer.at\/wp-content\/uploads\/sites\/2\/2023\/01\/alles_okay_lernmaterial.pdf\" style=\"background-color:#f5f8fc;padding-top:var(--wp--preset--spacing--20);padding-bottom:var(--wp--preset--spacing--20)\" target=\"_blank\" rel=\"noreferrer noopener\">Arbeitsmaterial<\/a><\/div>\n\n\n\n<div class=\"wp-block-button has-custom-width wp-block-button__width-100 is-style-outline button-material is-style-outline--6\"><a class=\"wp-block-button__link has-background wp-element-button\" href=\"https:\/\/www.lehrer.at\/wp-content\/uploads\/sites\/2\/2023\/01\/alles_okay_gesamtpaket.pdf\" style=\"background-color:#ebf0f9;padding-top:var(--wp--preset--spacing--20);padding-bottom:var(--wp--preset--spacing--20)\" target=\"_blank\" rel=\"noreferrer noopener\">Gesamtpaket<\/a><\/div>\n<\/div>\n<\/div>\n<\/div>\n\n\n\n<div style=\"height:19px\" aria-hidden=\"true\" class=\"wp-block-spacer\"><\/div>\n\n\n\n<div class=\"wp-block-columns card has-white-background-color has-background is-layout-flex wp-container-core-columns-is-layout-85958d59 wp-block-columns-is-layout-flex\" style=\"padding-top:var(--wp--preset--spacing--40);padding-right:var(--wp--preset--spacing--40);padding-bottom:var(--wp--preset--spacing--40);padding-left:var(--wp--preset--spacing--40);box-shadow:var(--wp--preset--shadow--natural)\">\n<div class=\"wp-block-column is-vertically-aligned-top is-layout-flow wp-block-column-is-layout-flow\" style=\"flex-basis:30%\">\n<figure class=\"wp-block-image size-full\"><img loading=\"lazy\" decoding=\"async\" width=\"445\" height=\"304\" src=\"https:\/\/www.lehrer.at\/pubertaet2\/wp-content\/uploads\/sites\/12\/2025\/09\/periode_pg.jpg\" alt=\"\" class=\"wp-image-577\" srcset=\"https:\/\/www.lehrer.at\/pubertaet\/wp-content\/uploads\/sites\/12\/2025\/09\/periode_pg.jpg 445w, https:\/\/www.lehrer.at\/pubertaet\/wp-content\/uploads\/sites\/12\/2025\/09\/periode_pg-300x205.jpg 300w\" sizes=\"auto, (max-width: 445px) 100vw, 445px\" \/><\/figure>\n<\/div>\n\n\n\n<div class=\"wp-block-column is-vertically-aligned-top is-layout-flow wp-block-column-is-layout-flow\" style=\"flex-basis:50%\">\n<h5 class=\"wp-block-heading\" style=\"margin-top:0;margin-bottom:0;padding-bottom:0\">Alles rund um die Periode<\/h5>\n\n\n\n<p style=\"margin-top:var(--wp--preset--spacing--20)\"><strong>Weiblicher Zyklus, Periode &amp; Periodenprodukte<\/strong><\/p>\n\n\n\n<p style=\"margin-top:var(--wp--preset--spacing--30);margin-bottom:0;padding-top:0;padding-bottom:0;font-size:14px\">Hier erfahren Sch\u00fcler:innen alles \u00fcber den Menstruationszyklus und die Periode. Sie lernen, was PMS bedeutet und wie man Beschwerden lindern kann, und sie \u00fcberpr\u00fcfen bzw. erweitern ihr Wissen \u00fcber Aufbau, Wirkweise und Verwendung verschiedener Periodenprodukte, wie Binden, Tampons, Menstruationstassen und Periodenslips.<\/p>\n<\/div>\n\n\n\n<div class=\"wp-block-column is-vertically-aligned-center is-layout-flow wp-block-column-is-layout-flow\" style=\"flex-basis:20%\">\n<div class=\"wp-block-buttons is-layout-flex wp-block-buttons-is-layout-flex\">\n<div class=\"wp-block-button has-custom-width wp-block-button__width-100 is-style-outline button-material is-style-outline--7\"><a class=\"wp-block-button__link has-white-background-color has-background wp-element-button\" href=\"https:\/\/www.lehrer.at\/wp-content\/uploads\/sites\/2\/2023\/01\/periode_lehrerinfo.pdf\" style=\"padding-top:var(--wp--preset--spacing--20);padding-bottom:var(--wp--preset--spacing--20)\" target=\"_blank\" rel=\"noreferrer noopener\">Lehrerinfo<\/a><\/div>\n<\/div>\n\n\n\n<div class=\"wp-block-buttons is-layout-flex wp-container-core-buttons-is-layout-7ec378ae wp-block-buttons-is-layout-flex\" style=\"margin-top:0;margin-bottom:0;padding-top:var(--wp--preset--spacing--20);padding-bottom:var(--wp--preset--spacing--20)\">\n<div class=\"wp-block-button has-custom-width wp-block-button__width-100 is-style-outline button-material is-style-outline--8\"><a class=\"wp-block-button__link has-background wp-element-button\" href=\"https:\/\/www.lehrer.at\/wp-content\/uploads\/sites\/2\/2023\/01\/periode_lernmaterial.pdf\" style=\"background-color:#f5f8fc;padding-top:var(--wp--preset--spacing--20);padding-bottom:var(--wp--preset--spacing--20)\" target=\"_blank\" rel=\"noreferrer noopener\">Arbeitsmaterial<\/a><\/div>\n\n\n\n<div class=\"wp-block-button has-custom-width wp-block-button__width-100 is-style-outline button-material is-style-outline--9\"><a class=\"wp-block-button__link has-background wp-element-button\" href=\"https:\/\/www.lehrer.at\/wp-content\/uploads\/sites\/2\/2023\/01\/periode_gesamtpaket.pdf\" style=\"background-color:#ebf0f9;padding-top:var(--wp--preset--spacing--20);padding-bottom:var(--wp--preset--spacing--20)\" target=\"_blank\" rel=\"noreferrer noopener\">Gesamtpaket<\/a><\/div>\n<\/div>\n<\/div>\n<\/div>\n\n\n\n<div style=\"height:24px\" aria-hidden=\"true\" class=\"wp-block-spacer\"><\/div>\n\n\n\n<p><\/p>\n","protected":false},"excerpt":{"rendered":"<p>Unterrichtsmaterial Die Materialienpakete wurden f\u00fcr den koedukativen Unterricht ab der 5. Schulstufe aufbereitet.Ihr mikromodularer Aufbau erm\u00f6glicht die einfache Zusammenstellung individueller [&hellip;]<\/p>\n","protected":false},"author":3,"featured_media":0,"parent":0,"menu_order":0,"comment_status":"closed","ping_status":"open","template":"","meta":{"_acf_changed":false,"site-sidebar-layout":"default","site-content-layout":"","ast-site-content-layout":"default","site-content-style":"default","site-sidebar-style":"default","ast-global-header-display":"","ast-banner-title-visibility":"","ast-main-header-display":"","ast-hfb-above-header-display":"","ast-hfb-below-header-display":"","ast-hfb-mobile-header-display":"","site-post-title":"disabled","ast-breadcrumbs-content":"","ast-featured-img":"","footer-sml-layout":"","theme-transparent-header-meta":"","adv-header-id-meta":"","stick-header-meta":"","header-above-stick-meta":"","header-main-stick-meta":"","header-below-stick-meta":"","astra-migrate-meta-layouts":"default","ast-page-background-enabled":"default","ast-page-background-meta":{"desktop":{"background-color":"var(--ast-global-color-5)","background-image":"","background-repeat":"repeat","background-position":"center center","background-size":"auto","background-attachment":"scroll","background-type":"","background-media":"","overlay-type":"","overlay-color":"","overlay-opacity":"","overlay-gradient":""},"tablet":{"background-color":"","background-image":"","background-repeat":"repeat","background-position":"center center","background-size":"auto","background-attachment":"scroll","background-type":"","background-media":"","overlay-type":"","overlay-color":"","overlay-opacity":"","overlay-gradient":""},"mobile":{"background-color":"","background-image":"","background-repeat":"repeat","background-position":"center center","background-size":"auto","background-attachment":"scroll","background-type":"","background-media":"","overlay-type":"","overlay-color":"","overlay-opacity":"","overlay-gradient":""}},"ast-content-background-meta":{"desktop":{"background-color":"var(--ast-global-color-4)","background-image":"","background-repeat":"repeat","background-position":"center center","background-size":"auto","background-attachment":"scroll","background-type":"","background-media":"","overlay-type":"","overlay-color":"","overlay-opacity":"","overlay-gradient":""},"tablet":{"background-color":"var(--ast-global-color-4)","background-image":"","background-repeat":"repeat","background-position":"center center","background-size":"auto","background-attachment":"scroll","background-type":"","background-media":"","overlay-type":"","overlay-color":"","overlay-opacity":"","overlay-gradient":""},"mobile":{"background-color":"var(--ast-global-color-4)","background-image":"","background-repeat":"repeat","background-position":"center center","background-size":"auto","background-attachment":"scroll","background-type":"","background-media":"","overlay-type":"","overlay-color":"","overlay-opacity":"","overlay-gradient":""}},"footnotes":""},"class_list":["post-122","page","type-page","status-publish","hentry"],"acf":[],"yoast_head":"<!-- This site is optimized with the Yoast SEO plugin v27.0 - https:\/\/yoast.com\/product\/yoast-seo-wordpress\/ -->\n<title>Unterrichtsmaterial -<\/title>\n<meta name=\"robots\" content=\"index, follow, max-snippet:-1, max-image-preview:large, max-video-preview:-1\" \/>\n<link rel=\"canonical\" href=\"https:\/\/www.lehrer.at\/pubertaet\/unterrichtsmaterial\/\" \/>\n<meta property=\"og:locale\" content=\"de_DE\" \/>\n<meta property=\"og:type\" content=\"article\" \/>\n<meta property=\"og:title\" content=\"Unterrichtsmaterial -\" \/>\n<meta property=\"og:description\" content=\"Unterrichtsmaterial Die Materialienpakete wurden f\u00fcr den koedukativen Unterricht ab der 5. Schulstufe aufbereitet.Ihr mikromodularer Aufbau erm\u00f6glicht die einfache Zusammenstellung individueller [&hellip;]\" \/>\n<meta property=\"og:url\" content=\"https:\/\/www.lehrer.at\/pubertaet\/unterrichtsmaterial\/\" \/>\n<meta property=\"article:modified_time\" content=\"2025-09-25T13:56:26+00:00\" \/>\n<meta property=\"og:image\" content=\"https:\/\/www.lehrer.at\/pubertaet2\/wp-content\/uploads\/sites\/12\/2025\/09\/boy_skin_PG.jpg\" \/>\n<meta name=\"twitter:card\" content=\"summary_large_image\" \/>\n<meta name=\"twitter:label1\" content=\"Gesch\u00e4tzte Lesezeit\" \/>\n\t<meta name=\"twitter:data1\" content=\"2 Minuten\" \/>\n<script type=\"application\/ld+json\" class=\"yoast-schema-graph\">{\"@context\":\"https:\/\/schema.org\",\"@graph\":[{\"@type\":\"WebPage\",\"@id\":\"https:\/\/www.lehrer.at\/pubertaet\/unterrichtsmaterial\/\",\"url\":\"https:\/\/www.lehrer.at\/pubertaet\/unterrichtsmaterial\/\",\"name\":\"Unterrichtsmaterial -\",\"isPartOf\":{\"@id\":\"https:\/\/www.lehrer.at\/pubertaet\/#website\"},\"primaryImageOfPage\":{\"@id\":\"https:\/\/www.lehrer.at\/pubertaet\/unterrichtsmaterial\/#primaryimage\"},\"image\":{\"@id\":\"https:\/\/www.lehrer.at\/pubertaet\/unterrichtsmaterial\/#primaryimage\"},\"thumbnailUrl\":\"https:\/\/www.lehrer.at\/pubertaet2\/wp-content\/uploads\/sites\/12\/2025\/09\/boy_skin_PG.jpg\",\"datePublished\":\"2025-09-02T13:51:30+00:00\",\"dateModified\":\"2025-09-25T13:56:26+00:00\",\"breadcrumb\":{\"@id\":\"https:\/\/www.lehrer.at\/pubertaet\/unterrichtsmaterial\/#breadcrumb\"},\"inLanguage\":\"de-AT\",\"potentialAction\":[{\"@type\":\"ReadAction\",\"target\":[\"https:\/\/www.lehrer.at\/pubertaet\/unterrichtsmaterial\/\"]}]},{\"@type\":\"ImageObject\",\"inLanguage\":\"de-AT\",\"@id\":\"https:\/\/www.lehrer.at\/pubertaet\/unterrichtsmaterial\/#primaryimage\",\"url\":\"https:\/\/www.lehrer.at\/pubertaet\/wp-content\/uploads\/sites\/12\/2025\/09\/boy_skin_PG.jpg\",\"contentUrl\":\"https:\/\/www.lehrer.at\/pubertaet\/wp-content\/uploads\/sites\/12\/2025\/09\/boy_skin_PG.jpg\",\"width\":445,\"height\":304},{\"@type\":\"BreadcrumbList\",\"@id\":\"https:\/\/www.lehrer.at\/pubertaet\/unterrichtsmaterial\/#breadcrumb\",\"itemListElement\":[{\"@type\":\"ListItem\",\"position\":1,\"name\":\"Startseite\",\"item\":\"https:\/\/www.lehrer.at\/pubertaet\/\"},{\"@type\":\"ListItem\",\"position\":2,\"name\":\"Unterrichtsmaterial\"}]},{\"@type\":\"WebSite\",\"@id\":\"https:\/\/www.lehrer.at\/pubertaet\/#website\",\"url\":\"https:\/\/www.lehrer.at\/pubertaet\/\",\"name\":\"\",\"description\":\"\",\"potentialAction\":[{\"@type\":\"SearchAction\",\"target\":{\"@type\":\"EntryPoint\",\"urlTemplate\":\"https:\/\/www.lehrer.at\/pubertaet\/?s={search_term_string}\"},\"query-input\":{\"@type\":\"PropertyValueSpecification\",\"valueRequired\":true,\"valueName\":\"search_term_string\"}}],\"inLanguage\":\"de-AT\"}]}<\/script>\n<!-- \/ Yoast SEO plugin. -->","yoast_head_json":{"title":"Unterrichtsmaterial -","robots":{"index":"index","follow":"follow","max-snippet":"max-snippet:-1","max-image-preview":"max-image-preview:large","max-video-preview":"max-video-preview:-1"},"canonical":"https:\/\/www.lehrer.at\/pubertaet\/unterrichtsmaterial\/","og_locale":"de_DE","og_type":"article","og_title":"Unterrichtsmaterial -","og_description":"Unterrichtsmaterial Die Materialienpakete wurden f\u00fcr den koedukativen Unterricht ab der 5. Schulstufe aufbereitet.Ihr mikromodularer Aufbau erm\u00f6glicht die einfache Zusammenstellung individueller [&hellip;]","og_url":"https:\/\/www.lehrer.at\/pubertaet\/unterrichtsmaterial\/","article_modified_time":"2025-09-25T13:56:26+00:00","og_image":[{"url":"https:\/\/www.lehrer.at\/pubertaet2\/wp-content\/uploads\/sites\/12\/2025\/09\/boy_skin_PG.jpg","type":"","width":"","height":""}],"twitter_card":"summary_large_image","twitter_misc":{"Gesch\u00e4tzte Lesezeit":"2 Minuten"},"schema":{"@context":"https:\/\/schema.org","@graph":[{"@type":"WebPage","@id":"https:\/\/www.lehrer.at\/pubertaet\/unterrichtsmaterial\/","url":"https:\/\/www.lehrer.at\/pubertaet\/unterrichtsmaterial\/","name":"Unterrichtsmaterial -","isPartOf":{"@id":"https:\/\/www.lehrer.at\/pubertaet\/#website"},"primaryImageOfPage":{"@id":"https:\/\/www.lehrer.at\/pubertaet\/unterrichtsmaterial\/#primaryimage"},"image":{"@id":"https:\/\/www.lehrer.at\/pubertaet\/unterrichtsmaterial\/#primaryimage"},"thumbnailUrl":"https:\/\/www.lehrer.at\/pubertaet2\/wp-content\/uploads\/sites\/12\/2025\/09\/boy_skin_PG.jpg","datePublished":"2025-09-02T13:51:30+00:00","dateModified":"2025-09-25T13:56:26+00:00","breadcrumb":{"@id":"https:\/\/www.lehrer.at\/pubertaet\/unterrichtsmaterial\/#breadcrumb"},"inLanguage":"de-AT","potentialAction":[{"@type":"ReadAction","target":["https:\/\/www.lehrer.at\/pubertaet\/unterrichtsmaterial\/"]}]},{"@type":"ImageObject","inLanguage":"de-AT","@id":"https:\/\/www.lehrer.at\/pubertaet\/unterrichtsmaterial\/#primaryimage","url":"https:\/\/www.lehrer.at\/pubertaet\/wp-content\/uploads\/sites\/12\/2025\/09\/boy_skin_PG.jpg","contentUrl":"https:\/\/www.lehrer.at\/pubertaet\/wp-content\/uploads\/sites\/12\/2025\/09\/boy_skin_PG.jpg","width":445,"height":304},{"@type":"BreadcrumbList","@id":"https:\/\/www.lehrer.at\/pubertaet\/unterrichtsmaterial\/#breadcrumb","itemListElement":[{"@type":"ListItem","position":1,"name":"Startseite","item":"https:\/\/www.lehrer.at\/pubertaet\/"},{"@type":"ListItem","position":2,"name":"Unterrichtsmaterial"}]},{"@type":"WebSite","@id":"https:\/\/www.lehrer.at\/pubertaet\/#website","url":"https:\/\/www.lehrer.at\/pubertaet\/","name":"","description":"","potentialAction":[{"@type":"SearchAction","target":{"@type":"EntryPoint","urlTemplate":"https:\/\/www.lehrer.at\/pubertaet\/?s={search_term_string}"},"query-input":{"@type":"PropertyValueSpecification","valueRequired":true,"valueName":"search_term_string"}}],"inLanguage":"de-AT"}]}},"_links":{"self":[{"href":"https:\/\/www.lehrer.at\/pubertaet\/wp-json\/wp\/v2\/pages\/122","targetHints":{"allow":["GET"]}}],"collection":[{"href":"https:\/\/www.lehrer.at\/pubertaet\/wp-json\/wp\/v2\/pages"}],"about":[{"href":"https:\/\/www.lehrer.at\/pubertaet\/wp-json\/wp\/v2\/types\/page"}],"author":[{"embeddable":true,"href":"https:\/\/www.lehrer.at\/pubertaet\/wp-json\/wp\/v2\/users\/3"}],"replies":[{"embeddable":true,"href":"https:\/\/www.lehrer.at\/pubertaet\/wp-json\/wp\/v2\/comments?post=122"}],"version-history":[{"count":28,"href":"https:\/\/www.lehrer.at\/pubertaet\/wp-json\/wp\/v2\/pages\/122\/revisions"}],"predecessor-version":[{"id":578,"href":"https:\/\/www.lehrer.at\/pubertaet\/wp-json\/wp\/v2\/pages\/122\/revisions\/578"}],"wp:attachment":[{"href":"https:\/\/www.lehrer.at\/pubertaet\/wp-json\/wp\/v2\/media?parent=122"}],"curies":[{"name":"wp","href":"https:\/\/api.w.org\/{rel}","templated":true}]}}