{"id":6,"date":"2020-12-22T08:57:24","date_gmt":"2020-12-22T07:57:24","guid":{"rendered":"https:\/\/www.lehrer.at\/licht\/?page_id=6"},"modified":"2023-09-11T16:24:16","modified_gmt":"2023-09-11T14:24:16","slug":"impressum","status":"publish","type":"page","link":"https:\/\/www.lehrer.at\/licht\/impressum\/","title":{"rendered":"Impressum"},"content":{"rendered":"\n<p><strong>Leben mit Licht<\/strong>\u00a0ist eine Initiative zur inhaltlichen Unterst\u00fctzung \u00f6sterreichischer P\u00e4dagogInnen, die vom\u00a0<a rel=\"noreferrer noopener\" href=\"https:\/\/www.feei.at\/ueber\" target=\"_blank\">FEEI\u00a0<\/a>&#8211; Sparte Licht finanziert und vom Team der <a href=\"http:\/\/www.content-pool.at\">Bildungsagentur Content Pool<\/a> umgesetzt wird.<\/p>\n\n\n\n<div style=\"height:35px\" aria-hidden=\"true\" class=\"wp-block-spacer\"><\/div>\n\n\n\n<p><strong>Urheberrechte &amp; Nutzungsm\u00f6glichkeit<\/strong><\/p>\n\n\n\n<p>So nicht anders angegeben liegen die Urheberrechte f\u00fcr alle auf der Webseite zur Verf\u00fcgung stehenden Materialien bei der Bildungsagentur Content Pool GmbH.<br>Alle Werke sind unter einer Creative Commons Namensnennung lizenziert (nicht kommerziell, keine Bearbeitung).<br><a href=\"https:\/\/creativecommons.org\/licenses\/by-nc-nd\/4.0\/\" target=\"_blank\" rel=\"noreferrer noopener\">4.0 Internationale Lizenz<\/a><\/p>\n\n\n\n<figure class=\"wp-block-image\"><a href=\"https:\/\/creativecommons.org\/licenses\/by-nc-nd\/4.0\/\"><img decoding=\"async\" src=\"https:\/\/i.creativecommons.org\/l\/by-nc-nd\/4.0\/88x31.png\" alt=\"Creative Commons Lizenzvertrag\"\/><\/a><\/figure>\n\n\n\n<div style=\"height:25px\" aria-hidden=\"true\" class=\"wp-block-spacer\"><\/div>\n\n\n\n<p><strong>Medieninhaber, Redaktion &amp; Grafik<\/strong><\/p>\n\n\n\n<p>Bildungsagentur Content Pool GmbHLiebhartsgasse 7\/5-71160 WienTel.: 01\/49 333 41E-Mail:\u00a0<a href=\"mailto:office@bildungsagentur.at\">office@bildungsagentur.at<\/a>Firmenbuchnr.: FN245161G\u00a0 UID-Nr.: ATU57778756<br>Kammerzugeh\u00f6rigkeit: Wirtschaftskammer Wien, Fachgruppe Buch-, Kunst- und Musikalienverlag<\/p>\n","protected":false},"excerpt":{"rendered":"<p>Leben mit Licht\u00a0ist eine Initiative zur inhaltlichen Unterst\u00fctzung \u00f6sterreichischer P\u00e4dagogInnen, die vom\u00a0FEEI\u00a0&#8211; Sparte Licht finanziert und vom Team der Bildungsagentur Content Pool umgesetzt wird. Urheberrechte &amp; Nutzungsm\u00f6glichkeit So nicht anders angegeben liegen die Urheberrechte f\u00fcr alle auf der Webseite zur Verf\u00fcgung stehenden Materialien bei der Bildungsagentur Content Pool GmbH.Alle Werke sind unter einer Creative Commons [&hellip;]<\/p>\n","protected":false},"author":1,"featured_media":0,"parent":0,"menu_order":0,"comment_status":"closed","ping_status":"closed","template":"","meta":{"_acf_changed":false,"footnotes":""},"class_list":["post-6","page","type-page","status-publish","hentry"],"acf":[],"yoast_head":"<!-- This site is optimized with the Yoast SEO plugin v27.0 - https:\/\/yoast.com\/product\/yoast-seo-wordpress\/ -->\n<title>Impressum - Licht<\/title>\n<meta name=\"robots\" content=\"index, follow, max-snippet:-1, max-image-preview:large, max-video-preview:-1\" \/>\n<link rel=\"canonical\" href=\"https:\/\/www.lehrer.at\/licht\/impressum\/\" \/>\n<meta property=\"og:locale\" content=\"de_DE\" \/>\n<meta property=\"og:type\" content=\"article\" \/>\n<meta property=\"og:title\" content=\"Impressum - Licht\" \/>\n<meta property=\"og:description\" content=\"Leben mit Licht\u00a0ist eine Initiative zur inhaltlichen Unterst\u00fctzung \u00f6sterreichischer P\u00e4dagogInnen, die vom\u00a0FEEI\u00a0&#8211; Sparte Licht finanziert und vom Team der Bildungsagentur Content Pool umgesetzt wird. Urheberrechte &amp; Nutzungsm\u00f6glichkeit So nicht anders angegeben liegen die Urheberrechte f\u00fcr alle auf der Webseite zur Verf\u00fcgung stehenden Materialien bei der Bildungsagentur Content Pool GmbH.Alle Werke sind unter einer Creative Commons [&hellip;]\" \/>\n<meta property=\"og:url\" content=\"https:\/\/www.lehrer.at\/licht\/impressum\/\" \/>\n<meta property=\"og:site_name\" content=\"Licht\" \/>\n<meta property=\"article:modified_time\" content=\"2023-09-11T14:24:16+00:00\" \/>\n<meta property=\"og:image\" content=\"https:\/\/i.creativecommons.org\/l\/by-nc-nd\/4.0\/88x31.png\" \/>\n<meta name=\"twitter:card\" content=\"summary_large_image\" \/>\n<script type=\"application\/ld+json\" class=\"yoast-schema-graph\">{\"@context\":\"https:\/\/schema.org\",\"@graph\":[{\"@type\":\"WebPage\",\"@id\":\"https:\/\/www.lehrer.at\/licht\/impressum\/\",\"url\":\"https:\/\/www.lehrer.at\/licht\/impressum\/\",\"name\":\"Impressum - Licht\",\"isPartOf\":{\"@id\":\"https:\/\/www.lehrer.at\/licht\/#website\"},\"primaryImageOfPage\":{\"@id\":\"https:\/\/www.lehrer.at\/licht\/impressum\/#primaryimage\"},\"image\":{\"@id\":\"https:\/\/www.lehrer.at\/licht\/impressum\/#primaryimage\"},\"thumbnailUrl\":\"https:\/\/i.creativecommons.org\/l\/by-nc-nd\/4.0\/88x31.png\",\"datePublished\":\"2020-12-22T07:57:24+00:00\",\"dateModified\":\"2023-09-11T14:24:16+00:00\",\"breadcrumb\":{\"@id\":\"https:\/\/www.lehrer.at\/licht\/impressum\/#breadcrumb\"},\"inLanguage\":\"de-AT\",\"potentialAction\":[{\"@type\":\"ReadAction\",\"target\":[\"https:\/\/www.lehrer.at\/licht\/impressum\/\"]}]},{\"@type\":\"ImageObject\",\"inLanguage\":\"de-AT\",\"@id\":\"https:\/\/www.lehrer.at\/licht\/impressum\/#primaryimage\",\"url\":\"https:\/\/i.creativecommons.org\/l\/by-nc-nd\/4.0\/88x31.png\",\"contentUrl\":\"https:\/\/i.creativecommons.org\/l\/by-nc-nd\/4.0\/88x31.png\"},{\"@type\":\"BreadcrumbList\",\"@id\":\"https:\/\/www.lehrer.at\/licht\/impressum\/#breadcrumb\",\"itemListElement\":[{\"@type\":\"ListItem\",\"position\":1,\"name\":\"Startseite\",\"item\":\"https:\/\/www.lehrer.at\/licht\/\"},{\"@type\":\"ListItem\",\"position\":2,\"name\":\"Impressum\"}]},{\"@type\":\"WebSite\",\"@id\":\"https:\/\/www.lehrer.at\/licht\/#website\",\"url\":\"https:\/\/www.lehrer.at\/licht\/\",\"name\":\"Licht\",\"description\":\"Leben mit Licht\",\"potentialAction\":[{\"@type\":\"SearchAction\",\"target\":{\"@type\":\"EntryPoint\",\"urlTemplate\":\"https:\/\/www.lehrer.at\/licht\/?s={search_term_string}\"},\"query-input\":{\"@type\":\"PropertyValueSpecification\",\"valueRequired\":true,\"valueName\":\"search_term_string\"}}],\"inLanguage\":\"de-AT\"}]}<\/script>\n<!-- \/ Yoast SEO plugin. -->","yoast_head_json":{"title":"Impressum - Licht","robots":{"index":"index","follow":"follow","max-snippet":"max-snippet:-1","max-image-preview":"max-image-preview:large","max-video-preview":"max-video-preview:-1"},"canonical":"https:\/\/www.lehrer.at\/licht\/impressum\/","og_locale":"de_DE","og_type":"article","og_title":"Impressum - Licht","og_description":"Leben mit Licht\u00a0ist eine Initiative zur inhaltlichen Unterst\u00fctzung \u00f6sterreichischer P\u00e4dagogInnen, die vom\u00a0FEEI\u00a0&#8211; Sparte Licht finanziert und vom Team der Bildungsagentur Content Pool umgesetzt wird. Urheberrechte &amp; Nutzungsm\u00f6glichkeit So nicht anders angegeben liegen die Urheberrechte f\u00fcr alle auf der Webseite zur Verf\u00fcgung stehenden Materialien bei der Bildungsagentur Content Pool GmbH.Alle Werke sind unter einer Creative Commons [&hellip;]","og_url":"https:\/\/www.lehrer.at\/licht\/impressum\/","og_site_name":"Licht","article_modified_time":"2023-09-11T14:24:16+00:00","og_image":[{"url":"https:\/\/i.creativecommons.org\/l\/by-nc-nd\/4.0\/88x31.png","type":"","width":"","height":""}],"twitter_card":"summary_large_image","schema":{"@context":"https:\/\/schema.org","@graph":[{"@type":"WebPage","@id":"https:\/\/www.lehrer.at\/licht\/impressum\/","url":"https:\/\/www.lehrer.at\/licht\/impressum\/","name":"Impressum - Licht","isPartOf":{"@id":"https:\/\/www.lehrer.at\/licht\/#website"},"primaryImageOfPage":{"@id":"https:\/\/www.lehrer.at\/licht\/impressum\/#primaryimage"},"image":{"@id":"https:\/\/www.lehrer.at\/licht\/impressum\/#primaryimage"},"thumbnailUrl":"https:\/\/i.creativecommons.org\/l\/by-nc-nd\/4.0\/88x31.png","datePublished":"2020-12-22T07:57:24+00:00","dateModified":"2023-09-11T14:24:16+00:00","breadcrumb":{"@id":"https:\/\/www.lehrer.at\/licht\/impressum\/#breadcrumb"},"inLanguage":"de-AT","potentialAction":[{"@type":"ReadAction","target":["https:\/\/www.lehrer.at\/licht\/impressum\/"]}]},{"@type":"ImageObject","inLanguage":"de-AT","@id":"https:\/\/www.lehrer.at\/licht\/impressum\/#primaryimage","url":"https:\/\/i.creativecommons.org\/l\/by-nc-nd\/4.0\/88x31.png","contentUrl":"https:\/\/i.creativecommons.org\/l\/by-nc-nd\/4.0\/88x31.png"},{"@type":"BreadcrumbList","@id":"https:\/\/www.lehrer.at\/licht\/impressum\/#breadcrumb","itemListElement":[{"@type":"ListItem","position":1,"name":"Startseite","item":"https:\/\/www.lehrer.at\/licht\/"},{"@type":"ListItem","position":2,"name":"Impressum"}]},{"@type":"WebSite","@id":"https:\/\/www.lehrer.at\/licht\/#website","url":"https:\/\/www.lehrer.at\/licht\/","name":"Licht","description":"Leben mit Licht","potentialAction":[{"@type":"SearchAction","target":{"@type":"EntryPoint","urlTemplate":"https:\/\/www.lehrer.at\/licht\/?s={search_term_string}"},"query-input":{"@type":"PropertyValueSpecification","valueRequired":true,"valueName":"search_term_string"}}],"inLanguage":"de-AT"}]}},"_links":{"self":[{"href":"https:\/\/www.lehrer.at\/licht\/wp-json\/wp\/v2\/pages\/6","targetHints":{"allow":["GET"]}}],"collection":[{"href":"https:\/\/www.lehrer.at\/licht\/wp-json\/wp\/v2\/pages"}],"about":[{"href":"https:\/\/www.lehrer.at\/licht\/wp-json\/wp\/v2\/types\/page"}],"author":[{"embeddable":true,"href":"https:\/\/www.lehrer.at\/licht\/wp-json\/wp\/v2\/users\/1"}],"replies":[{"embeddable":true,"href":"https:\/\/www.lehrer.at\/licht\/wp-json\/wp\/v2\/comments?post=6"}],"version-history":[{"count":7,"href":"https:\/\/www.lehrer.at\/licht\/wp-json\/wp\/v2\/pages\/6\/revisions"}],"predecessor-version":[{"id":901,"href":"https:\/\/www.lehrer.at\/licht\/wp-json\/wp\/v2\/pages\/6\/revisions\/901"}],"wp:attachment":[{"href":"https:\/\/www.lehrer.at\/licht\/wp-json\/wp\/v2\/media?parent=6"}],"curies":[{"name":"wp","href":"https:\/\/api.w.org\/{rel}","templated":true}]}}