{"id":564,"date":"2021-10-14T10:47:38","date_gmt":"2021-10-14T08:47:38","guid":{"rendered":"https:\/\/www.lehrer.at\/licht\/?page_id=564"},"modified":"2022-03-21T16:13:17","modified_gmt":"2022-03-21T15:13:17","slug":"licht-und-umwelt-primarstufe","status":"publish","type":"page","link":"https:\/\/www.lehrer.at\/licht\/licht-und-umwelt-primarstufe\/","title":{"rendered":"Licht und Umwelt Primarstufe"},"content":{"rendered":"\n<div class=\"wp-block-columns is-layout-flex wp-container-core-columns-is-layout-9d6595d7 wp-block-columns-is-layout-flex\">\n<div class=\"wp-block-column is-layout-flow wp-block-column-is-layout-flow\" style=\"flex-basis:100%\">\n<div class=\"wp-block-columns is-layout-flex wp-container-core-columns-is-layout-9d6595d7 wp-block-columns-is-layout-flex\">\n<div class=\"wp-block-column is-layout-flow wp-block-column-is-layout-flow\" style=\"flex-basis:100%\">\n<h3 style=\"float: left\"><img loading=\"lazy\" decoding=\"async\" class=\"alignnone  wp-image-463\" src=\"https:\/\/www.lehrer.at\/licht\/wp-content\/uploads\/sites\/3\/2021\/10\/blatt_gruen.png\" alt=\"\" width=\"50\" height=\"57\"><\/h3>\n<div style=\"float: left;width: 70%;margin-top: 0.3rem;margin-left: 1rem;margin-bottom: 1.4rem\"><span style=\"color: #41b554\"><strong><span style=\"font-size: 1.6rem\">Abfall ist wertvoll!&nbsp; <\/span><\/strong><span style=\"font-size: 1rem\"><strong>Primarstufe<\/strong> <\/span><\/span><\/div>\n<p style=\"clear: both;margin-left: 4.1rem\"><em>Was macht unsere Abf\u00e4lle wertvoll? Warum sch\u00fctzen wir unser Klima und unsere Umwelt, indem wir sie richtig entsorgen? Wieso ist Elektroschrott alles andere als Schrott? Worauf m\u00fcssen wir beim Entsorgen von Lampen achten? Und wie kann jede\/r Einzelne von uns zum Erhalt wertvoller Rohstoffe beitragen und dabei gleichzeitig auch noch Geld sparen?<\/em><\/p>\n<p style=\"clear: both;margin-left: 4.1rem\">Das sind nur einige der Fragen, deren Antworten mit Hilfe dieses Materialienpaketes erarbeitet werden k\u00f6nnen. Die Unterrichtsmaterialien f\u00fcr die 3. und 4. Schulstufe liefern einen \u00dcberblick \u00fcber die Grundlagen der M\u00fclltrennung und die Bedeutung von Wiederverwertung und Vermeidung von Abf\u00e4llen. Anhand des Lebenszyklus einer LED-Lampe wird ein Verstehen des Prinzips der Kreislaufwirtschaft erm\u00f6glicht. Konkrete, im Alltag einfach umsetzbare Tipps sollen die Sch\u00fclerInnen dazu motivieren, sich nicht nur der Bedeutung ihres eigenen Handelns bewusst zu werden, sondern proaktiv zum Erhalt unserer Umwelt beizutragen.<\/p>\n<\/div>\n<\/div>\n<\/div>\n<\/div>\n\n\n\n<div class=\"wp-block-columns box-green is-layout-flex wp-container-core-columns-is-layout-9d6595d7 wp-block-columns-is-layout-flex\">\n<div class=\"wp-block-column is-layout-flow wp-block-column-is-layout-flow\">\n<div class=\"wp-block-image wp-block-img-green\"><figure class=\"aligncenter size-full is-resized\"><a href=\"https:\/\/www.lehrer.at\/licht\/wp-content\/uploads\/sites\/3\/2021\/07\/p_uebersicht_abfall_ist_wertvoll.pdf\" target=\"_blank\" rel=\"noopener\"><img loading=\"lazy\" decoding=\"async\" src=\"https:\/\/www.lehrer.at\/licht\/wp-content\/uploads\/sites\/3\/2021\/10\/p_uebersicht_umwelt.jpg\" alt=\"\" class=\"wp-image-573\" width=\"142\" height=\"200\" title=\"\" srcset=\"https:\/\/www.lehrer.at\/licht\/wp-content\/uploads\/sites\/3\/2021\/10\/p_uebersicht_umwelt.jpg 375w, https:\/\/www.lehrer.at\/licht\/wp-content\/uploads\/sites\/3\/2021\/10\/p_uebersicht_umwelt-212x300.jpg 212w\" sizes=\"auto, (max-width: 142px) 100vw, 142px\" \/><\/a><\/figure><\/div>\n\n\n\n<p class=\"has-text-align-center has-text-green\"><a href=\"https:\/\/www.lehrer.at\/licht\/wp-content\/uploads\/sites\/3\/2021\/07\/p_uebersicht_abfall_ist_wertvoll.pdf\" target=\"_blank\" rel=\"noreferrer noopener\">\u00dcbersicht<\/a><\/p>\n<\/div>\n\n\n\n<div class=\"wp-block-column is-layout-flow wp-block-column-is-layout-flow\">\n<div class=\"wp-block-image wp-block-img-green\"><figure class=\"aligncenter size-full is-resized\"><a href=\"https:\/\/www.lehrer.at\/licht\/wp-content\/uploads\/sites\/3\/2021\/07\/p_lehrerinfo_abfall_ist_wertvoll.pdf\" target=\"_blank\" rel=\"noopener\"><img loading=\"lazy\" decoding=\"async\" src=\"https:\/\/www.lehrer.at\/licht\/wp-content\/uploads\/sites\/3\/2021\/10\/p_lehrerinfo_umwelt.jpg\" alt=\"\" class=\"wp-image-574\" width=\"142\" height=\"200\" srcset=\"https:\/\/www.lehrer.at\/licht\/wp-content\/uploads\/sites\/3\/2021\/10\/p_lehrerinfo_umwelt.jpg 375w, https:\/\/www.lehrer.at\/licht\/wp-content\/uploads\/sites\/3\/2021\/10\/p_lehrerinfo_umwelt-212x300.jpg 212w\" sizes=\"auto, (max-width: 142px) 100vw, 142px\" \/><\/a><\/figure><\/div>\n\n\n\n<p class=\"has-text-align-center has-text-green\"><a href=\"https:\/\/www.lehrer.at\/licht\/wp-content\/uploads\/sites\/3\/2021\/07\/p_lehrerinfo_abfall_ist_wertvoll.pdf\" target=\"_blank\" rel=\"noreferrer noopener\">Lehrerinfo<\/a><\/p>\n<\/div>\n\n\n\n<div class=\"wp-block-column has-text-lila is-layout-flow wp-block-column-is-layout-flow\">\n<div class=\"wp-block-image wp-block-img-green\"><figure class=\"aligncenter size-full is-resized\"><a href=\"https:\/\/www.lehrer.at\/licht\/wp-content\/uploads\/sites\/3\/2021\/07\/p_lernmaterial_abfall_ist_wertvoll.pdf\" target=\"_blank\" rel=\"noopener\"><img loading=\"lazy\" decoding=\"async\" src=\"https:\/\/www.lehrer.at\/licht\/wp-content\/uploads\/sites\/3\/2021\/10\/p_materialienpaket_umwelt.jpg\" alt=\"\" class=\"wp-image-575\" width=\"142\" height=\"200\" srcset=\"https:\/\/www.lehrer.at\/licht\/wp-content\/uploads\/sites\/3\/2021\/10\/p_materialienpaket_umwelt.jpg 375w, https:\/\/www.lehrer.at\/licht\/wp-content\/uploads\/sites\/3\/2021\/10\/p_materialienpaket_umwelt-212x300.jpg 212w\" sizes=\"auto, (max-width: 142px) 100vw, 142px\" \/><\/a><\/figure><\/div>\n\n\n\n<p class=\"has-text-align-center has-text-green\"><a href=\"https:\/\/www.lehrer.at\/licht\/wp-content\/uploads\/sites\/3\/2021\/07\/sek1_lernmaterial_mensch_und_licht.pdf\" target=\"_blank\" rel=\"noreferrer noopener\">Lernmaterial<\/a><\/p>\n<\/div>\n\n\n\n<div class=\"wp-block-column is-layout-flow wp-block-column-is-layout-flow\">\n<div class=\"wp-block-image wp-block-img-green\"><figure class=\"aligncenter size-full is-resized\"><a href=\"https:\/\/www.lehrer.at\/licht\/wp-content\/uploads\/sites\/3\/2021\/07\/p_gesamtpaket_abfall_ist_wertvoll.pdf\" target=\"_blank\" rel=\"noopener\"><img loading=\"lazy\" decoding=\"async\" src=\"https:\/\/www.lehrer.at\/licht\/wp-content\/uploads\/sites\/3\/2021\/10\/p_gesamtpaket_umwelt.png\" alt=\"\" class=\"wp-image-576\" width=\"142\" height=\"200\" srcset=\"https:\/\/www.lehrer.at\/licht\/wp-content\/uploads\/sites\/3\/2021\/10\/p_gesamtpaket_umwelt.png 414w, https:\/\/www.lehrer.at\/licht\/wp-content\/uploads\/sites\/3\/2021\/10\/p_gesamtpaket_umwelt-212x300.png 212w\" sizes=\"auto, (max-width: 142px) 100vw, 142px\" \/><\/a><\/figure><\/div>\n\n\n\n<p class=\"has-text-align-center has-text-green\"><a href=\"https:\/\/www.lehrer.at\/licht\/wp-content\/uploads\/sites\/3\/2021\/07\/p_gesamtpaket_abfall_ist_wertvoll.pdf\" target=\"_blank\" rel=\"noreferrer noopener\">Gesamtpaket<\/a><\/p>\n<\/div>\n<\/div>\n\n\n\n<div class=\"wp-block-columns is-layout-flex wp-container-core-columns-is-layout-9d6595d7 wp-block-columns-is-layout-flex\">\n<div class=\"wp-block-column is-layout-flow wp-block-column-is-layout-flow\" style=\"flex-basis:100%\">\n<div class=\"wp-block-columns is-layout-flex wp-container-core-columns-is-layout-9d6595d7 wp-block-columns-is-layout-flex\">\n<div class=\"wp-block-column is-layout-flow wp-block-column-is-layout-flow\" style=\"flex-basis:100%\">\n<h3 style=\"float: left\"><img loading=\"lazy\" decoding=\"async\" class=\"alignnone  wp-image-463\" src=\"https:\/\/www.lehrer.at\/licht\/wp-content\/uploads\/sites\/3\/2021\/10\/blatt_gruen.png\" alt=\"\" width=\"50\" height=\"57\"><\/h3>\n<div style=\"float: left;width: 70%;margin-top: 0.3rem;margin-left: 1rem;margin-bottom: 1.4rem\"><span style=\"color: #41b554\"><strong><span style=\"font-size: 1.6rem\">Einfach Strom sparen&nbsp; <\/span><\/strong><span style=\"font-size: 1rem\"><strong>Primarstufe<\/strong> <\/span><\/span><\/div>\n<p style=\"clear: both;margin-left: 4.1rem\"><em>Wofu\u0308r nutzen wir Strom und welche Auswirkungen ha\u0308tte ein plo\u0308tzlicher Stromausfall auf unseren Alltag? Wie wird Strom erzeugt und warum besteht ein Zusammenhang zwischen der dafu\u0308r genutzten Energiequelle und dem Klimaschutz? Wie wird der Stromverbrauch angegeben und welche Gera\u0308te sind echte Stromfresser? Und wie kann ich in meinem perso\u0308nlichen Umfeld Strom sparen: im Haushalt allgemein und im Besonderen auch im Zusammenhang mit Licht und Beleuchtung?<\/em><\/p>\n<p style=\"clear: both;margin-left: 4.1rem\">Das sind nur einige der Fragen, deren Antworten mit Hilfe dieses Materialienpaketes erarbeitet werden ko\u0308nnen. Die Unterrichtsmaterialien fu\u0308r die 3. und 4. Schulstufe liefern einen U\u0308berblick u\u0308ber die Erzeugung von Strom, die Bedeutung des Stromsparens fu\u0308r den Klimaschutz sowie konkrete Ma\u00dfnahmen zum Stromsparen im Haushalt im Allgemeinen und bei Licht und Beleuchtung im Speziellen.<\/p>\n<\/div>\n<\/div>\n<\/div>\n<\/div>\n\n\n\n<div class=\"wp-block-columns box-green is-layout-flex wp-container-core-columns-is-layout-9d6595d7 wp-block-columns-is-layout-flex\">\n<div class=\"wp-block-column is-layout-flow wp-block-column-is-layout-flow\">\n<div class=\"wp-block-image wp-block-img-green\"><figure class=\"aligncenter size-full is-resized\"><a href=\"https:\/\/www.lehrer.at\/licht\/wp-content\/uploads\/sites\/3\/2021\/07\/p_uebersicht_strom_sparen.pdf\" target=\"_blank\" rel=\"noopener\"><img loading=\"lazy\" decoding=\"async\" src=\"https:\/\/www.lehrer.at\/licht\/wp-content\/uploads\/sites\/3\/2021\/10\/p_uebersicht_strom.jpg\" alt=\"\" class=\"wp-image-578\" width=\"142\" height=\"200\" title=\"\" srcset=\"https:\/\/www.lehrer.at\/licht\/wp-content\/uploads\/sites\/3\/2021\/10\/p_uebersicht_strom.jpg 375w, https:\/\/www.lehrer.at\/licht\/wp-content\/uploads\/sites\/3\/2021\/10\/p_uebersicht_strom-212x300.jpg 212w\" sizes=\"auto, (max-width: 142px) 100vw, 142px\" \/><\/a><\/figure><\/div>\n\n\n\n<p class=\"has-text-align-center has-text-green\"><a href=\"https:\/\/www.lehrer.at\/licht\/wp-content\/uploads\/sites\/3\/2021\/07\/sek1_uebersicht_praxistest_Lichtplanung.pdf\" target=\"_blank\" rel=\"noreferrer noopener\">\u00dcbersicht<\/a><\/p>\n<\/div>\n\n\n\n<div class=\"wp-block-column is-layout-flow wp-block-column-is-layout-flow\">\n<div class=\"wp-block-image wp-block-img-green\"><figure class=\"aligncenter size-full is-resized\"><a href=\"https:\/\/www.lehrer.at\/licht\/wp-content\/uploads\/sites\/3\/2021\/07\/p_lehrerinfo_strom_sparen.pdf\" target=\"_blank\" rel=\"noopener\"><img loading=\"lazy\" decoding=\"async\" src=\"https:\/\/www.lehrer.at\/licht\/wp-content\/uploads\/sites\/3\/2021\/10\/p_lehrerinfo_strom_sparen.jpg\" alt=\"\" class=\"wp-image-579\" width=\"142\" height=\"200\" srcset=\"https:\/\/www.lehrer.at\/licht\/wp-content\/uploads\/sites\/3\/2021\/10\/p_lehrerinfo_strom_sparen.jpg 375w, https:\/\/www.lehrer.at\/licht\/wp-content\/uploads\/sites\/3\/2021\/10\/p_lehrerinfo_strom_sparen-212x300.jpg 212w\" sizes=\"auto, (max-width: 142px) 100vw, 142px\" \/><\/a><\/figure><\/div>\n\n\n\n<p class=\"has-text-align-center has-text-green\"><a href=\"https:\/\/www.lehrer.at\/licht\/wp-content\/uploads\/sites\/3\/2021\/07\/p_lehrerinfo_strom_sparen.pdf\" target=\"_blank\" rel=\"noreferrer noopener\">Lehrerinfo<\/a><\/p>\n<\/div>\n\n\n\n<div class=\"wp-block-column has-text-lila is-layout-flow wp-block-column-is-layout-flow\">\n<div class=\"wp-block-image wp-block-img-green\"><figure class=\"aligncenter size-full is-resized\"><a href=\"https:\/\/www.lehrer.at\/licht\/wp-content\/uploads\/sites\/3\/2021\/07\/p_lernmaterial_strom_sparen.pdf\" target=\"_blank\" rel=\"noopener\"><img loading=\"lazy\" decoding=\"async\" src=\"https:\/\/www.lehrer.at\/licht\/wp-content\/uploads\/sites\/3\/2021\/10\/p_materialienpaket_strom_sparen.jpg\" alt=\"\" class=\"wp-image-580\" width=\"142\" height=\"200\" srcset=\"https:\/\/www.lehrer.at\/licht\/wp-content\/uploads\/sites\/3\/2021\/10\/p_materialienpaket_strom_sparen.jpg 375w, https:\/\/www.lehrer.at\/licht\/wp-content\/uploads\/sites\/3\/2021\/10\/p_materialienpaket_strom_sparen-212x300.jpg 212w\" sizes=\"auto, (max-width: 142px) 100vw, 142px\" \/><\/a><\/figure><\/div>\n\n\n\n<p class=\"has-text-align-center has-text-green\"><a href=\"https:\/\/www.lehrer.at\/licht\/wp-content\/uploads\/sites\/3\/2021\/07\/p_lernmaterial_strom_sparen.pdf\" target=\"_blank\" rel=\"noreferrer noopener\">Lernmaterial<\/a><\/p>\n<\/div>\n\n\n\n<div class=\"wp-block-column is-layout-flow wp-block-column-is-layout-flow\">\n<div class=\"wp-block-image wp-block-img-green\"><figure class=\"aligncenter size-full is-resized\"><a href=\"https:\/\/www.lehrer.at\/licht\/wp-content\/uploads\/sites\/3\/2021\/07\/p_gesamtpaket_strom_sparen.pdf\" target=\"_blank\" rel=\"noopener\"><img loading=\"lazy\" decoding=\"async\" src=\"https:\/\/www.lehrer.at\/licht\/wp-content\/uploads\/sites\/3\/2021\/10\/p_gesamtpaket_strom_sparen.png\" alt=\"\" class=\"wp-image-581\" width=\"142\" height=\"200\" srcset=\"https:\/\/www.lehrer.at\/licht\/wp-content\/uploads\/sites\/3\/2021\/10\/p_gesamtpaket_strom_sparen.png 414w, https:\/\/www.lehrer.at\/licht\/wp-content\/uploads\/sites\/3\/2021\/10\/p_gesamtpaket_strom_sparen-212x300.png 212w\" sizes=\"auto, (max-width: 142px) 100vw, 142px\" \/><\/a><\/figure><\/div>\n\n\n\n<p class=\"has-text-align-center has-text-green\"><a href=\"https:\/\/www.lehrer.at\/licht\/wp-content\/uploads\/sites\/3\/2021\/07\/p_gesamtpaket_strom_sparen.pdf\" target=\"_blank\" rel=\"noreferrer noopener\">Gesamtpaket<\/a><\/p>\n<\/div>\n<\/div>\n\n\n\n<div style=\"height:31px\" aria-hidden=\"true\" class=\"wp-block-spacer\"><\/div>\n\n\n\n<p class=\"has-text-align-center\">Folgender Themenbereich enth\u00e4lt <strong>weitere Materialien<\/strong> f\u00fcr die <strong>Primarstufe<\/strong>:<\/p>\n\n\n\n<div id=\"one-button\">\n<div class=\"inside\">\n<div class=\"button-lila\">\n<p><a href=\"https:\/\/www.lehrer.at\/licht\/startseite\/mensch-und-licht-primarstufe\/\"><img loading=\"lazy\" decoding=\"async\" class=\"alignnone  wp-image-463\" style=\"vertical-align: middle\" src=\"https:\/\/www.lehrer.at\/licht\/wp-content\/uploads\/sites\/3\/2021\/10\/gluehbirne_dunkellila.png\" alt=\"\" width=\"25\" height=\"32\">&nbsp; <span style=\"color: #800080\"><strong style=\"vertical-align: middle\">Mensch &amp; Licht<\/strong><\/span><\/a><\/p>\n<\/div>\n<\/div>\n<\/div>\n\n\n\n<p><\/p>\n\n\n\n<p><\/p>\n","protected":false},"excerpt":{"rendered":"<p>Abfall ist wertvoll!&nbsp; Primarstufe Was macht unsere Abf\u00e4lle wertvoll? Warum sch\u00fctzen wir unser Klima und unsere Umwelt, indem wir sie richtig entsorgen? Wieso ist Elektroschrott alles andere als Schrott? Worauf m\u00fcssen wir beim Entsorgen von Lampen achten? Und wie kann jede\/r Einzelne von uns zum Erhalt wertvoller Rohstoffe beitragen und dabei gleichzeitig auch noch Geld [&hellip;]<\/p>\n","protected":false},"author":3,"featured_media":0,"parent":0,"menu_order":0,"comment_status":"closed","ping_status":"closed","template":"","meta":{"_acf_changed":false,"footnotes":""},"class_list":["post-564","page","type-page","status-publish","hentry"],"acf":[],"yoast_head":"<!-- This site is optimized with the Yoast SEO plugin v27.0 - https:\/\/yoast.com\/product\/yoast-seo-wordpress\/ -->\n<title>Licht und Umwelt Primarstufe - Licht<\/title>\n<meta name=\"robots\" content=\"index, follow, max-snippet:-1, max-image-preview:large, max-video-preview:-1\" \/>\n<link rel=\"canonical\" href=\"https:\/\/www.lehrer.at\/licht\/licht-und-umwelt-primarstufe\/\" \/>\n<meta property=\"og:locale\" content=\"de_DE\" \/>\n<meta property=\"og:type\" content=\"article\" \/>\n<meta property=\"og:title\" content=\"Licht und Umwelt Primarstufe - Licht\" \/>\n<meta property=\"og:description\" content=\"Abfall ist wertvoll!&nbsp; Primarstufe Was macht unsere Abf\u00e4lle wertvoll? Warum sch\u00fctzen wir unser Klima und unsere Umwelt, indem wir sie richtig entsorgen? Wieso ist Elektroschrott alles andere als Schrott? Worauf m\u00fcssen wir beim Entsorgen von Lampen achten? Und wie kann jede\/r Einzelne von uns zum Erhalt wertvoller Rohstoffe beitragen und dabei gleichzeitig auch noch Geld [&hellip;]\" \/>\n<meta property=\"og:url\" content=\"https:\/\/www.lehrer.at\/licht\/licht-und-umwelt-primarstufe\/\" \/>\n<meta property=\"og:site_name\" content=\"Licht\" \/>\n<meta property=\"article:modified_time\" content=\"2022-03-21T15:13:17+00:00\" \/>\n<meta property=\"og:image\" content=\"https:\/\/www.lehrer.at\/licht\/wp-content\/uploads\/sites\/3\/2021\/10\/blatt_gruen.png\" \/>\n\t<meta property=\"og:image:width\" content=\"237\" \/>\n\t<meta property=\"og:image:height\" content=\"187\" \/>\n\t<meta property=\"og:image:type\" content=\"image\/png\" \/>\n<meta name=\"twitter:card\" content=\"summary_large_image\" \/>\n<meta name=\"twitter:label1\" content=\"Gesch\u00e4tzte Lesezeit\" \/>\n\t<meta name=\"twitter:data1\" content=\"2 Minuten\" \/>\n<script type=\"application\/ld+json\" class=\"yoast-schema-graph\">{\"@context\":\"https:\/\/schema.org\",\"@graph\":[{\"@type\":\"WebPage\",\"@id\":\"https:\/\/www.lehrer.at\/licht\/licht-und-umwelt-primarstufe\/\",\"url\":\"https:\/\/www.lehrer.at\/licht\/licht-und-umwelt-primarstufe\/\",\"name\":\"Licht und Umwelt Primarstufe - Licht\",\"isPartOf\":{\"@id\":\"https:\/\/www.lehrer.at\/licht\/#website\"},\"primaryImageOfPage\":{\"@id\":\"https:\/\/www.lehrer.at\/licht\/licht-und-umwelt-primarstufe\/#primaryimage\"},\"image\":{\"@id\":\"https:\/\/www.lehrer.at\/licht\/licht-und-umwelt-primarstufe\/#primaryimage\"},\"thumbnailUrl\":\"https:\/\/www.lehrer.at\/licht\/wp-content\/uploads\/sites\/3\/2021\/10\/blatt_gruen.png\",\"datePublished\":\"2021-10-14T08:47:38+00:00\",\"dateModified\":\"2022-03-21T15:13:17+00:00\",\"breadcrumb\":{\"@id\":\"https:\/\/www.lehrer.at\/licht\/licht-und-umwelt-primarstufe\/#breadcrumb\"},\"inLanguage\":\"de-AT\",\"potentialAction\":[{\"@type\":\"ReadAction\",\"target\":[\"https:\/\/www.lehrer.at\/licht\/licht-und-umwelt-primarstufe\/\"]}]},{\"@type\":\"ImageObject\",\"inLanguage\":\"de-AT\",\"@id\":\"https:\/\/www.lehrer.at\/licht\/licht-und-umwelt-primarstufe\/#primaryimage\",\"url\":\"https:\/\/www.lehrer.at\/licht\/wp-content\/uploads\/sites\/3\/2021\/10\/blatt_gruen.png\",\"contentUrl\":\"https:\/\/www.lehrer.at\/licht\/wp-content\/uploads\/sites\/3\/2021\/10\/blatt_gruen.png\",\"width\":237,\"height\":187},{\"@type\":\"BreadcrumbList\",\"@id\":\"https:\/\/www.lehrer.at\/licht\/licht-und-umwelt-primarstufe\/#breadcrumb\",\"itemListElement\":[{\"@type\":\"ListItem\",\"position\":1,\"name\":\"Startseite\",\"item\":\"https:\/\/www.lehrer.at\/licht\/\"},{\"@type\":\"ListItem\",\"position\":2,\"name\":\"Licht und Umwelt Primarstufe\"}]},{\"@type\":\"WebSite\",\"@id\":\"https:\/\/www.lehrer.at\/licht\/#website\",\"url\":\"https:\/\/www.lehrer.at\/licht\/\",\"name\":\"Licht\",\"description\":\"Leben mit Licht\",\"potentialAction\":[{\"@type\":\"SearchAction\",\"target\":{\"@type\":\"EntryPoint\",\"urlTemplate\":\"https:\/\/www.lehrer.at\/licht\/?s={search_term_string}\"},\"query-input\":{\"@type\":\"PropertyValueSpecification\",\"valueRequired\":true,\"valueName\":\"search_term_string\"}}],\"inLanguage\":\"de-AT\"}]}<\/script>\n<!-- \/ Yoast SEO plugin. -->","yoast_head_json":{"title":"Licht und Umwelt Primarstufe - Licht","robots":{"index":"index","follow":"follow","max-snippet":"max-snippet:-1","max-image-preview":"max-image-preview:large","max-video-preview":"max-video-preview:-1"},"canonical":"https:\/\/www.lehrer.at\/licht\/licht-und-umwelt-primarstufe\/","og_locale":"de_DE","og_type":"article","og_title":"Licht und Umwelt Primarstufe - Licht","og_description":"Abfall ist wertvoll!&nbsp; Primarstufe Was macht unsere Abf\u00e4lle wertvoll? Warum sch\u00fctzen wir unser Klima und unsere Umwelt, indem wir sie richtig entsorgen? Wieso ist Elektroschrott alles andere als Schrott? Worauf m\u00fcssen wir beim Entsorgen von Lampen achten? Und wie kann jede\/r Einzelne von uns zum Erhalt wertvoller Rohstoffe beitragen und dabei gleichzeitig auch noch Geld [&hellip;]","og_url":"https:\/\/www.lehrer.at\/licht\/licht-und-umwelt-primarstufe\/","og_site_name":"Licht","article_modified_time":"2022-03-21T15:13:17+00:00","og_image":[{"width":237,"height":187,"url":"https:\/\/www.lehrer.at\/licht\/wp-content\/uploads\/sites\/3\/2021\/10\/blatt_gruen.png","type":"image\/png"}],"twitter_card":"summary_large_image","twitter_misc":{"Gesch\u00e4tzte Lesezeit":"2 Minuten"},"schema":{"@context":"https:\/\/schema.org","@graph":[{"@type":"WebPage","@id":"https:\/\/www.lehrer.at\/licht\/licht-und-umwelt-primarstufe\/","url":"https:\/\/www.lehrer.at\/licht\/licht-und-umwelt-primarstufe\/","name":"Licht und Umwelt Primarstufe - Licht","isPartOf":{"@id":"https:\/\/www.lehrer.at\/licht\/#website"},"primaryImageOfPage":{"@id":"https:\/\/www.lehrer.at\/licht\/licht-und-umwelt-primarstufe\/#primaryimage"},"image":{"@id":"https:\/\/www.lehrer.at\/licht\/licht-und-umwelt-primarstufe\/#primaryimage"},"thumbnailUrl":"https:\/\/www.lehrer.at\/licht\/wp-content\/uploads\/sites\/3\/2021\/10\/blatt_gruen.png","datePublished":"2021-10-14T08:47:38+00:00","dateModified":"2022-03-21T15:13:17+00:00","breadcrumb":{"@id":"https:\/\/www.lehrer.at\/licht\/licht-und-umwelt-primarstufe\/#breadcrumb"},"inLanguage":"de-AT","potentialAction":[{"@type":"ReadAction","target":["https:\/\/www.lehrer.at\/licht\/licht-und-umwelt-primarstufe\/"]}]},{"@type":"ImageObject","inLanguage":"de-AT","@id":"https:\/\/www.lehrer.at\/licht\/licht-und-umwelt-primarstufe\/#primaryimage","url":"https:\/\/www.lehrer.at\/licht\/wp-content\/uploads\/sites\/3\/2021\/10\/blatt_gruen.png","contentUrl":"https:\/\/www.lehrer.at\/licht\/wp-content\/uploads\/sites\/3\/2021\/10\/blatt_gruen.png","width":237,"height":187},{"@type":"BreadcrumbList","@id":"https:\/\/www.lehrer.at\/licht\/licht-und-umwelt-primarstufe\/#breadcrumb","itemListElement":[{"@type":"ListItem","position":1,"name":"Startseite","item":"https:\/\/www.lehrer.at\/licht\/"},{"@type":"ListItem","position":2,"name":"Licht und Umwelt Primarstufe"}]},{"@type":"WebSite","@id":"https:\/\/www.lehrer.at\/licht\/#website","url":"https:\/\/www.lehrer.at\/licht\/","name":"Licht","description":"Leben mit Licht","potentialAction":[{"@type":"SearchAction","target":{"@type":"EntryPoint","urlTemplate":"https:\/\/www.lehrer.at\/licht\/?s={search_term_string}"},"query-input":{"@type":"PropertyValueSpecification","valueRequired":true,"valueName":"search_term_string"}}],"inLanguage":"de-AT"}]}},"_links":{"self":[{"href":"https:\/\/www.lehrer.at\/licht\/wp-json\/wp\/v2\/pages\/564","targetHints":{"allow":["GET"]}}],"collection":[{"href":"https:\/\/www.lehrer.at\/licht\/wp-json\/wp\/v2\/pages"}],"about":[{"href":"https:\/\/www.lehrer.at\/licht\/wp-json\/wp\/v2\/types\/page"}],"author":[{"embeddable":true,"href":"https:\/\/www.lehrer.at\/licht\/wp-json\/wp\/v2\/users\/3"}],"replies":[{"embeddable":true,"href":"https:\/\/www.lehrer.at\/licht\/wp-json\/wp\/v2\/comments?post=564"}],"version-history":[{"count":27,"href":"https:\/\/www.lehrer.at\/licht\/wp-json\/wp\/v2\/pages\/564\/revisions"}],"predecessor-version":[{"id":861,"href":"https:\/\/www.lehrer.at\/licht\/wp-json\/wp\/v2\/pages\/564\/revisions\/861"}],"wp:attachment":[{"href":"https:\/\/www.lehrer.at\/licht\/wp-json\/wp\/v2\/media?parent=564"}],"curies":[{"name":"wp","href":"https:\/\/api.w.org\/{rel}","templated":true}]}}