{"id":342,"date":"2021-09-30T13:09:26","date_gmt":"2021-09-30T11:09:26","guid":{"rendered":"https:\/\/www.lehrer.at\/licht\/?page_id=342"},"modified":"2022-03-21T16:05:39","modified_gmt":"2022-03-21T15:05:39","slug":"mensch-und-licht-primarstufe","status":"publish","type":"page","link":"https:\/\/www.lehrer.at\/licht\/licht-im-unterricht-kostenloses-material-fuer-alle-schulstufen\/mensch-und-licht-primarstufe\/","title":{"rendered":"Mensch und Licht Primarstufe"},"content":{"rendered":"\n<div class=\"wp-block-columns is-layout-flex wp-container-core-columns-is-layout-9d6595d7 wp-block-columns-is-layout-flex\">\n<div class=\"wp-block-column is-layout-flow wp-block-column-is-layout-flow\" style=\"flex-basis:100%\">\n<div class=\"wp-block-columns is-layout-flex wp-container-core-columns-is-layout-9d6595d7 wp-block-columns-is-layout-flex\">\n<div class=\"wp-block-column is-layout-flow wp-block-column-is-layout-flow\" style=\"flex-basis:100%\">\n<h3 style=\"float: left\"><img decoding=\"async\" src=\"https:\/\/www.lehrer.at\/licht\/wp-content\/uploads\/sites\/3\/2021\/10\/gluehbirne_dunkellila.png\" width=\"50px\"><\/h3>\n<div style=\"float: left;width: 60%;margin-top: 1.5rem;margin-left: 1rem\"><strong><span style=\"color: #993366;font-size: 1.6rem\">Licht &amp; ich&nbsp;<\/span> <\/strong><span style=\"color: #993366;font-size: 1rem\"><strong>Primarstufe<\/strong> <\/span><\/div>\n<p style=\"clear: both;margin-left: 4.1rem\"><em>Warum k\u00f6nnen wir im Dunkeln nichts sehen? Wieso sind nachts alle Katzen grau? Weshalb spielen Gruselfilme meistens in der Nacht? Was ist eigentlich diese innere Uhr, wie bestimmt sie, ob ich fit und gesund bin, und kann ich sie einfach so umstellen? Und wie kann ich mit k\u00fcnstlichem Licht nicht nur meine Stimmung aufhellen, sondern auch meine Leistungsf\u00e4higkeit verbessern?<\/em><\/p>\n<p style=\"clear: both;margin-left: 4.1rem\">Das sind nur einige der Fragen, deren Antworten mit Hilfe dieses Materialienpaketes erarbeitet werden k\u00f6nnen. Die Unterrichtsmaterialien f\u00fcr die 3. und 4. Schulstufe liefern einen \u00dcberblick \u00fcber die Wirkungen von Licht auf uns Menschen sowie konkrete altersad\u00e4quate Tipps zur optimalen Nutzung und dem gezielten Einsatz von k\u00fcnstlichem Licht.<\/p>\n<\/div>\n<\/div>\n<\/div>\n<\/div>\n\n\n\n<div class=\"wp-block-columns box-lila is-layout-flex wp-container-core-columns-is-layout-9d6595d7 wp-block-columns-is-layout-flex\">\n<div class=\"wp-block-column is-layout-flow wp-block-column-is-layout-flow\">\n<div class=\"wp-block-image wp-block-img-lila\"><figure class=\"aligncenter size-full is-resized\"><a href=\"https:\/\/www.lehrer.at\/licht\/wp-content\/uploads\/sites\/3\/2021\/07\/p_uebersicht_mensch_und_licht.pdf\" target=\"_blank\" rel=\"noopener\"><img loading=\"lazy\" decoding=\"async\" src=\"https:\/\/www.lehrer.at\/licht\/wp-content\/uploads\/sites\/3\/2021\/09\/p_uebersicht.jpg\" alt=\"\" class=\"wp-image-343\" width=\"142\" height=\"198\" title=\"\" \/><\/a><\/figure><\/div>\n\n\n\n<p class=\"has-text-align-center has-text-lila\"><a href=\"https:\/\/www.lehrer.at\/licht\/wp-content\/uploads\/sites\/3\/2021\/07\/p_uebersicht_mensch_und_licht.pdf\">\u00dcbersi<\/a><a href=\"https:\/\/www.lehrer.at\/licht\/wp-content\/uploads\/sites\/3\/2021\/07\/p_uebersicht_mensch_und_licht.pdf\" target=\"_blank\" rel=\"noreferrer noopener\">cht<\/a><\/p>\n<\/div>\n\n\n\n<div class=\"wp-block-column is-layout-flow wp-block-column-is-layout-flow\">\n<div class=\"wp-block-image wp-block-img-lila\"><figure class=\"aligncenter size-full is-resized\"><a href=\"https:\/\/www.lehrer.at\/licht\/wp-content\/uploads\/sites\/3\/2021\/07\/p_lehrerinfo_mensch_und_licht.pdf\" target=\"_blank\" rel=\"noopener\"><img loading=\"lazy\" decoding=\"async\" src=\"https:\/\/www.lehrer.at\/licht\/wp-content\/uploads\/sites\/3\/2021\/10\/p_lehrer.jpg\" alt=\"\" class=\"wp-image-449\" width=\"142\" height=\"200\" srcset=\"https:\/\/www.lehrer.at\/licht\/wp-content\/uploads\/sites\/3\/2021\/10\/p_lehrer.jpg 414w, https:\/\/www.lehrer.at\/licht\/wp-content\/uploads\/sites\/3\/2021\/10\/p_lehrer-212x300.jpg 212w\" sizes=\"auto, (max-width: 142px) 100vw, 142px\" \/><\/a><\/figure><\/div>\n\n\n\n<p class=\"has-text-align-center has-text-lila\"><a href=\"https:\/\/www.lehrer.at\/licht\/wp-content\/uploads\/sites\/3\/2021\/07\/p_lehrerinfo_mensch_und_licht.pdf\" target=\"_blank\" rel=\"noreferrer noopener\">Lehrerinfo<\/a><\/p>\n<\/div>\n\n\n\n<div class=\"wp-block-column has-text-lila is-layout-flow wp-block-column-is-layout-flow\">\n<div class=\"wp-block-image wp-block-img-lila\"><figure class=\"aligncenter size-full is-resized\"><a href=\"https:\/\/www.lehrer.at\/licht\/wp-content\/uploads\/sites\/3\/2021\/07\/p_lernmaterial_mensch_und_licht.pdf\" target=\"_blank\" rel=\"noopener\"><img loading=\"lazy\" decoding=\"async\" src=\"https:\/\/www.lehrer.at\/licht\/wp-content\/uploads\/sites\/3\/2021\/10\/p_A_lich_ich.jpg\" alt=\"\" class=\"wp-image-451\" width=\"142\" height=\"200\" srcset=\"https:\/\/www.lehrer.at\/licht\/wp-content\/uploads\/sites\/3\/2021\/10\/p_A_lich_ich.jpg 414w, https:\/\/www.lehrer.at\/licht\/wp-content\/uploads\/sites\/3\/2021\/10\/p_A_lich_ich-212x300.jpg 212w\" sizes=\"auto, (max-width: 142px) 100vw, 142px\" \/><\/a><\/figure><\/div>\n\n\n\n<p class=\"has-text-align-center\"><a href=\"https:\/\/www.lehrer.at\/licht\/wp-content\/uploads\/sites\/3\/2021\/07\/p_lernmaterial_mensch_und_licht.pdf\" target=\"_blank\" rel=\"noreferrer noopener\">Lernmaterial<\/a><\/p>\n<\/div>\n\n\n\n<div class=\"wp-block-column is-layout-flow wp-block-column-is-layout-flow\">\n<div class=\"wp-block-image wp-block-img-lila\"><figure class=\"aligncenter size-full is-resized\"><a href=\"https:\/\/www.lehrer.at\/licht\/wp-content\/uploads\/sites\/3\/2021\/07\/p_gesamtpaket_mensch_und_licht.pdf\" target=\"_blank\" rel=\"noopener\"><img loading=\"lazy\" decoding=\"async\" src=\"https:\/\/www.lehrer.at\/licht\/wp-content\/uploads\/sites\/3\/2021\/10\/p_A_lich_ich3.png\" alt=\"\" class=\"wp-image-458\" width=\"142\" height=\"200\" srcset=\"https:\/\/www.lehrer.at\/licht\/wp-content\/uploads\/sites\/3\/2021\/10\/p_A_lich_ich3.png 414w, https:\/\/www.lehrer.at\/licht\/wp-content\/uploads\/sites\/3\/2021\/10\/p_A_lich_ich3-212x300.png 212w\" sizes=\"auto, (max-width: 142px) 100vw, 142px\" \/><\/a><\/figure><\/div>\n\n\n\n<p class=\"has-text-align-center has-text-lila\"><a href=\"https:\/\/www.lehrer.at\/licht\/wp-content\/uploads\/sites\/3\/2021\/07\/p_gesamtpaket_mensch_und_licht.pdf\" target=\"_blank\" rel=\"noreferrer noopener\">Gesamtpaket<\/a><\/p>\n<\/div>\n<\/div>\n\n\n\n<div style=\"height:31px\" aria-hidden=\"true\" class=\"wp-block-spacer\"><\/div>\n\n\n\n<p class=\"has-text-align-center\">Folgender Themenbereich enth\u00e4lt <strong>weitere Materialienpakete<\/strong> f\u00fcr die <strong>Primarstufe<\/strong>:<\/p>\n\n\n\n<div id=\"one-button\">\n<div class=\"inside\">\n<div class=\"button-green\">\n<p><a href=\"https:\/\/www.lehrer.at\/licht\/licht-und-umwelt-primarstufe\/\"><img loading=\"lazy\" decoding=\"async\" class=\"alignnone  wp-image-463\" style=\"vertical-align: middle\" src=\"https:\/\/www.lehrer.at\/licht\/wp-content\/uploads\/sites\/3\/2021\/10\/blatt_gruen.png\" alt=\"\" width=\"43\" height=\"32\">&nbsp; <span style=\"color: #418c42\"><strong>Licht &amp; Umwelt<\/strong><\/span><\/a><\/p>\n<\/div>\n<\/div>\n<\/div>\n\n\n\n<p><\/p>\n","protected":false},"excerpt":{"rendered":"<p>Licht &amp; ich&nbsp; Primarstufe Warum k\u00f6nnen wir im Dunkeln nichts sehen? Wieso sind nachts alle Katzen grau? Weshalb spielen Gruselfilme meistens in der Nacht? Was ist eigentlich diese innere Uhr, wie bestimmt sie, ob ich fit und gesund bin, und kann ich sie einfach so umstellen? Und wie kann ich mit k\u00fcnstlichem Licht nicht nur [&hellip;]<\/p>\n","protected":false},"author":3,"featured_media":0,"parent":322,"menu_order":0,"comment_status":"closed","ping_status":"closed","template":"","meta":{"_acf_changed":false,"footnotes":""},"class_list":["post-342","page","type-page","status-publish","hentry"],"acf":[],"yoast_head":"<!-- This site is optimized with the Yoast SEO plugin v27.0 - https:\/\/yoast.com\/product\/yoast-seo-wordpress\/ -->\n<title>Mensch und Licht Primarstufe - Licht<\/title>\n<meta name=\"robots\" content=\"index, follow, max-snippet:-1, max-image-preview:large, max-video-preview:-1\" \/>\n<link rel=\"canonical\" href=\"https:\/\/www.lehrer.at\/licht\/startseite\/mensch-und-licht-primarstufe\/\" \/>\n<meta property=\"og:locale\" content=\"de_DE\" \/>\n<meta property=\"og:type\" content=\"article\" \/>\n<meta property=\"og:title\" content=\"Mensch und Licht Primarstufe - Licht\" \/>\n<meta property=\"og:description\" content=\"Licht &amp; ich&nbsp; Primarstufe Warum k\u00f6nnen wir im Dunkeln nichts sehen? Wieso sind nachts alle Katzen grau? Weshalb spielen Gruselfilme meistens in der Nacht? Was ist eigentlich diese innere Uhr, wie bestimmt sie, ob ich fit und gesund bin, und kann ich sie einfach so umstellen? Und wie kann ich mit k\u00fcnstlichem Licht nicht nur [&hellip;]\" \/>\n<meta property=\"og:url\" content=\"https:\/\/www.lehrer.at\/licht\/startseite\/mensch-und-licht-primarstufe\/\" \/>\n<meta property=\"og:site_name\" content=\"Licht\" \/>\n<meta property=\"article:modified_time\" content=\"2022-03-21T15:05:39+00:00\" \/>\n<meta property=\"og:image\" content=\"https:\/\/www.lehrer.at\/licht\/wp-content\/uploads\/sites\/3\/2021\/10\/gluehbirne_dunkellila.png\" \/>\n<meta name=\"twitter:card\" content=\"summary_large_image\" \/>\n<meta name=\"twitter:label1\" content=\"Gesch\u00e4tzte Lesezeit\" \/>\n\t<meta name=\"twitter:data1\" content=\"1 Minute\" \/>\n<script type=\"application\/ld+json\" class=\"yoast-schema-graph\">{\"@context\":\"https:\/\/schema.org\",\"@graph\":[{\"@type\":\"WebPage\",\"@id\":\"https:\/\/www.lehrer.at\/licht\/startseite\/mensch-und-licht-primarstufe\/\",\"url\":\"https:\/\/www.lehrer.at\/licht\/startseite\/mensch-und-licht-primarstufe\/\",\"name\":\"Mensch und Licht Primarstufe - Licht\",\"isPartOf\":{\"@id\":\"https:\/\/www.lehrer.at\/licht\/#website\"},\"primaryImageOfPage\":{\"@id\":\"https:\/\/www.lehrer.at\/licht\/startseite\/mensch-und-licht-primarstufe\/#primaryimage\"},\"image\":{\"@id\":\"https:\/\/www.lehrer.at\/licht\/startseite\/mensch-und-licht-primarstufe\/#primaryimage\"},\"thumbnailUrl\":\"https:\/\/www.lehrer.at\/licht\/wp-content\/uploads\/sites\/3\/2021\/10\/gluehbirne_dunkellila.png\",\"datePublished\":\"2021-09-30T11:09:26+00:00\",\"dateModified\":\"2022-03-21T15:05:39+00:00\",\"breadcrumb\":{\"@id\":\"https:\/\/www.lehrer.at\/licht\/startseite\/mensch-und-licht-primarstufe\/#breadcrumb\"},\"inLanguage\":\"de-AT\",\"potentialAction\":[{\"@type\":\"ReadAction\",\"target\":[\"https:\/\/www.lehrer.at\/licht\/startseite\/mensch-und-licht-primarstufe\/\"]}]},{\"@type\":\"ImageObject\",\"inLanguage\":\"de-AT\",\"@id\":\"https:\/\/www.lehrer.at\/licht\/startseite\/mensch-und-licht-primarstufe\/#primaryimage\",\"url\":\"https:\/\/www.lehrer.at\/licht\/wp-content\/uploads\/sites\/3\/2021\/10\/gluehbirne_dunkellila.png\",\"contentUrl\":\"https:\/\/www.lehrer.at\/licht\/wp-content\/uploads\/sites\/3\/2021\/10\/gluehbirne_dunkellila.png\",\"width\":164,\"height\":212},{\"@type\":\"BreadcrumbList\",\"@id\":\"https:\/\/www.lehrer.at\/licht\/startseite\/mensch-und-licht-primarstufe\/#breadcrumb\",\"itemListElement\":[{\"@type\":\"ListItem\",\"position\":1,\"name\":\"Startseite\",\"item\":\"https:\/\/www.lehrer.at\/licht\/\"},{\"@type\":\"ListItem\",\"position\":2,\"name\":\"Unterrichtsmaterial\",\"item\":\"https:\/\/www.lehrer.at\/licht\/\"},{\"@type\":\"ListItem\",\"position\":3,\"name\":\"Mensch und Licht Primarstufe\"}]},{\"@type\":\"WebSite\",\"@id\":\"https:\/\/www.lehrer.at\/licht\/#website\",\"url\":\"https:\/\/www.lehrer.at\/licht\/\",\"name\":\"Licht\",\"description\":\"Leben mit Licht\",\"potentialAction\":[{\"@type\":\"SearchAction\",\"target\":{\"@type\":\"EntryPoint\",\"urlTemplate\":\"https:\/\/www.lehrer.at\/licht\/?s={search_term_string}\"},\"query-input\":{\"@type\":\"PropertyValueSpecification\",\"valueRequired\":true,\"valueName\":\"search_term_string\"}}],\"inLanguage\":\"de-AT\"}]}<\/script>\n<!-- \/ Yoast SEO plugin. -->","yoast_head_json":{"title":"Mensch und Licht Primarstufe - Licht","robots":{"index":"index","follow":"follow","max-snippet":"max-snippet:-1","max-image-preview":"max-image-preview:large","max-video-preview":"max-video-preview:-1"},"canonical":"https:\/\/www.lehrer.at\/licht\/startseite\/mensch-und-licht-primarstufe\/","og_locale":"de_DE","og_type":"article","og_title":"Mensch und Licht Primarstufe - Licht","og_description":"Licht &amp; ich&nbsp; Primarstufe Warum k\u00f6nnen wir im Dunkeln nichts sehen? Wieso sind nachts alle Katzen grau? Weshalb spielen Gruselfilme meistens in der Nacht? Was ist eigentlich diese innere Uhr, wie bestimmt sie, ob ich fit und gesund bin, und kann ich sie einfach so umstellen? Und wie kann ich mit k\u00fcnstlichem Licht nicht nur [&hellip;]","og_url":"https:\/\/www.lehrer.at\/licht\/startseite\/mensch-und-licht-primarstufe\/","og_site_name":"Licht","article_modified_time":"2022-03-21T15:05:39+00:00","og_image":[{"url":"https:\/\/www.lehrer.at\/licht\/wp-content\/uploads\/sites\/3\/2021\/10\/gluehbirne_dunkellila.png","type":"","width":"","height":""}],"twitter_card":"summary_large_image","twitter_misc":{"Gesch\u00e4tzte Lesezeit":"1 Minute"},"schema":{"@context":"https:\/\/schema.org","@graph":[{"@type":"WebPage","@id":"https:\/\/www.lehrer.at\/licht\/startseite\/mensch-und-licht-primarstufe\/","url":"https:\/\/www.lehrer.at\/licht\/startseite\/mensch-und-licht-primarstufe\/","name":"Mensch und Licht Primarstufe - Licht","isPartOf":{"@id":"https:\/\/www.lehrer.at\/licht\/#website"},"primaryImageOfPage":{"@id":"https:\/\/www.lehrer.at\/licht\/startseite\/mensch-und-licht-primarstufe\/#primaryimage"},"image":{"@id":"https:\/\/www.lehrer.at\/licht\/startseite\/mensch-und-licht-primarstufe\/#primaryimage"},"thumbnailUrl":"https:\/\/www.lehrer.at\/licht\/wp-content\/uploads\/sites\/3\/2021\/10\/gluehbirne_dunkellila.png","datePublished":"2021-09-30T11:09:26+00:00","dateModified":"2022-03-21T15:05:39+00:00","breadcrumb":{"@id":"https:\/\/www.lehrer.at\/licht\/startseite\/mensch-und-licht-primarstufe\/#breadcrumb"},"inLanguage":"de-AT","potentialAction":[{"@type":"ReadAction","target":["https:\/\/www.lehrer.at\/licht\/startseite\/mensch-und-licht-primarstufe\/"]}]},{"@type":"ImageObject","inLanguage":"de-AT","@id":"https:\/\/www.lehrer.at\/licht\/startseite\/mensch-und-licht-primarstufe\/#primaryimage","url":"https:\/\/www.lehrer.at\/licht\/wp-content\/uploads\/sites\/3\/2021\/10\/gluehbirne_dunkellila.png","contentUrl":"https:\/\/www.lehrer.at\/licht\/wp-content\/uploads\/sites\/3\/2021\/10\/gluehbirne_dunkellila.png","width":164,"height":212},{"@type":"BreadcrumbList","@id":"https:\/\/www.lehrer.at\/licht\/startseite\/mensch-und-licht-primarstufe\/#breadcrumb","itemListElement":[{"@type":"ListItem","position":1,"name":"Startseite","item":"https:\/\/www.lehrer.at\/licht\/"},{"@type":"ListItem","position":2,"name":"Unterrichtsmaterial","item":"https:\/\/www.lehrer.at\/licht\/"},{"@type":"ListItem","position":3,"name":"Mensch und Licht Primarstufe"}]},{"@type":"WebSite","@id":"https:\/\/www.lehrer.at\/licht\/#website","url":"https:\/\/www.lehrer.at\/licht\/","name":"Licht","description":"Leben mit Licht","potentialAction":[{"@type":"SearchAction","target":{"@type":"EntryPoint","urlTemplate":"https:\/\/www.lehrer.at\/licht\/?s={search_term_string}"},"query-input":{"@type":"PropertyValueSpecification","valueRequired":true,"valueName":"search_term_string"}}],"inLanguage":"de-AT"}]}},"_links":{"self":[{"href":"https:\/\/www.lehrer.at\/licht\/wp-json\/wp\/v2\/pages\/342","targetHints":{"allow":["GET"]}}],"collection":[{"href":"https:\/\/www.lehrer.at\/licht\/wp-json\/wp\/v2\/pages"}],"about":[{"href":"https:\/\/www.lehrer.at\/licht\/wp-json\/wp\/v2\/types\/page"}],"author":[{"embeddable":true,"href":"https:\/\/www.lehrer.at\/licht\/wp-json\/wp\/v2\/users\/3"}],"replies":[{"embeddable":true,"href":"https:\/\/www.lehrer.at\/licht\/wp-json\/wp\/v2\/comments?post=342"}],"version-history":[{"count":161,"href":"https:\/\/www.lehrer.at\/licht\/wp-json\/wp\/v2\/pages\/342\/revisions"}],"predecessor-version":[{"id":852,"href":"https:\/\/www.lehrer.at\/licht\/wp-json\/wp\/v2\/pages\/342\/revisions\/852"}],"up":[{"embeddable":true,"href":"https:\/\/www.lehrer.at\/licht\/wp-json\/wp\/v2\/pages\/322"}],"wp:attachment":[{"href":"https:\/\/www.lehrer.at\/licht\/wp-json\/wp\/v2\/media?parent=342"}],"curies":[{"name":"wp","href":"https:\/\/api.w.org\/{rel}","templated":true}]}}