{"id":322,"date":"2021-09-30T11:03:03","date_gmt":"2021-09-30T09:03:03","guid":{"rendered":"https:\/\/www.lehrer.at\/licht\/?page_id=322"},"modified":"2025-05-08T10:17:55","modified_gmt":"2025-05-08T08:17:55","slug":"licht-im-unterricht-kostenloses-material-fuer-alle-schulstufen","status":"publish","type":"page","link":"https:\/\/www.lehrer.at\/licht\/","title":{"rendered":"Unterrichtsmaterial"},"content":{"rendered":"\n<p class=\"has-text-align-center\">&nbsp;<strong>Licht l\u00e4sst uns sehen, h\u00e4lt unsere innere Uhr im Rhythmus und schafft Atmosph\u00e4re.<br>Und es ist wichtiger Faktor einer nachhaltigen Umwelt- und Wirtschaftsentwicklung.<\/strong><\/p>\n\n\n\n<p>Dieses Themenportal liefert kostenlose Downloadmaterialien f\u00fcr den direkten Einsatz im Unterricht: altersad\u00e4quat, lehrplanbezogen, kompetenzorientiert, lebensnah, anschaulich und handlungsorientiert.<br>Der mikromodulare Aufbau der Materialien&nbsp;erm\u00f6glicht die einfache, rasche Zusammenstellung individueller Unterrichtseinheiten, die inhaltlich und methodisch auf die Bed\u00fcrfnisse der Sch\u00fclerInnen abgestimmt sind.<\/p>\n\n\n\n<p>Ausgehend vom Themendreieck&nbsp;&nbsp;<strong style=\"color: #005ec4\">Mensch\u2014Umwelt\u2014Technik<\/strong>&nbsp;k\u00f6nnen Sch\u00fclerInnen Licht in all seiner Vielfalt erleben, begreifen und f\u00fcr sich einsetzen lernen:<\/p>\n\n\n\n<ul class=\"wp-block-list\"><li>Sie erkennen \u00f6kologische, psychologische, wirtschaftliche und technische Zusammenh\u00e4nge.<\/li><li>Sie entdecken und erweitern ihre Kompetenzen.<\/li><li>Sie erhalten konkrete Anleitung, um das neu erworbene Wissen im eigenen Lebenszusammenhang<br>anwenden und f\u00fcr sich nutzen zu k\u00f6nnen.<\/li><\/ul>\n\n\n\n<div style=\"height:8px\" aria-hidden=\"true\" class=\"wp-block-spacer\"><\/div>\n\n\n\n<section class=\"topics\">\n\n      <div class=\"topic lila\">\n            <h2>Mensch &amp; Licht<\/h2>\n            <div>                        \n                  <p>Von Human Centric Lighting zur praktischen Lichtplanung f\u00fcrs Zuhause<\/p>\n                  <ul>\n                        <li><a href=\"mensch-und-licht\/mensch-und-licht-primarstufe\/\">Primarstufe<\/a><\/li>\n                        <li><a href=\"mensch-und-licht\/mensch-und-licht-sekundarstufe-1\">Sekundarstufe 1<\/a><\/li>\n                        <li><a href=\"mensch-und-licht\/mensch-und-licht-sekundarstufe-2\">Sekundarstufe 2<\/a><\/li>\n                  <\/ul>\n            <\/div>\n      <\/div>\n      <div class=\"topic green\">\n            <h2>Licht &amp; Umwelt<\/h2>\n            <div>\n\n                  <p>Von energieeffizienter Beleuchtung zu nachhaltigem Wirtschaften<\/p>\n                  <ul>\n                        <li><a href=\"licht-und-umwelt\/licht-und-umwelt-primarstufe\">Primarstufe<\/a><\/li>\n                        <li><a href=\"licht-und-umwelt\/licht-und-umwelt-sekundarstufe-1\">Sekundarstufe 1<\/a><\/li>\n                        <li><a href=\"licht-und-umwelt\/licht-und-umwelt-sekundarstufe-2\">Sekundarstufe 2<\/a><\/li>\n                  <\/ul>\n            <\/div>\n      <\/div>\n      <div class=\"topic blue\">\n            <h2>IoT &amp; Licht<\/h2>\n            <div>\n\n                  <p>Von Smart Home \u00fcber Smart City zu innovativen Lichtanwendungen<\/p>\n                  <ul>\n                        <li><a href=\"iot-und-licht\/iot-und-licht-sekundarstufe-1\">Sekundarstufe 1<\/a><\/li>\n                        <li><a href=\"iot-und-licht\/iot-und-licht-sekundarstufe-2\">Sekundarstufe 2<\/a><\/li>\n                  <\/ul>\n            <\/div>\n      <\/div>\n\n<\/section>\n","protected":false},"excerpt":{"rendered":"<p>&nbsp;Licht l\u00e4sst uns sehen, h\u00e4lt unsere innere Uhr im Rhythmus und schafft Atmosph\u00e4re.Und es ist wichtiger Faktor einer nachhaltigen Umwelt- und Wirtschaftsentwicklung. Dieses Themenportal liefert kostenlose Downloadmaterialien f\u00fcr den direkten Einsatz im Unterricht: altersad\u00e4quat, lehrplanbezogen, kompetenzorientiert, lebensnah, anschaulich und handlungsorientiert.Der mikromodulare Aufbau der Materialien&nbsp;erm\u00f6glicht die einfache, rasche Zusammenstellung individueller Unterrichtseinheiten, die inhaltlich und methodisch auf [&hellip;]<\/p>\n","protected":false},"author":3,"featured_media":0,"parent":0,"menu_order":0,"comment_status":"closed","ping_status":"closed","template":"","meta":{"_acf_changed":false,"footnotes":""},"class_list":["post-322","page","type-page","status-publish","hentry"],"acf":[],"yoast_head":"<!-- This site is optimized with the Yoast SEO plugin v27.0 - https:\/\/yoast.com\/product\/yoast-seo-wordpress\/ -->\n<title>Unterrichtsmaterial - Licht<\/title>\n<meta name=\"description\" content=\"Kostenlose Unterrichtsmaterialien zum Thema Licht \u2013 anschaulich, lehrplanbezogen &amp; direkt einsetzbar f\u00fcr Volksschule bis Oberstufe.\" \/>\n<meta name=\"robots\" content=\"index, follow, max-snippet:-1, max-image-preview:large, max-video-preview:-1\" \/>\n<link rel=\"canonical\" href=\"https:\/\/www.lehrer.at\/licht\/\" \/>\n<meta property=\"og:locale\" content=\"de_DE\" \/>\n<meta property=\"og:type\" content=\"article\" \/>\n<meta property=\"og:title\" content=\"Unterrichtsmaterial - Licht\" \/>\n<meta property=\"og:description\" content=\"Kostenlose Unterrichtsmaterialien zum Thema Licht \u2013 anschaulich, lehrplanbezogen &amp; direkt einsetzbar f\u00fcr Volksschule bis Oberstufe.\" \/>\n<meta property=\"og:url\" content=\"https:\/\/www.lehrer.at\/licht\/\" \/>\n<meta property=\"og:site_name\" content=\"Licht\" \/>\n<meta property=\"article:modified_time\" content=\"2025-05-08T08:17:55+00:00\" \/>\n<meta name=\"twitter:card\" content=\"summary_large_image\" \/>\n<meta name=\"twitter:label1\" content=\"Gesch\u00e4tzte Lesezeit\" \/>\n\t<meta name=\"twitter:data1\" content=\"1 Minute\" \/>\n<script type=\"application\/ld+json\" class=\"yoast-schema-graph\">{\"@context\":\"https:\/\/schema.org\",\"@graph\":[{\"@type\":\"WebPage\",\"@id\":\"https:\/\/www.lehrer.at\/licht\/\",\"url\":\"https:\/\/www.lehrer.at\/licht\/\",\"name\":\"Unterrichtsmaterial - Licht\",\"isPartOf\":{\"@id\":\"https:\/\/www.lehrer.at\/licht\/#website\"},\"datePublished\":\"2021-09-30T09:03:03+00:00\",\"dateModified\":\"2025-05-08T08:17:55+00:00\",\"description\":\"Kostenlose Unterrichtsmaterialien zum Thema Licht \u2013 anschaulich, lehrplanbezogen & direkt einsetzbar f\u00fcr Volksschule bis Oberstufe.\",\"breadcrumb\":{\"@id\":\"https:\/\/www.lehrer.at\/licht\/#breadcrumb\"},\"inLanguage\":\"de-AT\",\"potentialAction\":[{\"@type\":\"ReadAction\",\"target\":[\"https:\/\/www.lehrer.at\/licht\/\"]}]},{\"@type\":\"BreadcrumbList\",\"@id\":\"https:\/\/www.lehrer.at\/licht\/#breadcrumb\",\"itemListElement\":[{\"@type\":\"ListItem\",\"position\":1,\"name\":\"Startseite\",\"item\":\"https:\/\/www.lehrer.at\/licht\/\"},{\"@type\":\"ListItem\",\"position\":2,\"name\":\"Unterrichtsmaterial\"}]},{\"@type\":\"WebSite\",\"@id\":\"https:\/\/www.lehrer.at\/licht\/#website\",\"url\":\"https:\/\/www.lehrer.at\/licht\/\",\"name\":\"Licht\",\"description\":\"Leben mit Licht\",\"potentialAction\":[{\"@type\":\"SearchAction\",\"target\":{\"@type\":\"EntryPoint\",\"urlTemplate\":\"https:\/\/www.lehrer.at\/licht\/?s={search_term_string}\"},\"query-input\":{\"@type\":\"PropertyValueSpecification\",\"valueRequired\":true,\"valueName\":\"search_term_string\"}}],\"inLanguage\":\"de-AT\"}]}<\/script>\n<!-- \/ Yoast SEO plugin. -->","yoast_head_json":{"title":"Unterrichtsmaterial - Licht","description":"Kostenlose Unterrichtsmaterialien zum Thema Licht \u2013 anschaulich, lehrplanbezogen & direkt einsetzbar f\u00fcr Volksschule bis Oberstufe.","robots":{"index":"index","follow":"follow","max-snippet":"max-snippet:-1","max-image-preview":"max-image-preview:large","max-video-preview":"max-video-preview:-1"},"canonical":"https:\/\/www.lehrer.at\/licht\/","og_locale":"de_DE","og_type":"article","og_title":"Unterrichtsmaterial - Licht","og_description":"Kostenlose Unterrichtsmaterialien zum Thema Licht \u2013 anschaulich, lehrplanbezogen & direkt einsetzbar f\u00fcr Volksschule bis Oberstufe.","og_url":"https:\/\/www.lehrer.at\/licht\/","og_site_name":"Licht","article_modified_time":"2025-05-08T08:17:55+00:00","twitter_card":"summary_large_image","twitter_misc":{"Gesch\u00e4tzte Lesezeit":"1 Minute"},"schema":{"@context":"https:\/\/schema.org","@graph":[{"@type":"WebPage","@id":"https:\/\/www.lehrer.at\/licht\/","url":"https:\/\/www.lehrer.at\/licht\/","name":"Unterrichtsmaterial - Licht","isPartOf":{"@id":"https:\/\/www.lehrer.at\/licht\/#website"},"datePublished":"2021-09-30T09:03:03+00:00","dateModified":"2025-05-08T08:17:55+00:00","description":"Kostenlose Unterrichtsmaterialien zum Thema Licht \u2013 anschaulich, lehrplanbezogen & direkt einsetzbar f\u00fcr Volksschule bis Oberstufe.","breadcrumb":{"@id":"https:\/\/www.lehrer.at\/licht\/#breadcrumb"},"inLanguage":"de-AT","potentialAction":[{"@type":"ReadAction","target":["https:\/\/www.lehrer.at\/licht\/"]}]},{"@type":"BreadcrumbList","@id":"https:\/\/www.lehrer.at\/licht\/#breadcrumb","itemListElement":[{"@type":"ListItem","position":1,"name":"Startseite","item":"https:\/\/www.lehrer.at\/licht\/"},{"@type":"ListItem","position":2,"name":"Unterrichtsmaterial"}]},{"@type":"WebSite","@id":"https:\/\/www.lehrer.at\/licht\/#website","url":"https:\/\/www.lehrer.at\/licht\/","name":"Licht","description":"Leben mit Licht","potentialAction":[{"@type":"SearchAction","target":{"@type":"EntryPoint","urlTemplate":"https:\/\/www.lehrer.at\/licht\/?s={search_term_string}"},"query-input":{"@type":"PropertyValueSpecification","valueRequired":true,"valueName":"search_term_string"}}],"inLanguage":"de-AT"}]}},"_links":{"self":[{"href":"https:\/\/www.lehrer.at\/licht\/wp-json\/wp\/v2\/pages\/322","targetHints":{"allow":["GET"]}}],"collection":[{"href":"https:\/\/www.lehrer.at\/licht\/wp-json\/wp\/v2\/pages"}],"about":[{"href":"https:\/\/www.lehrer.at\/licht\/wp-json\/wp\/v2\/types\/page"}],"author":[{"embeddable":true,"href":"https:\/\/www.lehrer.at\/licht\/wp-json\/wp\/v2\/users\/3"}],"replies":[{"embeddable":true,"href":"https:\/\/www.lehrer.at\/licht\/wp-json\/wp\/v2\/comments?post=322"}],"version-history":[{"count":54,"href":"https:\/\/www.lehrer.at\/licht\/wp-json\/wp\/v2\/pages\/322\/revisions"}],"predecessor-version":[{"id":923,"href":"https:\/\/www.lehrer.at\/licht\/wp-json\/wp\/v2\/pages\/322\/revisions\/923"}],"wp:attachment":[{"href":"https:\/\/www.lehrer.at\/licht\/wp-json\/wp\/v2\/media?parent=322"}],"curies":[{"name":"wp","href":"https:\/\/api.w.org\/{rel}","templated":true}]}}