{"id":28,"date":"2020-12-22T14:52:49","date_gmt":"2020-12-22T13:52:49","guid":{"rendered":"https:\/\/www.lehrer.at\/licht\/?page_id=28"},"modified":"2023-09-06T13:50:44","modified_gmt":"2023-09-06T11:50:44","slug":"sekundarstufe-2","status":"publish","type":"page","link":"https:\/\/www.lehrer.at\/licht\/sekundarstufe-2\/","title":{"rendered":"Sekundarstufe 2"},"content":{"rendered":"<div class=\"lazyblock-materialien-download-licht-eYJth wp-block-lazyblock-materialien-download-licht\"><div class=\"material\">\n  <h2 class=\"lila\">Mensch und Licht <sub>Sekundarstufe 2<\/sub><\/h2>\n  <div class=\"material-text\">\n    <p><em>Warum k\u00f6nnen wir im Dunkeln nichts sehen? Wieso sind nachts alle Katzen grau? Was macht im Dunkeln Angst? Welche Aufgabe\/n hat die innere Uhr und warum kann man sie nicht einfach umstellen? Und wie kann man mit k\u00fcnstlichem Licht nicht nur die eigene Stimmung aufhellen, sondern auch seine Leistungsf\u00e4higkeit verbessern?<\/em><\/p><p>Das sind nur einige der Fragen, deren Antworten mit Hilfe dieses Materialienpaketes erarbeitet werden k\u00f6nnen. Die Unterrichtsmaterialien liefern einen \u00dcberblick \u00fcber die Wirkungen von Licht auf den Menschen, einen Einblick in die Grundlagen von Human Centric Lighting sowie konkrete Tipps zur optimalen Nutzung und dem gezielten Einsatz von k\u00fcnstlichem Licht.<\/p>\n  <\/div>\n  <div class=\"material-files lila\">\n    <img decoding=\"async\" class=\"material-img\" src=\"\" alt=\"\" \/>\n    <div class=\"material-file\">\n      <a href=\"https:\/\/www.lehrer.at\/licht\/wp-content\/uploads\/sites\/3\/2021\/07\/sek2_uebersicht_mensch_und_licht.pdf\" target=\"_blank\">\u00dcbersicht<\/a>\n      <\/div>\n    <div class=\"material-file\">\n      <a href=\"https:\/\/www.lehrer.at\/licht\/wp-content\/uploads\/sites\/3\/2021\/07\/sek2_lehrerinfo_mensch_und_licht.pdf\" target=\"_blank\">Lehrerinfo<\/a>\n      <\/div>\n    <div class=\"material-file\">\n      <a href=\"https:\/\/www.lehrer.at\/licht\/wp-content\/uploads\/sites\/3\/2021\/07\/sek2_lernmaterial_mensch_und_licht.pdf\" target=\"_blank\">Lernmaterial<\/a>\n      <\/div>\n    <div class=\"material-file\">\n      <a href=\"https:\/\/www.lehrer.at\/licht\/wp-content\/uploads\/sites\/3\/2021\/07\/sek2_gesamtpaket_mensch_und_licht.pdf\" target=\"_blank\">Gesamtpaket<\/a>\n      <\/div>\n  <\/div>\n<\/div><\/div>\n\n<div class=\"lazyblock-materialien-download-licht-B2hUs wp-block-lazyblock-materialien-download-licht\"><div class=\"material\">\n  <h2 class=\"lila\">Praxistest Lichtplanung <sub>Sekundarstufe 2<\/sub><\/h2>\n  <div class=\"material-text\">\n    <p><em>Was macht Licht im Supermarkt mit den Lebensmitteln, und was macht es mit den KonsumentInnen? Warum hat die Farbtemperatur in der Lichtplanung einen so hohen Stellenwert und wie kann man sie zur Unterst\u00fctzung des eigenen Sehverm\u00f6gens und Wohlbefindens optimal einsetzen? Wie kann man feststellen, ob eine Lampe wirklich energieeffizient ist, und warum sollte man bei der Einrichtung eines Raumes auch auf die Beschaffenheit der Oberfl\u00e4chen achten?\u00a0<\/em><\/p><p>Das sind nur einige der Fragen, deren Antworten mit Hilfe dieses Materialienpaketes erarbeitet werden k\u00f6nnen. Die Unterrichtsmaterialien liefern einen \u00dcberblick \u00fcber die verschiedenen Begriffe, die f\u00fcr einen Lampen- oder Leuchtenkauf bzw. f\u00fcr die Erstellung eines Lichtkonzeptes von Relevanz sind, und geben konkrete Anleitung zur Erstellung eines Lichtkonzeptes.<\/p>\n  <\/div>\n  <div class=\"material-files lila\">\n    <img decoding=\"async\" class=\"material-img\" src=\"\" alt=\"\" \/>\n    <div class=\"material-file\">\n      <a href=\"https:\/\/www.lehrer.at\/licht\/wp-content\/uploads\/sites\/3\/2021\/07\/sek2_gesamtpaket_mensch_und_licht-1.pdf\" target=\"_blank\">\u00dcbersicht<\/a>\n      <\/div>\n    <div class=\"material-file\">\n      <a href=\"https:\/\/www.lehrer.at\/licht\/wp-content\/uploads\/sites\/3\/2021\/07\/sek2_uebersicht_praxistest_lichtplanung.pdf\" target=\"_blank\">Lehrerinfo<\/a>\n      <\/div>\n    <div class=\"material-file\">\n      <a href=\"https:\/\/www.lehrer.at\/licht\/wp-content\/uploads\/sites\/3\/2021\/07\/sek2_lernmaterial_praxistest_lichtplanung.pdf\" target=\"_blank\">Lernmaterial<\/a>\n      <\/div>\n    <div class=\"material-file\">\n      <a href=\"https:\/\/www.lehrer.at\/licht\/wp-content\/uploads\/sites\/3\/2021\/07\/sek2_gesamtpaket_praxistest_lichtplanung.pdf\" target=\"_blank\">Gesamtpaket<\/a>\n      <\/div>\n  <\/div>\n<\/div><\/div>\n\n<div class=\"lazyblock-materialien-download-licht-Z1ccEGx wp-block-lazyblock-materialien-download-licht\"><div class=\"material\">\n  <h2 class=\"green\">Entsorgen &amp; Recyceln <sub>Sekundarstufe 2<\/sub><\/h2>\n  <div class=\"material-text\">\n    <p><em>Was macht unsere Abf\u00e4lle wertvoll? Wieso ist Elektroschrott alles andere als Schrott? Worauf m\u00fcssen wir beim Entsorgen von Lampen achten? Was unterscheidet Kreislauf- und Linearwirtschaft und wie stehen die beiden Wirtschaftsformen in Verbindung zu \u00f6konomisch und \u00f6kologisch nachhaltigem Wirtschaften? Und wie kann jede\/r Einzelne von uns zum Erhalt wertvoller Rohstoffe beitragen und dabei gleichzeitig auch noch Geld sparen?<\/em><\/p><p>Diese Materialien liefern die M\u00f6glichkeit der Wiederholung der Grundlagen der <strong>M\u00fclltrennung<\/strong> sowie der Bedeutung von <strong>Wiederverwertung und Vermeidung von M\u00fcll<\/strong>. Die Auseinandersetzung mit Grundlagen und Auswirkungen von <strong>Kreislauf- und Linearwirtschaft<\/strong> schafft Bewusstsein f\u00fcr die Notwendigkeit eines verantwortungsbewussten, sparsamen, effizienten Umgangs mit wertvollen Ressourcen \u2013 und das bei Industrie, Handel und KonsumentInnen. Konkrete, im Alltag umsetzbare Tipps sollen die Sch\u00fclerInnen dazu motivieren, sich nicht nur der <strong>Bedeutung ihres eigenen Handelns<\/strong> bewusst zu werden, sondern proaktiv zum Erhalt unserer Umwelt beizutragen.<\/p>\n  <\/div>\n  <div class=\"material-files green\">\n    <img decoding=\"async\" class=\"material-img\" src=\"\" alt=\"\" \/>\n    <div class=\"material-file\">\n      <a href=\"https:\/\/www.lehrer.at\/licht\/wp-content\/uploads\/sites\/3\/2021\/07\/sek2_uebersicht_entsorgen_recyceln.pdf\" target=\"_blank\">\u00dcbersicht<\/a>\n      <\/div>\n    <div class=\"material-file\">\n      <a href=\"https:\/\/www.lehrer.at\/licht\/wp-content\/uploads\/sites\/3\/2021\/07\/sek2_uebersicht_nachhaltig_hell.pdf\" target=\"_blank\">Lehrerinfo<\/a>\n      <\/div>\n    <div class=\"material-file\">\n      <a href=\"https:\/\/www.lehrer.at\/licht\/wp-content\/uploads\/sites\/3\/2021\/07\/sek2_lernmaterial_entsorgen_recyceln.pdf\" target=\"_blank\">Lernmaterial<\/a>\n      <\/div>\n    <div class=\"material-file\">\n      <a href=\"https:\/\/www.lehrer.at\/licht\/wp-content\/uploads\/sites\/3\/2021\/07\/sek2_gesamtpaket_entsorgen_recyceln.pdf\" target=\"_blank\">Gesamtpaket<\/a>\n      <\/div>\n  <\/div>\n<\/div><\/div>\n\n<div class=\"lazyblock-materialien-download-licht-ZfXP8o wp-block-lazyblock-materialien-download-licht\"><div class=\"material\">\n  <h2 class=\"green\">Nachhaltig hell? <sub>Sekundarstufe 2<\/sub><\/h2>\n  <div class=\"material-text\">\n    <p><em>Was bedeutet der Begriff \u201eNachhaltigkeit\u201c? Wie passen Nachhaltigkeit und Beleuchtung zusammen? Kann man tats\u00e4chlich schon beim Kauf einer Lampe nachhaltig agieren? Und was macht ein nachhaltiges Beleuchtungskonzept f\u00fcr den \u00f6ffentlichen Raum aus?<\/em><\/p><p>Dieses Materialienpaket erm\u00f6glicht die Auseinandersetzung mit dem <strong>Nachhaltigkeitsbegriff<\/strong> und den <strong>Grundlagen nachhaltigen Agierens<\/strong>. Anhand der Besch\u00e4ftigung mit verschiedenen Leuchtmitteln wird das Thema in den konkreten Lebenszusammenhang der Sch\u00fclerInnen transferiert, das Begriffsverst\u00e4ndnis vertieft und das Bewusstsein der <strong>Bedeutung des eigenen Handelns<\/strong> gest\u00e4rkt. Die abschlie\u00dfende Auseinandersetzung mit <strong>Beleuchtungskonzepten f\u00fcr \u00f6ffentlichen Raum<\/strong> verdeutlicht nicht nur die zahlreichen Funktionen von Licht, sondern auch die Bedeutung nachhaltigen Agierens f\u00fcr jede\/n Einzelne\/n, unsere Gesellschaft und unsere Umwelt.<\/p>\n  <\/div>\n  <div class=\"material-files green\">\n    <img decoding=\"async\" class=\"material-img\" src=\"\" alt=\"\" \/>\n    <div class=\"material-file\">\n      <a href=\"https:\/\/www.lehrer.at\/licht\/wp-content\/uploads\/sites\/3\/2021\/07\/sek2_uebersicht_nachhaltig_hell-1.pdf\" target=\"_blank\">\u00dcbersicht<\/a>\n      <\/div>\n    <div class=\"material-file\">\n      <a href=\"https:\/\/www.lehrer.at\/licht\/wp-content\/uploads\/sites\/3\/2021\/07\/sek2_lehrerinfo_nachhaltig_hell.pdf\" target=\"_blank\">Lehrerinfo<\/a>\n      <\/div>\n    <div class=\"material-file\">\n      <a href=\"https:\/\/www.lehrer.at\/licht\/wp-content\/uploads\/sites\/3\/2021\/07\/sek2_lernmaterial_nachhaltig_hell.pdf\" target=\"_blank\">Lernmaterial<\/a>\n      <\/div>\n    <div class=\"material-file\">\n      <a href=\"https:\/\/www.lehrer.at\/licht\/wp-content\/uploads\/sites\/3\/2021\/07\/sek2_gesamtpaket_nachhaltig_hell.pdf\" target=\"_blank\">Gesamtpaket<\/a>\n      <\/div>\n  <\/div>\n<\/div><\/div>\n\n<div class=\"lazyblock-materialien-download-licht-e0tz1 wp-block-lazyblock-materialien-download-licht\"><div class=\"material\">\n  <h2 class=\"blue\">Digitales Licht in der Smart City <sub>Sekundarstufe 2<\/sub><\/h2>\n  <div class=\"material-text\">\n    <p><em>Was versteht man eigentlich unter digitalem Licht und wie ver\u00e4ndert dieses unsere Wohnungen, H\u00e4user und St\u00e4dte? Warum macht es Sinn, Lichtwellen zur Daten\u00fcbertragung zu nutzen, und wie k\u00f6nnte das konkret unseren Alltag ver\u00e4ndern?<\/em><\/p><p>Die Unterrichtsmaterialien erm\u00f6glichen die Auseinandersetzung mit <strong>Smart Home<\/strong> und <strong>Smart Lighting<\/strong>. Die Sch\u00fclerInnen verstehen, in welcher Form <strong>Green Buildings<\/strong> und <strong>Smart Citys<\/strong> zu unserer Gesundheit, unserem Wohlbefinden und auch zum Erhalt unserer Umwelt beitragen. Und sie erfahren, wie die <strong>lichtbasierte Daten\u00fcbertragung<\/strong> funktioniert, was sie von WIFI und Bluetooth unterscheidet und welche Anwendungsgebiete sich hier zuk\u00fcnftig auftun werden.<\/p>\n  <\/div>\n  <div class=\"material-files blue\">\n    <img decoding=\"async\" class=\"material-img\" src=\"\" alt=\"\" \/>\n    <div class=\"material-file\">\n      <a href=\"https:\/\/www.lehrer.at\/licht\/wp-content\/uploads\/sites\/3\/2021\/07\/sek2_uebersicht_digitales_licht_in_der_smart_city.pdf\" target=\"_blank\">\u00dcbersicht<\/a>\n      <\/div>\n    <div class=\"material-file\">\n      <a href=\"https:\/\/www.lehrer.at\/licht\/wp-content\/uploads\/sites\/3\/2021\/07\/sek2_lehrerinfo_digitales_licht_in_der_smart_city.pdf\" target=\"_blank\">Lehrerinfo<\/a>\n      <\/div>\n    <div class=\"material-file\">\n      <a href=\"https:\/\/www.lehrer.at\/licht\/wp-content\/uploads\/sites\/3\/2021\/07\/sek2_lernmaterial_digitales_licht_in_der_smart_city.pdf\" target=\"_blank\">Lernmaterial<\/a>\n      <\/div>\n    <div class=\"material-file\">\n      <a href=\"https:\/\/www.lehrer.at\/licht\/wp-content\/uploads\/sites\/3\/2021\/07\/sek2_gesamtpaket_digitales_licht_in_der_smart_city.pdf\" target=\"_blank\">Gesamtpaket<\/a>\n      <\/div>\n  <\/div>\n<\/div><\/div>","protected":false},"excerpt":{"rendered":"","protected":false},"author":1,"featured_media":0,"parent":0,"menu_order":0,"comment_status":"closed","ping_status":"closed","template":"page-unterrichtsmaterial.php","meta":{"_acf_changed":false,"footnotes":""},"class_list":["post-28","page","type-page","status-publish","hentry"],"acf":[],"yoast_head":"<!-- This site is optimized with the Yoast SEO plugin v27.0 - https:\/\/yoast.com\/product\/yoast-seo-wordpress\/ -->\n<title>Sekundarstufe 2 - Licht<\/title>\n<meta name=\"robots\" content=\"index, follow, max-snippet:-1, max-image-preview:large, max-video-preview:-1\" \/>\n<link rel=\"canonical\" href=\"https:\/\/www.lehrer.at\/licht\/sekundarstufe-2\/\" \/>\n<meta property=\"og:locale\" content=\"de_DE\" \/>\n<meta property=\"og:type\" content=\"article\" \/>\n<meta property=\"og:title\" content=\"Sekundarstufe 2 - Licht\" \/>\n<meta property=\"og:url\" content=\"https:\/\/www.lehrer.at\/licht\/sekundarstufe-2\/\" \/>\n<meta property=\"og:site_name\" content=\"Licht\" \/>\n<meta property=\"article:modified_time\" content=\"2023-09-06T11:50:44+00:00\" \/>\n<meta name=\"twitter:card\" content=\"summary_large_image\" \/>\n<script type=\"application\/ld+json\" class=\"yoast-schema-graph\">{\"@context\":\"https:\/\/schema.org\",\"@graph\":[{\"@type\":\"WebPage\",\"@id\":\"https:\/\/www.lehrer.at\/licht\/sekundarstufe-2\/\",\"url\":\"https:\/\/www.lehrer.at\/licht\/sekundarstufe-2\/\",\"name\":\"Sekundarstufe 2 - Licht\",\"isPartOf\":{\"@id\":\"https:\/\/www.lehrer.at\/licht\/#website\"},\"datePublished\":\"2020-12-22T13:52:49+00:00\",\"dateModified\":\"2023-09-06T11:50:44+00:00\",\"breadcrumb\":{\"@id\":\"https:\/\/www.lehrer.at\/licht\/sekundarstufe-2\/#breadcrumb\"},\"inLanguage\":\"de-AT\",\"potentialAction\":[{\"@type\":\"ReadAction\",\"target\":[\"https:\/\/www.lehrer.at\/licht\/sekundarstufe-2\/\"]}]},{\"@type\":\"BreadcrumbList\",\"@id\":\"https:\/\/www.lehrer.at\/licht\/sekundarstufe-2\/#breadcrumb\",\"itemListElement\":[{\"@type\":\"ListItem\",\"position\":1,\"name\":\"Startseite\",\"item\":\"https:\/\/www.lehrer.at\/licht\/\"},{\"@type\":\"ListItem\",\"position\":2,\"name\":\"Sekundarstufe 2\"}]},{\"@type\":\"WebSite\",\"@id\":\"https:\/\/www.lehrer.at\/licht\/#website\",\"url\":\"https:\/\/www.lehrer.at\/licht\/\",\"name\":\"Licht\",\"description\":\"Leben mit Licht\",\"potentialAction\":[{\"@type\":\"SearchAction\",\"target\":{\"@type\":\"EntryPoint\",\"urlTemplate\":\"https:\/\/www.lehrer.at\/licht\/?s={search_term_string}\"},\"query-input\":{\"@type\":\"PropertyValueSpecification\",\"valueRequired\":true,\"valueName\":\"search_term_string\"}}],\"inLanguage\":\"de-AT\"}]}<\/script>\n<!-- \/ Yoast SEO plugin. -->","yoast_head_json":{"title":"Sekundarstufe 2 - Licht","robots":{"index":"index","follow":"follow","max-snippet":"max-snippet:-1","max-image-preview":"max-image-preview:large","max-video-preview":"max-video-preview:-1"},"canonical":"https:\/\/www.lehrer.at\/licht\/sekundarstufe-2\/","og_locale":"de_DE","og_type":"article","og_title":"Sekundarstufe 2 - Licht","og_url":"https:\/\/www.lehrer.at\/licht\/sekundarstufe-2\/","og_site_name":"Licht","article_modified_time":"2023-09-06T11:50:44+00:00","twitter_card":"summary_large_image","schema":{"@context":"https:\/\/schema.org","@graph":[{"@type":"WebPage","@id":"https:\/\/www.lehrer.at\/licht\/sekundarstufe-2\/","url":"https:\/\/www.lehrer.at\/licht\/sekundarstufe-2\/","name":"Sekundarstufe 2 - Licht","isPartOf":{"@id":"https:\/\/www.lehrer.at\/licht\/#website"},"datePublished":"2020-12-22T13:52:49+00:00","dateModified":"2023-09-06T11:50:44+00:00","breadcrumb":{"@id":"https:\/\/www.lehrer.at\/licht\/sekundarstufe-2\/#breadcrumb"},"inLanguage":"de-AT","potentialAction":[{"@type":"ReadAction","target":["https:\/\/www.lehrer.at\/licht\/sekundarstufe-2\/"]}]},{"@type":"BreadcrumbList","@id":"https:\/\/www.lehrer.at\/licht\/sekundarstufe-2\/#breadcrumb","itemListElement":[{"@type":"ListItem","position":1,"name":"Startseite","item":"https:\/\/www.lehrer.at\/licht\/"},{"@type":"ListItem","position":2,"name":"Sekundarstufe 2"}]},{"@type":"WebSite","@id":"https:\/\/www.lehrer.at\/licht\/#website","url":"https:\/\/www.lehrer.at\/licht\/","name":"Licht","description":"Leben mit Licht","potentialAction":[{"@type":"SearchAction","target":{"@type":"EntryPoint","urlTemplate":"https:\/\/www.lehrer.at\/licht\/?s={search_term_string}"},"query-input":{"@type":"PropertyValueSpecification","valueRequired":true,"valueName":"search_term_string"}}],"inLanguage":"de-AT"}]}},"_links":{"self":[{"href":"https:\/\/www.lehrer.at\/licht\/wp-json\/wp\/v2\/pages\/28","targetHints":{"allow":["GET"]}}],"collection":[{"href":"https:\/\/www.lehrer.at\/licht\/wp-json\/wp\/v2\/pages"}],"about":[{"href":"https:\/\/www.lehrer.at\/licht\/wp-json\/wp\/v2\/types\/page"}],"author":[{"embeddable":true,"href":"https:\/\/www.lehrer.at\/licht\/wp-json\/wp\/v2\/users\/1"}],"replies":[{"embeddable":true,"href":"https:\/\/www.lehrer.at\/licht\/wp-json\/wp\/v2\/comments?post=28"}],"version-history":[{"count":11,"href":"https:\/\/www.lehrer.at\/licht\/wp-json\/wp\/v2\/pages\/28\/revisions"}],"predecessor-version":[{"id":894,"href":"https:\/\/www.lehrer.at\/licht\/wp-json\/wp\/v2\/pages\/28\/revisions\/894"}],"wp:attachment":[{"href":"https:\/\/www.lehrer.at\/licht\/wp-json\/wp\/v2\/media?parent=28"}],"curies":[{"name":"wp","href":"https:\/\/api.w.org\/{rel}","templated":true}]}}