{"id":26,"date":"2020-12-22T14:52:11","date_gmt":"2020-12-22T13:52:11","guid":{"rendered":"https:\/\/www.lehrer.at\/licht\/?page_id=26"},"modified":"2023-09-13T10:30:07","modified_gmt":"2023-09-13T08:30:07","slug":"sekundarstufe-1","status":"publish","type":"page","link":"https:\/\/www.lehrer.at\/licht\/sekundarstufe-1\/","title":{"rendered":"Sekundarstufe 1"},"content":{"rendered":"<div class=\"lazyblock-materialien-download-licht-Zw4AkD wp-block-lazyblock-materialien-download-licht\"><div class=\"material\">\n  <h2 class=\"lila\">Mensch &amp; Licht <sub>Sekundarstufe 1<\/sub><\/h2>\n  <div class=\"material-text\">\n    <p><em>Warum k\u00f6nnen wir im Dunkeln nichts sehen? Wieso sind nachts alle Katzen grau? Weshalb spielen Gruselfilme \u00fcblicherweise in der Nacht? Was macht unsere innere Uhr und warum k\u00f6nnen wir sie nicht einfach umstellen? Und wie k\u00f6nnen wir mit k\u00fcnstlichem Licht nicht nur die eigene Stimmung aufhellen, sondern auch unsere Leistungsf\u00e4higkeit verbessern?\u00a0<\/em><\/p><p>Das sind nur einige der Fragen, deren Antworten mit Hilfe dieses Materialienpaketes erarbeitet werden k\u00f6nnen. Die Unterrichtsmaterialien liefern einen \u00dcberblick \u00fcber die Wirkungen von Licht auf den Menschen, einen Einblick in die Grundlagen von Human Centric Lighting sowie konkrete Tipps zur optimalen Nutzung und dem gezielten Einsatz von k\u00fcnstlichem Licht.<\/p>\n  <\/div>\n  <div class=\"material-files lila\">\n    <img decoding=\"async\" class=\"material-img\" src=\"\" alt=\"\" \/>\n    <div class=\"material-file\">\n      <a href=\"https:\/\/www.lehrer.at\/licht\/wp-content\/uploads\/sites\/3\/2021\/07\/sek1_uebersicht_mensch_und_licht.pdf\" target=\"_blank\">\u00dcbersicht<\/a>\n      <\/div>\n    <div class=\"material-file\">\n      <a href=\"https:\/\/www.lehrer.at\/licht\/wp-content\/uploads\/sites\/3\/2021\/07\/sek1_uebersicht_mensch_und_licht-1.pdf\" target=\"_blank\">Lehrerinfo<\/a>\n      <\/div>\n    <div class=\"material-file\">\n      <a href=\"https:\/\/www.lehrer.at\/licht\/wp-content\/uploads\/sites\/3\/2021\/07\/sek1_lernmaterial_mensch_und_licht.pdf\" target=\"_blank\">Lernmaterial<\/a>\n      <\/div>\n    <div class=\"material-file\">\n      <a href=\"https:\/\/www.lehrer.at\/licht\/wp-content\/uploads\/sites\/3\/2021\/07\/sek1_gesamtpaket_mensch_und_licht.pdf\" target=\"_blank\">Gesamtpaket<\/a>\n      <\/div>\n  <\/div>\n<\/div><\/div>\n\n<div class=\"lazyblock-materialien-download-licht-ZKYUVP wp-block-lazyblock-materialien-download-licht\"><div class=\"material\">\n  <h2 class=\"lila\">Praxistest Lichtplanung <sub>Sekundarstufe 1<\/sub><\/h2>\n  <div class=\"material-text\">\n    <p><em>Was macht Licht im Supermarkt mit mir, und was macht es mit den Lebensmitteln? Warum hat Farbtemperatur so eine gro\u00dfe Bedeutung bei der Lichtplanung und wie kann ich sie in meinem unmittelbaren Lebensumfeld optimal einsetzen? Wie kann ich feststellen, ob eine Lampe wirklich energieeffizient ist? Und k\u00f6nnen mir die vielen Informationen auf einer Lampenverpackung tats\u00e4chlich meine Kaufentscheidung erleichtern?\u00a0<\/em><\/p><p>Das sind nur einige der Fragen, deren Antworten mit Hilfe dieses Materialienpaketes erarbeitet werden k\u00f6nnen. Die Unterrichtsmaterialien liefern einen \u00dcberblick \u00fcber die verschiedenen Begriffe, die f\u00fcr einen Lampen- oder Leuchtenkauf bzw. f\u00fcr die Erstellung eines Lichtkonzeptes von Relevanz sind, und geben konkrete Anleitung zur Erstellung eines Lichtkonzeptes.<\/p>\n  <\/div>\n  <div class=\"material-files lila\">\n    <img decoding=\"async\" class=\"material-img\" src=\"\" alt=\"\" \/>\n    <div class=\"material-file\">\n      <a href=\"https:\/\/www.lehrer.at\/licht\/wp-content\/uploads\/sites\/3\/2021\/07\/sek1_uebersicht_praxistest_Lichtplanung.pdf\" target=\"_blank\">\u00dcbersicht<\/a>\n      <\/div>\n    <div class=\"material-file\">\n      <a href=\"https:\/\/www.lehrer.at\/licht\/wp-content\/uploads\/sites\/3\/2021\/07\/sek1_lehrerinfo_praxistest_Lichtplanung.pdf\" target=\"_blank\">Lehrerinfo<\/a>\n      <\/div>\n    <div class=\"material-file\">\n      <a href=\"https:\/\/www.lehrer.at\/licht\/wp-content\/uploads\/sites\/3\/2021\/07\/sek1_lernmaterial_praxistest_Lichtplanung.pdf\" target=\"_blank\">Lernmaterial<\/a>\n      <\/div>\n    <div class=\"material-file\">\n      <a href=\"https:\/\/www.lehrer.at\/licht\/wp-content\/uploads\/sites\/3\/2021\/07\/sek1_gesamtpaket_praxistest_Lichtplanung.pdf\" target=\"_blank\">Gesamtpaket<\/a>\n      <\/div>\n  <\/div>\n<\/div><\/div>\n\n<div class=\"lazyblock-materialien-download-licht-2cbspI wp-block-lazyblock-materialien-download-licht\"><div class=\"material\">\n  <h2 class=\"green\">Entsorgen &amp; Recyceln <sub>Sekundarstufe 1<\/sub><\/h2>\n  <div class=\"material-text\">\n    <p><em>Was macht unsere Abf\u00e4lle wertvoll? Warum k\u00f6nnen wir unser Klima und unsere Umwelt sch\u00fctzen, indem wir sie richtig entsorgen? Wieso ist Elektroschrott alles andere als Schrott? Worauf m\u00fcssen wir beim Entsorgen von Lampen achten? Und wie kann jede\/r Einzelne von uns zum Erhalt wertvoller Rohstoffe beitragen und dabei gleichzeitig auch noch Geld sparen?<\/em><\/p><p>Die Unterrichtsmaterialien liefern einen \u00dcberblick \u00fcber die Grundlagen der <strong>M\u00fclltrennung<\/strong> sowie die Bedeutung von <strong>Wiederverwertung und Vermeidung von M\u00fcll<\/strong>. Die Auseinandersetzung mit Grundlagen und Auswirkungen von <strong>Kreislauf- und Linearwirtschaft<\/strong> schafft Bewusstsein f\u00fcr die Notwendigkeit eines verantwortungs- bewussten, sparsamen, effizienten Umgangs mit wertvollen Ressourcen \u2013 und das bei Industrie, Handel und KonsumentInnen.<\/p><p>Konkrete, im Alltag einfach umsetzbare Tipps sollen die Sch\u00fclerInnen dazu motivieren, sich nicht nur der <strong>Bedeutung ihres eigenen Handelns<\/strong> bewusst zu werden, sondern proaktiv zum Erhalt unserer Umwelt beizutragen.<\/p>\n  <\/div>\n  <div class=\"material-files green\">\n    <img decoding=\"async\" class=\"material-img\" src=\"\" alt=\"\" \/>\n    <div class=\"material-file\">\n      <a href=\"https:\/\/www.lehrer.at\/licht\/wp-content\/uploads\/sites\/3\/2021\/07\/sek1_uebersicht_entsorgen_recyceln.pdf\" target=\"_blank\">\u00dcbersicht<\/a>\n      <\/div>\n    <div class=\"material-file\">\n      <a href=\"https:\/\/www.lehrer.at\/licht\/wp-content\/uploads\/sites\/3\/2021\/07\/sek1_lehrerinfo_entsorgen_recyceln.pdf\" target=\"_blank\">Lehrerinfo<\/a>\n      <\/div>\n    <div class=\"material-file\">\n      <a href=\"https:\/\/www.lehrer.at\/licht\/wp-content\/uploads\/sites\/3\/2021\/07\/sek1_lernmaterial_entsorgen_recyceln.pdf\" target=\"_blank\">Lernmaterial<\/a>\n      <\/div>\n    <div class=\"material-file\">\n      <a href=\"https:\/\/www.lehrer.at\/licht\/wp-content\/uploads\/sites\/3\/2021\/07\/sek1_gesamtpaket_entsorgen_recyceln.pdf\" target=\"_blank\">Gesamtpaket<\/a>\n      <\/div>\n  <\/div>\n<\/div><\/div>\n\n<div class=\"lazyblock-materialien-download-licht-ZzrzLe wp-block-lazyblock-materialien-download-licht\"><div class=\"material\">\n  <h2 class=\"green\">Nachhaltig hell? <sub>Sekundarstufe 1<\/sub><\/h2>\n  <div class=\"material-text\">\n    <p><em>Was bedeutet der Begriff \u201eNachhaltigkeit\u201c? Wie passen Nachhaltigkeit und Beleuchtung zusammen? Kann man tats\u00e4chlich schon beim Kauf einer neuen Lampe nachhaltig agieren? Und was macht ein nachhaltiges Beleuchtungskonzept f\u00fcr den \u00f6ffentlichen Raum aus?<\/em><\/p><p>Dieses Materialienpaket erm\u00f6glicht die Auseinandersetzung mit dem <strong>Nachhaltigkeitsbegriff<\/strong> und den <strong>Grundlagen nachhaltigen Agierens<\/strong>. Anhand der Besch\u00e4ftigung mit verschiedenen Leuchtmitteln wird das Thema in den konkreten Lebenszusammenhang der Sch\u00fclerInnen transferiert, das Begriffsverst\u00e4ndnis vertieft und das Bewusstsein der Bedeutung des eigenen Handelns gest\u00e4rkt.<\/p><p>Die abschlie\u00dfende Besch\u00e4ftigung mit <strong>Beleuchtungskonzepten f\u00fcr \u00f6ffentlichen Raum<\/strong> verdeutlicht nicht nur die zahlreichen Funktionen von Licht, sondern auch die Bedeutung nachhaltigen Agierens f\u00fcr jede\/n Einzelne\/n, unsere Gesellschaft und unsere Umwelt.<\/p>\n  <\/div>\n  <div class=\"material-files green\">\n    <img decoding=\"async\" class=\"material-img\" src=\"\" alt=\"\" \/>\n    <div class=\"material-file\">\n      <a href=\"https:\/\/www.lehrer.at\/licht\/wp-content\/uploads\/sites\/3\/2021\/07\/sek1_uebersicht_nachhaltig_hell.pdf\" target=\"_blank\">\u00dcbersicht<\/a>\n      <\/div>\n    <div class=\"material-file\">\n      <a href=\"https:\/\/www.lehrer.at\/licht\/wp-content\/uploads\/sites\/3\/2021\/07\/sek1_lehrerinfo_nachhaltig_hell.pdf\" target=\"_blank\">Lehrerinfo<\/a>\n      <\/div>\n    <div class=\"material-file\">\n      <a href=\"https:\/\/www.lehrer.at\/licht\/wp-content\/uploads\/sites\/3\/2021\/07\/sek1_lernmaterial_nachhaltig_hell.pdf\" target=\"_blank\">Lernmaterial<\/a>\n      <\/div>\n    <div class=\"material-file\">\n      <a href=\"https:\/\/www.lehrer.at\/licht\/wp-content\/uploads\/sites\/3\/2021\/07\/sek1_gesamtpaket_nachhaltig_hell.pdf\" target=\"_blank\">Gesamtpaket<\/a>\n      <\/div>\n  <\/div>\n<\/div><\/div>\n\n<div class=\"lazyblock-materialien-download-licht-Z18pzIF wp-block-lazyblock-materialien-download-licht\"><div class=\"material\">\n  <h2 class=\"blue\">Smartes Licht <sub>Sekundarstufe 1<\/sub><\/h2>\n  <div class=\"material-text\">\n    <p><em>Was bedeutet der Begriff \u201esmart\u201c? Welche Voraussetzungen muss eine Lampe mitbringen, um sich diese Bezeichnung zu verdienen? Wie ver\u00e4ndert intelligente Lichtsteuerung allt\u00e4gliche Abl\u00e4ufe? Was braucht man an technischer Grundausstattung f\u00fcr die Einrichtung eines Smart Home? Und in welcher Form beeinflusst die Frage, ob man in einer Smart City lebt, die pers\u00f6nliche Lebensqualit\u00e4t?<\/em><\/p><p>Die Unterrichtsmaterialien erm\u00f6glichen die Auseinandersetzung mit\u00a0<strong>Smart Home<\/strong>\u00a0und\u00a0<strong>Smart Lighting<\/strong>. Die Sch\u00fclerInnen entwickeln nicht nur Verst\u00e4ndnis f\u00fcr inhaltliche Zusammenh\u00e4nge und technische Grundlagen, sondern erhalten auch konkrete Tipps f\u00fcr die Planung eines Smart-Lighting- bzw. Smart-Home-Systems.<\/p><p>Die abschlie\u00dfende Besch\u00e4ftigung mit der\u00a0<strong>Smart City<\/strong>\u00a0schafft erstes Verst\u00e4ndnis f\u00fcr dieses Konzept einer intelligenten, zukunftsf\u00e4higen, chancenorientierten Stadt sowie die Bedeutung kommunaler Planung und Entwicklung f\u00fcr die eigene Lebensqualit\u00e4t.<\/p>\n  <\/div>\n  <div class=\"material-files blue\">\n    <img decoding=\"async\" class=\"material-img\" src=\"\" alt=\"\" \/>\n    <div class=\"material-file\">\n      <a href=\"https:\/\/www.lehrer.at\/licht\/wp-content\/uploads\/sites\/3\/2021\/01\/sek1_uebersicht_smartes_licht.pdf\" target=\"_blank\">\u00dcbersicht<\/a>\n      <\/div>\n    <div class=\"material-file\">\n      <a href=\"https:\/\/www.lehrer.at\/licht\/wp-content\/uploads\/sites\/3\/2021\/01\/sek1_lehrerinfo_smartes_licht.pdf\" target=\"_blank\">Lehrerinfo<\/a>\n      <\/div>\n    <div class=\"material-file\">\n      <a href=\"https:\/\/www.lehrer.at\/licht\/wp-content\/uploads\/sites\/3\/2021\/01\/sek1_lernmaterial_smartes_licht.pdf\" target=\"_blank\">Lernmaterial<\/a>\n      <\/div>\n    <div class=\"material-file\">\n      <a href=\"https:\/\/www.lehrer.at\/licht\/wp-content\/uploads\/sites\/3\/2021\/01\/sek1_gesamtpaket_smartes_licht.pdf\" target=\"_blank\">Gesamtpaket<\/a>\n      <\/div>\n  <\/div>\n<\/div><\/div>","protected":false},"excerpt":{"rendered":"","protected":false},"author":1,"featured_media":0,"parent":0,"menu_order":0,"comment_status":"closed","ping_status":"closed","template":"page-unterrichtsmaterial.php","meta":{"_acf_changed":false,"footnotes":""},"class_list":["post-26","page","type-page","status-publish","hentry"],"acf":[],"yoast_head":"<!-- This site is optimized with the Yoast SEO plugin v27.0 - https:\/\/yoast.com\/product\/yoast-seo-wordpress\/ -->\n<title>Sekundarstufe 1 - Licht<\/title>\n<meta name=\"robots\" content=\"index, follow, max-snippet:-1, max-image-preview:large, max-video-preview:-1\" \/>\n<link rel=\"canonical\" href=\"https:\/\/www.lehrer.at\/licht\/sekundarstufe-1\/\" \/>\n<meta property=\"og:locale\" content=\"de_DE\" \/>\n<meta property=\"og:type\" content=\"article\" \/>\n<meta property=\"og:title\" content=\"Sekundarstufe 1 - Licht\" \/>\n<meta property=\"og:url\" content=\"https:\/\/www.lehrer.at\/licht\/sekundarstufe-1\/\" \/>\n<meta property=\"og:site_name\" content=\"Licht\" \/>\n<meta property=\"article:modified_time\" content=\"2023-09-13T08:30:07+00:00\" \/>\n<meta name=\"twitter:card\" content=\"summary_large_image\" \/>\n<script type=\"application\/ld+json\" class=\"yoast-schema-graph\">{\"@context\":\"https:\/\/schema.org\",\"@graph\":[{\"@type\":\"WebPage\",\"@id\":\"https:\/\/www.lehrer.at\/licht\/sekundarstufe-1\/\",\"url\":\"https:\/\/www.lehrer.at\/licht\/sekundarstufe-1\/\",\"name\":\"Sekundarstufe 1 - Licht\",\"isPartOf\":{\"@id\":\"https:\/\/www.lehrer.at\/licht\/#website\"},\"datePublished\":\"2020-12-22T13:52:11+00:00\",\"dateModified\":\"2023-09-13T08:30:07+00:00\",\"breadcrumb\":{\"@id\":\"https:\/\/www.lehrer.at\/licht\/sekundarstufe-1\/#breadcrumb\"},\"inLanguage\":\"de-AT\",\"potentialAction\":[{\"@type\":\"ReadAction\",\"target\":[\"https:\/\/www.lehrer.at\/licht\/sekundarstufe-1\/\"]}]},{\"@type\":\"BreadcrumbList\",\"@id\":\"https:\/\/www.lehrer.at\/licht\/sekundarstufe-1\/#breadcrumb\",\"itemListElement\":[{\"@type\":\"ListItem\",\"position\":1,\"name\":\"Startseite\",\"item\":\"https:\/\/www.lehrer.at\/licht\/\"},{\"@type\":\"ListItem\",\"position\":2,\"name\":\"Sekundarstufe 1\"}]},{\"@type\":\"WebSite\",\"@id\":\"https:\/\/www.lehrer.at\/licht\/#website\",\"url\":\"https:\/\/www.lehrer.at\/licht\/\",\"name\":\"Licht\",\"description\":\"Leben mit Licht\",\"potentialAction\":[{\"@type\":\"SearchAction\",\"target\":{\"@type\":\"EntryPoint\",\"urlTemplate\":\"https:\/\/www.lehrer.at\/licht\/?s={search_term_string}\"},\"query-input\":{\"@type\":\"PropertyValueSpecification\",\"valueRequired\":true,\"valueName\":\"search_term_string\"}}],\"inLanguage\":\"de-AT\"}]}<\/script>\n<!-- \/ Yoast SEO plugin. -->","yoast_head_json":{"title":"Sekundarstufe 1 - Licht","robots":{"index":"index","follow":"follow","max-snippet":"max-snippet:-1","max-image-preview":"max-image-preview:large","max-video-preview":"max-video-preview:-1"},"canonical":"https:\/\/www.lehrer.at\/licht\/sekundarstufe-1\/","og_locale":"de_DE","og_type":"article","og_title":"Sekundarstufe 1 - Licht","og_url":"https:\/\/www.lehrer.at\/licht\/sekundarstufe-1\/","og_site_name":"Licht","article_modified_time":"2023-09-13T08:30:07+00:00","twitter_card":"summary_large_image","schema":{"@context":"https:\/\/schema.org","@graph":[{"@type":"WebPage","@id":"https:\/\/www.lehrer.at\/licht\/sekundarstufe-1\/","url":"https:\/\/www.lehrer.at\/licht\/sekundarstufe-1\/","name":"Sekundarstufe 1 - Licht","isPartOf":{"@id":"https:\/\/www.lehrer.at\/licht\/#website"},"datePublished":"2020-12-22T13:52:11+00:00","dateModified":"2023-09-13T08:30:07+00:00","breadcrumb":{"@id":"https:\/\/www.lehrer.at\/licht\/sekundarstufe-1\/#breadcrumb"},"inLanguage":"de-AT","potentialAction":[{"@type":"ReadAction","target":["https:\/\/www.lehrer.at\/licht\/sekundarstufe-1\/"]}]},{"@type":"BreadcrumbList","@id":"https:\/\/www.lehrer.at\/licht\/sekundarstufe-1\/#breadcrumb","itemListElement":[{"@type":"ListItem","position":1,"name":"Startseite","item":"https:\/\/www.lehrer.at\/licht\/"},{"@type":"ListItem","position":2,"name":"Sekundarstufe 1"}]},{"@type":"WebSite","@id":"https:\/\/www.lehrer.at\/licht\/#website","url":"https:\/\/www.lehrer.at\/licht\/","name":"Licht","description":"Leben mit Licht","potentialAction":[{"@type":"SearchAction","target":{"@type":"EntryPoint","urlTemplate":"https:\/\/www.lehrer.at\/licht\/?s={search_term_string}"},"query-input":{"@type":"PropertyValueSpecification","valueRequired":true,"valueName":"search_term_string"}}],"inLanguage":"de-AT"}]}},"_links":{"self":[{"href":"https:\/\/www.lehrer.at\/licht\/wp-json\/wp\/v2\/pages\/26","targetHints":{"allow":["GET"]}}],"collection":[{"href":"https:\/\/www.lehrer.at\/licht\/wp-json\/wp\/v2\/pages"}],"about":[{"href":"https:\/\/www.lehrer.at\/licht\/wp-json\/wp\/v2\/types\/page"}],"author":[{"embeddable":true,"href":"https:\/\/www.lehrer.at\/licht\/wp-json\/wp\/v2\/users\/1"}],"replies":[{"embeddable":true,"href":"https:\/\/www.lehrer.at\/licht\/wp-json\/wp\/v2\/comments?post=26"}],"version-history":[{"count":8,"href":"https:\/\/www.lehrer.at\/licht\/wp-json\/wp\/v2\/pages\/26\/revisions"}],"predecessor-version":[{"id":903,"href":"https:\/\/www.lehrer.at\/licht\/wp-json\/wp\/v2\/pages\/26\/revisions\/903"}],"wp:attachment":[{"href":"https:\/\/www.lehrer.at\/licht\/wp-json\/wp\/v2\/media?parent=26"}],"curies":[{"name":"wp","href":"https:\/\/api.w.org\/{rel}","templated":true}]}}