{"id":24,"date":"2020-12-22T14:51:35","date_gmt":"2020-12-22T13:51:35","guid":{"rendered":"https:\/\/www.lehrer.at\/licht\/?page_id=24"},"modified":"2021-10-20T13:21:33","modified_gmt":"2021-10-20T11:21:33","slug":"primarstufe","status":"publish","type":"page","link":"https:\/\/www.lehrer.at\/licht\/primarstufe\/","title":{"rendered":"Primarstufe"},"content":{"rendered":"<div class=\"lazyblock-materialien-download-licht-Z1GTn6L wp-block-lazyblock-materialien-download-licht\"><div class=\"material\">\n  <h2 class=\"lila\">Licht und ich <sub>Primarstufe<\/sub><\/h2>\n  <div class=\"material-text\">\n    <p><em>Warum k\u00f6nnen wir im Dunkeln nichts sehen? Wieso sind nachts alle Katzen grau? Weshalb spielen Gruselfilme meistens in der Nacht? Was ist eigentlich diese innere Uhr, wie bestimmt sie, ob ich fit und gesund bin, und kann ich sie einfach so umstellen? Und wie kann ich mit k\u00fcnstlichem Licht nicht nur meine Stimmung aufhellen, sondern auch meine Leistungsf\u00e4higkeit verbessern?\u00a0<\/em><\/p><p>Das sind nur einige der Fragen, deren Antworten mit Hilfe dieses Materialienpaketes erarbeitet werden k\u00f6nnen. Die Unterrichtsmaterialien f\u00fcr die 3. und 4. Schulstufe liefern einen \u00dcberblick \u00fcber die Wirkungen von Licht auf uns Menschen sowie konkrete altersad\u00e4quate Tipps zur optimalen Nutzung und dem gezielten Einsatz von k\u00fcnstlichem Licht.<\/p>\n  <\/div>\n  <div class=\"material-files lila\">\n    <img decoding=\"async\" class=\"material-img\" src=\"\" alt=\"\" \/>\n    <div class=\"material-file\">\n      <a href=\"https:\/\/www.lehrer.at\/licht\/wp-content\/uploads\/sites\/3\/2021\/07\/p_uebersicht_mensch_und_licht.pdf\" target=\"_blank\">\u00dcbersicht<\/a>\n      <\/div>\n    <div class=\"material-file\">\n      <a href=\"https:\/\/www.lehrer.at\/licht\/wp-content\/uploads\/sites\/3\/2021\/07\/p_lehrerinfo_mensch_und_licht.pdf\" target=\"_blank\">Lehrerinfo<\/a>\n      <\/div>\n    <div class=\"material-file\">\n      <a href=\"https:\/\/www.lehrer.at\/licht\/wp-content\/uploads\/sites\/3\/2021\/07\/p_lernmaterial_mensch_und_licht.pdf\" target=\"_blank\">Lernmaterial<\/a>\n      <\/div>\n    <div class=\"material-file\">\n      <a href=\"https:\/\/www.lehrer.at\/licht\/wp-content\/uploads\/sites\/3\/2021\/07\/p_gesamtpaket_mensch_und_licht.pdf\" target=\"_blank\">Gesamtpaket<\/a>\n      <\/div>\n  <\/div>\n<\/div><\/div>\n\n<div class=\"lazyblock-materialien-download-licht-1cjcIp wp-block-lazyblock-materialien-download-licht\"><div class=\"material\">\n  <h2 class=\"green\">Abfall ist wertvoll <sub>Primarstufe<\/sub><\/h2>\n  <div class=\"material-text\">\n    <p><em>Was macht unsere Abf\u00e4lle wertvoll? Warum sch\u00fctzen wir unser Klima und unsere Umwelt, indem wir sie richtig entsorgen? Wieso ist Elektroschrott alles andere als Schrott? Worauf m\u00fcssen wir beim Entsorgen von Lampen achten? Und wie kann jede\/r Einzelne von uns zum Erhalt wertvoller Rohstoffe beitragen und dabei gleichzeitig auch noch Geld sparen?<\/em><\/p><p>Das Materialienpaket liefert einen \u00dcberblick \u00fcber die Grundlagen der <strong>M\u00fclltrennung<\/strong> und die Bedeutung von <strong>Wiederverwertung und Vermeidung von Abf\u00e4llen<\/strong>. Anhand des Lebenszyklus einer LED-Lampe wird ein Verstehen des Prinzips der <strong>Kreislaufwirtschaft<\/strong> erm\u00f6glicht. Konkrete, im Alltag einfach umsetzbare Tipps sollen die Sch\u00fclerInnen dazu motivieren, sich nicht nur der <strong>Bedeutung ihres eigenen Handelns<\/strong> bewusst zu werden, sondern proaktiv zum Erhalt unserer Umwelt beizutragen.<\/p>\n  <\/div>\n  <div class=\"material-files green\">\n    <img decoding=\"async\" class=\"material-img\" src=\"\" alt=\"\" \/>\n    <div class=\"material-file\">\n      <a href=\"https:\/\/www.lehrer.at\/licht\/wp-content\/uploads\/sites\/3\/2021\/07\/p_uebersicht_abfall_ist_wertvoll.pdf\" target=\"_blank\">\u00dcbersicht<\/a>\n      <\/div>\n    <div class=\"material-file\">\n      <a href=\"https:\/\/www.lehrer.at\/licht\/wp-content\/uploads\/sites\/3\/2021\/07\/p_lehrerinfo_abfall_ist_wertvoll.pdf\" target=\"_blank\">Lehrerinfo<\/a>\n      <\/div>\n    <div class=\"material-file\">\n      <a href=\"https:\/\/www.lehrer.at\/licht\/wp-content\/uploads\/sites\/3\/2021\/07\/p_lernmaterial_abfall_ist_wertvoll.pdf\" target=\"_blank\">Lernmaterial<\/a>\n      <\/div>\n    <div class=\"material-file\">\n      <a href=\"https:\/\/www.lehrer.at\/licht\/wp-content\/uploads\/sites\/3\/2021\/07\/p_gesamtpaket_abfall_ist_wertvoll.pdf\" target=\"_blank\">Gesamtpaket<\/a>\n      <\/div>\n  <\/div>\n<\/div><\/div>\n\n<div class=\"lazyblock-materialien-download-licht-Z1t2B5j wp-block-lazyblock-materialien-download-licht\"><div class=\"material\">\n  <h2 class=\"green\">Einfach Strom sparen <sub>Primarstufe<\/sub><\/h2>\n  <div class=\"material-text\">\n    <p><em>Wof\u00fcr nutzen wir Strom und welche Auswirkungen h\u00e4tte ein pl\u00f6tzlicher Stromausfall auf unseren Alltag? Wie wird Strom erzeugt und warum besteht ein Zusammenhang zwischen der daf\u00fcr genutzten Energiequelle und dem Klimaschutz? Wie wird der Stromverbrauch angegeben und welche Ger\u00e4te sind echte Stromfresser? Und wie kann ich in meinem pers\u00f6nlichen Umfeld Strom sparen: im Haushalt allgemein und im Besonderen auch im Zusammenhang mit Licht und Beleuchtung?<\/em><\/p><p>Die Unterrichtsmaterialien liefern einen \u00dcberblick \u00fcber die <strong>Erzeugung von Strom<\/strong>, die Bedeutung des <strong>Stromsparens<\/strong> f\u00fcr den <strong>Klimaschutz<\/strong> sowie <strong>konkrete Ma\u00dfnahmen<\/strong> zum Stromsparen im Haushalt im Allgemeinen und bei Licht und Beleuchtung im Speziellen.<\/p>\n  <\/div>\n  <div class=\"material-files green\">\n    <img decoding=\"async\" class=\"material-img\" src=\"\" alt=\"\" \/>\n    <div class=\"material-file\">\n      <a href=\"https:\/\/www.lehrer.at\/licht\/wp-content\/uploads\/sites\/3\/2021\/07\/p_uebersicht_strom_sparen.pdf\" target=\"_blank\">\u00dcbersicht<\/a>\n      <\/div>\n    <div class=\"material-file\">\n      <a href=\"https:\/\/www.lehrer.at\/licht\/wp-content\/uploads\/sites\/3\/2021\/07\/p_lehrerinfo_strom_sparen.pdf\" target=\"_blank\">Lehrerinfo<\/a>\n      <\/div>\n    <div class=\"material-file\">\n      <a href=\"https:\/\/www.lehrer.at\/licht\/wp-content\/uploads\/sites\/3\/2021\/07\/p_lernmaterial_strom_sparen.pdf\" target=\"_blank\">Lernmaterial<\/a>\n      <\/div>\n    <div class=\"material-file\">\n      <a href=\"https:\/\/www.lehrer.at\/licht\/wp-content\/uploads\/sites\/3\/2021\/07\/p_gesamtpaket_strom_sparen.pdf\" target=\"_blank\">Gesamtpaket<\/a>\n      <\/div>\n  <\/div>\n<\/div><\/div>","protected":false},"excerpt":{"rendered":"","protected":false},"author":1,"featured_media":0,"parent":0,"menu_order":0,"comment_status":"closed","ping_status":"closed","template":"page-unterrichtsmaterial.php","meta":{"_acf_changed":false,"footnotes":""},"class_list":["post-24","page","type-page","status-publish","hentry"],"acf":[],"yoast_head":"<!-- This site is optimized with the Yoast SEO plugin v27.0 - https:\/\/yoast.com\/product\/yoast-seo-wordpress\/ -->\n<title>Primarstufe - Licht<\/title>\n<meta name=\"robots\" content=\"index, follow, max-snippet:-1, max-image-preview:large, max-video-preview:-1\" \/>\n<link rel=\"canonical\" href=\"https:\/\/www.lehrer.at\/licht\/primarstufe\/\" \/>\n<meta property=\"og:locale\" content=\"de_DE\" \/>\n<meta property=\"og:type\" content=\"article\" \/>\n<meta property=\"og:title\" content=\"Primarstufe - Licht\" \/>\n<meta property=\"og:url\" content=\"https:\/\/www.lehrer.at\/licht\/primarstufe\/\" \/>\n<meta property=\"og:site_name\" content=\"Licht\" \/>\n<meta property=\"article:modified_time\" content=\"2021-10-20T11:21:33+00:00\" \/>\n<meta name=\"twitter:card\" content=\"summary_large_image\" \/>\n<script type=\"application\/ld+json\" class=\"yoast-schema-graph\">{\"@context\":\"https:\/\/schema.org\",\"@graph\":[{\"@type\":\"WebPage\",\"@id\":\"https:\/\/www.lehrer.at\/licht\/primarstufe\/\",\"url\":\"https:\/\/www.lehrer.at\/licht\/primarstufe\/\",\"name\":\"Primarstufe - Licht\",\"isPartOf\":{\"@id\":\"https:\/\/www.lehrer.at\/licht\/#website\"},\"datePublished\":\"2020-12-22T13:51:35+00:00\",\"dateModified\":\"2021-10-20T11:21:33+00:00\",\"breadcrumb\":{\"@id\":\"https:\/\/www.lehrer.at\/licht\/primarstufe\/#breadcrumb\"},\"inLanguage\":\"de-AT\",\"potentialAction\":[{\"@type\":\"ReadAction\",\"target\":[\"https:\/\/www.lehrer.at\/licht\/primarstufe\/\"]}]},{\"@type\":\"BreadcrumbList\",\"@id\":\"https:\/\/www.lehrer.at\/licht\/primarstufe\/#breadcrumb\",\"itemListElement\":[{\"@type\":\"ListItem\",\"position\":1,\"name\":\"Startseite\",\"item\":\"https:\/\/www.lehrer.at\/licht\/\"},{\"@type\":\"ListItem\",\"position\":2,\"name\":\"Primarstufe\"}]},{\"@type\":\"WebSite\",\"@id\":\"https:\/\/www.lehrer.at\/licht\/#website\",\"url\":\"https:\/\/www.lehrer.at\/licht\/\",\"name\":\"Licht\",\"description\":\"Leben mit Licht\",\"potentialAction\":[{\"@type\":\"SearchAction\",\"target\":{\"@type\":\"EntryPoint\",\"urlTemplate\":\"https:\/\/www.lehrer.at\/licht\/?s={search_term_string}\"},\"query-input\":{\"@type\":\"PropertyValueSpecification\",\"valueRequired\":true,\"valueName\":\"search_term_string\"}}],\"inLanguage\":\"de-AT\"}]}<\/script>\n<!-- \/ Yoast SEO plugin. -->","yoast_head_json":{"title":"Primarstufe - Licht","robots":{"index":"index","follow":"follow","max-snippet":"max-snippet:-1","max-image-preview":"max-image-preview:large","max-video-preview":"max-video-preview:-1"},"canonical":"https:\/\/www.lehrer.at\/licht\/primarstufe\/","og_locale":"de_DE","og_type":"article","og_title":"Primarstufe - Licht","og_url":"https:\/\/www.lehrer.at\/licht\/primarstufe\/","og_site_name":"Licht","article_modified_time":"2021-10-20T11:21:33+00:00","twitter_card":"summary_large_image","schema":{"@context":"https:\/\/schema.org","@graph":[{"@type":"WebPage","@id":"https:\/\/www.lehrer.at\/licht\/primarstufe\/","url":"https:\/\/www.lehrer.at\/licht\/primarstufe\/","name":"Primarstufe - Licht","isPartOf":{"@id":"https:\/\/www.lehrer.at\/licht\/#website"},"datePublished":"2020-12-22T13:51:35+00:00","dateModified":"2021-10-20T11:21:33+00:00","breadcrumb":{"@id":"https:\/\/www.lehrer.at\/licht\/primarstufe\/#breadcrumb"},"inLanguage":"de-AT","potentialAction":[{"@type":"ReadAction","target":["https:\/\/www.lehrer.at\/licht\/primarstufe\/"]}]},{"@type":"BreadcrumbList","@id":"https:\/\/www.lehrer.at\/licht\/primarstufe\/#breadcrumb","itemListElement":[{"@type":"ListItem","position":1,"name":"Startseite","item":"https:\/\/www.lehrer.at\/licht\/"},{"@type":"ListItem","position":2,"name":"Primarstufe"}]},{"@type":"WebSite","@id":"https:\/\/www.lehrer.at\/licht\/#website","url":"https:\/\/www.lehrer.at\/licht\/","name":"Licht","description":"Leben mit Licht","potentialAction":[{"@type":"SearchAction","target":{"@type":"EntryPoint","urlTemplate":"https:\/\/www.lehrer.at\/licht\/?s={search_term_string}"},"query-input":{"@type":"PropertyValueSpecification","valueRequired":true,"valueName":"search_term_string"}}],"inLanguage":"de-AT"}]}},"_links":{"self":[{"href":"https:\/\/www.lehrer.at\/licht\/wp-json\/wp\/v2\/pages\/24","targetHints":{"allow":["GET"]}}],"collection":[{"href":"https:\/\/www.lehrer.at\/licht\/wp-json\/wp\/v2\/pages"}],"about":[{"href":"https:\/\/www.lehrer.at\/licht\/wp-json\/wp\/v2\/types\/page"}],"author":[{"embeddable":true,"href":"https:\/\/www.lehrer.at\/licht\/wp-json\/wp\/v2\/users\/1"}],"replies":[{"embeddable":true,"href":"https:\/\/www.lehrer.at\/licht\/wp-json\/wp\/v2\/comments?post=24"}],"version-history":[{"count":17,"href":"https:\/\/www.lehrer.at\/licht\/wp-json\/wp\/v2\/pages\/24\/revisions"}],"predecessor-version":[{"id":840,"href":"https:\/\/www.lehrer.at\/licht\/wp-json\/wp\/v2\/pages\/24\/revisions\/840"}],"wp:attachment":[{"href":"https:\/\/www.lehrer.at\/licht\/wp-json\/wp\/v2\/media?parent=24"}],"curies":[{"name":"wp","href":"https:\/\/api.w.org\/{rel}","templated":true}]}}