{"id":50,"date":"2021-05-27T09:44:30","date_gmt":"2021-05-27T07:44:30","guid":{"rendered":"https:\/\/www.lehrer.at\/kosmetik\/?page_id=50"},"modified":"2025-06-02T15:31:26","modified_gmt":"2025-06-02T13:31:26","slug":"sekundarstufe-1","status":"publish","type":"page","link":"https:\/\/www.lehrer.at\/kosmetik\/umwelt\/sekundarstufe-1\/","title":{"rendered":"Sekundarstufe 1"},"content":{"rendered":"\n<figure class=\"wp-block-image size-large\"><img loading=\"lazy\" decoding=\"async\" width=\"1024\" height=\"143\" src=\"https:\/\/www.lehrer.at\/kosmetik\/wp-content\/uploads\/sites\/7\/2021\/05\/image-8-1024x143.png\" alt=\"eine gr\u00fcne Pflanze \" class=\"wp-image-117\" srcset=\"https:\/\/www.lehrer.at\/kosmetik\/wp-content\/uploads\/sites\/7\/2021\/05\/image-8-1024x143.png 1024w, https:\/\/www.lehrer.at\/kosmetik\/wp-content\/uploads\/sites\/7\/2021\/05\/image-8-300x42.png 300w, https:\/\/www.lehrer.at\/kosmetik\/wp-content\/uploads\/sites\/7\/2021\/05\/image-8-768x107.png 768w, https:\/\/www.lehrer.at\/kosmetik\/wp-content\/uploads\/sites\/7\/2021\/05\/image-8-1536x214.png 1536w, https:\/\/www.lehrer.at\/kosmetik\/wp-content\/uploads\/sites\/7\/2021\/05\/image-8.png 1693w\" sizes=\"auto, (max-width: 1024px) 100vw, 1024px\" \/><figcaption class=\"wp-element-caption\">Umwelt: Aerosole, bio &amp; mehr<\/figcaption><\/figure>\n\n\n<div class=\"lazyblock-materialien-download-kosmetik-ceAwY wp-block-lazyblock-materialien-download-kosmetik\"><div class=\"material\">\n  <h2 class=\"\">Gut verpackt? | <sub>Biologie, Geographie<\/sub><\/h2>\n  <div class=\"material-text\">\n    <p>Verpackungen sind nicht nur wichtig, um Kosmetikartikel zu schu\u0308tzen und mo\u0308glichst lange haltbar zu machen. Sie sind auch ein wichtiges Kriterium zur Bewertung der Umweltvertra\u0308glichkeit eines Produktes.<br><\/p>\n  <\/div>\n  <div class=\"material-files\">\n    \n    <div class=\"material-file\">\n      <a href=\"https:\/\/www.lehrer.at\/kosmetik\/wp-content\/uploads\/sites\/7\/2024\/09\/gut_verpackt_lehrerinfo-1.pdf\" target=\"_blank\">Lehrerinfo <\/a>\n      <\/div>\n    <div class=\"material-file\">\n      <a href=\"https:\/\/www.lehrer.at\/kosmetik\/wp-content\/uploads\/sites\/7\/2024\/09\/gut_verpackt_lernmaterial-1.pdf\" target=\"_blank\">Lernmaterial<\/a>\n      <\/div>\n    <div class=\"material-file\">\n      <a href=\"https:\/\/www.lehrer.at\/kosmetik\/wp-content\/uploads\/sites\/7\/2024\/09\/gut_verpackt_gesamtpaket.pdf\" target=\"_blank\">Gesamtpaket<\/a>\n      <\/div>\n  <\/div>\n<\/div><\/div>\n\n<div class=\"lazyblock-materialien-download-kosmetik-Z2aKHHy wp-block-lazyblock-materialien-download-kosmetik\"><div class=\"material\">\n  <h2 class=\"\">Nichts als die Wahrheit? | <sub>Deutsch, Informatik<\/sub><\/h2>\n  <div class=\"material-text\">\n    <p>Woher bekomme ich meine Infos zu verschiedenen Themenbereichen und wie glaubhaft sind diese Quellen eigentlich? Diese Unterrichtseinheit macht den Sch\u00fclerInnen Lust aufs Hinterfragen der Glaubw\u00fcrdigkeit verschiedener Quellen und vermittelt ihnen gleichzeitig auch das entsprechende Handwerkszeug, das daf\u00fcr notwendig ist.<\/p>\n  <\/div>\n  <div class=\"material-files\">\n    \n    <div class=\"material-file\">\n      <a href=\"https:\/\/www.lehrer.at\/kosmetik\/wp-content\/uploads\/sites\/7\/2021\/05\/sek1_lehrerinfo_wahrheit.pdf\" target=\"_blank\">Lehrerinfo<\/a>\n      <\/div>\n    <div class=\"material-file\">\n      <a href=\"https:\/\/www.lehrer.at\/kosmetik\/wp-content\/uploads\/sites\/7\/2021\/05\/sek1_lernmaterial_wahrheit.pdf\" target=\"_blank\">Lernmaterial<\/a>\n      <\/div>\n    <div class=\"material-file\">\n      <a href=\"https:\/\/www.lehrer.at\/kosmetik\/wp-content\/uploads\/sites\/7\/2021\/05\/sek1_gesamtpaket_wahrheit.pdf\" target=\"_blank\">Gesamtpaket<\/a>\n      <\/div>\n  <\/div>\n<\/div><\/div>\n\n<div class=\"lazyblock-materialien-download-kosmetik-1RNs5T wp-block-lazyblock-materialien-download-kosmetik\"><div class=\"material\">\n  <h2 class=\"\">Wir und die EU | <sub>Geographie &amp; Wirtschaftskunde<\/sub><\/h2>\n  <div class=\"material-text\">\n    <p>Wie funktioniert eigentlich die EU? Welche Aufgaben haben die unterschiedlichen Organe? Und wie kommen EU-Verordnungen zustande? Am Beispiel des Kosmetikrechts und der EU-Kosmetikverordnung erhalten die Sch\u00fclerInnen einen Einblick hinter die Kulissen der Entstehung europ\u00e4ischer Rechtsvorschriften und deren Auswirkungen auf \u00d6sterreich.<\/p>\n  <\/div>\n  <div class=\"material-files\">\n    \n    <div class=\"material-file\">\n      <a href=\"https:\/\/www.lehrer.at\/kosmetik\/wp-content\/uploads\/sites\/7\/2021\/06\/sek1_lehrerinfo_eu.pdf\" target=\"_blank\">Lehrerinfo<\/a>\n      <\/div>\n    <div class=\"material-file\">\n      <a href=\"https:\/\/www.lehrer.at\/kosmetik\/wp-content\/uploads\/sites\/7\/2021\/06\/sek1_lernmaterial_eu.pdf\" target=\"_blank\">Lernmaterial<\/a>\n      <\/div>\n    <div class=\"material-file\">\n      <a href=\"https:\/\/www.lehrer.at\/kosmetik\/wp-content\/uploads\/sites\/7\/2021\/06\/sek1_gesamtpaket_eu.pdf\" target=\"_blank\">Gesamtpaket<\/a>\n      <\/div>\n  <\/div>\n<\/div><\/div>\n\n<div class=\"lazyblock-materialien-download-kosmetik-Z1dd1iS wp-block-lazyblock-materialien-download-kosmetik\"><div class=\"material\">\n  <h2 class=\"\">Aerosole &#8211; Warum ist der Himmel blau? | <sub>Biologie, Physik<\/sub><\/h2>\n  <div class=\"material-text\">\n    <p>Warum ist der Himmel blau und die Abendsonne rot? Antworten auf diese Fragen und jede Menge Informationen zu Aerosolen finden sich in diesen\u00a0 Unterrichtsmaterialien.<\/p>\n  <\/div>\n  <div class=\"material-files\">\n    \n    <div class=\"material-file\">\n      <a href=\"https:\/\/www.lehrer.at\/kosmetik\/wp-content\/uploads\/sites\/7\/2021\/06\/sek1_lehrerinfo_aerosole.pdf\" target=\"_blank\">Lehrerinfo<\/a>\n      <\/div>\n    <div class=\"material-file\">\n      <a href=\"https:\/\/www.lehrer.at\/kosmetik\/wp-content\/uploads\/sites\/7\/2021\/06\/sek1_lernmaterial_aerosole.pdf\" target=\"_blank\">Lernmaterial<\/a>\n      <\/div>\n    <div class=\"material-file\">\n      <a href=\"https:\/\/www.lehrer.at\/kosmetik\/wp-content\/uploads\/sites\/7\/2021\/06\/sek1_gesamtpaket_aerosole.pdf\" target=\"_blank\">Gesamtpaket<\/a>\n      <\/div>\n  <\/div>\n<\/div><\/div>\n\n<div class=\"lazyblock-materialien-download-kosmetik-16Ow8K wp-block-lazyblock-materialien-download-kosmetik\"><div class=\"material\">\n  <h2 class=\"\">Wie kommt der Haarspray aus der Dose? | <sub>Biologie, Physik<\/sub><\/h2>\n  <div class=\"material-text\">\n    <p>Die Sch\u00fclerInnen lernen das Prinzip des Aerosol-Sprays und dessen Einsatzm\u00f6glichkeiten kennen. Als Abschluss machen sie sich Gedanken \u00fcber Vor- und Nachteile von Spray-Produkten.<\/p>\n  <\/div>\n  <div class=\"material-files\">\n    \n    <div class=\"material-file\">\n      <a href=\"https:\/\/www.lehrer.at\/kosmetik\/wp-content\/uploads\/sites\/7\/2021\/06\/sek1_lehrerinfo_haarspray.pdf\" target=\"_blank\">Lehrerinfo<\/a>\n      <\/div>\n    <div class=\"material-file\">\n      <a href=\"https:\/\/www.lehrer.at\/kosmetik\/wp-content\/uploads\/sites\/7\/2021\/06\/sek1_lernmaterial_haarspray.pdf\" target=\"_blank\">Lernmaterial<\/a>\n      <\/div>\n    <div class=\"material-file\">\n      <a href=\"https:\/\/www.lehrer.at\/kosmetik\/wp-content\/uploads\/sites\/7\/2021\/06\/sek1_gesamtpaket_haarspray.pdf\" target=\"_blank\">Gesamtpaket<\/a>\n      <\/div>\n  <\/div>\n<\/div><\/div>\n\n<div class=\"lazyblock-materialien-download-kosmetik-5nNDY wp-block-lazyblock-materialien-download-kosmetik\"><div class=\"material\">\n  <h2 class=\"\">Treibhauseffekt und Ozonloch | <sub>Biologie, Physik<\/sub><\/h2>\n  <div class=\"material-text\">\n    <p>Die Sch\u00fclerInnen lernen die Ursachen und Auswirkungen des Treibhauseffekts sowie den Zusammenhang zwischen FCKWs und Ozonloch kennen. Au\u00dferdem erfahren sie Wissenswertes \u00fcber FCKW-Ersatzstoffe sowie deren Vor- und Nachteile.<\/p>\n  <\/div>\n  <div class=\"material-files\">\n    \n    <div class=\"material-file\">\n      <a href=\"https:\/\/www.lehrer.at\/kosmetik\/wp-content\/uploads\/sites\/7\/2021\/06\/sek1_lehrerinfo_treibhaus.pdf\" target=\"_blank\">Lehrerinfo<\/a>\n      <\/div>\n    <div class=\"material-file\">\n      <a href=\"https:\/\/www.lehrer.at\/kosmetik\/wp-content\/uploads\/sites\/7\/2021\/06\/sek1_lernmaterial_treibhaus.pdf\" target=\"_blank\">Lernmaterial<\/a>\n      <\/div>\n    <div class=\"material-file\">\n      <a href=\"https:\/\/www.lehrer.at\/kosmetik\/wp-content\/uploads\/sites\/7\/2021\/06\/sek1_gesamtpaket_treibhaus.pdf\" target=\"_blank\">Gesamtpaket<\/a>\n      <\/div>\n  <\/div>\n<\/div><\/div>\n\n<div class=\"lazyblock-materialien-download-kosmetik-Z1JInxj wp-block-lazyblock-materialien-download-kosmetik\"><div class=\"material\">\n  <h2 class=\"\">Klimaschutz geht jeden an! | <sub>Biologie, Physik<\/sub><\/h2>\n  <div class=\"material-text\">\n    <p>Die Sch\u00fclerInnen lernen wichtige internationale Abkommen zum Klimaschutz kennen. Sie erhalten einen Einblick, wie Klimakonferenzen ablaufen. Zum Abschluss machen sie sich Gedanken \u00fcber den Klimawandel und die damit verbundenen Folgen.<\/p>\n  <\/div>\n  <div class=\"material-files\">\n    \n    <div class=\"material-file\">\n      <a href=\"https:\/\/www.lehrer.at\/kosmetik\/wp-content\/uploads\/sites\/7\/2021\/06\/sek1_lehrerinfo_klimaschutz.pdf\" target=\"_blank\">Lehrerinfo<\/a>\n      <\/div>\n    <div class=\"material-file\">\n      <a href=\"https:\/\/www.lehrer.at\/kosmetik\/wp-content\/uploads\/sites\/7\/2021\/06\/sek1_lernmaterial_klimaschutz.pdf\" target=\"_blank\">Lernmaterial<\/a>\n      <\/div>\n    <div class=\"material-file\">\n      <a href=\"https:\/\/www.lehrer.at\/kosmetik\/wp-content\/uploads\/sites\/7\/2021\/06\/sek1_gesamtpaket_klimaschutz.pdf\" target=\"_blank\">Gesamtpaket<\/a>\n      <\/div>\n  <\/div>\n<\/div><\/div>\n\n<div class=\"lazyblock-materialien-download-kosmetik-JiK2T wp-block-lazyblock-materialien-download-kosmetik\"><div class=\"material\">\n  <h2 class=\"\">Pumpen statt Sprayen &#8211; die L\u00f6sung? | <sub>Biologie, Physik<\/sub><\/h2>\n  <div class=\"material-text\">\n    <p>Die Sch\u00fclerInnen erfahren, dass viele Sprayprodukte auch als Pumpsysteme angeboten werden. Sie machen sich Gedanken \u00fcber Vor- und Nachteile von Pump- und Aerosolsystemen. Au\u00dferdem lernen sie etwas \u00fcber den richtigen Gebrauch von Spraydosen.<\/p>\n  <\/div>\n  <div class=\"material-files\">\n    \n    <div class=\"material-file\">\n      <a href=\"https:\/\/www.lehrer.at\/kosmetik\/wp-content\/uploads\/sites\/7\/2021\/06\/sek1_lehrerinfo_pumpen.pdf\" target=\"_blank\">Lehrerinfo<\/a>\n      <\/div>\n    <div class=\"material-file\">\n      <a href=\"https:\/\/www.lehrer.at\/kosmetik\/wp-content\/uploads\/sites\/7\/2021\/06\/sek1_lernmaterial_pumpen.pdf\" target=\"_blank\">Lernmaterial<\/a>\n      <\/div>\n    <div class=\"material-file\">\n      <a href=\"https:\/\/www.lehrer.at\/kosmetik\/wp-content\/uploads\/sites\/7\/2021\/06\/sek1_gesamtpaket_pumpen.pdf\" target=\"_blank\">Gesamtpaket<\/a>\n      <\/div>\n  <\/div>\n<\/div><\/div>\n\n\n<hr class=\"wp-block-separator has-css-opacity\"\/>\n\n\n\n<h3 class=\"wp-block-heading\">Diese Themenbereiche enthalten weitere Materialienpakete f\u00fcr die Sekundarstufe 1:<\/h3>\n\n\n\n<figure class=\"wp-block-image size-large\"><a href=\"\/kosmetik\/koerperpflege\/sekundarstufe-1\/\"><img loading=\"lazy\" decoding=\"async\" width=\"1024\" height=\"143\" src=\"https:\/\/www.lehrer.at\/kosmetik\/wp-content\/uploads\/sites\/7\/2021\/06\/image-1024x143.png\" alt=\"Nahaufnahme eines Gesichts eines rothaarigen, l\u00e4chelnden M\u00e4dchens\" class=\"wp-image-147\" srcset=\"https:\/\/www.lehrer.at\/kosmetik\/wp-content\/uploads\/sites\/7\/2021\/06\/image-1024x143.png 1024w, https:\/\/www.lehrer.at\/kosmetik\/wp-content\/uploads\/sites\/7\/2021\/06\/image-300x42.png 300w, https:\/\/www.lehrer.at\/kosmetik\/wp-content\/uploads\/sites\/7\/2021\/06\/image-768x107.png 768w, https:\/\/www.lehrer.at\/kosmetik\/wp-content\/uploads\/sites\/7\/2021\/06\/image-1536x214.png 1536w, https:\/\/www.lehrer.at\/kosmetik\/wp-content\/uploads\/sites\/7\/2021\/06\/image.png 1693w\" sizes=\"auto, (max-width: 1024px) 100vw, 1024px\" \/><\/a><figcaption class=\"wp-element-caption\">K\u00f6rperpflege: Haut, Haare, Z\u00e4hne<\/figcaption><\/figure>\n\n\n\n<figure class=\"wp-block-image size-large\"><a href=\"\/kosmetik\/pubertaet\/sekundarstufe-1\/\"><img loading=\"lazy\" decoding=\"async\" width=\"1024\" height=\"143\" src=\"https:\/\/www.lehrer.at\/kosmetik\/wp-content\/uploads\/sites\/7\/2021\/05\/image-6-1024x143.png\" alt=\"Nackter Oberk\u00f6rper eines Jungen, der seine Arme vor der Brust kreuzt. \" class=\"wp-image-104\" srcset=\"https:\/\/www.lehrer.at\/kosmetik\/wp-content\/uploads\/sites\/7\/2021\/05\/image-6-1024x143.png 1024w, https:\/\/www.lehrer.at\/kosmetik\/wp-content\/uploads\/sites\/7\/2021\/05\/image-6-300x42.png 300w, https:\/\/www.lehrer.at\/kosmetik\/wp-content\/uploads\/sites\/7\/2021\/05\/image-6-768x107.png 768w, https:\/\/www.lehrer.at\/kosmetik\/wp-content\/uploads\/sites\/7\/2021\/05\/image-6-1536x214.png 1536w, https:\/\/www.lehrer.at\/kosmetik\/wp-content\/uploads\/sites\/7\/2021\/05\/image-6.png 1693w\" sizes=\"auto, (max-width: 1024px) 100vw, 1024px\" \/><\/a><figcaption class=\"wp-element-caption\">Pubert\u00e4t: Der K\u00f6rper \u00e4ndert sich<\/figcaption><\/figure>\n\n\n\n<figure class=\"wp-block-image size-large\"><a href=\"\/kosmetik\/schoenheit\/sekundarstufe-1\/\"><img loading=\"lazy\" decoding=\"async\" width=\"1024\" height=\"143\" src=\"https:\/\/www.lehrer.at\/kosmetik\/wp-content\/uploads\/sites\/7\/2021\/05\/image-7-1024x143.png\" alt=\"Ein Junge schaut in den Spiegel. \n\" class=\"wp-image-110\" srcset=\"https:\/\/www.lehrer.at\/kosmetik\/wp-content\/uploads\/sites\/7\/2021\/05\/image-7-1024x143.png 1024w, https:\/\/www.lehrer.at\/kosmetik\/wp-content\/uploads\/sites\/7\/2021\/05\/image-7-300x42.png 300w, https:\/\/www.lehrer.at\/kosmetik\/wp-content\/uploads\/sites\/7\/2021\/05\/image-7-768x107.png 768w, https:\/\/www.lehrer.at\/kosmetik\/wp-content\/uploads\/sites\/7\/2021\/05\/image-7-1536x214.png 1536w, https:\/\/www.lehrer.at\/kosmetik\/wp-content\/uploads\/sites\/7\/2021\/05\/image-7.png 1693w\" sizes=\"auto, (max-width: 1024px) 100vw, 1024px\" \/><\/a><figcaption class=\"wp-element-caption\">Sch\u00f6nheit: Was ist das?<\/figcaption><\/figure>\n","protected":false},"excerpt":{"rendered":"<p>Diese Themenbereiche enthalten weitere Materialienpakete f\u00fcr die Sekundarstufe 1:<\/p>\n","protected":false},"author":1,"featured_media":0,"parent":48,"menu_order":0,"comment_status":"closed","ping_status":"closed","template":"page-unterrichtsmaterial.php","meta":{"_acf_changed":false,"footnotes":""},"class_list":["post-50","page","type-page","status-publish","hentry"],"acf":[],"yoast_head":"<!-- This site is optimized with the Yoast SEO plugin v27.0 - https:\/\/yoast.com\/product\/yoast-seo-wordpress\/ -->\n<title>Sekundarstufe 1 - Kosmetik Transparent<\/title>\n<meta name=\"robots\" content=\"index, follow, max-snippet:-1, max-image-preview:large, max-video-preview:-1\" \/>\n<link rel=\"canonical\" href=\"https:\/\/www.lehrer.at\/kosmetik\/umwelt\/sekundarstufe-1\/\" \/>\n<meta property=\"og:locale\" content=\"de_DE\" \/>\n<meta property=\"og:type\" content=\"article\" \/>\n<meta property=\"og:title\" content=\"Sekundarstufe 1 - Kosmetik Transparent\" \/>\n<meta property=\"og:description\" content=\"Diese Themenbereiche enthalten weitere Materialienpakete f\u00fcr die Sekundarstufe 1:\" \/>\n<meta property=\"og:url\" content=\"https:\/\/www.lehrer.at\/kosmetik\/umwelt\/sekundarstufe-1\/\" \/>\n<meta property=\"og:site_name\" content=\"Kosmetik Transparent\" \/>\n<meta property=\"article:modified_time\" content=\"2025-06-02T13:31:26+00:00\" \/>\n<meta property=\"og:image\" content=\"https:\/\/www.lehrer.at\/kosmetik\/wp-content\/uploads\/sites\/7\/2021\/05\/image-8.png\" \/>\n\t<meta property=\"og:image:width\" content=\"1693\" \/>\n\t<meta property=\"og:image:height\" content=\"236\" \/>\n\t<meta property=\"og:image:type\" content=\"image\/png\" \/>\n<meta name=\"twitter:card\" content=\"summary_large_image\" \/>\n<meta name=\"twitter:label1\" content=\"Gesch\u00e4tzte Lesezeit\" \/>\n\t<meta name=\"twitter:data1\" content=\"1 Minute\" \/>\n<script type=\"application\/ld+json\" class=\"yoast-schema-graph\">{\"@context\":\"https:\/\/schema.org\",\"@graph\":[{\"@type\":\"WebPage\",\"@id\":\"https:\/\/www.lehrer.at\/kosmetik\/umwelt\/sekundarstufe-1\/\",\"url\":\"https:\/\/www.lehrer.at\/kosmetik\/umwelt\/sekundarstufe-1\/\",\"name\":\"Sekundarstufe 1 - Kosmetik Transparent\",\"isPartOf\":{\"@id\":\"https:\/\/www.lehrer.at\/kosmetik\/#website\"},\"primaryImageOfPage\":{\"@id\":\"https:\/\/www.lehrer.at\/kosmetik\/umwelt\/sekundarstufe-1\/#primaryimage\"},\"image\":{\"@id\":\"https:\/\/www.lehrer.at\/kosmetik\/umwelt\/sekundarstufe-1\/#primaryimage\"},\"thumbnailUrl\":\"https:\/\/www.lehrer.at\/kosmetik\/wp-content\/uploads\/sites\/7\/2021\/05\/image-8-1024x143.png\",\"datePublished\":\"2021-05-27T07:44:30+00:00\",\"dateModified\":\"2025-06-02T13:31:26+00:00\",\"breadcrumb\":{\"@id\":\"https:\/\/www.lehrer.at\/kosmetik\/umwelt\/sekundarstufe-1\/#breadcrumb\"},\"inLanguage\":\"de-AT\",\"potentialAction\":[{\"@type\":\"ReadAction\",\"target\":[\"https:\/\/www.lehrer.at\/kosmetik\/umwelt\/sekundarstufe-1\/\"]}]},{\"@type\":\"ImageObject\",\"inLanguage\":\"de-AT\",\"@id\":\"https:\/\/www.lehrer.at\/kosmetik\/umwelt\/sekundarstufe-1\/#primaryimage\",\"url\":\"https:\/\/www.lehrer.at\/kosmetik\/wp-content\/uploads\/sites\/7\/2021\/05\/image-8.png\",\"contentUrl\":\"https:\/\/www.lehrer.at\/kosmetik\/wp-content\/uploads\/sites\/7\/2021\/05\/image-8.png\",\"width\":1693,\"height\":236},{\"@type\":\"BreadcrumbList\",\"@id\":\"https:\/\/www.lehrer.at\/kosmetik\/umwelt\/sekundarstufe-1\/#breadcrumb\",\"itemListElement\":[{\"@type\":\"ListItem\",\"position\":1,\"name\":\"Startseite\",\"item\":\"https:\/\/www.lehrer.at\/kosmetik\/\"},{\"@type\":\"ListItem\",\"position\":2,\"name\":\"Umwelt\",\"item\":\"https:\/\/www.lehrer.at\/kosmetik\/umwelt\/\"},{\"@type\":\"ListItem\",\"position\":3,\"name\":\"Sekundarstufe 1\"}]},{\"@type\":\"WebSite\",\"@id\":\"https:\/\/www.lehrer.at\/kosmetik\/#website\",\"url\":\"https:\/\/www.lehrer.at\/kosmetik\/\",\"name\":\"Kosmetik Transparent\",\"description\":\"Sch\u00f6nheit und mehr\",\"potentialAction\":[{\"@type\":\"SearchAction\",\"target\":{\"@type\":\"EntryPoint\",\"urlTemplate\":\"https:\/\/www.lehrer.at\/kosmetik\/?s={search_term_string}\"},\"query-input\":{\"@type\":\"PropertyValueSpecification\",\"valueRequired\":true,\"valueName\":\"search_term_string\"}}],\"inLanguage\":\"de-AT\"}]}<\/script>\n<!-- \/ Yoast SEO plugin. -->","yoast_head_json":{"title":"Sekundarstufe 1 - Kosmetik Transparent","robots":{"index":"index","follow":"follow","max-snippet":"max-snippet:-1","max-image-preview":"max-image-preview:large","max-video-preview":"max-video-preview:-1"},"canonical":"https:\/\/www.lehrer.at\/kosmetik\/umwelt\/sekundarstufe-1\/","og_locale":"de_DE","og_type":"article","og_title":"Sekundarstufe 1 - Kosmetik Transparent","og_description":"Diese Themenbereiche enthalten weitere Materialienpakete f\u00fcr die Sekundarstufe 1:","og_url":"https:\/\/www.lehrer.at\/kosmetik\/umwelt\/sekundarstufe-1\/","og_site_name":"Kosmetik Transparent","article_modified_time":"2025-06-02T13:31:26+00:00","og_image":[{"width":1693,"height":236,"url":"https:\/\/www.lehrer.at\/kosmetik\/wp-content\/uploads\/sites\/7\/2021\/05\/image-8.png","type":"image\/png"}],"twitter_card":"summary_large_image","twitter_misc":{"Gesch\u00e4tzte Lesezeit":"1 Minute"},"schema":{"@context":"https:\/\/schema.org","@graph":[{"@type":"WebPage","@id":"https:\/\/www.lehrer.at\/kosmetik\/umwelt\/sekundarstufe-1\/","url":"https:\/\/www.lehrer.at\/kosmetik\/umwelt\/sekundarstufe-1\/","name":"Sekundarstufe 1 - Kosmetik Transparent","isPartOf":{"@id":"https:\/\/www.lehrer.at\/kosmetik\/#website"},"primaryImageOfPage":{"@id":"https:\/\/www.lehrer.at\/kosmetik\/umwelt\/sekundarstufe-1\/#primaryimage"},"image":{"@id":"https:\/\/www.lehrer.at\/kosmetik\/umwelt\/sekundarstufe-1\/#primaryimage"},"thumbnailUrl":"https:\/\/www.lehrer.at\/kosmetik\/wp-content\/uploads\/sites\/7\/2021\/05\/image-8-1024x143.png","datePublished":"2021-05-27T07:44:30+00:00","dateModified":"2025-06-02T13:31:26+00:00","breadcrumb":{"@id":"https:\/\/www.lehrer.at\/kosmetik\/umwelt\/sekundarstufe-1\/#breadcrumb"},"inLanguage":"de-AT","potentialAction":[{"@type":"ReadAction","target":["https:\/\/www.lehrer.at\/kosmetik\/umwelt\/sekundarstufe-1\/"]}]},{"@type":"ImageObject","inLanguage":"de-AT","@id":"https:\/\/www.lehrer.at\/kosmetik\/umwelt\/sekundarstufe-1\/#primaryimage","url":"https:\/\/www.lehrer.at\/kosmetik\/wp-content\/uploads\/sites\/7\/2021\/05\/image-8.png","contentUrl":"https:\/\/www.lehrer.at\/kosmetik\/wp-content\/uploads\/sites\/7\/2021\/05\/image-8.png","width":1693,"height":236},{"@type":"BreadcrumbList","@id":"https:\/\/www.lehrer.at\/kosmetik\/umwelt\/sekundarstufe-1\/#breadcrumb","itemListElement":[{"@type":"ListItem","position":1,"name":"Startseite","item":"https:\/\/www.lehrer.at\/kosmetik\/"},{"@type":"ListItem","position":2,"name":"Umwelt","item":"https:\/\/www.lehrer.at\/kosmetik\/umwelt\/"},{"@type":"ListItem","position":3,"name":"Sekundarstufe 1"}]},{"@type":"WebSite","@id":"https:\/\/www.lehrer.at\/kosmetik\/#website","url":"https:\/\/www.lehrer.at\/kosmetik\/","name":"Kosmetik Transparent","description":"Sch\u00f6nheit und mehr","potentialAction":[{"@type":"SearchAction","target":{"@type":"EntryPoint","urlTemplate":"https:\/\/www.lehrer.at\/kosmetik\/?s={search_term_string}"},"query-input":{"@type":"PropertyValueSpecification","valueRequired":true,"valueName":"search_term_string"}}],"inLanguage":"de-AT"}]}},"_links":{"self":[{"href":"https:\/\/www.lehrer.at\/kosmetik\/wp-json\/wp\/v2\/pages\/50","targetHints":{"allow":["GET"]}}],"collection":[{"href":"https:\/\/www.lehrer.at\/kosmetik\/wp-json\/wp\/v2\/pages"}],"about":[{"href":"https:\/\/www.lehrer.at\/kosmetik\/wp-json\/wp\/v2\/types\/page"}],"author":[{"embeddable":true,"href":"https:\/\/www.lehrer.at\/kosmetik\/wp-json\/wp\/v2\/users\/1"}],"replies":[{"embeddable":true,"href":"https:\/\/www.lehrer.at\/kosmetik\/wp-json\/wp\/v2\/comments?post=50"}],"version-history":[{"count":14,"href":"https:\/\/www.lehrer.at\/kosmetik\/wp-json\/wp\/v2\/pages\/50\/revisions"}],"predecessor-version":[{"id":367,"href":"https:\/\/www.lehrer.at\/kosmetik\/wp-json\/wp\/v2\/pages\/50\/revisions\/367"}],"up":[{"embeddable":true,"href":"https:\/\/www.lehrer.at\/kosmetik\/wp-json\/wp\/v2\/pages\/48"}],"wp:attachment":[{"href":"https:\/\/www.lehrer.at\/kosmetik\/wp-json\/wp\/v2\/media?parent=50"}],"curies":[{"name":"wp","href":"https:\/\/api.w.org\/{rel}","templated":true}]}}