{"id":40,"date":"2021-05-27T09:41:48","date_gmt":"2021-05-27T07:41:48","guid":{"rendered":"https:\/\/www.lehrer.at\/kosmetik\/?page_id=40"},"modified":"2025-06-02T15:31:08","modified_gmt":"2025-06-02T13:31:08","slug":"sekundarstufe-1","status":"publish","type":"page","link":"https:\/\/www.lehrer.at\/kosmetik\/pubertaet\/sekundarstufe-1\/","title":{"rendered":"Sekundarstufe 1"},"content":{"rendered":"\n<figure class=\"wp-block-image size-large\"><img loading=\"lazy\" decoding=\"async\" width=\"1024\" height=\"143\" src=\"https:\/\/www.lehrer.at\/kosmetik\/wp-content\/uploads\/sites\/7\/2021\/05\/image-6-1024x143.png\" alt=\"Nackter Oberk\u00f6rper eines Jungen, der seine Arme vor der Brust kreuzt. \" class=\"wp-image-104\" srcset=\"https:\/\/www.lehrer.at\/kosmetik\/wp-content\/uploads\/sites\/7\/2021\/05\/image-6-1024x143.png 1024w, https:\/\/www.lehrer.at\/kosmetik\/wp-content\/uploads\/sites\/7\/2021\/05\/image-6-300x42.png 300w, https:\/\/www.lehrer.at\/kosmetik\/wp-content\/uploads\/sites\/7\/2021\/05\/image-6-768x107.png 768w, https:\/\/www.lehrer.at\/kosmetik\/wp-content\/uploads\/sites\/7\/2021\/05\/image-6-1536x214.png 1536w, https:\/\/www.lehrer.at\/kosmetik\/wp-content\/uploads\/sites\/7\/2021\/05\/image-6.png 1693w\" sizes=\"auto, (max-width: 1024px) 100vw, 1024px\" \/><figcaption class=\"wp-element-caption\">Pubert\u00e4t: Der K\u00f6rper \u00e4ndert sich<\/figcaption><\/figure>\n\n\n<div class=\"lazyblock-materialien-download-kosmetik-18bYdQ wp-block-lazyblock-materialien-download-kosmetik\"><div class=\"material\">\n  <h2 class=\"\">Wenn die Haut protestiert: Akne | <sub>Biologie<\/sub><\/h2>\n  <div class=\"material-text\">\n    <p>Akne \u2013 das Problem vieler pubertierender Jugendlicher. In dieser Unterrichtseinheit wird gekl\u00e4rt, was Akne ist \u2013 und was man dagegen tun kann. Und ganz nebenher festigen die Sch\u00fclerInnen bei der Gelegenheit auch ihr Wissen zum Aufbau der Haut.<\/p>\n  <\/div>\n  <div class=\"material-files\">\n    \n    <div class=\"material-file\">\n      <a href=\"https:\/\/www.lehrer.at\/kosmetik\/wp-content\/uploads\/sites\/7\/2021\/05\/sek1_lehrerinfo_haut.pdf\" target=\"_blank\">Lehrerinfo<\/a>\n      <\/div>\n    <div class=\"material-file\">\n      <a href=\"https:\/\/www.lehrer.at\/kosmetik\/wp-content\/uploads\/sites\/7\/2021\/05\/sek1_lernmaterial_haut.pdf\" target=\"_blank\">Lernmaterial<\/a>\n      <\/div>\n    <div class=\"material-file\">\n      <a href=\"https:\/\/www.lehrer.at\/kosmetik\/wp-content\/uploads\/sites\/7\/2021\/05\/sek1_gesamtpaket_haut.pdf\" target=\"_blank\">Gesamtpaket<\/a>\n      <\/div>\n  <\/div>\n<\/div><\/div>\n\n\n<hr class=\"wp-block-separator has-css-opacity\"\/>\n\n\n\n<h3 class=\"wp-block-heading\">Diese Themenbereiche enthalten weitere Materialienpakete f\u00fcr die Sekundarstufe 1:<\/h3>\n\n\n\n<figure class=\"wp-block-image size-large\"><a href=\"\/kosmetik\/koerperpflege\/sekundarstufe-1\/\"><img loading=\"lazy\" decoding=\"async\" width=\"1024\" height=\"143\" src=\"https:\/\/www.lehrer.at\/kosmetik\/wp-content\/uploads\/sites\/7\/2021\/06\/image-1024x143.png\" alt=\"Nahaufnahme eines Gesichts eines rothaarigen, l\u00e4chelnden M\u00e4dchens\" class=\"wp-image-147\" srcset=\"https:\/\/www.lehrer.at\/kosmetik\/wp-content\/uploads\/sites\/7\/2021\/06\/image-1024x143.png 1024w, https:\/\/www.lehrer.at\/kosmetik\/wp-content\/uploads\/sites\/7\/2021\/06\/image-300x42.png 300w, https:\/\/www.lehrer.at\/kosmetik\/wp-content\/uploads\/sites\/7\/2021\/06\/image-768x107.png 768w, https:\/\/www.lehrer.at\/kosmetik\/wp-content\/uploads\/sites\/7\/2021\/06\/image-1536x214.png 1536w, https:\/\/www.lehrer.at\/kosmetik\/wp-content\/uploads\/sites\/7\/2021\/06\/image.png 1693w\" sizes=\"auto, (max-width: 1024px) 100vw, 1024px\" \/><\/a><figcaption class=\"wp-element-caption\">K\u00f6rperpflege: Haut, Haare, Z\u00e4hne<\/figcaption><\/figure>\n\n\n\n<figure class=\"wp-block-image size-large\"><a href=\"\/kosmetik\/schoenheit\/sekundarstufe-1\/\"><img loading=\"lazy\" decoding=\"async\" width=\"1024\" height=\"143\" src=\"https:\/\/www.lehrer.at\/kosmetik\/wp-content\/uploads\/sites\/7\/2021\/05\/image-7-1024x143.png\" alt=\"Ein Junge schaut in den Spiegel. \n\" class=\"wp-image-110\" srcset=\"https:\/\/www.lehrer.at\/kosmetik\/wp-content\/uploads\/sites\/7\/2021\/05\/image-7-1024x143.png 1024w, https:\/\/www.lehrer.at\/kosmetik\/wp-content\/uploads\/sites\/7\/2021\/05\/image-7-300x42.png 300w, https:\/\/www.lehrer.at\/kosmetik\/wp-content\/uploads\/sites\/7\/2021\/05\/image-7-768x107.png 768w, https:\/\/www.lehrer.at\/kosmetik\/wp-content\/uploads\/sites\/7\/2021\/05\/image-7-1536x214.png 1536w, https:\/\/www.lehrer.at\/kosmetik\/wp-content\/uploads\/sites\/7\/2021\/05\/image-7.png 1693w\" sizes=\"auto, (max-width: 1024px) 100vw, 1024px\" \/><\/a><figcaption class=\"wp-element-caption\">Sch\u00f6nheit: Was ist das?<\/figcaption><\/figure>\n\n\n\n<figure class=\"wp-block-image size-large\"><a href=\"\/kosmetik\/umwelt\/sekundarstufe-1\/\"><img loading=\"lazy\" decoding=\"async\" width=\"1024\" height=\"143\" src=\"https:\/\/www.lehrer.at\/kosmetik\/wp-content\/uploads\/sites\/7\/2021\/05\/image-8-1024x143.png\" alt=\"eine gr\u00fcne Pflanze \" class=\"wp-image-117\" srcset=\"https:\/\/www.lehrer.at\/kosmetik\/wp-content\/uploads\/sites\/7\/2021\/05\/image-8-1024x143.png 1024w, https:\/\/www.lehrer.at\/kosmetik\/wp-content\/uploads\/sites\/7\/2021\/05\/image-8-300x42.png 300w, https:\/\/www.lehrer.at\/kosmetik\/wp-content\/uploads\/sites\/7\/2021\/05\/image-8-768x107.png 768w, https:\/\/www.lehrer.at\/kosmetik\/wp-content\/uploads\/sites\/7\/2021\/05\/image-8-1536x214.png 1536w, https:\/\/www.lehrer.at\/kosmetik\/wp-content\/uploads\/sites\/7\/2021\/05\/image-8.png 1693w\" sizes=\"auto, (max-width: 1024px) 100vw, 1024px\" \/><\/a><figcaption class=\"wp-element-caption\">Umwelt: Aerosole, bio &amp; mehr<\/figcaption><\/figure>\n\n\n\n<p><\/p>\n","protected":false},"excerpt":{"rendered":"<p>Diese Themenbereiche enthalten weitere Materialienpakete f\u00fcr die Sekundarstufe 1:<\/p>\n","protected":false},"author":1,"featured_media":0,"parent":38,"menu_order":0,"comment_status":"closed","ping_status":"closed","template":"page-unterrichtsmaterial.php","meta":{"_acf_changed":false,"footnotes":""},"class_list":["post-40","page","type-page","status-publish","hentry"],"acf":[],"yoast_head":"<!-- This site is optimized with the Yoast SEO plugin v27.0 - https:\/\/yoast.com\/product\/yoast-seo-wordpress\/ -->\n<title>Sekundarstufe 1 - Kosmetik Transparent<\/title>\n<meta name=\"robots\" content=\"index, follow, max-snippet:-1, max-image-preview:large, max-video-preview:-1\" \/>\n<link rel=\"canonical\" href=\"https:\/\/www.lehrer.at\/kosmetik\/pubertaet\/sekundarstufe-1\/\" \/>\n<meta property=\"og:locale\" content=\"de_DE\" \/>\n<meta property=\"og:type\" content=\"article\" \/>\n<meta property=\"og:title\" content=\"Sekundarstufe 1 - Kosmetik Transparent\" \/>\n<meta property=\"og:description\" content=\"Diese Themenbereiche enthalten weitere Materialienpakete f\u00fcr die Sekundarstufe 1:\" \/>\n<meta property=\"og:url\" content=\"https:\/\/www.lehrer.at\/kosmetik\/pubertaet\/sekundarstufe-1\/\" \/>\n<meta property=\"og:site_name\" content=\"Kosmetik Transparent\" \/>\n<meta property=\"article:modified_time\" content=\"2025-06-02T13:31:08+00:00\" \/>\n<meta property=\"og:image\" content=\"https:\/\/www.lehrer.at\/kosmetik\/wp-content\/uploads\/sites\/7\/2021\/05\/image-6.png\" \/>\n\t<meta property=\"og:image:width\" content=\"1693\" \/>\n\t<meta property=\"og:image:height\" content=\"236\" \/>\n\t<meta property=\"og:image:type\" content=\"image\/png\" \/>\n<meta name=\"twitter:card\" content=\"summary_large_image\" \/>\n<script type=\"application\/ld+json\" class=\"yoast-schema-graph\">{\"@context\":\"https:\/\/schema.org\",\"@graph\":[{\"@type\":\"WebPage\",\"@id\":\"https:\/\/www.lehrer.at\/kosmetik\/pubertaet\/sekundarstufe-1\/\",\"url\":\"https:\/\/www.lehrer.at\/kosmetik\/pubertaet\/sekundarstufe-1\/\",\"name\":\"Sekundarstufe 1 - Kosmetik Transparent\",\"isPartOf\":{\"@id\":\"https:\/\/www.lehrer.at\/kosmetik\/#website\"},\"primaryImageOfPage\":{\"@id\":\"https:\/\/www.lehrer.at\/kosmetik\/pubertaet\/sekundarstufe-1\/#primaryimage\"},\"image\":{\"@id\":\"https:\/\/www.lehrer.at\/kosmetik\/pubertaet\/sekundarstufe-1\/#primaryimage\"},\"thumbnailUrl\":\"https:\/\/www.lehrer.at\/kosmetik\/wp-content\/uploads\/sites\/7\/2021\/05\/image-6-1024x143.png\",\"datePublished\":\"2021-05-27T07:41:48+00:00\",\"dateModified\":\"2025-06-02T13:31:08+00:00\",\"breadcrumb\":{\"@id\":\"https:\/\/www.lehrer.at\/kosmetik\/pubertaet\/sekundarstufe-1\/#breadcrumb\"},\"inLanguage\":\"de-AT\",\"potentialAction\":[{\"@type\":\"ReadAction\",\"target\":[\"https:\/\/www.lehrer.at\/kosmetik\/pubertaet\/sekundarstufe-1\/\"]}]},{\"@type\":\"ImageObject\",\"inLanguage\":\"de-AT\",\"@id\":\"https:\/\/www.lehrer.at\/kosmetik\/pubertaet\/sekundarstufe-1\/#primaryimage\",\"url\":\"https:\/\/www.lehrer.at\/kosmetik\/wp-content\/uploads\/sites\/7\/2021\/05\/image-6.png\",\"contentUrl\":\"https:\/\/www.lehrer.at\/kosmetik\/wp-content\/uploads\/sites\/7\/2021\/05\/image-6.png\",\"width\":1693,\"height\":236},{\"@type\":\"BreadcrumbList\",\"@id\":\"https:\/\/www.lehrer.at\/kosmetik\/pubertaet\/sekundarstufe-1\/#breadcrumb\",\"itemListElement\":[{\"@type\":\"ListItem\",\"position\":1,\"name\":\"Startseite\",\"item\":\"https:\/\/www.lehrer.at\/kosmetik\/\"},{\"@type\":\"ListItem\",\"position\":2,\"name\":\"Pubert\u00e4t\",\"item\":\"https:\/\/www.lehrer.at\/kosmetik\/pubertaet\/\"},{\"@type\":\"ListItem\",\"position\":3,\"name\":\"Sekundarstufe 1\"}]},{\"@type\":\"WebSite\",\"@id\":\"https:\/\/www.lehrer.at\/kosmetik\/#website\",\"url\":\"https:\/\/www.lehrer.at\/kosmetik\/\",\"name\":\"Kosmetik Transparent\",\"description\":\"Sch\u00f6nheit und mehr\",\"potentialAction\":[{\"@type\":\"SearchAction\",\"target\":{\"@type\":\"EntryPoint\",\"urlTemplate\":\"https:\/\/www.lehrer.at\/kosmetik\/?s={search_term_string}\"},\"query-input\":{\"@type\":\"PropertyValueSpecification\",\"valueRequired\":true,\"valueName\":\"search_term_string\"}}],\"inLanguage\":\"de-AT\"}]}<\/script>\n<!-- \/ Yoast SEO plugin. -->","yoast_head_json":{"title":"Sekundarstufe 1 - Kosmetik Transparent","robots":{"index":"index","follow":"follow","max-snippet":"max-snippet:-1","max-image-preview":"max-image-preview:large","max-video-preview":"max-video-preview:-1"},"canonical":"https:\/\/www.lehrer.at\/kosmetik\/pubertaet\/sekundarstufe-1\/","og_locale":"de_DE","og_type":"article","og_title":"Sekundarstufe 1 - Kosmetik Transparent","og_description":"Diese Themenbereiche enthalten weitere Materialienpakete f\u00fcr die Sekundarstufe 1:","og_url":"https:\/\/www.lehrer.at\/kosmetik\/pubertaet\/sekundarstufe-1\/","og_site_name":"Kosmetik Transparent","article_modified_time":"2025-06-02T13:31:08+00:00","og_image":[{"width":1693,"height":236,"url":"https:\/\/www.lehrer.at\/kosmetik\/wp-content\/uploads\/sites\/7\/2021\/05\/image-6.png","type":"image\/png"}],"twitter_card":"summary_large_image","schema":{"@context":"https:\/\/schema.org","@graph":[{"@type":"WebPage","@id":"https:\/\/www.lehrer.at\/kosmetik\/pubertaet\/sekundarstufe-1\/","url":"https:\/\/www.lehrer.at\/kosmetik\/pubertaet\/sekundarstufe-1\/","name":"Sekundarstufe 1 - Kosmetik Transparent","isPartOf":{"@id":"https:\/\/www.lehrer.at\/kosmetik\/#website"},"primaryImageOfPage":{"@id":"https:\/\/www.lehrer.at\/kosmetik\/pubertaet\/sekundarstufe-1\/#primaryimage"},"image":{"@id":"https:\/\/www.lehrer.at\/kosmetik\/pubertaet\/sekundarstufe-1\/#primaryimage"},"thumbnailUrl":"https:\/\/www.lehrer.at\/kosmetik\/wp-content\/uploads\/sites\/7\/2021\/05\/image-6-1024x143.png","datePublished":"2021-05-27T07:41:48+00:00","dateModified":"2025-06-02T13:31:08+00:00","breadcrumb":{"@id":"https:\/\/www.lehrer.at\/kosmetik\/pubertaet\/sekundarstufe-1\/#breadcrumb"},"inLanguage":"de-AT","potentialAction":[{"@type":"ReadAction","target":["https:\/\/www.lehrer.at\/kosmetik\/pubertaet\/sekundarstufe-1\/"]}]},{"@type":"ImageObject","inLanguage":"de-AT","@id":"https:\/\/www.lehrer.at\/kosmetik\/pubertaet\/sekundarstufe-1\/#primaryimage","url":"https:\/\/www.lehrer.at\/kosmetik\/wp-content\/uploads\/sites\/7\/2021\/05\/image-6.png","contentUrl":"https:\/\/www.lehrer.at\/kosmetik\/wp-content\/uploads\/sites\/7\/2021\/05\/image-6.png","width":1693,"height":236},{"@type":"BreadcrumbList","@id":"https:\/\/www.lehrer.at\/kosmetik\/pubertaet\/sekundarstufe-1\/#breadcrumb","itemListElement":[{"@type":"ListItem","position":1,"name":"Startseite","item":"https:\/\/www.lehrer.at\/kosmetik\/"},{"@type":"ListItem","position":2,"name":"Pubert\u00e4t","item":"https:\/\/www.lehrer.at\/kosmetik\/pubertaet\/"},{"@type":"ListItem","position":3,"name":"Sekundarstufe 1"}]},{"@type":"WebSite","@id":"https:\/\/www.lehrer.at\/kosmetik\/#website","url":"https:\/\/www.lehrer.at\/kosmetik\/","name":"Kosmetik Transparent","description":"Sch\u00f6nheit und mehr","potentialAction":[{"@type":"SearchAction","target":{"@type":"EntryPoint","urlTemplate":"https:\/\/www.lehrer.at\/kosmetik\/?s={search_term_string}"},"query-input":{"@type":"PropertyValueSpecification","valueRequired":true,"valueName":"search_term_string"}}],"inLanguage":"de-AT"}]}},"_links":{"self":[{"href":"https:\/\/www.lehrer.at\/kosmetik\/wp-json\/wp\/v2\/pages\/40","targetHints":{"allow":["GET"]}}],"collection":[{"href":"https:\/\/www.lehrer.at\/kosmetik\/wp-json\/wp\/v2\/pages"}],"about":[{"href":"https:\/\/www.lehrer.at\/kosmetik\/wp-json\/wp\/v2\/types\/page"}],"author":[{"embeddable":true,"href":"https:\/\/www.lehrer.at\/kosmetik\/wp-json\/wp\/v2\/users\/1"}],"replies":[{"embeddable":true,"href":"https:\/\/www.lehrer.at\/kosmetik\/wp-json\/wp\/v2\/comments?post=40"}],"version-history":[{"count":7,"href":"https:\/\/www.lehrer.at\/kosmetik\/wp-json\/wp\/v2\/pages\/40\/revisions"}],"predecessor-version":[{"id":364,"href":"https:\/\/www.lehrer.at\/kosmetik\/wp-json\/wp\/v2\/pages\/40\/revisions\/364"}],"up":[{"embeddable":true,"href":"https:\/\/www.lehrer.at\/kosmetik\/wp-json\/wp\/v2\/pages\/38"}],"wp:attachment":[{"href":"https:\/\/www.lehrer.at\/kosmetik\/wp-json\/wp\/v2\/media?parent=40"}],"curies":[{"name":"wp","href":"https:\/\/api.w.org\/{rel}","templated":true}]}}