{"id":32,"date":"2021-05-27T09:38:32","date_gmt":"2021-05-27T07:38:32","guid":{"rendered":"https:\/\/www.lehrer.at\/kosmetik\/?page_id=32"},"modified":"2025-06-02T14:44:42","modified_gmt":"2025-06-02T12:44:42","slug":"primarstufe","status":"publish","type":"page","link":"https:\/\/www.lehrer.at\/kosmetik\/koerperpflege\/primarstufe\/","title":{"rendered":"Primarstufe"},"content":{"rendered":"\n<figure class=\"wp-block-image size-large\"><img loading=\"lazy\" decoding=\"async\" width=\"1024\" height=\"143\" src=\"https:\/\/www.lehrer.at\/kosmetik\/wp-content\/uploads\/sites\/7\/2021\/05\/image-4-1024x143.png\" alt=\"Nahaufnahme eines Gesichts eines rothaarigen, l\u00e4chelnden M\u00e4dchens\" class=\"wp-image-61\" srcset=\"https:\/\/www.lehrer.at\/kosmetik\/wp-content\/uploads\/sites\/7\/2021\/05\/image-4-1024x143.png 1024w, https:\/\/www.lehrer.at\/kosmetik\/wp-content\/uploads\/sites\/7\/2021\/05\/image-4-300x42.png 300w, https:\/\/www.lehrer.at\/kosmetik\/wp-content\/uploads\/sites\/7\/2021\/05\/image-4-768x107.png 768w, https:\/\/www.lehrer.at\/kosmetik\/wp-content\/uploads\/sites\/7\/2021\/05\/image-4-1536x214.png 1536w, https:\/\/www.lehrer.at\/kosmetik\/wp-content\/uploads\/sites\/7\/2021\/05\/image-4.png 1693w\" sizes=\"auto, (max-width: 1024px) 100vw, 1024px\" \/><figcaption class=\"wp-element-caption\">K\u00f6rperpflege: Haut, Haare, Z\u00e4hne<\/figcaption><\/figure>\n\n\n<div class=\"lazyblock-materialien-download-kosmetik-Z1fOJrS wp-block-lazyblock-materialien-download-kosmetik\"><div class=\"material\">\n  <h2 class=\"\">Sonne mit K\u00f6pfchen!  | <sub>Sachunterricht<\/sub><\/h2>\n  <div class=\"material-text\">\n    <p>In dieser Unterrichtseinheit dreht sich alles um Sonnenschutz. Die Sch\u00fcler:innen setzen sich nicht nur mit dem Aufbau ihrer Haut auseinander, sie erfahren auch, in welcher Form sich UV-Strahlung auf diese auswirkt, wie Sonnenschutzmittel ihre Haut sch\u00fctzt, und worauf sie generell achten sollten, um auch bei Sonnenschein gesund und fit zu bleiben.<\/p>\n  <\/div>\n  <div class=\"material-files\">\n    \n    <div class=\"material-file\">\n      <a href=\"https:\/\/www.lehrer.at\/kosmetik\/wp-content\/uploads\/sites\/7\/2025\/04\/p_lehrerinfo_sonne.pdf\" target=\"_blank\">Lehrerinfo<\/a>\n      <\/div>\n    <div class=\"material-file\">\n      <a href=\"https:\/\/www.lehrer.at\/kosmetik\/wp-content\/uploads\/sites\/7\/2025\/04\/p_lernmaterial_sonne.pdf\" target=\"_blank\">Lernmaterial<\/a>\n      <\/div>\n    <div class=\"material-file\">\n      <a href=\"https:\/\/www.lehrer.at\/kosmetik\/wp-content\/uploads\/sites\/7\/2025\/04\/p_gesamtpaket_sonne.pdf\" target=\"_blank\">Gesamtpaket<\/a>\n      <\/div>\n  <\/div>\n<\/div><\/div>\n\n<div class=\"lazyblock-materialien-download-kosmetik-Z1Rs9nv wp-block-lazyblock-materialien-download-kosmetik\"><div class=\"material\">\n  <h2 class=\"\">Von der Haut und ihren Eigenschaften | <sub>Sachunterricht<\/sub><\/h2>\n  <div class=\"material-text\">\n    <p>In dieser Lerneinheit lernen die Sch\u00fclerInnen die Aufgaben dieser Grenzfl\u00e4che zu unserer Umwelt kennen. Sie erkunden die Gefahren f\u00fcr die Haut und lernen, wie sie sie sch\u00fctzen k\u00f6nnen.<\/p>\n  <\/div>\n  <div class=\"material-files\">\n    \n    <div class=\"material-file\">\n      <a href=\"https:\/\/www.lehrer.at\/kosmetik\/wp-content\/uploads\/sites\/7\/2025\/04\/p_lehrerinfo_haut.pdf\" target=\"_blank\">Lehrerinfo<\/a>\n      <\/div>\n    <div class=\"material-file\">\n      <a href=\"https:\/\/www.lehrer.at\/kosmetik\/wp-content\/uploads\/sites\/7\/2025\/04\/p_lernmaterial_haut.pdf\" target=\"_blank\">Lernmaterial<\/a>\n      <\/div>\n    <div class=\"material-file\">\n      <a href=\"https:\/\/www.lehrer.at\/kosmetik\/wp-content\/uploads\/sites\/7\/2025\/04\/p_gesamtpaket_haut.pdf\" target=\"_blank\">Gesamtpaket<\/a>\n      <\/div>\n  <\/div>\n<\/div><\/div>\n\n<div class=\"lazyblock-materialien-download-kosmetik-Z1NQNfo wp-block-lazyblock-materialien-download-kosmetik\"><div class=\"material\">\n  <h2 class=\"\">Von Aufbau, Bedeutung und Schutz unserer Z\u00e4hne | <sub>Sachunterricht, Deutsch<\/sub><\/h2>\n  <div class=\"material-text\">\n    <p>Abschreckende Fotos von Z\u00e4hnen mit Kariesbefall leiten eine Unterrichtseinheit zu unseren Z\u00e4hnen ein: Mit einer lustigen und lehrreichen Bildgeschichte \u00fcber eine Zahnb\u00fcrste im Kampf gegen Bakterie- und S\u00e4urem\u00e4xchen, mit einer Animation zum richtigen Z\u00e4hneputzen und einem R\u00e4tsel zum Abschluss.<\/p>\n  <\/div>\n  <div class=\"material-files\">\n    \n    <div class=\"material-file\">\n      <a href=\"https:\/\/www.lehrer.at\/kosmetik\/wp-content\/uploads\/sites\/7\/2021\/05\/p_lehrerinfo_zaehne.pdf\" target=\"_blank\">Lehrerinfo<\/a>\n      <\/div>\n    <div class=\"material-file\">\n      <a href=\"https:\/\/www.lehrer.at\/kosmetik\/wp-content\/uploads\/sites\/7\/2021\/05\/p_lernmaterial_zaehne.pdf\" target=\"_blank\">Lernmaterial<\/a>\n      <\/div>\n    <div class=\"material-file\">\n      <a href=\"https:\/\/www.lehrer.at\/kosmetik\/wp-content\/uploads\/sites\/7\/2021\/05\/p_gesamtpaket_zaehne.pdf\" target=\"_blank\">Gesamtpaket<\/a>\n      <\/div>\n  <\/div>\n<\/div><\/div>\n\n<div class=\"lazyblock-materialien-download-kosmetik-Z2umFyy wp-block-lazyblock-materialien-download-kosmetik\"><div class=\"material\">\n  <h2 class=\"\">Bildgeschichte \u00fcber den Morgen einer Zahnb\u00fcrste | <sub>Deutsch<\/sub><\/h2>\n  <div class=\"material-text\">\n    <p>Eine f\u00e4cher\u00fcbergreifende Unterrichtseinheit: Was die Sch\u00fclerInnen im Sachunterricht \u00fcber die Z\u00e4hne gelernt haben, k\u00f6nnen sie nun in Deutsch wiederholen. Denn da m\u00fcssen S\u00e4tze \u00fcber die Zahnpflege den richtigen Bildern zugeordnet werden, und eine Bildgeschichte \u00fcber den Morgen einer Zahnb\u00fcrste wird auch geschrieben.<\/p>\n  <\/div>\n  <div class=\"material-files\">\n    \n    <div class=\"material-file\">\n      <a href=\"https:\/\/www.lehrer.at\/kosmetik\/wp-content\/uploads\/sites\/7\/2021\/05\/p_lehrerinfo_zaehne_deutsch.pdf\" target=\"_blank\">Lehrerinfo<\/a>\n      <\/div>\n    <div class=\"material-file\">\n      <a href=\"https:\/\/www.lehrer.at\/kosmetik\/wp-content\/uploads\/sites\/7\/2021\/05\/p_lernmaterial_zaehne_deutsch.pdf\" target=\"_blank\">Lernmaterial<\/a>\n      <\/div>\n    <div class=\"material-file\">\n      <a href=\"https:\/\/www.lehrer.at\/kosmetik\/wp-content\/uploads\/sites\/7\/2021\/05\/p_gesamtpaket_zaehne_deutsch.pdf\" target=\"_blank\">Gesamtpaket<\/a>\n      <\/div>\n  <\/div>\n<\/div><\/div>","protected":false},"excerpt":{"rendered":"","protected":false},"author":1,"featured_media":0,"parent":30,"menu_order":0,"comment_status":"closed","ping_status":"closed","template":"page-unterrichtsmaterial.php","meta":{"_acf_changed":false,"footnotes":""},"class_list":["post-32","page","type-page","status-publish","hentry"],"acf":[],"yoast_head":"<!-- This site is optimized with the Yoast SEO plugin v27.0 - https:\/\/yoast.com\/product\/yoast-seo-wordpress\/ -->\n<title>Primarstufe - Kosmetik Transparent<\/title>\n<meta name=\"robots\" content=\"index, follow, max-snippet:-1, max-image-preview:large, max-video-preview:-1\" \/>\n<link rel=\"canonical\" href=\"https:\/\/www.lehrer.at\/kosmetik\/koerperpflege\/primarstufe\/\" \/>\n<meta property=\"og:locale\" content=\"de_DE\" \/>\n<meta property=\"og:type\" content=\"article\" \/>\n<meta property=\"og:title\" content=\"Primarstufe - Kosmetik Transparent\" \/>\n<meta property=\"og:url\" content=\"https:\/\/www.lehrer.at\/kosmetik\/koerperpflege\/primarstufe\/\" \/>\n<meta property=\"og:site_name\" content=\"Kosmetik Transparent\" \/>\n<meta property=\"article:modified_time\" content=\"2025-06-02T12:44:42+00:00\" \/>\n<meta property=\"og:image\" content=\"https:\/\/www.lehrer.at\/kosmetik\/wp-content\/uploads\/sites\/7\/2021\/05\/image-4.png\" \/>\n\t<meta property=\"og:image:width\" content=\"1693\" \/>\n\t<meta property=\"og:image:height\" content=\"236\" \/>\n\t<meta property=\"og:image:type\" content=\"image\/png\" \/>\n<meta name=\"twitter:card\" content=\"summary_large_image\" \/>\n<meta name=\"twitter:label1\" content=\"Gesch\u00e4tzte Lesezeit\" \/>\n\t<meta name=\"twitter:data1\" content=\"1 Minute\" \/>\n<script type=\"application\/ld+json\" class=\"yoast-schema-graph\">{\"@context\":\"https:\/\/schema.org\",\"@graph\":[{\"@type\":\"WebPage\",\"@id\":\"https:\/\/www.lehrer.at\/kosmetik\/koerperpflege\/primarstufe\/\",\"url\":\"https:\/\/www.lehrer.at\/kosmetik\/koerperpflege\/primarstufe\/\",\"name\":\"Primarstufe - Kosmetik Transparent\",\"isPartOf\":{\"@id\":\"https:\/\/www.lehrer.at\/kosmetik\/#website\"},\"primaryImageOfPage\":{\"@id\":\"https:\/\/www.lehrer.at\/kosmetik\/koerperpflege\/primarstufe\/#primaryimage\"},\"image\":{\"@id\":\"https:\/\/www.lehrer.at\/kosmetik\/koerperpflege\/primarstufe\/#primaryimage\"},\"thumbnailUrl\":\"https:\/\/www.lehrer.at\/kosmetik\/wp-content\/uploads\/sites\/7\/2021\/05\/image-4-1024x143.png\",\"datePublished\":\"2021-05-27T07:38:32+00:00\",\"dateModified\":\"2025-06-02T12:44:42+00:00\",\"breadcrumb\":{\"@id\":\"https:\/\/www.lehrer.at\/kosmetik\/koerperpflege\/primarstufe\/#breadcrumb\"},\"inLanguage\":\"de-AT\",\"potentialAction\":[{\"@type\":\"ReadAction\",\"target\":[\"https:\/\/www.lehrer.at\/kosmetik\/koerperpflege\/primarstufe\/\"]}]},{\"@type\":\"ImageObject\",\"inLanguage\":\"de-AT\",\"@id\":\"https:\/\/www.lehrer.at\/kosmetik\/koerperpflege\/primarstufe\/#primaryimage\",\"url\":\"https:\/\/www.lehrer.at\/kosmetik\/wp-content\/uploads\/sites\/7\/2021\/05\/image-4.png\",\"contentUrl\":\"https:\/\/www.lehrer.at\/kosmetik\/wp-content\/uploads\/sites\/7\/2021\/05\/image-4.png\",\"width\":1693,\"height\":236},{\"@type\":\"BreadcrumbList\",\"@id\":\"https:\/\/www.lehrer.at\/kosmetik\/koerperpflege\/primarstufe\/#breadcrumb\",\"itemListElement\":[{\"@type\":\"ListItem\",\"position\":1,\"name\":\"Startseite\",\"item\":\"https:\/\/www.lehrer.at\/kosmetik\/\"},{\"@type\":\"ListItem\",\"position\":2,\"name\":\"K\u00f6rperpflege\",\"item\":\"https:\/\/www.lehrer.at\/kosmetik\/koerperpflege\/\"},{\"@type\":\"ListItem\",\"position\":3,\"name\":\"Primarstufe\"}]},{\"@type\":\"WebSite\",\"@id\":\"https:\/\/www.lehrer.at\/kosmetik\/#website\",\"url\":\"https:\/\/www.lehrer.at\/kosmetik\/\",\"name\":\"Kosmetik Transparent\",\"description\":\"Sch\u00f6nheit und mehr\",\"potentialAction\":[{\"@type\":\"SearchAction\",\"target\":{\"@type\":\"EntryPoint\",\"urlTemplate\":\"https:\/\/www.lehrer.at\/kosmetik\/?s={search_term_string}\"},\"query-input\":{\"@type\":\"PropertyValueSpecification\",\"valueRequired\":true,\"valueName\":\"search_term_string\"}}],\"inLanguage\":\"de-AT\"}]}<\/script>\n<!-- \/ Yoast SEO plugin. -->","yoast_head_json":{"title":"Primarstufe - Kosmetik Transparent","robots":{"index":"index","follow":"follow","max-snippet":"max-snippet:-1","max-image-preview":"max-image-preview:large","max-video-preview":"max-video-preview:-1"},"canonical":"https:\/\/www.lehrer.at\/kosmetik\/koerperpflege\/primarstufe\/","og_locale":"de_DE","og_type":"article","og_title":"Primarstufe - Kosmetik Transparent","og_url":"https:\/\/www.lehrer.at\/kosmetik\/koerperpflege\/primarstufe\/","og_site_name":"Kosmetik Transparent","article_modified_time":"2025-06-02T12:44:42+00:00","og_image":[{"width":1693,"height":236,"url":"https:\/\/www.lehrer.at\/kosmetik\/wp-content\/uploads\/sites\/7\/2021\/05\/image-4.png","type":"image\/png"}],"twitter_card":"summary_large_image","twitter_misc":{"Gesch\u00e4tzte Lesezeit":"1 Minute"},"schema":{"@context":"https:\/\/schema.org","@graph":[{"@type":"WebPage","@id":"https:\/\/www.lehrer.at\/kosmetik\/koerperpflege\/primarstufe\/","url":"https:\/\/www.lehrer.at\/kosmetik\/koerperpflege\/primarstufe\/","name":"Primarstufe - Kosmetik Transparent","isPartOf":{"@id":"https:\/\/www.lehrer.at\/kosmetik\/#website"},"primaryImageOfPage":{"@id":"https:\/\/www.lehrer.at\/kosmetik\/koerperpflege\/primarstufe\/#primaryimage"},"image":{"@id":"https:\/\/www.lehrer.at\/kosmetik\/koerperpflege\/primarstufe\/#primaryimage"},"thumbnailUrl":"https:\/\/www.lehrer.at\/kosmetik\/wp-content\/uploads\/sites\/7\/2021\/05\/image-4-1024x143.png","datePublished":"2021-05-27T07:38:32+00:00","dateModified":"2025-06-02T12:44:42+00:00","breadcrumb":{"@id":"https:\/\/www.lehrer.at\/kosmetik\/koerperpflege\/primarstufe\/#breadcrumb"},"inLanguage":"de-AT","potentialAction":[{"@type":"ReadAction","target":["https:\/\/www.lehrer.at\/kosmetik\/koerperpflege\/primarstufe\/"]}]},{"@type":"ImageObject","inLanguage":"de-AT","@id":"https:\/\/www.lehrer.at\/kosmetik\/koerperpflege\/primarstufe\/#primaryimage","url":"https:\/\/www.lehrer.at\/kosmetik\/wp-content\/uploads\/sites\/7\/2021\/05\/image-4.png","contentUrl":"https:\/\/www.lehrer.at\/kosmetik\/wp-content\/uploads\/sites\/7\/2021\/05\/image-4.png","width":1693,"height":236},{"@type":"BreadcrumbList","@id":"https:\/\/www.lehrer.at\/kosmetik\/koerperpflege\/primarstufe\/#breadcrumb","itemListElement":[{"@type":"ListItem","position":1,"name":"Startseite","item":"https:\/\/www.lehrer.at\/kosmetik\/"},{"@type":"ListItem","position":2,"name":"K\u00f6rperpflege","item":"https:\/\/www.lehrer.at\/kosmetik\/koerperpflege\/"},{"@type":"ListItem","position":3,"name":"Primarstufe"}]},{"@type":"WebSite","@id":"https:\/\/www.lehrer.at\/kosmetik\/#website","url":"https:\/\/www.lehrer.at\/kosmetik\/","name":"Kosmetik Transparent","description":"Sch\u00f6nheit und mehr","potentialAction":[{"@type":"SearchAction","target":{"@type":"EntryPoint","urlTemplate":"https:\/\/www.lehrer.at\/kosmetik\/?s={search_term_string}"},"query-input":{"@type":"PropertyValueSpecification","valueRequired":true,"valueName":"search_term_string"}}],"inLanguage":"de-AT"}]}},"_links":{"self":[{"href":"https:\/\/www.lehrer.at\/kosmetik\/wp-json\/wp\/v2\/pages\/32","targetHints":{"allow":["GET"]}}],"collection":[{"href":"https:\/\/www.lehrer.at\/kosmetik\/wp-json\/wp\/v2\/pages"}],"about":[{"href":"https:\/\/www.lehrer.at\/kosmetik\/wp-json\/wp\/v2\/types\/page"}],"author":[{"embeddable":true,"href":"https:\/\/www.lehrer.at\/kosmetik\/wp-json\/wp\/v2\/users\/1"}],"replies":[{"embeddable":true,"href":"https:\/\/www.lehrer.at\/kosmetik\/wp-json\/wp\/v2\/comments?post=32"}],"version-history":[{"count":7,"href":"https:\/\/www.lehrer.at\/kosmetik\/wp-json\/wp\/v2\/pages\/32\/revisions"}],"predecessor-version":[{"id":333,"href":"https:\/\/www.lehrer.at\/kosmetik\/wp-json\/wp\/v2\/pages\/32\/revisions\/333"}],"up":[{"embeddable":true,"href":"https:\/\/www.lehrer.at\/kosmetik\/wp-json\/wp\/v2\/pages\/30"}],"wp:attachment":[{"href":"https:\/\/www.lehrer.at\/kosmetik\/wp-json\/wp\/v2\/media?parent=32"}],"curies":[{"name":"wp","href":"https:\/\/api.w.org\/{rel}","templated":true}]}}