{"id":15,"date":"2021-05-27T09:22:59","date_gmt":"2021-05-27T07:22:59","guid":{"rendered":"https:\/\/www.lehrer.at\/kosmetik\/?page_id=15"},"modified":"2021-05-27T18:12:46","modified_gmt":"2021-05-27T16:12:46","slug":"kontakt","status":"publish","type":"page","link":"https:\/\/www.lehrer.at\/kosmetik\/kontakt\/","title":{"rendered":"Kontakt"},"content":{"rendered":"\n<p>Dieses Projekt rund um K\u00f6rperpflege, Hygiene und Sch\u00f6nheit ist eine Initiative zur inhaltlichen Unterst\u00fctzung \u00f6sterreichischer P\u00e4dagogInnen, die vom Verband&nbsp;<a href=\"https:\/\/www.kosmetik-transparent.at\/\" target=\"_blank\" rel=\"noreferrer noopener\">Kosmetik transparent<\/a>&nbsp;finanziert und vom Team der Bildungsagentur Content Pool GmbH umgesetzt wird.<\/p>\n\n\n\n<h2 class=\"wp-block-heading\"><br>Urheberrechte &amp; Nutzungsm\u00f6glichkeit<\/h2>\n\n\n\n<p>So nicht anders angegeben liegen die Urheberrechte f\u00fcr alle auf der Webseite zur Verf\u00fcgung stehenden Materialien bei der Bildungsagentur Content Pool GmbH.<br>Alle Werke sind unter einer Creative Commons Namensnennung lizenziert (nicht kommerziell, keine Bearbeitung).<br><a href=\"https:\/\/creativecommons.org\/licenses\/by-nc-nd\/4.0\/\" target=\"_blank\" rel=\"noreferrer noopener\">4.0 Internationale Lizenz<\/a><\/p>\n\n\n\n<figure class=\"wp-block-image\"><a href=\"https:\/\/creativecommons.org\/licenses\/by-nc-nd\/4.0\/\"><img decoding=\"async\" src=\"https:\/\/i.creativecommons.org\/l\/by-nc-nd\/4.0\/88x31.png\" alt=\"Creative Commons Lizenzvertrag\"\/><\/a><\/figure>\n\n\n\n<h2 class=\"wp-block-heading\"><br>Medieninhaber, Redaktion &amp; Grafik<\/h2>\n\n\n\n<p>Bildungsagentur Content Pool GmbH<br>Liebhartsgasse 7\/5-7<br>1160 Wien<\/p>\n\n\n\n<p>Tel.: 01\/49 333 41<br>E-Mail:\u00a0<a href=\"mailto:office@bildungsagentur.at\">office@bildungsagentur.at<\/a><\/p>\n\n\n\n<p>Firmenbuchnr.: FN245161G<br>UID-Nr.: ATU57778756<\/p>\n\n\n\n<p>Kammerzugeh\u00f6rigkeit: Wirtschaftskammer Wien, Fachgruppe Buch-, Kunst- und Musikalienverlag<\/p>\n","protected":false},"excerpt":{"rendered":"<p>Dieses Projekt rund um K\u00f6rperpflege, Hygiene und Sch\u00f6nheit ist eine Initiative zur inhaltlichen Unterst\u00fctzung \u00f6sterreichischer P\u00e4dagogInnen, die vom Verband&nbsp;Kosmetik transparent&nbsp;finanziert und vom Team der Bildungsagentur Content Pool GmbH umgesetzt wird. Urheberrechte &amp; Nutzungsm\u00f6glichkeit So nicht anders angegeben liegen die Urheberrechte f\u00fcr alle auf der Webseite zur Verf\u00fcgung stehenden Materialien bei der Bildungsagentur Content Pool GmbH.Alle [&hellip;]<\/p>\n","protected":false},"author":1,"featured_media":0,"parent":0,"menu_order":0,"comment_status":"closed","ping_status":"closed","template":"","meta":{"_acf_changed":false,"footnotes":""},"class_list":["post-15","page","type-page","status-publish","hentry"],"acf":[],"yoast_head":"<!-- This site is optimized with the Yoast SEO plugin v27.0 - https:\/\/yoast.com\/product\/yoast-seo-wordpress\/ -->\n<title>Kontakt - Kosmetik Transparent<\/title>\n<meta name=\"robots\" content=\"index, follow, max-snippet:-1, max-image-preview:large, max-video-preview:-1\" \/>\n<link rel=\"canonical\" href=\"https:\/\/www.lehrer.at\/kosmetik\/kontakt\/\" \/>\n<meta property=\"og:locale\" content=\"de_DE\" \/>\n<meta property=\"og:type\" content=\"article\" \/>\n<meta property=\"og:title\" content=\"Kontakt - Kosmetik Transparent\" \/>\n<meta property=\"og:description\" content=\"Dieses Projekt rund um K\u00f6rperpflege, Hygiene und Sch\u00f6nheit ist eine Initiative zur inhaltlichen Unterst\u00fctzung \u00f6sterreichischer P\u00e4dagogInnen, die vom Verband&nbsp;Kosmetik transparent&nbsp;finanziert und vom Team der Bildungsagentur Content Pool GmbH umgesetzt wird. Urheberrechte &amp; Nutzungsm\u00f6glichkeit So nicht anders angegeben liegen die Urheberrechte f\u00fcr alle auf der Webseite zur Verf\u00fcgung stehenden Materialien bei der Bildungsagentur Content Pool GmbH.Alle [&hellip;]\" \/>\n<meta property=\"og:url\" content=\"https:\/\/www.lehrer.at\/kosmetik\/kontakt\/\" \/>\n<meta property=\"og:site_name\" content=\"Kosmetik Transparent\" \/>\n<meta property=\"article:modified_time\" content=\"2021-05-27T16:12:46+00:00\" \/>\n<meta property=\"og:image\" content=\"https:\/\/i.creativecommons.org\/l\/by-nc-nd\/4.0\/88x31.png\" \/>\n<meta name=\"twitter:card\" content=\"summary_large_image\" \/>\n<meta name=\"twitter:label1\" content=\"Gesch\u00e4tzte Lesezeit\" \/>\n\t<meta name=\"twitter:data1\" content=\"1 Minute\" \/>\n<script type=\"application\/ld+json\" class=\"yoast-schema-graph\">{\"@context\":\"https:\/\/schema.org\",\"@graph\":[{\"@type\":\"WebPage\",\"@id\":\"https:\/\/www.lehrer.at\/kosmetik\/kontakt\/\",\"url\":\"https:\/\/www.lehrer.at\/kosmetik\/kontakt\/\",\"name\":\"Kontakt - Kosmetik Transparent\",\"isPartOf\":{\"@id\":\"https:\/\/www.lehrer.at\/kosmetik\/#website\"},\"primaryImageOfPage\":{\"@id\":\"https:\/\/www.lehrer.at\/kosmetik\/kontakt\/#primaryimage\"},\"image\":{\"@id\":\"https:\/\/www.lehrer.at\/kosmetik\/kontakt\/#primaryimage\"},\"thumbnailUrl\":\"https:\/\/i.creativecommons.org\/l\/by-nc-nd\/4.0\/88x31.png\",\"datePublished\":\"2021-05-27T07:22:59+00:00\",\"dateModified\":\"2021-05-27T16:12:46+00:00\",\"breadcrumb\":{\"@id\":\"https:\/\/www.lehrer.at\/kosmetik\/kontakt\/#breadcrumb\"},\"inLanguage\":\"de-AT\",\"potentialAction\":[{\"@type\":\"ReadAction\",\"target\":[\"https:\/\/www.lehrer.at\/kosmetik\/kontakt\/\"]}]},{\"@type\":\"ImageObject\",\"inLanguage\":\"de-AT\",\"@id\":\"https:\/\/www.lehrer.at\/kosmetik\/kontakt\/#primaryimage\",\"url\":\"https:\/\/i.creativecommons.org\/l\/by-nc-nd\/4.0\/88x31.png\",\"contentUrl\":\"https:\/\/i.creativecommons.org\/l\/by-nc-nd\/4.0\/88x31.png\"},{\"@type\":\"BreadcrumbList\",\"@id\":\"https:\/\/www.lehrer.at\/kosmetik\/kontakt\/#breadcrumb\",\"itemListElement\":[{\"@type\":\"ListItem\",\"position\":1,\"name\":\"Startseite\",\"item\":\"https:\/\/www.lehrer.at\/kosmetik\/\"},{\"@type\":\"ListItem\",\"position\":2,\"name\":\"Kontakt\"}]},{\"@type\":\"WebSite\",\"@id\":\"https:\/\/www.lehrer.at\/kosmetik\/#website\",\"url\":\"https:\/\/www.lehrer.at\/kosmetik\/\",\"name\":\"Kosmetik Transparent\",\"description\":\"Sch\u00f6nheit und mehr\",\"potentialAction\":[{\"@type\":\"SearchAction\",\"target\":{\"@type\":\"EntryPoint\",\"urlTemplate\":\"https:\/\/www.lehrer.at\/kosmetik\/?s={search_term_string}\"},\"query-input\":{\"@type\":\"PropertyValueSpecification\",\"valueRequired\":true,\"valueName\":\"search_term_string\"}}],\"inLanguage\":\"de-AT\"}]}<\/script>\n<!-- \/ Yoast SEO plugin. -->","yoast_head_json":{"title":"Kontakt - Kosmetik Transparent","robots":{"index":"index","follow":"follow","max-snippet":"max-snippet:-1","max-image-preview":"max-image-preview:large","max-video-preview":"max-video-preview:-1"},"canonical":"https:\/\/www.lehrer.at\/kosmetik\/kontakt\/","og_locale":"de_DE","og_type":"article","og_title":"Kontakt - Kosmetik Transparent","og_description":"Dieses Projekt rund um K\u00f6rperpflege, Hygiene und Sch\u00f6nheit ist eine Initiative zur inhaltlichen Unterst\u00fctzung \u00f6sterreichischer P\u00e4dagogInnen, die vom Verband&nbsp;Kosmetik transparent&nbsp;finanziert und vom Team der Bildungsagentur Content Pool GmbH umgesetzt wird. Urheberrechte &amp; Nutzungsm\u00f6glichkeit So nicht anders angegeben liegen die Urheberrechte f\u00fcr alle auf der Webseite zur Verf\u00fcgung stehenden Materialien bei der Bildungsagentur Content Pool GmbH.Alle [&hellip;]","og_url":"https:\/\/www.lehrer.at\/kosmetik\/kontakt\/","og_site_name":"Kosmetik Transparent","article_modified_time":"2021-05-27T16:12:46+00:00","og_image":[{"url":"https:\/\/i.creativecommons.org\/l\/by-nc-nd\/4.0\/88x31.png","type":"","width":"","height":""}],"twitter_card":"summary_large_image","twitter_misc":{"Gesch\u00e4tzte Lesezeit":"1 Minute"},"schema":{"@context":"https:\/\/schema.org","@graph":[{"@type":"WebPage","@id":"https:\/\/www.lehrer.at\/kosmetik\/kontakt\/","url":"https:\/\/www.lehrer.at\/kosmetik\/kontakt\/","name":"Kontakt - Kosmetik Transparent","isPartOf":{"@id":"https:\/\/www.lehrer.at\/kosmetik\/#website"},"primaryImageOfPage":{"@id":"https:\/\/www.lehrer.at\/kosmetik\/kontakt\/#primaryimage"},"image":{"@id":"https:\/\/www.lehrer.at\/kosmetik\/kontakt\/#primaryimage"},"thumbnailUrl":"https:\/\/i.creativecommons.org\/l\/by-nc-nd\/4.0\/88x31.png","datePublished":"2021-05-27T07:22:59+00:00","dateModified":"2021-05-27T16:12:46+00:00","breadcrumb":{"@id":"https:\/\/www.lehrer.at\/kosmetik\/kontakt\/#breadcrumb"},"inLanguage":"de-AT","potentialAction":[{"@type":"ReadAction","target":["https:\/\/www.lehrer.at\/kosmetik\/kontakt\/"]}]},{"@type":"ImageObject","inLanguage":"de-AT","@id":"https:\/\/www.lehrer.at\/kosmetik\/kontakt\/#primaryimage","url":"https:\/\/i.creativecommons.org\/l\/by-nc-nd\/4.0\/88x31.png","contentUrl":"https:\/\/i.creativecommons.org\/l\/by-nc-nd\/4.0\/88x31.png"},{"@type":"BreadcrumbList","@id":"https:\/\/www.lehrer.at\/kosmetik\/kontakt\/#breadcrumb","itemListElement":[{"@type":"ListItem","position":1,"name":"Startseite","item":"https:\/\/www.lehrer.at\/kosmetik\/"},{"@type":"ListItem","position":2,"name":"Kontakt"}]},{"@type":"WebSite","@id":"https:\/\/www.lehrer.at\/kosmetik\/#website","url":"https:\/\/www.lehrer.at\/kosmetik\/","name":"Kosmetik Transparent","description":"Sch\u00f6nheit und mehr","potentialAction":[{"@type":"SearchAction","target":{"@type":"EntryPoint","urlTemplate":"https:\/\/www.lehrer.at\/kosmetik\/?s={search_term_string}"},"query-input":{"@type":"PropertyValueSpecification","valueRequired":true,"valueName":"search_term_string"}}],"inLanguage":"de-AT"}]}},"_links":{"self":[{"href":"https:\/\/www.lehrer.at\/kosmetik\/wp-json\/wp\/v2\/pages\/15","targetHints":{"allow":["GET"]}}],"collection":[{"href":"https:\/\/www.lehrer.at\/kosmetik\/wp-json\/wp\/v2\/pages"}],"about":[{"href":"https:\/\/www.lehrer.at\/kosmetik\/wp-json\/wp\/v2\/types\/page"}],"author":[{"embeddable":true,"href":"https:\/\/www.lehrer.at\/kosmetik\/wp-json\/wp\/v2\/users\/1"}],"replies":[{"embeddable":true,"href":"https:\/\/www.lehrer.at\/kosmetik\/wp-json\/wp\/v2\/comments?post=15"}],"version-history":[{"count":2,"href":"https:\/\/www.lehrer.at\/kosmetik\/wp-json\/wp\/v2\/pages\/15\/revisions"}],"predecessor-version":[{"id":78,"href":"https:\/\/www.lehrer.at\/kosmetik\/wp-json\/wp\/v2\/pages\/15\/revisions\/78"}],"wp:attachment":[{"href":"https:\/\/www.lehrer.at\/kosmetik\/wp-json\/wp\/v2\/media?parent=15"}],"curies":[{"name":"wp","href":"https:\/\/api.w.org\/{rel}","templated":true}]}}