{"id":12,"date":"2021-03-14T08:57:57","date_gmt":"2021-03-14T07:57:57","guid":{"rendered":"https:\/\/www.lehrer.at\/handy\/?page_id=12"},"modified":"2025-10-22T17:13:34","modified_gmt":"2025-10-22T15:13:34","slug":"tabletkurs-mobile-generation","status":"publish","type":"page","link":"https:\/\/www.lehrer.at\/handy\/tabletkurs\/tabletkurs-mobile-generation\/","title":{"rendered":"Mobile Generation"},"content":{"rendered":"\n<div style=\"height:10px\" aria-hidden=\"true\" class=\"wp-block-spacer\"><\/div>\n\n\n\n<div class=\"wp-block-columns is-layout-flex wp-container-core-columns-is-layout-28f84493 wp-block-columns-is-layout-flex\">\n<div class=\"wp-block-column is-layout-flow wp-block-column-is-layout-flow\">\n<p><em>Das World Wide Web, Tablets und Smartphones begleiten die Sch\u00fcler:innen von klein auf.<\/em> <em>Das hei\u00dft allerdings noch lange nicht, dass sie all diese Technologien auch wirklich sicher f\u00fcr sich nutzen k\u00f6nnen.&nbsp;<\/em><\/p>\n\n\n\n<p>Mit dem <strong><a href=\"http:\/\/www.lehrer.at\/wp-content\/uploads\/sites\/4\/mobilegeneration\/index.html\">Onlinekurs &#8222;Mobile Generation&#8220;<\/a><\/strong>, der sowohl mit&nbsp;<strong>mobilen Endger\u00e4ten<\/strong>&nbsp;als auch am&nbsp;<strong>PC&nbsp;<\/strong>einsetzbar ist, k\u00f6nnen Sch\u00fcler:innen der <br>7. und 8. Schulstufe ihr Wissen rund ums mobile Telefonieren hinterfragen und erweitern. Gleichzeitig erfahren sie dabei auch noch einiges \u00fcber das mobile Nutzungsverhalten der \u00d6sterreicher:innen.&nbsp;<\/p>\n<\/div>\n\n\n\n<div class=\"wp-block-column is-layout-flow wp-block-column-is-layout-flow\">\n<figure class=\"wp-block-image size-full\"><a href=\"http:\/\/www.lehrer.at\/wp-content\/uploads\/sites\/4\/mobilegeneration\/index.html\" target=\"_blank\" rel=\"noreferrer noopener\"><img loading=\"lazy\" decoding=\"async\" width=\"1011\" height=\"662\" src=\"https:\/\/www.lehrer.at\/handy\/wp-content\/uploads\/sites\/4\/2024\/02\/Fmk_onlinemodul.jpg\" alt=\"\" class=\"wp-image-412\" srcset=\"https:\/\/www.lehrer.at\/handy\/wp-content\/uploads\/sites\/4\/2024\/02\/Fmk_onlinemodul.jpg 1011w, https:\/\/www.lehrer.at\/handy\/wp-content\/uploads\/sites\/4\/2024\/02\/Fmk_onlinemodul-300x196.jpg 300w, https:\/\/www.lehrer.at\/handy\/wp-content\/uploads\/sites\/4\/2024\/02\/Fmk_onlinemodul-768x503.jpg 768w\" sizes=\"auto, (max-width: 1011px) 100vw, 1011px\" \/><\/a><\/figure>\n<\/div>\n<\/div>\n\n\n\n<p>Zu folgenden Themenbereichen stehen kurzweilige Online-Lernmodule zur Verf\u00fcgung: <\/p>\n\n\n\n<ul class=\"wp-block-list\">\n<li><strong>Wie hat sich\u2019s entwickelt<\/strong>? &#8211; Geschichte des Mobilfunks<\/li>\n\n\n\n<li><strong>Wie funktioniert\u2019s?<\/strong>&nbsp;&#8211; Technische Funktionsweise des Mobilfunks<\/li>\n\n\n\n<li><strong>Ohne Nebenwirkungen?<\/strong>&nbsp;&#8211; Auswirkungen des Mobilfunks auf den menschlichen K\u00f6rper<\/li>\n\n\n\n<li><strong>Smart unterwegs?<\/strong>&nbsp;&#8211; Sichere Nutzung des Mobilfunks<\/li>\n\n\n\n<li>Bei einem themen\u00fcbergreifenden <strong>Wissenstest&nbsp;<\/strong>k\u00f6nnen die Sch\u00fclerInnen au\u00dferdem ihren aktuellen Wissensstand zum Thema \u00fcberpr\u00fcfen und erfahren, ob sie noch inhaltlichen Aufholbedarf auf dem Weg zum Digital Native haben.<\/li>\n<\/ul>\n\n\n\n<div style=\"height:9px\" aria-hidden=\"true\" class=\"wp-block-spacer\"><\/div>\n\n\n\n<p>Wir w\u00fcnschen Ihnen spannenden Unterricht zum Thema und freuen uns \u00fcber Ihr Feedback an&nbsp;<a href=\"mailto:office@bildungsagentur.at\">office@bildungsagentur.at<\/a>.<\/p>\n","protected":false},"excerpt":{"rendered":"<p>Das World Wide Web, Tablets und Smartphones begleiten die Sch\u00fcler:innen von klein auf. Das hei\u00dft allerdings noch lange nicht, dass sie all diese Technologien auch wirklich sicher f\u00fcr sich nutzen k\u00f6nnen.&nbsp; Mit dem Onlinekurs &#8222;Mobile Generation&#8220;, der sowohl mit&nbsp;mobilen Endger\u00e4ten&nbsp;als auch am&nbsp;PC&nbsp;einsetzbar ist, k\u00f6nnen Sch\u00fcler:innen der 7. und 8. Schulstufe ihr Wissen rund ums mobile [&hellip;]<\/p>\n","protected":false},"author":1,"featured_media":0,"parent":15,"menu_order":0,"comment_status":"closed","ping_status":"closed","template":"","meta":{"_acf_changed":false,"site-sidebar-layout":"default","site-content-layout":"","ast-site-content-layout":"default","site-content-style":"default","site-sidebar-style":"default","ast-global-header-display":"","ast-banner-title-visibility":"","ast-main-header-display":"","ast-hfb-above-header-display":"","ast-hfb-below-header-display":"","ast-hfb-mobile-header-display":"","site-post-title":"","ast-breadcrumbs-content":"","ast-featured-img":"","footer-sml-layout":"","theme-transparent-header-meta":"","adv-header-id-meta":"","stick-header-meta":"","header-above-stick-meta":"","header-main-stick-meta":"","header-below-stick-meta":"","astra-migrate-meta-layouts":"default","ast-page-background-enabled":"default","ast-page-background-meta":{"desktop":{"background-color":"var(--ast-global-color-4)","background-image":"","background-repeat":"repeat","background-position":"center center","background-size":"auto","background-attachment":"scroll","background-type":"","background-media":"","overlay-type":"","overlay-color":"","overlay-opacity":"","overlay-gradient":""},"tablet":{"background-color":"","background-image":"","background-repeat":"repeat","background-position":"center center","background-size":"auto","background-attachment":"scroll","background-type":"","background-media":"","overlay-type":"","overlay-color":"","overlay-opacity":"","overlay-gradient":""},"mobile":{"background-color":"","background-image":"","background-repeat":"repeat","background-position":"center center","background-size":"auto","background-attachment":"scroll","background-type":"","background-media":"","overlay-type":"","overlay-color":"","overlay-opacity":"","overlay-gradient":""}},"ast-content-background-meta":{"desktop":{"background-color":"var(--ast-global-color-5)","background-image":"","background-repeat":"repeat","background-position":"center center","background-size":"auto","background-attachment":"scroll","background-type":"","background-media":"","overlay-type":"","overlay-color":"","overlay-opacity":"","overlay-gradient":""},"tablet":{"background-color":"var(--ast-global-color-5)","background-image":"","background-repeat":"repeat","background-position":"center center","background-size":"auto","background-attachment":"scroll","background-type":"","background-media":"","overlay-type":"","overlay-color":"","overlay-opacity":"","overlay-gradient":""},"mobile":{"background-color":"var(--ast-global-color-5)","background-image":"","background-repeat":"repeat","background-position":"center center","background-size":"auto","background-attachment":"scroll","background-type":"","background-media":"","overlay-type":"","overlay-color":"","overlay-opacity":"","overlay-gradient":""}},"footnotes":""},"class_list":["post-12","page","type-page","status-publish","hentry"],"acf":[],"yoast_head":"<!-- This site is optimized with the Yoast SEO plugin v27.0 - https:\/\/yoast.com\/product\/yoast-seo-wordpress\/ -->\n<title>Mobile Generation -<\/title>\n<meta name=\"robots\" content=\"index, follow, max-snippet:-1, max-image-preview:large, max-video-preview:-1\" \/>\n<link rel=\"canonical\" href=\"https:\/\/www.lehrer.at\/handy\/tabletkurs\/tabletkurs-mobile-generation\/\" \/>\n<meta property=\"og:locale\" content=\"de_DE\" \/>\n<meta property=\"og:type\" content=\"article\" \/>\n<meta property=\"og:title\" content=\"Mobile Generation -\" \/>\n<meta property=\"og:description\" content=\"Das World Wide Web, Tablets und Smartphones begleiten die Sch\u00fcler:innen von klein auf. Das hei\u00dft allerdings noch lange nicht, dass sie all diese Technologien auch wirklich sicher f\u00fcr sich nutzen k\u00f6nnen.&nbsp; Mit dem Onlinekurs &#8222;Mobile Generation&#8220;, der sowohl mit&nbsp;mobilen Endger\u00e4ten&nbsp;als auch am&nbsp;PC&nbsp;einsetzbar ist, k\u00f6nnen Sch\u00fcler:innen der 7. und 8. Schulstufe ihr Wissen rund ums mobile [&hellip;]\" \/>\n<meta property=\"og:url\" content=\"https:\/\/www.lehrer.at\/handy\/tabletkurs\/tabletkurs-mobile-generation\/\" \/>\n<meta property=\"article:modified_time\" content=\"2025-10-22T15:13:34+00:00\" \/>\n<meta property=\"og:image\" content=\"https:\/\/www.lehrer.at\/handy\/wp-content\/uploads\/sites\/4\/2024\/02\/Fmk_onlinemodul.jpg\" \/>\n\t<meta property=\"og:image:width\" content=\"1011\" \/>\n\t<meta property=\"og:image:height\" content=\"662\" \/>\n\t<meta property=\"og:image:type\" content=\"image\/jpeg\" \/>\n<meta name=\"twitter:card\" content=\"summary_large_image\" \/>\n<meta name=\"twitter:label1\" content=\"Gesch\u00e4tzte Lesezeit\" \/>\n\t<meta name=\"twitter:data1\" content=\"2 Minuten\" \/>\n<script type=\"application\/ld+json\" class=\"yoast-schema-graph\">{\"@context\":\"https:\/\/schema.org\",\"@graph\":[{\"@type\":\"WebPage\",\"@id\":\"https:\/\/www.lehrer.at\/handy\/tabletkurs\/tabletkurs-mobile-generation\/\",\"url\":\"https:\/\/www.lehrer.at\/handy\/tabletkurs\/tabletkurs-mobile-generation\/\",\"name\":\"Mobile Generation -\",\"isPartOf\":{\"@id\":\"https:\/\/www.lehrer.at\/handy\/#website\"},\"primaryImageOfPage\":{\"@id\":\"https:\/\/www.lehrer.at\/handy\/tabletkurs\/tabletkurs-mobile-generation\/#primaryimage\"},\"image\":{\"@id\":\"https:\/\/www.lehrer.at\/handy\/tabletkurs\/tabletkurs-mobile-generation\/#primaryimage\"},\"thumbnailUrl\":\"https:\/\/www.lehrer.at\/handy\/wp-content\/uploads\/sites\/4\/2024\/02\/Fmk_onlinemodul.jpg\",\"datePublished\":\"2021-03-14T07:57:57+00:00\",\"dateModified\":\"2025-10-22T15:13:34+00:00\",\"breadcrumb\":{\"@id\":\"https:\/\/www.lehrer.at\/handy\/tabletkurs\/tabletkurs-mobile-generation\/#breadcrumb\"},\"inLanguage\":\"de-AT\",\"potentialAction\":[{\"@type\":\"ReadAction\",\"target\":[\"https:\/\/www.lehrer.at\/handy\/tabletkurs\/tabletkurs-mobile-generation\/\"]}]},{\"@type\":\"ImageObject\",\"inLanguage\":\"de-AT\",\"@id\":\"https:\/\/www.lehrer.at\/handy\/tabletkurs\/tabletkurs-mobile-generation\/#primaryimage\",\"url\":\"https:\/\/www.lehrer.at\/handy\/wp-content\/uploads\/sites\/4\/2024\/02\/Fmk_onlinemodul.jpg\",\"contentUrl\":\"https:\/\/www.lehrer.at\/handy\/wp-content\/uploads\/sites\/4\/2024\/02\/Fmk_onlinemodul.jpg\",\"width\":1011,\"height\":662},{\"@type\":\"BreadcrumbList\",\"@id\":\"https:\/\/www.lehrer.at\/handy\/tabletkurs\/tabletkurs-mobile-generation\/#breadcrumb\",\"itemListElement\":[{\"@type\":\"ListItem\",\"position\":1,\"name\":\"Startseite\",\"item\":\"https:\/\/www.lehrer.at\/handy\/\"},{\"@type\":\"ListItem\",\"position\":2,\"name\":\"Tabletkurs\",\"item\":\"https:\/\/www.lehrer.at\/handy\/tabletkurs\/\"},{\"@type\":\"ListItem\",\"position\":3,\"name\":\"Mobile Generation\"}]},{\"@type\":\"WebSite\",\"@id\":\"https:\/\/www.lehrer.at\/handy\/#website\",\"url\":\"https:\/\/www.lehrer.at\/handy\/\",\"name\":\"\",\"description\":\"Unterricht rund um Mobilfunk\",\"potentialAction\":[{\"@type\":\"SearchAction\",\"target\":{\"@type\":\"EntryPoint\",\"urlTemplate\":\"https:\/\/www.lehrer.at\/handy\/?s={search_term_string}\"},\"query-input\":{\"@type\":\"PropertyValueSpecification\",\"valueRequired\":true,\"valueName\":\"search_term_string\"}}],\"inLanguage\":\"de-AT\"}]}<\/script>\n<!-- \/ Yoast SEO plugin. -->","yoast_head_json":{"title":"Mobile Generation -","robots":{"index":"index","follow":"follow","max-snippet":"max-snippet:-1","max-image-preview":"max-image-preview:large","max-video-preview":"max-video-preview:-1"},"canonical":"https:\/\/www.lehrer.at\/handy\/tabletkurs\/tabletkurs-mobile-generation\/","og_locale":"de_DE","og_type":"article","og_title":"Mobile Generation -","og_description":"Das World Wide Web, Tablets und Smartphones begleiten die Sch\u00fcler:innen von klein auf. Das hei\u00dft allerdings noch lange nicht, dass sie all diese Technologien auch wirklich sicher f\u00fcr sich nutzen k\u00f6nnen.&nbsp; Mit dem Onlinekurs &#8222;Mobile Generation&#8220;, der sowohl mit&nbsp;mobilen Endger\u00e4ten&nbsp;als auch am&nbsp;PC&nbsp;einsetzbar ist, k\u00f6nnen Sch\u00fcler:innen der 7. und 8. Schulstufe ihr Wissen rund ums mobile [&hellip;]","og_url":"https:\/\/www.lehrer.at\/handy\/tabletkurs\/tabletkurs-mobile-generation\/","article_modified_time":"2025-10-22T15:13:34+00:00","og_image":[{"width":1011,"height":662,"url":"https:\/\/www.lehrer.at\/handy\/wp-content\/uploads\/sites\/4\/2024\/02\/Fmk_onlinemodul.jpg","type":"image\/jpeg"}],"twitter_card":"summary_large_image","twitter_misc":{"Gesch\u00e4tzte Lesezeit":"2 Minuten"},"schema":{"@context":"https:\/\/schema.org","@graph":[{"@type":"WebPage","@id":"https:\/\/www.lehrer.at\/handy\/tabletkurs\/tabletkurs-mobile-generation\/","url":"https:\/\/www.lehrer.at\/handy\/tabletkurs\/tabletkurs-mobile-generation\/","name":"Mobile Generation -","isPartOf":{"@id":"https:\/\/www.lehrer.at\/handy\/#website"},"primaryImageOfPage":{"@id":"https:\/\/www.lehrer.at\/handy\/tabletkurs\/tabletkurs-mobile-generation\/#primaryimage"},"image":{"@id":"https:\/\/www.lehrer.at\/handy\/tabletkurs\/tabletkurs-mobile-generation\/#primaryimage"},"thumbnailUrl":"https:\/\/www.lehrer.at\/handy\/wp-content\/uploads\/sites\/4\/2024\/02\/Fmk_onlinemodul.jpg","datePublished":"2021-03-14T07:57:57+00:00","dateModified":"2025-10-22T15:13:34+00:00","breadcrumb":{"@id":"https:\/\/www.lehrer.at\/handy\/tabletkurs\/tabletkurs-mobile-generation\/#breadcrumb"},"inLanguage":"de-AT","potentialAction":[{"@type":"ReadAction","target":["https:\/\/www.lehrer.at\/handy\/tabletkurs\/tabletkurs-mobile-generation\/"]}]},{"@type":"ImageObject","inLanguage":"de-AT","@id":"https:\/\/www.lehrer.at\/handy\/tabletkurs\/tabletkurs-mobile-generation\/#primaryimage","url":"https:\/\/www.lehrer.at\/handy\/wp-content\/uploads\/sites\/4\/2024\/02\/Fmk_onlinemodul.jpg","contentUrl":"https:\/\/www.lehrer.at\/handy\/wp-content\/uploads\/sites\/4\/2024\/02\/Fmk_onlinemodul.jpg","width":1011,"height":662},{"@type":"BreadcrumbList","@id":"https:\/\/www.lehrer.at\/handy\/tabletkurs\/tabletkurs-mobile-generation\/#breadcrumb","itemListElement":[{"@type":"ListItem","position":1,"name":"Startseite","item":"https:\/\/www.lehrer.at\/handy\/"},{"@type":"ListItem","position":2,"name":"Tabletkurs","item":"https:\/\/www.lehrer.at\/handy\/tabletkurs\/"},{"@type":"ListItem","position":3,"name":"Mobile Generation"}]},{"@type":"WebSite","@id":"https:\/\/www.lehrer.at\/handy\/#website","url":"https:\/\/www.lehrer.at\/handy\/","name":"","description":"Unterricht rund um Mobilfunk","potentialAction":[{"@type":"SearchAction","target":{"@type":"EntryPoint","urlTemplate":"https:\/\/www.lehrer.at\/handy\/?s={search_term_string}"},"query-input":{"@type":"PropertyValueSpecification","valueRequired":true,"valueName":"search_term_string"}}],"inLanguage":"de-AT"}]}},"_links":{"self":[{"href":"https:\/\/www.lehrer.at\/handy\/wp-json\/wp\/v2\/pages\/12","targetHints":{"allow":["GET"]}}],"collection":[{"href":"https:\/\/www.lehrer.at\/handy\/wp-json\/wp\/v2\/pages"}],"about":[{"href":"https:\/\/www.lehrer.at\/handy\/wp-json\/wp\/v2\/types\/page"}],"author":[{"embeddable":true,"href":"https:\/\/www.lehrer.at\/handy\/wp-json\/wp\/v2\/users\/1"}],"replies":[{"embeddable":true,"href":"https:\/\/www.lehrer.at\/handy\/wp-json\/wp\/v2\/comments?post=12"}],"version-history":[{"count":29,"href":"https:\/\/www.lehrer.at\/handy\/wp-json\/wp\/v2\/pages\/12\/revisions"}],"predecessor-version":[{"id":960,"href":"https:\/\/www.lehrer.at\/handy\/wp-json\/wp\/v2\/pages\/12\/revisions\/960"}],"up":[{"embeddable":true,"href":"https:\/\/www.lehrer.at\/handy\/wp-json\/wp\/v2\/pages\/15"}],"wp:attachment":[{"href":"https:\/\/www.lehrer.at\/handy\/wp-json\/wp\/v2\/media?parent=12"}],"curies":[{"name":"wp","href":"https:\/\/api.w.org\/{rel}","templated":true}]}}