{"id":113,"date":"2024-08-13T09:18:30","date_gmt":"2024-08-13T07:18:30","guid":{"rendered":"https:\/\/www.lehrer.at\/handy\/?page_id=113"},"modified":"2026-01-26T14:48:46","modified_gmt":"2026-01-26T13:48:46","slug":"handynutzung-handyfuehrerschein-unterrichtsmaterialien","status":"publish","type":"page","link":"https:\/\/www.lehrer.at\/handy\/","title":{"rendered":"Unterricht rund um Mobilfunk"},"content":{"rendered":"\n<figure class=\"wp-block-image size-full is-resized\"><img loading=\"lazy\" decoding=\"async\" width=\"1000\" height=\"322\" src=\"https:\/\/www.lehrer.at\/handy\/wp-content\/uploads\/sites\/4\/2024\/09\/mobile_generation_fmk-1.jpg\" alt=\"Vier Jugendliche schauen in ein Smartphone und machen ein Selfi. \" class=\"wp-image-674\" style=\"aspect-ratio:3.103030303030303;width:1200px\" srcset=\"https:\/\/www.lehrer.at\/handy\/wp-content\/uploads\/sites\/4\/2024\/09\/mobile_generation_fmk-1.jpg 1000w, https:\/\/www.lehrer.at\/handy\/wp-content\/uploads\/sites\/4\/2024\/09\/mobile_generation_fmk-1-300x97.jpg 300w, https:\/\/www.lehrer.at\/handy\/wp-content\/uploads\/sites\/4\/2024\/09\/mobile_generation_fmk-1-768x247.jpg 768w\" sizes=\"auto, (max-width: 1000px) 100vw, 1000px\" \/><\/figure>\n\n\n\n<div style=\"height:11px\" aria-hidden=\"true\" class=\"wp-block-spacer\"><\/div>\n\n\n\n<h2 class=\"wp-block-heading\">Unterricht rund um Mobilfunk <\/h2>\n\n\n\n<p><strong>Mobilfunk ist fixer Bestandteil unseres Lebens.<\/strong><br>Dieses Projekt bietet Unterrichtsmaterialien f\u00fcr die <strong>6. bis 8. Schulstufe<\/strong>, die eine umfassende und <strong>kritische Auseinandersetzung<\/strong> mit dem Mobilfunk erm\u00f6glichen. Die Materialien decken die <strong>Geschichte des Mobilfunks<\/strong>, seine t<strong>echnische Funktionsweise<\/strong> und die Grundlagen <strong>sicherer Nutzung<\/strong> ab. Gleichzeitig regen sie zur bewussten<strong> Reflexion des eigenen Nutzungsverhaltens<\/strong> an.<br>Diese Kombination legt die Basis f\u00fcr <strong>einen kompetenten Umgang mit Smartphones <\/strong>und f\u00f6rdert verantwortungsbewusstes Medienverhalten.<\/p>\n\n\n\n<div style=\"height:23px\" aria-hidden=\"true\" class=\"wp-block-spacer\"><\/div>\n\n\n\n<div class=\"wp-block-columns fuehrerschein_teaser has-background is-layout-flex wp-container-core-columns-is-layout-8175233e wp-block-columns-is-layout-flex\" style=\"background-color:#f1f5f7;padding-top:var(--wp--preset--spacing--40);padding-right:var(--wp--preset--spacing--40);padding-bottom:var(--wp--preset--spacing--40);padding-left:var(--wp--preset--spacing--40)\">\n<div class=\"wp-block-column is-layout-flow wp-block-column-is-layout-flow\" style=\"flex-basis:50%\">\n<figure class=\"wp-block-image size-full\"><img loading=\"lazy\" decoding=\"async\" width=\"1321\" height=\"621\" src=\"https:\/\/www.lehrer.at\/handy\/wp-content\/uploads\/sites\/4\/2026\/01\/Onlinekurs_lehrer_teaser.jpg\" alt=\"\" class=\"wp-image-985\" srcset=\"https:\/\/www.lehrer.at\/handy\/wp-content\/uploads\/sites\/4\/2026\/01\/Onlinekurs_lehrer_teaser.jpg 1321w, https:\/\/www.lehrer.at\/handy\/wp-content\/uploads\/sites\/4\/2026\/01\/Onlinekurs_lehrer_teaser-300x141.jpg 300w, https:\/\/www.lehrer.at\/handy\/wp-content\/uploads\/sites\/4\/2026\/01\/Onlinekurs_lehrer_teaser-1024x481.jpg 1024w, https:\/\/www.lehrer.at\/handy\/wp-content\/uploads\/sites\/4\/2026\/01\/Onlinekurs_lehrer_teaser-768x361.jpg 768w\" sizes=\"auto, (max-width: 1321px) 100vw, 1321px\" \/><\/figure>\n<\/div>\n\n\n\n<div class=\"wp-block-column is-vertically-aligned-center is-layout-flow wp-block-column-is-layout-flow\" style=\"flex-basis:60%\">\n<h3 class=\"wp-block-heading has-text-align-center\" style=\"margin-top:0;margin-bottom:0;padding-top:0;padding-bottom:var(--wp--preset--spacing--30)\">Mobilfunk kompakt erkl\u00e4rt<\/h3>\n\n\n\n<p style=\"margin-top:0;margin-bottom:0;padding-top:0;padding-bottom:0;line-height:1.4\">In diesem Onlinemodul f\u00fcr P\u00e4dagog:innen erhalten Sie einen fundierten, aber gleichzeitig kompakten \u00dcberblick zum Thema Mobilfunk: von den Grundlagen des Mobilfunks \u00fcber die wichtigsten historischen Entwicklungsmeilensteine bis hin zu moderner Mobilfunktechnik und Sicherheit.<\/p>\n\n\n\n<div class=\"wp-block-buttons is-content-justification-center is-layout-flex wp-container-core-buttons-is-layout-a89b3969 wp-block-buttons-is-layout-flex\">\n<div class=\"wp-block-button has-custom-width wp-block-button__width-75 fuehrerschein_button\"><a class=\"wp-block-button__link wp-element-button\" href=\"https:\/\/lehrer.at\/onlinekurs_mobilfunk\/index.html\" style=\"border-style:none;border-width:0px;border-radius:2px\" target=\"_blank\" rel=\"noreferrer noopener\">\u25b8 <strong>ZUM ONLINEKURS MOBILFUNK<\/strong><\/a><\/div>\n<\/div>\n<\/div>\n<\/div>\n\n\n\n<div style=\"height:27px\" aria-hidden=\"true\" class=\"wp-block-spacer\"><\/div>\n\n\n\n<div class=\"wp-block-columns fuehrerschein_teaser has-background is-layout-flex wp-container-core-columns-is-layout-8175233e wp-block-columns-is-layout-flex\" style=\"background-color:#f1f5f7;padding-top:var(--wp--preset--spacing--40);padding-right:var(--wp--preset--spacing--40);padding-bottom:var(--wp--preset--spacing--40);padding-left:var(--wp--preset--spacing--40)\">\n<div class=\"wp-block-column is-layout-flow wp-block-column-is-layout-flow\" style=\"flex-basis:50%\">\n<figure class=\"wp-block-image size-full\"><img loading=\"lazy\" decoding=\"async\" width=\"634\" height=\"298\" src=\"https:\/\/www.lehrer.at\/handy\/wp-content\/uploads\/sites\/4\/2025\/04\/Bildschirmfoto-2025-04-14-um-10.57.38.png\" alt=\"Eine Sch\u00fclerin schaut auf den Laptop und sieht auf dem Screen das Onlinemodul zum Handyf\u00fchrerschein. \" class=\"wp-image-747\" srcset=\"https:\/\/www.lehrer.at\/handy\/wp-content\/uploads\/sites\/4\/2025\/04\/Bildschirmfoto-2025-04-14-um-10.57.38.png 634w, https:\/\/www.lehrer.at\/handy\/wp-content\/uploads\/sites\/4\/2025\/04\/Bildschirmfoto-2025-04-14-um-10.57.38-300x141.png 300w\" sizes=\"auto, (max-width: 634px) 100vw, 634px\" \/><\/figure>\n<\/div>\n\n\n\n<div class=\"wp-block-column is-vertically-aligned-center is-layout-flow wp-block-column-is-layout-flow\" style=\"flex-basis:60%\">\n<h3 class=\"wp-block-heading has-text-align-center\" style=\"margin-top:0;margin-bottom:0;padding-top:0;padding-bottom:var(--wp--preset--spacing--30)\">Fit f\u00fcr den Handyf\u00fchrerschein?<\/h3>\n\n\n\n<p style=\"margin-top:0;margin-bottom:0;padding-top:0;padding-bottom:0;line-height:1.4\">Der kompetente und verantwortungsvolle Umgang mit Smartphones, Tablets &amp; Co. will gelernt sein. Mit dem <strong>FMK-Handyf\u00fchrerschein<\/strong> bieten Sie Ihren Sch\u00fcler:innen die Chance, ihr Wissen \u00fcber Mediennutzung, Datenschutz und digitale Kommunikation auf spielerische Weise zu erweitern \u2013 und sich offiziell zertifizieren zu lassen.<\/p>\n\n\n\n<div class=\"wp-block-buttons is-content-justification-center is-layout-flex wp-container-core-buttons-is-layout-a89b3969 wp-block-buttons-is-layout-flex\">\n<div class=\"wp-block-button has-custom-width wp-block-button__width-75 fuehrerschein_button\"><a class=\"wp-block-button__link wp-element-button\" href=\"https:\/\/www.lehrer.at\/handyfuehrerschein\" style=\"border-style:none;border-width:0px;border-radius:2px\" target=\"_blank\" rel=\"noreferrer noopener\">\u25b8 <strong>ZUM HANDYF\u00dcHRERSCHEIN<\/strong><\/a><\/div>\n<\/div>\n<\/div>\n<\/div>\n\n\n\n<div style=\"height:27px\" aria-hidden=\"true\" class=\"wp-block-spacer\"><\/div>\n\n\n\n<div class=\"wp-block-columns alignfull has-background is-layout-flex wp-container-core-columns-is-layout-17a5801b wp-block-columns-is-layout-flex\" style=\"background-color:#7ec9cfa6;padding-top:0px;padding-right:0;padding-bottom:0px;padding-left:0\">\n<div class=\"wp-block-column is-layout-flow wp-block-column-is-layout-flow\">\n<div class=\"wp-block-columns box_grey is-layout-flex wp-container-core-columns-is-layout-2209fd41 wp-block-columns-is-layout-flex\" style=\"margin-top:var(--wp--preset--spacing--70);margin-bottom:var(--wp--preset--spacing--40)\">\n<div class=\"wp-block-column has-ast-global-color-5-background-color has-background is-layout-flow wp-block-column-is-layout-flow\" style=\"padding-top:0;padding-right:0;padding-bottom:var(--wp--preset--spacing--60);padding-left:0\">\n<figure class=\"wp-block-image size-full\"><img loading=\"lazy\" decoding=\"async\" width=\"768\" height=\"479\" src=\"https:\/\/www.lehrer.at\/handy\/wp-content\/uploads\/sites\/4\/2024\/09\/unterrichtsmaterial_fmk.jpg\" alt=\"Arbeitsblaetter zur Handynutzung\" class=\"wp-image-534\" srcset=\"https:\/\/www.lehrer.at\/handy\/wp-content\/uploads\/sites\/4\/2024\/09\/unterrichtsmaterial_fmk.jpg 768w, https:\/\/www.lehrer.at\/handy\/wp-content\/uploads\/sites\/4\/2024\/09\/unterrichtsmaterial_fmk-300x187.jpg 300w\" sizes=\"auto, (max-width: 768px) 100vw, 768px\" \/><\/figure>\n\n\n\n<div style=\"height:0px\" aria-hidden=\"true\" class=\"wp-block-spacer\"><\/div>\n\n\n\n<h3 class=\"wp-block-heading has-text-align-center\" style=\"line-height:1.5\">Unterrichtsmaterialien<\/h3>\n\n\n\n<p>Die <strong>mikromodular aufbereiteten Materialien<\/strong> k\u00f6nnen flexibel und bedarfsorientiert zu <strong>individuellen Unterrichtseinheiten<\/strong> zusammengestellt werden, die sowohl auf die Vorkenntnisse der Sch\u00fcler:innen als auch auf die aktuellen Lernziele abgestimmt sind.<\/p>\n\n\n\n<div class=\"wp-block-columns is-layout-flex wp-container-core-columns-is-layout-28f84493 wp-block-columns-is-layout-flex\">\n<div class=\"wp-block-column is-layout-flow wp-block-column-is-layout-flow\">\n<div class=\"wp-block-buttons is-content-justification-center is-layout-flex wp-container-core-buttons-is-layout-c3d5205c wp-block-buttons-is-layout-flex\" style=\"margin-top:0;margin-bottom:0\">\n<div class=\"wp-block-button has-custom-width wp-block-button__width-75\"><a class=\"wp-block-button__link wp-element-button\" href=\"https:\/\/www.lehrer.at\/handy\/wp-content\/uploads\/sites\/4\/2024\/09\/mobilegeneration_uebersicht.pdf\" target=\"_blank\" rel=\"noreferrer noopener\"> \u25b8 <strong>\u00dcbersicht<\/strong><\/a><\/div>\n<\/div>\n\n\n\n<div class=\"wp-block-buttons is-content-justification-center is-layout-flex wp-container-core-buttons-is-layout-4fbdcae9 wp-block-buttons-is-layout-flex\" style=\"margin-top:8px;margin-bottom:8px\">\n<div class=\"wp-block-button has-custom-width wp-block-button__width-75\"><a class=\"wp-block-button__link wp-element-button\" href=\"https:\/\/www.lehrer.at\/handy\/wp-content\/uploads\/sites\/4\/2024\/09\/mobilegeneration_lehrerinfo.pdf\" target=\"_blank\" rel=\"noreferrer noopener\"> \u25b8 <strong>Lehrerinfo<\/strong><\/a><\/div>\n<\/div>\n\n\n\n<div class=\"wp-block-buttons is-content-justification-center is-layout-flex wp-container-core-buttons-is-layout-4fbdcae9 wp-block-buttons-is-layout-flex\" style=\"margin-top:8px;margin-bottom:8px\">\n<div class=\"wp-block-button has-custom-width wp-block-button__width-75\"><a class=\"wp-block-button__link wp-element-button\" href=\"https:\/\/www.lehrer.at\/handy\/wp-content\/uploads\/sites\/4\/2024\/09\/mobilegeneration_arbeitsmaterial.pdf\" target=\"_blank\" rel=\"noreferrer noopener\"> \u25b8 <strong>Arbeitsmaterial<\/strong><\/a><\/div>\n<\/div>\n\n\n\n<div class=\"wp-block-buttons is-content-justification-center is-layout-flex wp-container-core-buttons-is-layout-4fbdcae9 wp-block-buttons-is-layout-flex\" style=\"margin-top:8px;margin-bottom:8px\">\n<div class=\"wp-block-button has-custom-width wp-block-button__width-75\"><a class=\"wp-block-button__link wp-element-button\" href=\"https:\/\/www.lehrer.at\/handy\/wp-content\/uploads\/sites\/4\/2024\/09\/mobilegeneration_gesamtpaket.pdf\" target=\"_blank\" rel=\"noreferrer noopener\"> \u25b8 <strong>Gesamtpaket<\/strong><\/a><\/div>\n<\/div>\n<\/div>\n<\/div>\n<\/div>\n\n\n\n<div class=\"wp-block-column has-ast-global-color-5-background-color has-background is-layout-flow wp-block-column-is-layout-flow\">\n<figure class=\"wp-block-image size-full\"><a href=\"https:\/\/www.lehrer.at\/wp-content\/uploads\/2024\/01\/mobilegeneration\/index.html\"><img loading=\"lazy\" decoding=\"async\" width=\"800\" height=\"499\" src=\"https:\/\/www.lehrer.at\/handy\/wp-content\/uploads\/sites\/4\/2024\/08\/ipad_fmk-1.jpg\" alt=\"Onlinemodul zur Handynutzung\" class=\"wp-image-467\" srcset=\"https:\/\/www.lehrer.at\/handy\/wp-content\/uploads\/sites\/4\/2024\/08\/ipad_fmk-1.jpg 800w, https:\/\/www.lehrer.at\/handy\/wp-content\/uploads\/sites\/4\/2024\/08\/ipad_fmk-1-300x187.jpg 300w, https:\/\/www.lehrer.at\/handy\/wp-content\/uploads\/sites\/4\/2024\/08\/ipad_fmk-1-768x479.jpg 768w\" sizes=\"auto, (max-width: 800px) 100vw, 800px\" \/><\/a><\/figure>\n\n\n\n<div style=\"height:0px\" aria-hidden=\"true\" class=\"wp-block-spacer\"><\/div>\n\n\n\n<h3 class=\"wp-block-heading has-text-align-center\" style=\"line-height:1.5\">Onlinekurs<\/h3>\n\n\n\n<p>Der <strong>interaktive Onlinekurs<\/strong> kann am <strong>Tablet oder PC <\/strong>eingesetzt werden. Ein ausgewogener <strong>Mix aus Wissensvermittlung und interaktiven \u00dcbungen<\/strong> zum besseren Verst\u00e4ndnis bzw. zur Wissensfestigung erm\u00f6glicht abwechslungsreiches digitales Lernen.<\/p>\n\n\n\n<div class=\"wp-block-columns is-layout-flex wp-container-core-columns-is-layout-28f84493 wp-block-columns-is-layout-flex\">\n<div class=\"wp-block-column is-layout-flow wp-block-column-is-layout-flow\">\n<div class=\"wp-block-buttons is-content-justification-center is-layout-flex wp-container-core-buttons-is-layout-c3d5205c wp-block-buttons-is-layout-flex\" style=\"margin-top:0;margin-bottom:0\">\n<div class=\"wp-block-button has-custom-width wp-block-button__width-75\"><a class=\"wp-block-button__link wp-element-button\" href=\"https:\/\/www.lehrer.at\/handy\/wp-content\/uploads\/sites\/4\/2024\/09\/fmk_lehrerinfo_onlinekurs_mobile_generation.pdf\" target=\"_blank\" rel=\"noreferrer noopener\"> \u25b8 <strong>Lehrerinfo<\/strong><\/a><\/div>\n<\/div>\n\n\n\n<div class=\"wp-block-buttons is-content-justification-center is-layout-flex wp-container-core-buttons-is-layout-4fbdcae9 wp-block-buttons-is-layout-flex\" style=\"margin-top:8px;margin-bottom:8px\">\n<div class=\"wp-block-button has-custom-width wp-block-button__width-75\"><a class=\"wp-block-button__link wp-element-button\" href=\"https:\/\/www.lehrer.at\/wp-content\/uploads\/2024\/01\/mobilegeneration\/index.html\" target=\"_blank\" rel=\"noreferrer noopener\">\u25b8 <strong>Onlinekurs<\/strong><\/a><\/div>\n<\/div>\n<\/div>\n<\/div>\n<\/div>\n<\/div>\n<\/div>\n<\/div>\n\n\n\n<p><\/p>\n","protected":false},"excerpt":{"rendered":"<p>Unterricht rund um Mobilfunk Mobilfunk ist fixer Bestandteil unseres Lebens.Dieses Projekt bietet Unterrichtsmaterialien f\u00fcr die 6. bis 8. Schulstufe, die eine umfassende und kritische Auseinandersetzung mit dem Mobilfunk erm\u00f6glichen. Die Materialien decken die Geschichte des Mobilfunks, seine technische Funktionsweise und die Grundlagen sicherer Nutzung ab. Gleichzeitig regen sie zur bewussten Reflexion des eigenen Nutzungsverhaltens an.Diese [&hellip;]<\/p>\n","protected":false},"author":3,"featured_media":0,"parent":0,"menu_order":0,"comment_status":"closed","ping_status":"closed","template":"","meta":{"_acf_changed":false,"site-sidebar-layout":"default","site-content-layout":"","ast-site-content-layout":"default","site-content-style":"default","site-sidebar-style":"default","ast-global-header-display":"","ast-banner-title-visibility":"","ast-main-header-display":"","ast-hfb-above-header-display":"","ast-hfb-below-header-display":"","ast-hfb-mobile-header-display":"","site-post-title":"disabled","ast-breadcrumbs-content":"","ast-featured-img":"","footer-sml-layout":"","theme-transparent-header-meta":"","adv-header-id-meta":"","stick-header-meta":"","header-above-stick-meta":"","header-main-stick-meta":"","header-below-stick-meta":"","astra-migrate-meta-layouts":"default","ast-page-background-enabled":"default","ast-page-background-meta":{"desktop":{"background-color":"var(--ast-global-color-4)","background-image":"","background-repeat":"repeat","background-position":"center center","background-size":"auto","background-attachment":"scroll","background-type":"","background-media":"","overlay-type":"","overlay-color":"","overlay-opacity":"","overlay-gradient":""},"tablet":{"background-color":"","background-image":"","background-repeat":"repeat","background-position":"center center","background-size":"auto","background-attachment":"scroll","background-type":"","background-media":"","overlay-type":"","overlay-color":"","overlay-opacity":"","overlay-gradient":""},"mobile":{"background-color":"","background-image":"","background-repeat":"repeat","background-position":"center center","background-size":"auto","background-attachment":"scroll","background-type":"","background-media":"","overlay-type":"","overlay-color":"","overlay-opacity":"","overlay-gradient":""}},"ast-content-background-meta":{"desktop":{"background-color":"var(--ast-global-color-5)","background-image":"","background-repeat":"repeat","background-position":"center center","background-size":"auto","background-attachment":"scroll","background-type":"","background-media":"","overlay-type":"","overlay-color":"","overlay-opacity":"","overlay-gradient":""},"tablet":{"background-color":"var(--ast-global-color-5)","background-image":"","background-repeat":"repeat","background-position":"center center","background-size":"auto","background-attachment":"scroll","background-type":"","background-media":"","overlay-type":"","overlay-color":"","overlay-opacity":"","overlay-gradient":""},"mobile":{"background-color":"var(--ast-global-color-5)","background-image":"","background-repeat":"repeat","background-position":"center center","background-size":"auto","background-attachment":"scroll","background-type":"","background-media":"","overlay-type":"","overlay-color":"","overlay-opacity":"","overlay-gradient":""}},"footnotes":""},"class_list":["post-113","page","type-page","status-publish","hentry"],"acf":[],"yoast_head":"<!-- This site is optimized with the Yoast SEO plugin v27.0 - https:\/\/yoast.com\/product\/yoast-seo-wordpress\/ -->\n<title>Unterricht rund um Mobilfunk -<\/title>\n<meta name=\"description\" content=\"Unterrichtsmaterialien zur Handynutzung &amp; Handyf\u00fchrerschein zur F\u00f6rderung der Medienkompetenz Ihrer Sch\u00fcler:innen.\" \/>\n<meta name=\"robots\" content=\"index, follow, max-snippet:-1, max-image-preview:large, max-video-preview:-1\" \/>\n<link rel=\"canonical\" href=\"https:\/\/www.lehrer.at\/handy\/\" \/>\n<meta property=\"og:locale\" content=\"de_DE\" \/>\n<meta property=\"og:type\" content=\"article\" \/>\n<meta property=\"og:title\" content=\"Unterricht rund um Mobilfunk -\" \/>\n<meta property=\"og:description\" content=\"Unterrichtsmaterialien zur Handynutzung &amp; Handyf\u00fchrerschein zur F\u00f6rderung der Medienkompetenz Ihrer Sch\u00fcler:innen.\" \/>\n<meta property=\"og:url\" content=\"https:\/\/www.lehrer.at\/handy\/\" \/>\n<meta property=\"article:modified_time\" content=\"2026-01-26T13:48:46+00:00\" \/>\n<meta property=\"og:image\" content=\"https:\/\/www.lehrer.at\/handy\/wp-content\/uploads\/sites\/4\/2024\/09\/mobile_generation_fmk-1.jpg\" \/>\n\t<meta property=\"og:image:width\" content=\"1000\" \/>\n\t<meta property=\"og:image:height\" content=\"322\" \/>\n\t<meta property=\"og:image:type\" content=\"image\/jpeg\" \/>\n<meta name=\"twitter:card\" content=\"summary_large_image\" \/>\n<meta name=\"twitter:label1\" content=\"Gesch\u00e4tzte Lesezeit\" \/>\n\t<meta name=\"twitter:data1\" content=\"3 Minuten\" \/>\n<script type=\"application\/ld+json\" class=\"yoast-schema-graph\">{\"@context\":\"https:\/\/schema.org\",\"@graph\":[{\"@type\":\"WebPage\",\"@id\":\"https:\/\/www.lehrer.at\/handy\/\",\"url\":\"https:\/\/www.lehrer.at\/handy\/\",\"name\":\"Unterricht rund um Mobilfunk -\",\"isPartOf\":{\"@id\":\"https:\/\/www.lehrer.at\/handy\/#website\"},\"primaryImageOfPage\":{\"@id\":\"https:\/\/www.lehrer.at\/handy\/#primaryimage\"},\"image\":{\"@id\":\"https:\/\/www.lehrer.at\/handy\/#primaryimage\"},\"thumbnailUrl\":\"https:\/\/www.lehrer.at\/handy\/wp-content\/uploads\/sites\/4\/2024\/09\/mobile_generation_fmk-1.jpg\",\"datePublished\":\"2024-08-13T07:18:30+00:00\",\"dateModified\":\"2026-01-26T13:48:46+00:00\",\"description\":\"Unterrichtsmaterialien zur Handynutzung & Handyf\u00fchrerschein zur F\u00f6rderung der Medienkompetenz Ihrer Sch\u00fcler:innen.\",\"breadcrumb\":{\"@id\":\"https:\/\/www.lehrer.at\/handy\/#breadcrumb\"},\"inLanguage\":\"de-AT\",\"potentialAction\":[{\"@type\":\"ReadAction\",\"target\":[\"https:\/\/www.lehrer.at\/handy\/\"]}]},{\"@type\":\"ImageObject\",\"inLanguage\":\"de-AT\",\"@id\":\"https:\/\/www.lehrer.at\/handy\/#primaryimage\",\"url\":\"https:\/\/www.lehrer.at\/handy\/wp-content\/uploads\/sites\/4\/2024\/09\/mobile_generation_fmk-1.jpg\",\"contentUrl\":\"https:\/\/www.lehrer.at\/handy\/wp-content\/uploads\/sites\/4\/2024\/09\/mobile_generation_fmk-1.jpg\",\"width\":1000,\"height\":322,\"caption\":\"Vier Jugendliche schauen in ein Smartphone und machen ein Selfi.\"},{\"@type\":\"BreadcrumbList\",\"@id\":\"https:\/\/www.lehrer.at\/handy\/#breadcrumb\",\"itemListElement\":[{\"@type\":\"ListItem\",\"position\":1,\"name\":\"Startseite\",\"item\":\"https:\/\/www.lehrer.at\/handy\/\"},{\"@type\":\"ListItem\",\"position\":2,\"name\":\"Unterricht rund um Mobilfunk\"}]},{\"@type\":\"WebSite\",\"@id\":\"https:\/\/www.lehrer.at\/handy\/#website\",\"url\":\"https:\/\/www.lehrer.at\/handy\/\",\"name\":\"\",\"description\":\"Unterricht rund um Mobilfunk\",\"potentialAction\":[{\"@type\":\"SearchAction\",\"target\":{\"@type\":\"EntryPoint\",\"urlTemplate\":\"https:\/\/www.lehrer.at\/handy\/?s={search_term_string}\"},\"query-input\":{\"@type\":\"PropertyValueSpecification\",\"valueRequired\":true,\"valueName\":\"search_term_string\"}}],\"inLanguage\":\"de-AT\"}]}<\/script>\n<!-- \/ Yoast SEO plugin. -->","yoast_head_json":{"title":"Unterricht rund um Mobilfunk -","description":"Unterrichtsmaterialien zur Handynutzung & Handyf\u00fchrerschein zur F\u00f6rderung der Medienkompetenz Ihrer Sch\u00fcler:innen.","robots":{"index":"index","follow":"follow","max-snippet":"max-snippet:-1","max-image-preview":"max-image-preview:large","max-video-preview":"max-video-preview:-1"},"canonical":"https:\/\/www.lehrer.at\/handy\/","og_locale":"de_DE","og_type":"article","og_title":"Unterricht rund um Mobilfunk -","og_description":"Unterrichtsmaterialien zur Handynutzung & Handyf\u00fchrerschein zur F\u00f6rderung der Medienkompetenz Ihrer Sch\u00fcler:innen.","og_url":"https:\/\/www.lehrer.at\/handy\/","article_modified_time":"2026-01-26T13:48:46+00:00","og_image":[{"width":1000,"height":322,"url":"https:\/\/www.lehrer.at\/handy\/wp-content\/uploads\/sites\/4\/2024\/09\/mobile_generation_fmk-1.jpg","type":"image\/jpeg"}],"twitter_card":"summary_large_image","twitter_misc":{"Gesch\u00e4tzte Lesezeit":"3 Minuten"},"schema":{"@context":"https:\/\/schema.org","@graph":[{"@type":"WebPage","@id":"https:\/\/www.lehrer.at\/handy\/","url":"https:\/\/www.lehrer.at\/handy\/","name":"Unterricht rund um Mobilfunk -","isPartOf":{"@id":"https:\/\/www.lehrer.at\/handy\/#website"},"primaryImageOfPage":{"@id":"https:\/\/www.lehrer.at\/handy\/#primaryimage"},"image":{"@id":"https:\/\/www.lehrer.at\/handy\/#primaryimage"},"thumbnailUrl":"https:\/\/www.lehrer.at\/handy\/wp-content\/uploads\/sites\/4\/2024\/09\/mobile_generation_fmk-1.jpg","datePublished":"2024-08-13T07:18:30+00:00","dateModified":"2026-01-26T13:48:46+00:00","description":"Unterrichtsmaterialien zur Handynutzung & Handyf\u00fchrerschein zur F\u00f6rderung der Medienkompetenz Ihrer Sch\u00fcler:innen.","breadcrumb":{"@id":"https:\/\/www.lehrer.at\/handy\/#breadcrumb"},"inLanguage":"de-AT","potentialAction":[{"@type":"ReadAction","target":["https:\/\/www.lehrer.at\/handy\/"]}]},{"@type":"ImageObject","inLanguage":"de-AT","@id":"https:\/\/www.lehrer.at\/handy\/#primaryimage","url":"https:\/\/www.lehrer.at\/handy\/wp-content\/uploads\/sites\/4\/2024\/09\/mobile_generation_fmk-1.jpg","contentUrl":"https:\/\/www.lehrer.at\/handy\/wp-content\/uploads\/sites\/4\/2024\/09\/mobile_generation_fmk-1.jpg","width":1000,"height":322,"caption":"Vier Jugendliche schauen in ein Smartphone und machen ein Selfi."},{"@type":"BreadcrumbList","@id":"https:\/\/www.lehrer.at\/handy\/#breadcrumb","itemListElement":[{"@type":"ListItem","position":1,"name":"Startseite","item":"https:\/\/www.lehrer.at\/handy\/"},{"@type":"ListItem","position":2,"name":"Unterricht rund um Mobilfunk"}]},{"@type":"WebSite","@id":"https:\/\/www.lehrer.at\/handy\/#website","url":"https:\/\/www.lehrer.at\/handy\/","name":"","description":"Unterricht rund um Mobilfunk","potentialAction":[{"@type":"SearchAction","target":{"@type":"EntryPoint","urlTemplate":"https:\/\/www.lehrer.at\/handy\/?s={search_term_string}"},"query-input":{"@type":"PropertyValueSpecification","valueRequired":true,"valueName":"search_term_string"}}],"inLanguage":"de-AT"}]}},"_links":{"self":[{"href":"https:\/\/www.lehrer.at\/handy\/wp-json\/wp\/v2\/pages\/113","targetHints":{"allow":["GET"]}}],"collection":[{"href":"https:\/\/www.lehrer.at\/handy\/wp-json\/wp\/v2\/pages"}],"about":[{"href":"https:\/\/www.lehrer.at\/handy\/wp-json\/wp\/v2\/types\/page"}],"author":[{"embeddable":true,"href":"https:\/\/www.lehrer.at\/handy\/wp-json\/wp\/v2\/users\/3"}],"replies":[{"embeddable":true,"href":"https:\/\/www.lehrer.at\/handy\/wp-json\/wp\/v2\/comments?post=113"}],"version-history":[{"count":136,"href":"https:\/\/www.lehrer.at\/handy\/wp-json\/wp\/v2\/pages\/113\/revisions"}],"predecessor-version":[{"id":990,"href":"https:\/\/www.lehrer.at\/handy\/wp-json\/wp\/v2\/pages\/113\/revisions\/990"}],"wp:attachment":[{"href":"https:\/\/www.lehrer.at\/handy\/wp-json\/wp\/v2\/media?parent=113"}],"curies":[{"name":"wp","href":"https:\/\/api.w.org\/{rel}","templated":true}]}}