{"id":10,"date":"2021-03-14T08:54:40","date_gmt":"2021-03-14T07:54:40","guid":{"rendered":"https:\/\/www.lehrer.at\/handy\/?page_id=10"},"modified":"2025-06-02T11:12:18","modified_gmt":"2025-06-02T09:12:18","slug":"datenschutz","status":"publish","type":"page","link":"https:\/\/www.lehrer.at\/handy\/datenschutz\/","title":{"rendered":"Datenschutz"},"content":{"rendered":"\n<figure class=\"wp-block-image size-full is-resized\"><img loading=\"lazy\" decoding=\"async\" width=\"1000\" height=\"322\" src=\"https:\/\/www.lehrer.at\/handy\/wp-content\/uploads\/sites\/4\/2024\/09\/mobile_generation_fmk-2.jpg\" alt=\"Vier Jugendliche schauen in ein Smartphone und machen ein Selfi. \n\" class=\"wp-image-678\" style=\"aspect-ratio:3.103030303030303;width:1200px\" srcset=\"https:\/\/www.lehrer.at\/handy\/wp-content\/uploads\/sites\/4\/2024\/09\/mobile_generation_fmk-2.jpg 1000w, https:\/\/www.lehrer.at\/handy\/wp-content\/uploads\/sites\/4\/2024\/09\/mobile_generation_fmk-2-300x97.jpg 300w, https:\/\/www.lehrer.at\/handy\/wp-content\/uploads\/sites\/4\/2024\/09\/mobile_generation_fmk-2-768x247.jpg 768w\" sizes=\"auto, (max-width: 1000px) 100vw, 1000px\" \/><\/figure>\n\n\n\n<h2 class=\"wp-block-heading\">Datenschutz<\/h2>\n\n\n\n<p>Der Schutz Ihrer pers\u00f6nlichen Daten ist uns ein besonderes Anliegen. Wir verarbeiten Ihre Daten daher ausschlie\u00dflich auf Grundlage der gesetzlichen Bestimmungen (DSGVO, TKG 2003). In diesen Datenschutzinformationen informieren wir Sie \u00fcber die wichtigsten Aspekte der Datenverarbeitung im Rahmen unserer Website.<\/p>\n\n\n\n<p><strong>Kontakt mit uns:<\/strong><br>Wenn Sie per Formular auf der Website oder per E-Mail Kontakt mit uns aufnehmen, werden Ihre angegebenen Daten zwecks Bearbeitung der Anfrage und f\u00fcr den Fall von Anschlussfragen sechs Monate bei uns gespeichert. Diese Daten geben wir nicht ohne Ihre Einwilligung weiter.<br><strong><br>Verarbeitung Ihrer personenbezogenen Daten:<\/strong><br>Soweit Sie personenbezogene Daten zur Verf\u00fcgung gestellt haben, verwenden wir diese nur zur Beantwortung Ihrer Anfragen bzw. zur Bereitstellung der von Ihnen angeforderten Services. Eine Weitergabe an Dritte erfolgt nur, wenn dies zur Serviceleistung objektiv erforderlich ist (z.B. zur Durchf\u00fchrung einer Zustellung per Post).<\/p>\n\n\n\n<p><strong>Aufbewahrung:<\/strong><br>Ihre Daten werden nur solange aufbewahrt, wie die f\u00fcr die Erbringung unserer Leistungen erforderlich ist bzw. eine Aufbewahrung erlaubt ist.<\/p>\n\n\n\n<p>Die L\u00f6schung der gespeicherten personenbezogenen Daten erfolgt, wenn Sie Ihre Einwilligung zur Speicherung widerrufen, wenn ihre Kenntnis zur Erf\u00fcllung des mit der Speicherung verfolgten Zwecks nicht mehr erforderlich ist oder wenn ihre Speicherung aus sonstigen gesetzlichen Gr\u00fcnden nicht mehr zul\u00e4ssig ist.<\/p>\n\n\n\n<p><strong>Sicherheit:<\/strong><br>Wir treffen technische und organisatorische Sicherheitsvorkehrungen, um Ihre durch uns verwalteten, personenbezogenen Daten gegen zuf\u00e4llige oder vors\u00e4tzliche Manipulationen, Verlust, Zerst\u00f6rung oder gegen den Zugriff unberechtigter Personen zu sch\u00fctzen. Unsere Datenverarbeitung und unsere Sicherheitsma\u00dfnahmen werden entsprechend der technologischen Entwicklung fortlaufend aktualisiert.<br>Unsere Mitarbeiter:innen sind in Bezug auf ihre Verschwiegenheitspflichten (\u00a7 15 DSG \u2013 Datengeheimnis) umfassend instruiert.<\/p>\n\n\n\n<p><strong>reCAPTCHA<\/strong>:<br>Zum Schutz unserer Website vor Spam und Missbrauch nutzen wir Google reCAPTCHA. Dieser pr\u00fcft, ob Eingaben durch Menschen oder automatisierte Programme erfolgen, und verarbeitet dabei Daten, wie Ihre IP-Adresse, Mausbewegungen, Browserinformationen und Cookies. Die Daten k\u00f6nnen an Google-Server \u00fcbermittelt werden.<br>Die Datenverarbeitung erfolgt auf Grundlage von Art. 6 Abs. 1 lit. f DSGVO, da wir ein berechtigtes Interesse daran haben, unsere Webangebote vor missbr\u00e4uchlicher automatisierter Aussp\u00e4hung und vor SPAM zu sch\u00fctzen. Weitere Informationen finden Sie in der <a href=\"https:\/\/policies.google.com\/privacy\" target=\"_blank\" rel=\"noreferrer noopener\">Datenschutzerkl\u00e4rung von Google<\/a>.<\/p>\n\n\n\n<p><strong>Cookies:<\/strong><br>Unsere Website verwendet so genannte Cookies. Das sind kleine Textdateien, die mit Hilfe des Browsers auf Ihrem Endger\u00e4t abgelegt werden. Sie richten keinen Schaden an. Wir nutzen Cookies dazu, unser Angebot nutzerfreundlich zu gestalten. Einige Cookies bleiben auf Ihrem Endger\u00e4t gespeichert, bis Sie diese l\u00f6schen. Sie erm\u00f6glichen es uns, Ihren Browser beim n\u00e4chsten Besuch wiederzuerkennen. Wenn Sie dies nicht w\u00fcnschen, so k\u00f6nnen Sie Ihren Browser so einrichten, dass er Sie \u00fcber das Setzen von Cookies informiert und Sie dies nur im Einzelfall erlauben. Bei der Deaktivierung von Cookies kann die Funktionalit\u00e4t unserer Website eingeschr\u00e4nkt sein.<\/p>\n\n\n\n<p><strong>Koko Analytics:<\/strong><br>Wir nutzen auf unserer Website das Analyse-Plugin Koko Analytics, ein datenschutzfreundliches Tool zur Auswertung von Besucherstatistiken. Koko Analytics wurde speziell entwickelt, um die Privatsph\u00e4re der Nutzer zu respektieren und ist vollst\u00e4ndig DSGVO-konform.<\/p>\n\n\n\n<ul class=\"wp-block-list\">\n<li>Es werden keinerlei personenbezogenen Daten erfasst oder gespeichert.<\/li>\n\n\n\n<li>Alle Daten verbleiben auf unserem eigenen Server und werden nicht an Dritte oder externe Dienste \u00fcbertragen.<\/li>\n\n\n\n<li>Das Plugin kann ohne Cookies betrieben werden, wodurch keine Einwilligung der Nutzer erforderlich ist. Wenn Cookies aktiviert sind, dienen diese lediglich dazu, wiederkehrende Besucher zu erkennen, ohne dabei pers\u00f6nliche Informationen zu speichern.<\/li>\n\n\n\n<li>Die Analyse umfasst ausschlie\u00dflich allgemeine Statistiken wie Seitenaufrufe, Verweise und Besucherzahlen.<\/li>\n<\/ul>\n\n\n\n<p><strong>Links:<\/strong><br>Sofern wir unserer Website mit Hilfe von Links auf Internetseiten verweisen, die nicht von uns betrieben werden, sind wir f\u00fcr die Einhaltung von Datenschutzbestimmungen auf diesen Internetseiten nicht verantwortlich.<br><strong><br>Auskunft und Widerruf von Einwilligungen:<\/strong><br>Ihnen stehen grunds\u00e4tzlich die Rechte auf Auskunft, Berichtigung, L\u00f6schung, Einschr\u00e4nkung, Daten\u00fcbertragbarkeit, Widerruf und Widerspruch zu. Wir erteilen Ihnen jederzeit unentgeltlich und unverz\u00fcglich Auskunft \u00fcber die zu Ihrer Person gespeicherten Daten. Auch wenn Sie die Berichtigung, Sperrung oder L\u00f6schung Ihrer Daten w\u00fcnschen bzw. Fragen oder Anregungen zum Thema Datenschutz haben, stehen wir Ihnen gerne zur Verf\u00fcgung.<\/p>\n\n\n\n<p>Es werden <strong>keinerlei personenbezogenen Daten<\/strong> erfasst oder gespeichert.<\/p>\n\n\n\n<p>Alle Daten verbleiben auf unserem eigenen Server und werden nicht an Dritte oder externe Dienste \u00fcbertragen.<\/p>\n\n\n\n<p>Das Plugin kann ohne Cookies betrieben werden, wodurch keine Einwilligung der Nutzer erforderlich ist. Wenn Cookies aktiviert sind, dienen diese lediglich dazu, wiederkehrende Besucher zu erkennen, ohne dabei pers\u00f6nliche Informationen zu speichern.<\/p>\n\n\n\n<p>Allenfalls erteilte Einwilligungen zur Erhebung, Verarbeitung und\/oder Nutzung Ihrer personenbezogenen Daten k\u00f6nnen Sie jederzeit mit Wirkung f\u00fcr die Zukunft widerrufen. Von der L\u00f6schung ausgenommen sind ausschlie\u00dflich die Daten, die wir zur Abwicklung noch ausstehender Aufgaben oder zur Durchsetzung unserer Rechte ben\u00f6tigen, sowie Daten, die wir nach gesetzlicher Ma\u00dfgabe aufbewahren m\u00fcssen.<br><strong><br>Sie erreichen uns unter folgenden Kontaktdaten:<\/strong><br>Bildungsagentur Content Pool GmbH.<br>Liebhartsgasse 7\/5-7<br>1160 Wien<br>E-Mail:&nbsp;<a href=\"mailto:office@bildungsagentur.at\">office@bildungsagentur.at<\/a><\/p>\n\n\n\n<p>Stand: April 2025<\/p>\n\n\n\n<p><\/p>\n","protected":false},"excerpt":{"rendered":"<p>Datenschutz Der Schutz Ihrer pers\u00f6nlichen Daten ist uns ein besonderes Anliegen. Wir verarbeiten Ihre Daten daher ausschlie\u00dflich auf Grundlage der gesetzlichen Bestimmungen (DSGVO, TKG 2003). In diesen Datenschutzinformationen informieren wir Sie \u00fcber die wichtigsten Aspekte der Datenverarbeitung im Rahmen unserer Website. Kontakt mit uns:Wenn Sie per Formular auf der Website oder per E-Mail Kontakt mit [&hellip;]<\/p>\n","protected":false},"author":1,"featured_media":0,"parent":0,"menu_order":0,"comment_status":"closed","ping_status":"closed","template":"","meta":{"_acf_changed":false,"site-sidebar-layout":"default","site-content-layout":"","ast-site-content-layout":"default","site-content-style":"default","site-sidebar-style":"default","ast-global-header-display":"","ast-banner-title-visibility":"","ast-main-header-display":"","ast-hfb-above-header-display":"","ast-hfb-below-header-display":"","ast-hfb-mobile-header-display":"","site-post-title":"disabled","ast-breadcrumbs-content":"","ast-featured-img":"","footer-sml-layout":"","theme-transparent-header-meta":"","adv-header-id-meta":"","stick-header-meta":"","header-above-stick-meta":"","header-main-stick-meta":"","header-below-stick-meta":"","astra-migrate-meta-layouts":"default","ast-page-background-enabled":"default","ast-page-background-meta":{"desktop":{"background-color":"var(--ast-global-color-4)","background-image":"","background-repeat":"repeat","background-position":"center center","background-size":"auto","background-attachment":"scroll","background-type":"","background-media":"","overlay-type":"","overlay-color":"","overlay-opacity":"","overlay-gradient":""},"tablet":{"background-color":"","background-image":"","background-repeat":"repeat","background-position":"center center","background-size":"auto","background-attachment":"scroll","background-type":"","background-media":"","overlay-type":"","overlay-color":"","overlay-opacity":"","overlay-gradient":""},"mobile":{"background-color":"","background-image":"","background-repeat":"repeat","background-position":"center center","background-size":"auto","background-attachment":"scroll","background-type":"","background-media":"","overlay-type":"","overlay-color":"","overlay-opacity":"","overlay-gradient":""}},"ast-content-background-meta":{"desktop":{"background-color":"var(--ast-global-color-5)","background-image":"","background-repeat":"repeat","background-position":"center center","background-size":"auto","background-attachment":"scroll","background-type":"","background-media":"","overlay-type":"","overlay-color":"","overlay-opacity":"","overlay-gradient":""},"tablet":{"background-color":"var(--ast-global-color-5)","background-image":"","background-repeat":"repeat","background-position":"center center","background-size":"auto","background-attachment":"scroll","background-type":"","background-media":"","overlay-type":"","overlay-color":"","overlay-opacity":"","overlay-gradient":""},"mobile":{"background-color":"var(--ast-global-color-5)","background-image":"","background-repeat":"repeat","background-position":"center center","background-size":"auto","background-attachment":"scroll","background-type":"","background-media":"","overlay-type":"","overlay-color":"","overlay-opacity":"","overlay-gradient":""}},"footnotes":""},"class_list":["post-10","page","type-page","status-publish","hentry"],"acf":[],"yoast_head":"<!-- This site is optimized with the Yoast SEO plugin v27.0 - https:\/\/yoast.com\/product\/yoast-seo-wordpress\/ -->\n<title>Datenschutz -<\/title>\n<meta name=\"robots\" content=\"index, follow, max-snippet:-1, max-image-preview:large, max-video-preview:-1\" \/>\n<link rel=\"canonical\" href=\"https:\/\/www.lehrer.at\/handy\/datenschutz\/\" \/>\n<meta property=\"og:locale\" content=\"de_DE\" \/>\n<meta property=\"og:type\" content=\"article\" \/>\n<meta property=\"og:title\" content=\"Datenschutz -\" \/>\n<meta property=\"og:description\" content=\"Datenschutz Der Schutz Ihrer pers\u00f6nlichen Daten ist uns ein besonderes Anliegen. Wir verarbeiten Ihre Daten daher ausschlie\u00dflich auf Grundlage der gesetzlichen Bestimmungen (DSGVO, TKG 2003). In diesen Datenschutzinformationen informieren wir Sie \u00fcber die wichtigsten Aspekte der Datenverarbeitung im Rahmen unserer Website. Kontakt mit uns:Wenn Sie per Formular auf der Website oder per E-Mail Kontakt mit [&hellip;]\" \/>\n<meta property=\"og:url\" content=\"https:\/\/www.lehrer.at\/handy\/datenschutz\/\" \/>\n<meta property=\"article:modified_time\" content=\"2025-06-02T09:12:18+00:00\" \/>\n<meta property=\"og:image\" content=\"https:\/\/www.lehrer.at\/handy\/wp-content\/uploads\/sites\/4\/2024\/09\/mobile_generation_fmk-2.jpg\" \/>\n\t<meta property=\"og:image:width\" content=\"1000\" \/>\n\t<meta property=\"og:image:height\" content=\"322\" \/>\n\t<meta property=\"og:image:type\" content=\"image\/jpeg\" \/>\n<meta name=\"twitter:card\" content=\"summary_large_image\" \/>\n<meta name=\"twitter:label1\" content=\"Gesch\u00e4tzte Lesezeit\" \/>\n\t<meta name=\"twitter:data1\" content=\"5 Minuten\" \/>\n<script type=\"application\/ld+json\" class=\"yoast-schema-graph\">{\"@context\":\"https:\/\/schema.org\",\"@graph\":[{\"@type\":\"WebPage\",\"@id\":\"https:\/\/www.lehrer.at\/handy\/datenschutz\/\",\"url\":\"https:\/\/www.lehrer.at\/handy\/datenschutz\/\",\"name\":\"Datenschutz -\",\"isPartOf\":{\"@id\":\"https:\/\/www.lehrer.at\/handy\/#website\"},\"primaryImageOfPage\":{\"@id\":\"https:\/\/www.lehrer.at\/handy\/datenschutz\/#primaryimage\"},\"image\":{\"@id\":\"https:\/\/www.lehrer.at\/handy\/datenschutz\/#primaryimage\"},\"thumbnailUrl\":\"https:\/\/www.lehrer.at\/handy\/wp-content\/uploads\/sites\/4\/2024\/09\/mobile_generation_fmk-2.jpg\",\"datePublished\":\"2021-03-14T07:54:40+00:00\",\"dateModified\":\"2025-06-02T09:12:18+00:00\",\"breadcrumb\":{\"@id\":\"https:\/\/www.lehrer.at\/handy\/datenschutz\/#breadcrumb\"},\"inLanguage\":\"de-AT\",\"potentialAction\":[{\"@type\":\"ReadAction\",\"target\":[\"https:\/\/www.lehrer.at\/handy\/datenschutz\/\"]}]},{\"@type\":\"ImageObject\",\"inLanguage\":\"de-AT\",\"@id\":\"https:\/\/www.lehrer.at\/handy\/datenschutz\/#primaryimage\",\"url\":\"https:\/\/www.lehrer.at\/handy\/wp-content\/uploads\/sites\/4\/2024\/09\/mobile_generation_fmk-2.jpg\",\"contentUrl\":\"https:\/\/www.lehrer.at\/handy\/wp-content\/uploads\/sites\/4\/2024\/09\/mobile_generation_fmk-2.jpg\",\"width\":1000,\"height\":322},{\"@type\":\"BreadcrumbList\",\"@id\":\"https:\/\/www.lehrer.at\/handy\/datenschutz\/#breadcrumb\",\"itemListElement\":[{\"@type\":\"ListItem\",\"position\":1,\"name\":\"Startseite\",\"item\":\"https:\/\/www.lehrer.at\/handy\/\"},{\"@type\":\"ListItem\",\"position\":2,\"name\":\"Datenschutz\"}]},{\"@type\":\"WebSite\",\"@id\":\"https:\/\/www.lehrer.at\/handy\/#website\",\"url\":\"https:\/\/www.lehrer.at\/handy\/\",\"name\":\"\",\"description\":\"Unterricht rund um Mobilfunk\",\"potentialAction\":[{\"@type\":\"SearchAction\",\"target\":{\"@type\":\"EntryPoint\",\"urlTemplate\":\"https:\/\/www.lehrer.at\/handy\/?s={search_term_string}\"},\"query-input\":{\"@type\":\"PropertyValueSpecification\",\"valueRequired\":true,\"valueName\":\"search_term_string\"}}],\"inLanguage\":\"de-AT\"}]}<\/script>\n<!-- \/ Yoast SEO plugin. -->","yoast_head_json":{"title":"Datenschutz -","robots":{"index":"index","follow":"follow","max-snippet":"max-snippet:-1","max-image-preview":"max-image-preview:large","max-video-preview":"max-video-preview:-1"},"canonical":"https:\/\/www.lehrer.at\/handy\/datenschutz\/","og_locale":"de_DE","og_type":"article","og_title":"Datenschutz -","og_description":"Datenschutz Der Schutz Ihrer pers\u00f6nlichen Daten ist uns ein besonderes Anliegen. Wir verarbeiten Ihre Daten daher ausschlie\u00dflich auf Grundlage der gesetzlichen Bestimmungen (DSGVO, TKG 2003). In diesen Datenschutzinformationen informieren wir Sie \u00fcber die wichtigsten Aspekte der Datenverarbeitung im Rahmen unserer Website. Kontakt mit uns:Wenn Sie per Formular auf der Website oder per E-Mail Kontakt mit [&hellip;]","og_url":"https:\/\/www.lehrer.at\/handy\/datenschutz\/","article_modified_time":"2025-06-02T09:12:18+00:00","og_image":[{"width":1000,"height":322,"url":"https:\/\/www.lehrer.at\/handy\/wp-content\/uploads\/sites\/4\/2024\/09\/mobile_generation_fmk-2.jpg","type":"image\/jpeg"}],"twitter_card":"summary_large_image","twitter_misc":{"Gesch\u00e4tzte Lesezeit":"5 Minuten"},"schema":{"@context":"https:\/\/schema.org","@graph":[{"@type":"WebPage","@id":"https:\/\/www.lehrer.at\/handy\/datenschutz\/","url":"https:\/\/www.lehrer.at\/handy\/datenschutz\/","name":"Datenschutz -","isPartOf":{"@id":"https:\/\/www.lehrer.at\/handy\/#website"},"primaryImageOfPage":{"@id":"https:\/\/www.lehrer.at\/handy\/datenschutz\/#primaryimage"},"image":{"@id":"https:\/\/www.lehrer.at\/handy\/datenschutz\/#primaryimage"},"thumbnailUrl":"https:\/\/www.lehrer.at\/handy\/wp-content\/uploads\/sites\/4\/2024\/09\/mobile_generation_fmk-2.jpg","datePublished":"2021-03-14T07:54:40+00:00","dateModified":"2025-06-02T09:12:18+00:00","breadcrumb":{"@id":"https:\/\/www.lehrer.at\/handy\/datenschutz\/#breadcrumb"},"inLanguage":"de-AT","potentialAction":[{"@type":"ReadAction","target":["https:\/\/www.lehrer.at\/handy\/datenschutz\/"]}]},{"@type":"ImageObject","inLanguage":"de-AT","@id":"https:\/\/www.lehrer.at\/handy\/datenschutz\/#primaryimage","url":"https:\/\/www.lehrer.at\/handy\/wp-content\/uploads\/sites\/4\/2024\/09\/mobile_generation_fmk-2.jpg","contentUrl":"https:\/\/www.lehrer.at\/handy\/wp-content\/uploads\/sites\/4\/2024\/09\/mobile_generation_fmk-2.jpg","width":1000,"height":322},{"@type":"BreadcrumbList","@id":"https:\/\/www.lehrer.at\/handy\/datenschutz\/#breadcrumb","itemListElement":[{"@type":"ListItem","position":1,"name":"Startseite","item":"https:\/\/www.lehrer.at\/handy\/"},{"@type":"ListItem","position":2,"name":"Datenschutz"}]},{"@type":"WebSite","@id":"https:\/\/www.lehrer.at\/handy\/#website","url":"https:\/\/www.lehrer.at\/handy\/","name":"","description":"Unterricht rund um Mobilfunk","potentialAction":[{"@type":"SearchAction","target":{"@type":"EntryPoint","urlTemplate":"https:\/\/www.lehrer.at\/handy\/?s={search_term_string}"},"query-input":{"@type":"PropertyValueSpecification","valueRequired":true,"valueName":"search_term_string"}}],"inLanguage":"de-AT"}]}},"_links":{"self":[{"href":"https:\/\/www.lehrer.at\/handy\/wp-json\/wp\/v2\/pages\/10","targetHints":{"allow":["GET"]}}],"collection":[{"href":"https:\/\/www.lehrer.at\/handy\/wp-json\/wp\/v2\/pages"}],"about":[{"href":"https:\/\/www.lehrer.at\/handy\/wp-json\/wp\/v2\/types\/page"}],"author":[{"embeddable":true,"href":"https:\/\/www.lehrer.at\/handy\/wp-json\/wp\/v2\/users\/1"}],"replies":[{"embeddable":true,"href":"https:\/\/www.lehrer.at\/handy\/wp-json\/wp\/v2\/comments?post=10"}],"version-history":[{"count":11,"href":"https:\/\/www.lehrer.at\/handy\/wp-json\/wp\/v2\/pages\/10\/revisions"}],"predecessor-version":[{"id":913,"href":"https:\/\/www.lehrer.at\/handy\/wp-json\/wp\/v2\/pages\/10\/revisions\/913"}],"wp:attachment":[{"href":"https:\/\/www.lehrer.at\/handy\/wp-json\/wp\/v2\/media?parent=10"}],"curies":[{"name":"wp","href":"https:\/\/api.w.org\/{rel}","templated":true}]}}